{"id":1594,"date":"2025-09-23T13:57:41","date_gmt":"2025-09-23T11:57:41","guid":{"rendered":"https:\/\/as-lightsound.de\/wordpress\/?post_type=product&#038;p=1594"},"modified":"2025-10-04T07:30:57","modified_gmt":"2025-10-04T05:30:57","slug":"elation-kl-6-fc-led-fresnel-6","status":"publish","type":"product","link":"https:\/\/as-lightsound.de\/wordpress\/product\/elation-kl-6-fc-led-fresnel-6\/","title":{"rendered":"Elation KL 6 FC LED Fresnel 6&#8243;"},"content":{"rendered":"<p data-start=\"182\" data-end=\"484\">Der <strong data-start=\"186\" data-end=\"205\">KL Fresnel 6 FC<\/strong> ist ein professionelles Full-Color LED-Fresnel mit RGBMA-Engine. Konstruktion und Features sind ausgelegt auf h\u00f6chste Anforderungen in Film, Fernsehen, Theater und Veranstaltungsproduktionen. Bietet variable Farbtemperatur, kr\u00e4ftige S\u00e4ttigung und sehr gleichm\u00e4\u00dfige Ausleuchtung.<\/p>\n<hr data-start=\"486\" data-end=\"489\" \/>\n<h3 data-start=\"491\" data-end=\"528\"><strong data-start=\"495\" data-end=\"528\">Technische Daten (Tech Specs)<\/strong><\/h3>\n<div class=\"_tableContainer_1rjym_1\">\n<div class=\"group _tableWrapper_1rjym_13 flex w-fit flex-col-reverse\" tabindex=\"-1\">\n<table class=\"w-fit min-w-(--thread-content-width)\" data-start=\"530\" data-end=\"1759\">\n<thead data-start=\"530\" data-end=\"557\">\n<tr data-start=\"530\" data-end=\"557\">\n<th data-start=\"530\" data-end=\"540\" data-col-size=\"sm\">Merkmal<\/th>\n<th data-start=\"540\" data-end=\"557\" data-col-size=\"lg\">Spezifikation<\/th>\n<\/tr>\n<\/thead>\n<tbody data-start=\"580\" data-end=\"1759\">\n<tr data-start=\"580\" data-end=\"667\">\n<td data-start=\"580\" data-end=\"597\" data-col-size=\"sm\"><strong data-start=\"582\" data-end=\"596\">LED-Engine<\/strong><\/td>\n<td data-start=\"597\" data-end=\"667\" data-col-size=\"lg\">RGBMA (5-in-1) LED \u2013 Full Spectrum Farbe + variable Wei\u00dftemperatur<\/td>\n<\/tr>\n<tr data-start=\"668\" data-end=\"705\">\n<td data-start=\"668\" data-end=\"692\" data-col-size=\"sm\"><strong data-start=\"670\" data-end=\"691\">Maximale Leistung<\/strong><\/td>\n<td data-col-size=\"lg\" data-start=\"692\" data-end=\"705\">ca. 220 W<\/td>\n<\/tr>\n<tr data-start=\"706\" data-end=\"764\">\n<td data-start=\"706\" data-end=\"738\" data-col-size=\"sm\"><strong data-start=\"708\" data-end=\"737\">Lichtstrom (Field Output)<\/strong><\/td>\n<td data-start=\"738\" data-end=\"764\" data-col-size=\"lg\">bis zu ca. 7.200 Lumen<\/td>\n<\/tr>\n<tr data-start=\"765\" data-end=\"835\">\n<td data-start=\"765\" data-end=\"799\" data-col-size=\"sm\"><strong data-start=\"767\" data-end=\"798\">Farbtemperaturbereich (CCT)<\/strong><\/td>\n<td data-start=\"799\" data-end=\"835\" data-col-size=\"lg\">von etwa 2.400 K bis ca. 8.500 K<\/td>\n<\/tr>\n<tr data-start=\"836\" data-end=\"878\">\n<td data-start=\"836\" data-end=\"863\" data-col-size=\"sm\"><strong data-start=\"838\" data-end=\"862\">CRI \/ Farbwiedergabe<\/strong><\/td>\n<td data-col-size=\"lg\" data-start=\"863\" data-end=\"878\">ca. CRI 92+<\/td>\n<\/tr>\n<tr data-start=\"879\" data-end=\"921\">\n<td data-start=\"879\" data-end=\"898\" data-col-size=\"sm\"><strong data-start=\"881\" data-end=\"897\">Zoom-Bereich<\/strong><\/td>\n<td data-start=\"898\" data-end=\"921\" data-col-size=\"lg\">manuell 10\u00b0 bis 32\u00b0<\/td>\n<\/tr>\n<tr data-start=\"922\" data-end=\"1014\">\n<td data-start=\"922\" data-end=\"953\" data-col-size=\"sm\"><strong data-start=\"924\" data-end=\"952\">Abstrahlwinkel \/ Beaming<\/strong><\/td>\n<td data-col-size=\"lg\" data-start=\"953\" data-end=\"1014\">ca. 9,7\u00b0 bis 32,2\u00b0 (Beam) und ca. 18,7\u00b0 bis 49,3\u00b0 (Field)<\/td>\n<\/tr>\n<tr data-start=\"1015\" data-end=\"1170\">\n<td data-start=\"1015\" data-end=\"1041\" data-col-size=\"sm\"><strong data-start=\"1017\" data-end=\"1040\">Effekte &amp; Steuerung<\/strong><\/td>\n<td data-start=\"1041\" data-end=\"1170\" data-col-size=\"lg\">Dimmer &amp; Shutter, variable 16-Bit Dimming Modi und Kurven, Strobe, Farbmischung, Green\/Magenta Shift, Virtual Gel Swatch Book<\/td>\n<\/tr>\n<tr data-start=\"1171\" data-end=\"1298\">\n<td data-start=\"1171\" data-end=\"1206\" data-col-size=\"sm\"><strong data-start=\"1173\" data-end=\"1205\">Steuerprotokolle \/ Bedienung<\/strong><\/td>\n<td data-start=\"1206\" data-end=\"1298\" data-col-size=\"lg\">DMX (3- &amp; 5-Pin), RDM Support, integrierte Encoder &amp; Display, manuelle Bedienung m\u00f6glich<\/td>\n<\/tr>\n<tr data-start=\"1299\" data-end=\"1362\">\n<td data-start=\"1299\" data-end=\"1336\" data-col-size=\"sm\"><strong data-start=\"1301\" data-end=\"1335\">Stromversorgung \/ Netzspannung<\/strong><\/td>\n<td data-col-size=\"lg\" data-start=\"1336\" data-end=\"1362\">100-240 V AC, 50\/60 Hz<\/td>\n<\/tr>\n<tr data-start=\"1363\" data-end=\"1469\">\n<td data-start=\"1363\" data-end=\"1392\" data-col-size=\"sm\"><strong data-start=\"1365\" data-end=\"1391\">K\u00fchlung \/ Betriebsmodi<\/strong><\/td>\n<td data-start=\"1392\" data-end=\"1469\" data-col-size=\"lg\">LED Refresh Rate Adjust, flickerfrei f\u00fcr Film &amp; Broadcast, leiser Betrieb<\/td>\n<\/tr>\n<tr data-start=\"1470\" data-end=\"1544\">\n<td data-start=\"1470\" data-end=\"1488\" data-col-size=\"sm\"><strong data-start=\"1472\" data-end=\"1487\">Abmessungen<\/strong><\/td>\n<td data-col-size=\"lg\" data-start=\"1488\" data-end=\"1544\">L\u00e4nge ca. 344 mm, Breite ca. 272 mm, H\u00f6he ca. 398 mm<\/td>\n<\/tr>\n<tr data-start=\"1545\" data-end=\"1577\">\n<td data-start=\"1545\" data-end=\"1559\" data-col-size=\"sm\"><strong data-start=\"1547\" data-end=\"1558\">Gewicht<\/strong><\/td>\n<td data-start=\"1559\" data-end=\"1577\" data-col-size=\"lg\">ca. 7,2-7,3 kg<\/td>\n<\/tr>\n<tr data-start=\"1578\" data-end=\"1628\">\n<td data-start=\"1578\" data-end=\"1603\" data-col-size=\"sm\"><strong data-start=\"1580\" data-end=\"1602\">Betriebstemperatur<\/strong><\/td>\n<td data-start=\"1603\" data-end=\"1628\" data-col-size=\"lg\">ca. \u221215 \u00b0C bis +45 \u00b0C<\/td>\n<\/tr>\n<tr data-start=\"1629\" data-end=\"1759\">\n<td data-start=\"1629\" data-end=\"1645\" data-col-size=\"sm\"><strong data-start=\"1631\" data-end=\"1644\">Sonstiges<\/strong><\/td>\n<td data-start=\"1645\" data-end=\"1759\" data-col-size=\"lg\">Barn Doors (8-Blatt), Gel-Frame, Junior Pin Adapter, Power Linking, sicheres Geh\u00e4use, hochwertige Verarbeitung<\/td>\n<\/tr>\n<\/tbody>\n<\/table>\n<\/div>\n<\/div>\n<p>&nbsp;<\/p>\n<div class=\"_tableContainer_1rjym_1\">\n<div class=\"group _tableWrapper_1rjym_13 flex w-fit flex-col-reverse\" tabindex=\"-1\">\n<table class=\"w-fit min-w-(--thread-content-width)\" style=\"height: 341px;\" width=\"19\" data-start=\"526\" data-end=\"1856\">\n<thead data-start=\"526\" data-end=\"553\">\n<tr data-start=\"526\" data-end=\"553\">\n<th data-start=\"526\" data-end=\"536\" data-col-size=\"md\"><\/th>\n<th data-start=\"536\" data-end=\"553\" data-col-size=\"xl\"><\/th>\n<\/tr>\n<\/thead>\n<tbody data-start=\"564\" data-end=\"1856\">\n<tr data-start=\"564\" data-end=\"655\">\n<td data-start=\"564\" data-end=\"582\" data-col-size=\"md\"><\/td>\n<td data-col-size=\"xl\" data-start=\"582\" data-end=\"655\"><\/td>\n<\/tr>\n<tr data-start=\"656\" data-end=\"707\">\n<td data-start=\"656\" data-end=\"685\" data-col-size=\"md\"><\/td>\n<td data-col-size=\"xl\" data-start=\"685\" data-end=\"707\"><\/td>\n<\/tr>\n<tr data-start=\"708\" data-end=\"764\">\n<td data-start=\"708\" data-end=\"742\" data-col-size=\"md\"><\/td>\n<td data-start=\"742\" data-end=\"764\" data-col-size=\"xl\"><\/td>\n<\/tr>\n<tr data-start=\"765\" data-end=\"812\">\n<td data-start=\"765\" data-end=\"792\" data-col-size=\"md\"><\/td>\n<td data-start=\"792\" data-end=\"812\" data-col-size=\"xl\"><\/td>\n<\/tr>\n<tr data-start=\"813\" data-end=\"878\">\n<td data-start=\"813\" data-end=\"843\" data-col-size=\"md\"><\/td>\n<td data-col-size=\"xl\" data-start=\"843\" data-end=\"878\"><\/td>\n<\/tr>\n<tr data-start=\"879\" data-end=\"948\">\n<td data-start=\"879\" data-end=\"929\" data-col-size=\"md\"><\/td>\n<td data-col-size=\"xl\" data-start=\"929\" data-end=\"948\"><\/td>\n<\/tr>\n<tr data-start=\"949\" data-end=\"1036\">\n<td data-start=\"949\" data-end=\"984\" data-col-size=\"md\"><\/td>\n<td data-start=\"984\" data-end=\"1036\" data-col-size=\"xl\"><\/td>\n<\/tr>\n<tr data-start=\"1037\" data-end=\"1071\">\n<td data-start=\"1037\" data-end=\"1056\" data-col-size=\"md\"><\/td>\n<td data-start=\"1056\" data-end=\"1071\" data-col-size=\"xl\"><\/td>\n<\/tr>\n<tr data-start=\"1072\" data-end=\"1100\">\n<td data-start=\"1072\" data-end=\"1086\" data-col-size=\"md\"><\/td>\n<td data-col-size=\"xl\" data-start=\"1086\" data-end=\"1100\"><\/td>\n<\/tr>\n<tr data-start=\"1101\" data-end=\"1166\">\n<td data-start=\"1101\" data-end=\"1127\" data-col-size=\"md\"><\/td>\n<td data-start=\"1127\" data-end=\"1166\" data-col-size=\"xl\"><\/td>\n<\/tr>\n<tr data-start=\"1167\" data-end=\"1221\">\n<td data-start=\"1167\" data-end=\"1197\" data-col-size=\"md\"><\/td>\n<td data-col-size=\"xl\" data-start=\"1197\" data-end=\"1221\"><\/td>\n<\/tr>\n<tr data-start=\"1222\" data-end=\"1320\">\n<td data-start=\"1222\" data-end=\"1244\" data-col-size=\"md\"><\/td>\n<td data-start=\"1244\" data-end=\"1320\" data-col-size=\"xl\"><\/td>\n<\/tr>\n<tr data-start=\"1321\" data-end=\"1414\">\n<td data-start=\"1321\" data-end=\"1354\" data-col-size=\"md\"><\/td>\n<td data-start=\"1354\" data-end=\"1414\" data-col-size=\"xl\"><\/td>\n<\/tr>\n<tr data-start=\"1415\" data-end=\"1553\">\n<td data-start=\"1415\" data-end=\"1431\" data-col-size=\"md\"><\/td>\n<td data-start=\"1431\" data-end=\"1553\" data-col-size=\"xl\"><\/td>\n<\/tr>\n<tr data-start=\"1554\" data-end=\"1742\">\n<td data-start=\"1554\" data-end=\"1569\" data-col-size=\"md\"><\/td>\n<td data-start=\"1569\" data-end=\"1742\" data-col-size=\"xl\"><\/td>\n<\/tr>\n<tr data-start=\"1743\" data-end=\"1856\">\n<td data-start=\"1743\" data-end=\"1779\" data-col-size=\"md\"><\/td>\n<td data-start=\"1779\" data-end=\"1856\" data-col-size=\"xl\"><\/td>\n<\/tr>\n<\/tbody>\n<\/table>\n<\/div>\n<\/div>\n","protected":false},"excerpt":{"rendered":"<p>48 vorr\u00e4tig<\/p>\n","protected":false},"featured_media":2170,"template":"","meta":[],"product_brand":[],"product_cat":[32,30],"product_tag":[],"class_list":{"0":"post-1594","1":"product","2":"type-product","3":"status-publish","4":"has-post-thumbnail","6":"product_cat-scheinwerfer","7":"product_cat-lichttechnik","9":"first","10":"instock","11":"taxable","12":"shipping-taxable","13":"purchasable","14":"product-type-simple"},"_links":{"self":[{"href":"https:\/\/as-lightsound.de\/wordpress\/wp-json\/wp\/v2\/product\/1594","targetHints":{"allow":["GET"]}}],"collection":[{"href":"https:\/\/as-lightsound.de\/wordpress\/wp-json\/wp\/v2\/product"}],"about":[{"href":"https:\/\/as-lightsound.de\/wordpress\/wp-json\/wp\/v2\/types\/product"}],"wp:featuredmedia":[{"embeddable":true,"href":"https:\/\/as-lightsound.de\/wordpress\/wp-json\/wp\/v2\/media\/2170"}],"wp:attachment":[{"href":"https:\/\/as-lightsound.de\/wordpress\/wp-json\/wp\/v2\/media?parent=1594"}],"wp:term":[{"taxonomy":"product_brand","embeddable":true,"href":"https:\/\/as-lightsound.de\/wordpress\/wp-json\/wp\/v2\/product_brand?post=1594"},{"taxonomy":"product_cat","embeddable":true,"href":"https:\/\/as-lightsound.de\/wordpress\/wp-json\/wp\/v2\/product_cat?post=1594"},{"taxonomy":"product_tag","embeddable":true,"href":"https:\/\/as-lightsound.de\/wordpress\/wp-json\/wp\/v2\/product_tag?post=1594"}],"curies":[{"name":"wp","href":"https:\/\/api.w.org\/{rel}","templated":true}]}}