{"id":1579,"date":"2025-08-22T07:21:25","date_gmt":"2025-08-22T05:21:25","guid":{"rendered":"https:\/\/as-lightsound.de\/wordpress\/?post_type=product&#038;p=1579"},"modified":"2025-10-01T08:31:11","modified_gmt":"2025-10-01T06:31:11","slug":"apple-ipad-10-64gb","status":"publish","type":"product","link":"https:\/\/as-lightsound.de\/wordpress\/product\/apple-ipad-10-64gb\/","title":{"rendered":"Apple iPad 10 64GB"},"content":{"rendered":"<p data-start=\"51\" data-end=\"388\">Das iPad der 10. Generation kombiniert modernes Design mit leistungsstarker Technik. Mit dem A14 Bionic Chip, einem gr\u00f6\u00dferen 10,9&#8243; Liquid Retina Display und verbesserter Frontkamera ist es ideal f\u00fcr Arbeit, Lernen und Entertainment. Dank iPadOS und Apple Pencil (1. Gen., USB-C) Unterst\u00fctzung bietet es maximale Flexibilit\u00e4t im Alltag.<\/p>\n<p data-start=\"390\" data-end=\"413\"><strong data-start=\"390\" data-end=\"411\">Technische Daten:<\/strong><\/p>\n<ul data-start=\"414\" data-end=\"856\">\n<li data-start=\"414\" data-end=\"453\">\n<p data-start=\"416\" data-end=\"453\">Modell: Apple iPad (10. Generation)<\/p>\n<\/li>\n<li data-start=\"454\" data-end=\"508\">\n<p data-start=\"456\" data-end=\"508\">Prozessor: Apple A14 Bionic Chip mit Neural Engine<\/p>\n<\/li>\n<li data-start=\"509\" data-end=\"528\">\n<p data-start=\"511\" data-end=\"528\">Speicher: 64 GB<\/p>\n<\/li>\n<li data-start=\"529\" data-end=\"620\">\n<p data-start=\"531\" data-end=\"620\">Display: 10,9&#8243; Liquid Retina Display, 2360 \u00d7 1640 Pixel, True Tone, 500 Nits Helligkeit<\/p>\n<\/li>\n<li data-start=\"621\" data-end=\"726\">\n<p data-start=\"623\" data-end=\"726\">Kamera: 12 MP Ultraweitwinkel-Frontkamera (Querformat) mit Center Stage, 12 MP Weitwinkel-Hauptkamera<\/p>\n<\/li>\n<li data-start=\"727\" data-end=\"770\">\n<p data-start=\"729\" data-end=\"770\">Audio: Stereo-Lautsprecher (Querformat)<\/p>\n<\/li>\n<li data-start=\"771\" data-end=\"792\">\n<p data-start=\"773\" data-end=\"792\">Anschl\u00fcsse: USB-C<\/p>\n<\/li>\n<li data-start=\"793\" data-end=\"829\">\n<p data-start=\"795\" data-end=\"829\">Drahtlos: Wi-Fi 6, Bluetooth 5.2<\/p>\n<\/li>\n<li data-start=\"830\" data-end=\"856\">\n<p data-start=\"832\" data-end=\"856\">Betriebssystem: iPadOS<\/p>\n<\/li>\n<\/ul>\n","protected":false},"excerpt":{"rendered":"<p>16 vorr\u00e4tig<\/p>\n","protected":false},"featured_media":1582,"template":"","meta":[],"product_brand":[],"product_cat":[63],"product_tag":[],"class_list":{"0":"post-1579","1":"product","2":"type-product","3":"status-publish","4":"has-post-thumbnail","6":"product_cat-endgeraete","8":"first","9":"instock","10":"taxable","11":"shipping-taxable","12":"purchasable","13":"product-type-simple"},"_links":{"self":[{"href":"https:\/\/as-lightsound.de\/wordpress\/wp-json\/wp\/v2\/product\/1579","targetHints":{"allow":["GET"]}}],"collection":[{"href":"https:\/\/as-lightsound.de\/wordpress\/wp-json\/wp\/v2\/product"}],"about":[{"href":"https:\/\/as-lightsound.de\/wordpress\/wp-json\/wp\/v2\/types\/product"}],"wp:featuredmedia":[{"embeddable":true,"href":"https:\/\/as-lightsound.de\/wordpress\/wp-json\/wp\/v2\/media\/1582"}],"wp:attachment":[{"href":"https:\/\/as-lightsound.de\/wordpress\/wp-json\/wp\/v2\/media?parent=1579"}],"wp:term":[{"taxonomy":"product_brand","embeddable":true,"href":"https:\/\/as-lightsound.de\/wordpress\/wp-json\/wp\/v2\/product_brand?post=1579"},{"taxonomy":"product_cat","embeddable":true,"href":"https:\/\/as-lightsound.de\/wordpress\/wp-json\/wp\/v2\/product_cat?post=1579"},{"taxonomy":"product_tag","embeddable":true,"href":"https:\/\/as-lightsound.de\/wordpress\/wp-json\/wp\/v2\/product_tag?post=1579"}],"curies":[{"name":"wp","href":"https:\/\/api.w.org\/{rel}","templated":true}]}}