{"id":1553,"date":"2025-08-22T06:48:04","date_gmt":"2025-08-22T04:48:04","guid":{"rendered":"https:\/\/as-lightsound.de\/wordpress\/?post_type=product&#038;p=1553"},"modified":"2025-10-01T14:15:21","modified_gmt":"2025-10-01T12:15:21","slug":"ubiquiti-unifi-flex-switch","status":"publish","type":"product","link":"https:\/\/as-lightsound.de\/wordpress\/product\/ubiquiti-unifi-flex-switch\/","title":{"rendered":"Ubiquiti UniFi Flex Switch"},"content":{"rendered":"<p data-start=\"76\" data-end=\"411\">Der <strong data-start=\"80\" data-end=\"101\">UniFi Switch Flex<\/strong> ist ein kompakter, verwaltbarer Gigabit-Switch mit PoE-Versorgung. Er eignet sich ideal f\u00fcr den Einsatz in kleinen Netzwerken, B\u00fcros oder f\u00fcr die Erweiterung bestehender UniFi-Infrastrukturen. Dank wetterfestem Geh\u00e4use (IP55) kann er sowohl im Innen- als auch im gesch\u00fctzten Au\u00dfenbereich installiert werden.<\/p>\n<h3 data-start=\"413\" data-end=\"451\"><strong data-start=\"417\" data-end=\"451\">Technische Daten (Tech Specs):<\/strong><\/h3>\n<ul data-start=\"452\" data-end=\"978\">\n<li data-start=\"452\" data-end=\"483\">\n<p data-start=\"454\" data-end=\"483\"><strong data-start=\"454\" data-end=\"464\">Ports:<\/strong> 5 \u00d7 Gigabit RJ45<\/p>\n<\/li>\n<li data-start=\"484\" data-end=\"609\">\n<p data-start=\"486\" data-end=\"507\"><strong data-start=\"486\" data-end=\"505\">PoE-Versorgung:<\/strong><\/p>\n<ul data-start=\"510\" data-end=\"609\">\n<li data-start=\"510\" data-end=\"558\">\n<p data-start=\"512\" data-end=\"558\">1 \u00d7 PoE-In (802.3af\/at\/bt, Eingang bis 25 W)<\/p>\n<\/li>\n<li data-start=\"561\" data-end=\"609\">\n<p data-start=\"563\" data-end=\"609\">4 \u00d7 PoE-Out (802.3af, bis zu 15,4 W je Port)<\/p>\n<\/li>\n<\/ul>\n<\/li>\n<li data-start=\"610\" data-end=\"679\">\n<p data-start=\"612\" data-end=\"679\"><strong data-start=\"612\" data-end=\"636\">Gesamtes PoE-Budget:<\/strong> bis zu 46 W (abh\u00e4ngig von PoE-In Quelle)<\/p>\n<\/li>\n<li data-start=\"680\" data-end=\"716\">\n<p data-start=\"682\" data-end=\"716\"><strong data-start=\"682\" data-end=\"706\">Switching-Kapazit\u00e4t:<\/strong> 10 Gbps<\/p>\n<\/li>\n<li data-start=\"717\" data-end=\"754\">\n<p data-start=\"719\" data-end=\"754\"><strong data-start=\"719\" data-end=\"742\">Weiterleitungsrate:<\/strong> 7,44 Mpps<\/p>\n<\/li>\n<li data-start=\"755\" data-end=\"799\">\n<p data-start=\"757\" data-end=\"799\"><strong data-start=\"757\" data-end=\"772\">Management:<\/strong> UniFi Network Controller<\/p>\n<\/li>\n<li data-start=\"800\" data-end=\"846\">\n<p data-start=\"802\" data-end=\"846\"><strong data-start=\"802\" data-end=\"822\">Montageoptionen:<\/strong> Tisch, Wand oder Mast<\/p>\n<\/li>\n<li data-start=\"847\" data-end=\"908\">\n<p data-start=\"849\" data-end=\"908\"><strong data-start=\"849\" data-end=\"866\">Schutzklasse:<\/strong> IP55 (Innen &amp; gesch\u00fctzter Au\u00dfeneinsatz)<\/p>\n<\/li>\n<li data-start=\"909\" data-end=\"951\">\n<p data-start=\"911\" data-end=\"951\"><strong data-start=\"911\" data-end=\"927\">Abmessungen:<\/strong> ca. 122 \u00d7 107 \u00d7 28 mm<\/p>\n<\/li>\n<li data-start=\"952\" data-end=\"978\">\n<p data-start=\"954\" data-end=\"978\"><strong data-start=\"954\" data-end=\"966\">Gewicht:<\/strong> ca. 230 g<\/p>\n<\/li>\n<\/ul>\n","protected":false},"excerpt":{"rendered":"<p>40 vorr\u00e4tig<\/p>\n","protected":false},"featured_media":1971,"template":"","meta":[],"product_brand":[],"product_cat":[62],"product_tag":[],"class_list":{"0":"post-1553","1":"product","2":"type-product","3":"status-publish","4":"has-post-thumbnail","6":"product_cat-routeraps","8":"first","9":"instock","10":"taxable","11":"shipping-taxable","12":"purchasable","13":"product-type-simple"},"_links":{"self":[{"href":"https:\/\/as-lightsound.de\/wordpress\/wp-json\/wp\/v2\/product\/1553","targetHints":{"allow":["GET"]}}],"collection":[{"href":"https:\/\/as-lightsound.de\/wordpress\/wp-json\/wp\/v2\/product"}],"about":[{"href":"https:\/\/as-lightsound.de\/wordpress\/wp-json\/wp\/v2\/types\/product"}],"wp:featuredmedia":[{"embeddable":true,"href":"https:\/\/as-lightsound.de\/wordpress\/wp-json\/wp\/v2\/media\/1971"}],"wp:attachment":[{"href":"https:\/\/as-lightsound.de\/wordpress\/wp-json\/wp\/v2\/media?parent=1553"}],"wp:term":[{"taxonomy":"product_brand","embeddable":true,"href":"https:\/\/as-lightsound.de\/wordpress\/wp-json\/wp\/v2\/product_brand?post=1553"},{"taxonomy":"product_cat","embeddable":true,"href":"https:\/\/as-lightsound.de\/wordpress\/wp-json\/wp\/v2\/product_cat?post=1553"},{"taxonomy":"product_tag","embeddable":true,"href":"https:\/\/as-lightsound.de\/wordpress\/wp-json\/wp\/v2\/product_tag?post=1553"}],"curies":[{"name":"wp","href":"https:\/\/api.w.org\/{rel}","templated":true}]}}