{"id":1549,"date":"2025-08-22T06:44:06","date_gmt":"2025-08-22T04:44:06","guid":{"rendered":"https:\/\/as-lightsound.de\/wordpress\/?post_type=product&#038;p=1549"},"modified":"2025-10-01T14:22:04","modified_gmt":"2025-10-01T12:22:04","slug":"ubiquiti-unifi-e7-audience-indoor-accespoint","status":"publish","type":"product","link":"https:\/\/as-lightsound.de\/wordpress\/product\/ubiquiti-unifi-e7-audience-indoor-accespoint\/","title":{"rendered":"Ubiquiti UniFi E7 Audience Indoor Accespoint"},"content":{"rendered":"<p data-start=\"89\" data-end=\"163\"><span class=\"relative -mx-px my-[-0.2rem] rounded px-px py-[0.2rem] transition-colors duration-100 ease-in-out\">Der <strong data-start=\"4\" data-end=\"34\">Ubiquiti UniFi E7 Audience<\/strong> ist ein hochleistungsf\u00e4higer Wi\u2011Fi\u202f7-Access\u2011Point der Enterprise-Klasse, konzipiert f\u00fcr extrem hohe Benutzer-Dichten wie in Arenen, Messehallen oder gro\u00dfen Event-Locations. Das Ger\u00e4t bietet eine wetterfeste IP68-Bauweise (Indoor &amp; Outdoor), kombiniert mit fortschrittlicher Technologie und h\u00f6chster Zuverl\u00e4ssigkeit.<\/span><\/p>\n<hr data-start=\"165\" data-end=\"168\" \/>\n<h2 data-start=\"170\" data-end=\"203\">Technische Daten (Tech Specs)<\/h2>\n<div class=\"_tableContainer_sk2ct_1\">\n<div class=\"_tableWrapper_sk2ct_13 group flex w-fit flex-col-reverse\" tabindex=\"-1\">\n<table class=\"w-fit min-w-(--thread-content-width)\" data-start=\"205\" data-end=\"1875\">\n<thead data-start=\"205\" data-end=\"232\">\n<tr data-start=\"205\" data-end=\"232\">\n<th data-start=\"205\" data-end=\"215\" data-col-size=\"sm\">Merkmal<\/th>\n<th data-start=\"215\" data-end=\"232\" data-col-size=\"lg\">Spezifikation<\/th>\n<\/tr>\n<\/thead>\n<tbody data-start=\"260\" data-end=\"1875\">\n<tr data-start=\"260\" data-end=\"341\">\n<td data-start=\"260\" data-end=\"300\" data-col-size=\"sm\"><span class=\"relative -mx-px my-[-0.2rem] rounded px-px py-[0.2rem] transition-colors duration-100 ease-in-out\"><strong data-start=\"0\" data-end=\"18\" data-is-last-node=\"\" data-is-only-node=\"\">Wi\u2011Fi Standard<\/strong><\/span><\/td>\n<td data-start=\"300\" data-end=\"341\" data-col-size=\"lg\"><span class=\"relative -mx-px my-[-0.2rem] rounded px-px py-[0.2rem] transition-colors duration-100 ease-in-out\">Wi\u2011Fi\u202f7 (802.11be) mit 6\u202fGHz &amp; 5\u202fGHz<\/span><\/td>\n<\/tr>\n<tr data-start=\"342\" data-end=\"442\">\n<td data-start=\"342\" data-end=\"364\" data-col-size=\"sm\"><strong data-start=\"344\" data-end=\"363\">Spatial Streams<\/strong><\/td>\n<td data-start=\"364\" data-end=\"442\" data-col-size=\"lg\"><span class=\"relative -mx-px my-[-0.2rem] rounded px-px py-[0.2rem] transition-colors duration-100 ease-in-out\">12 (extrem hohe Kapazit\u00e4t)<\/span><\/td>\n<\/tr>\n<tr data-start=\"443\" data-end=\"524\">\n<td data-start=\"443\" data-end=\"459\" data-col-size=\"sm\"><strong data-start=\"445\" data-end=\"458\">Abdeckung<\/strong><\/td>\n<td data-start=\"459\" data-end=\"524\" data-col-size=\"lg\">ca. 465 m\u00b2 (\u2248 5.000 ft\u00b2)<\/td>\n<\/tr>\n<tr data-start=\"525\" data-end=\"598\">\n<td data-start=\"525\" data-end=\"544\" data-col-size=\"sm\"><strong data-start=\"527\" data-end=\"543\">Max. Clients<\/strong><\/td>\n<td data-col-size=\"lg\" data-start=\"544\" data-end=\"598\">1.500+ Ger\u00e4te<\/td>\n<\/tr>\n<tr data-start=\"599\" data-end=\"697\">\n<td data-start=\"599\" data-end=\"612\" data-col-size=\"sm\"><strong data-start=\"601\" data-end=\"611\">Uplink<\/strong><\/td>\n<td data-start=\"612\" data-end=\"697\" data-col-size=\"lg\">(1) 10 GbE RJ45 + (1) 1 GbE RJ45 (Redundanz)<\/td>\n<\/tr>\n<tr data-start=\"698\" data-end=\"797\">\n<td data-start=\"698\" data-end=\"719\" data-col-size=\"sm\"><strong data-start=\"700\" data-end=\"718\">PoE-Versorgung<\/strong><\/td>\n<td data-start=\"719\" data-end=\"797\" data-col-size=\"lg\">PoE++ (802.3bt), ca. 51 W Verbrauch<\/td>\n<\/tr>\n<tr data-start=\"798\" data-end=\"925\">\n<td data-start=\"798\" data-end=\"826\" data-col-size=\"sm\"><strong data-start=\"800\" data-end=\"825\">Antenne (Beamforming)<\/strong><\/td>\n<td data-start=\"826\" data-end=\"925\" data-col-size=\"lg\">Richtantennen ausw\u00e4hlbar: 15 dBi (50\u00b0) oder 11 dBi (90\u00b0)<\/td>\n<\/tr>\n<tr data-start=\"926\" data-end=\"1052\">\n<td data-start=\"926\" data-end=\"947\" data-col-size=\"sm\"><strong data-start=\"928\" data-end=\"946\">Datendurchsatz<\/strong><\/td>\n<td data-start=\"947\" data-end=\"1052\" data-col-size=\"lg\">6 GHz: bis zu 11,5 Gbps (BW320)\u20035 GHz: bis zu 8,6 Gbps (BW240)<\/td>\n<\/tr>\n<tr data-start=\"1053\" data-end=\"1149\">\n<td data-start=\"1053\" data-end=\"1072\" data-col-size=\"sm\"><strong data-start=\"1055\" data-end=\"1071\">Wetterschutz<\/strong><\/td>\n<td data-start=\"1072\" data-end=\"1149\" data-col-size=\"lg\">IP68 \u2013 staub- und wasser\u00adgesch\u00fctzt<\/td>\n<\/tr>\n<tr data-start=\"1150\" data-end=\"1266\">\n<td data-start=\"1150\" data-end=\"1172\" data-col-size=\"sm\"><strong data-start=\"1152\" data-end=\"1171\">Montageoptionen<\/strong><\/td>\n<td data-start=\"1172\" data-end=\"1266\" data-col-size=\"lg\">Wand- und Stangenmontage (inklusive), optional VESA<\/td>\n<\/tr>\n<tr data-start=\"1267\" data-end=\"1433\">\n<td data-start=\"1267\" data-end=\"1292\" data-col-size=\"sm\"><strong data-start=\"1269\" data-end=\"1291\">Besondere Features<\/strong><\/td>\n<td data-col-size=\"lg\" data-start=\"1292\" data-end=\"1433\">PRISM\u2122 RF-Filtering, Real-Time Spectral Analysis, dedizierter Spektralanalyser, hohe Verf\u00fcgbarkeit<\/td>\n<\/tr>\n<tr data-start=\"1434\" data-end=\"1573\">\n<td data-start=\"1434\" data-end=\"1462\" data-col-size=\"sm\"><strong data-start=\"1436\" data-end=\"1461\">Abmessungen &amp; Gewicht<\/strong><\/td>\n<td data-start=\"1462\" data-end=\"1573\" data-col-size=\"lg\">Ger\u00e4t: 474 \u00d7 265 \u00d7 42 mm; Gewicht: 3,3 kg (mit Halterung ca. 4,3 kg)<\/td>\n<\/tr>\n<tr data-start=\"1574\" data-end=\"1734\">\n<td data-start=\"1574\" data-end=\"1605\" data-col-size=\"sm\"><strong data-start=\"1576\" data-end=\"1604\">Weitere Hardware-Details<\/strong><\/td>\n<td data-start=\"1605\" data-end=\"1734\" data-col-size=\"lg\">Max. TX-Leistung: 6 GHz 30 dBm (36 dBm EIRP), 5 GHz 30 dBm; Max. BSSIDs: 8 je Funkband<\/td>\n<\/tr>\n<tr data-start=\"1735\" data-end=\"1875\">\n<td data-start=\"1735\" data-end=\"1750\" data-col-size=\"sm\"><strong data-start=\"1737\" data-end=\"1749\">Umgebung<\/strong><\/td>\n<td data-start=\"1750\" data-end=\"1875\" data-col-size=\"lg\">Betriebstemperatur: \u201340 \u00b0C bis 60 \u00b0C; Luftfeuchtigkeit: 5\u201395 % nicht kondensieren<span class=\"\" data-state=\"closed\"><span class=\"ms-1 inline-flex max-w-full items-center relative top-[-0.094rem] animate-[show_150ms_ease-in]\" data-testid=\"webpage-citation-pill\"><span class=\"relative start-0 bottom-0 flex h-full w-full items-center\"><span class=\"flex h-4 w-full items-center justify-between overflow-hidden\"><span class=\"max-w-full grow truncate overflow-hidden text-center\">d<\/span><\/span><\/span><\/span><\/span><\/td>\n<\/tr>\n<\/tbody>\n<\/table>\n<\/div>\n<\/div>\n","protected":false},"excerpt":{"rendered":"<p>4 vorr\u00e4tig<\/p>\n","protected":false},"featured_media":1973,"template":"","meta":[],"product_brand":[],"product_cat":[62],"product_tag":[],"class_list":{"0":"post-1549","1":"product","2":"type-product","3":"status-publish","4":"has-post-thumbnail","6":"product_cat-routeraps","8":"first","9":"instock","10":"taxable","11":"shipping-taxable","12":"purchasable","13":"product-type-simple"},"_links":{"self":[{"href":"https:\/\/as-lightsound.de\/wordpress\/wp-json\/wp\/v2\/product\/1549","targetHints":{"allow":["GET"]}}],"collection":[{"href":"https:\/\/as-lightsound.de\/wordpress\/wp-json\/wp\/v2\/product"}],"about":[{"href":"https:\/\/as-lightsound.de\/wordpress\/wp-json\/wp\/v2\/types\/product"}],"wp:featuredmedia":[{"embeddable":true,"href":"https:\/\/as-lightsound.de\/wordpress\/wp-json\/wp\/v2\/media\/1973"}],"wp:attachment":[{"href":"https:\/\/as-lightsound.de\/wordpress\/wp-json\/wp\/v2\/media?parent=1549"}],"wp:term":[{"taxonomy":"product_brand","embeddable":true,"href":"https:\/\/as-lightsound.de\/wordpress\/wp-json\/wp\/v2\/product_brand?post=1549"},{"taxonomy":"product_cat","embeddable":true,"href":"https:\/\/as-lightsound.de\/wordpress\/wp-json\/wp\/v2\/product_cat?post=1549"},{"taxonomy":"product_tag","embeddable":true,"href":"https:\/\/as-lightsound.de\/wordpress\/wp-json\/wp\/v2\/product_tag?post=1549"}],"curies":[{"name":"wp","href":"https:\/\/api.w.org\/{rel}","templated":true}]}}