{"id":1547,"date":"2025-08-22T06:41:13","date_gmt":"2025-08-22T04:41:13","guid":{"rendered":"https:\/\/as-lightsound.de\/wordpress\/?post_type=product&#038;p=1547"},"modified":"2025-10-01T08:18:06","modified_gmt":"2025-10-01T06:18:06","slug":"ubiquiti-unifi-dream-machine-pro-router","status":"publish","type":"product","link":"https:\/\/as-lightsound.de\/wordpress\/product\/ubiquiti-unifi-dream-machine-pro-router\/","title":{"rendered":"Ubiquiti UniFi Dream Machine Pro Router"},"content":{"rendered":"<p data-start=\"144\" data-end=\"431\">Die <strong data-start=\"148\" data-end=\"185\">UniFi Dream Machine Pro (UDM-Pro)<\/strong> ist eine leistungsstarke All-in-One-Sicherheits- und Netzwerk-Appliance f\u00fcr mittelgro\u00dfe bis gro\u00dfe Netzwerke. Sie vereint <strong data-start=\"307\" data-end=\"355\">Router, Firewall, Switch, Controller und NVR<\/strong> in einem Ger\u00e4t und eignet sich ideal f\u00fcr professionelle UniFi-Umgebungen.<\/p>\n<h3 data-start=\"433\" data-end=\"471\"><strong data-start=\"437\" data-end=\"471\">Technische Daten (Tech Specs):<\/strong><\/h3>\n<ul data-start=\"472\" data-end=\"1238\">\n<li data-start=\"472\" data-end=\"525\">\n<p data-start=\"474\" data-end=\"525\"><strong data-start=\"474\" data-end=\"488\">Prozessor:<\/strong> Quad-Core ARM Cortex-A57 @ 1,7 GHz<\/p>\n<\/li>\n<li data-start=\"526\" data-end=\"548\">\n<p data-start=\"528\" data-end=\"548\"><strong data-start=\"528\" data-end=\"536\">RAM:<\/strong> 4 GB DDR4<\/p>\n<\/li>\n<li data-start=\"549\" data-end=\"590\">\n<p data-start=\"551\" data-end=\"590\"><strong data-start=\"551\" data-end=\"564\">Speicher:<\/strong> 16 GB eMMC (integriert)<\/p>\n<\/li>\n<li data-start=\"591\" data-end=\"735\">\n<p data-start=\"593\" data-end=\"618\"><strong data-start=\"593\" data-end=\"616\">Netzwerkanschl\u00fcsse:<\/strong><\/p>\n<ul data-start=\"621\" data-end=\"735\">\n<li data-start=\"621\" data-end=\"650\">\n<p data-start=\"623\" data-end=\"650\">8x Gigabit RJ45 LAN-Ports<\/p>\n<\/li>\n<li data-start=\"653\" data-end=\"677\">\n<p data-start=\"655\" data-end=\"677\">1x 10G SFP+ WAN-Port<\/p>\n<\/li>\n<li data-start=\"680\" data-end=\"708\">\n<p data-start=\"682\" data-end=\"708\">1x Gigabit RJ45 WAN-Port<\/p>\n<\/li>\n<li data-start=\"711\" data-end=\"735\">\n<p data-start=\"713\" data-end=\"735\">1x 10G SFP+ LAN-Port<\/p>\n<\/li>\n<\/ul>\n<\/li>\n<li data-start=\"736\" data-end=\"792\">\n<p data-start=\"738\" data-end=\"792\"><strong data-start=\"738\" data-end=\"760\">Routing-Durchsatz:<\/strong> bis zu 3,5 Gbps (mit IDS\/IPS)<\/p>\n<\/li>\n<li data-start=\"793\" data-end=\"849\">\n<p data-start=\"795\" data-end=\"849\"><strong data-start=\"795\" data-end=\"806\">Switch:<\/strong> 8-Port Gigabit Managed Switch integriert<\/p>\n<\/li>\n<li data-start=\"850\" data-end=\"966\">\n<p data-start=\"852\" data-end=\"966\"><strong data-start=\"852\" data-end=\"876\">Controller-Funktion:<\/strong> Integrierter UniFi Network Controller, UniFi Protect (NVR), UniFi Access und UniFi Talk<\/p>\n<\/li>\n<li data-start=\"967\" data-end=\"1059\">\n<p data-start=\"969\" data-end=\"1059\"><strong data-start=\"969\" data-end=\"993\">Speichererweiterung:<\/strong> 1x 3,5&#8243; HDD\/SSD-Schacht f\u00fcr Videoaufzeichnungen (UniFi Protect)<\/p>\n<\/li>\n<li data-start=\"1060\" data-end=\"1121\">\n<p data-start=\"1062\" data-end=\"1121\"><strong data-start=\"1062\" data-end=\"1076\">Rackmount:<\/strong> 1U 19&#8243;-Rack kompatibel (Montage-Kit inkl.)<\/p>\n<\/li>\n<li data-start=\"1122\" data-end=\"1165\">\n<p data-start=\"1124\" data-end=\"1165\"><strong data-start=\"1124\" data-end=\"1136\">K\u00fchlung:<\/strong> Doppell\u00fcfter, austauschbar<\/p>\n<\/li>\n<li data-start=\"1166\" data-end=\"1210\">\n<p data-start=\"1168\" data-end=\"1210\"><strong data-start=\"1168\" data-end=\"1184\">Abmessungen:<\/strong> 442,4 x 43,7 x 285,6 mm<\/p>\n<\/li>\n<li data-start=\"1211\" data-end=\"1238\">\n<p data-start=\"1213\" data-end=\"1238\"><strong data-start=\"1213\" data-end=\"1225\">Gewicht:<\/strong> ca. 3,9 kg<\/p>\n<\/li>\n<\/ul>\n","protected":false},"excerpt":{"rendered":"<p>3 vorr\u00e4tig<\/p>\n","protected":false},"featured_media":1548,"template":"","meta":[],"product_brand":[],"product_cat":[62],"product_tag":[],"class_list":{"0":"post-1547","1":"product","2":"type-product","3":"status-publish","4":"has-post-thumbnail","6":"product_cat-routeraps","8":"first","9":"instock","10":"taxable","11":"shipping-taxable","12":"purchasable","13":"product-type-simple"},"_links":{"self":[{"href":"https:\/\/as-lightsound.de\/wordpress\/wp-json\/wp\/v2\/product\/1547","targetHints":{"allow":["GET"]}}],"collection":[{"href":"https:\/\/as-lightsound.de\/wordpress\/wp-json\/wp\/v2\/product"}],"about":[{"href":"https:\/\/as-lightsound.de\/wordpress\/wp-json\/wp\/v2\/types\/product"}],"wp:featuredmedia":[{"embeddable":true,"href":"https:\/\/as-lightsound.de\/wordpress\/wp-json\/wp\/v2\/media\/1548"}],"wp:attachment":[{"href":"https:\/\/as-lightsound.de\/wordpress\/wp-json\/wp\/v2\/media?parent=1547"}],"wp:term":[{"taxonomy":"product_brand","embeddable":true,"href":"https:\/\/as-lightsound.de\/wordpress\/wp-json\/wp\/v2\/product_brand?post=1547"},{"taxonomy":"product_cat","embeddable":true,"href":"https:\/\/as-lightsound.de\/wordpress\/wp-json\/wp\/v2\/product_cat?post=1547"},{"taxonomy":"product_tag","embeddable":true,"href":"https:\/\/as-lightsound.de\/wordpress\/wp-json\/wp\/v2\/product_tag?post=1547"}],"curies":[{"name":"wp","href":"https:\/\/api.w.org\/{rel}","templated":true}]}}