{"id":1532,"date":"2025-07-15T12:43:05","date_gmt":"2025-07-15T10:43:05","guid":{"rendered":"https:\/\/as-lightsound.de\/wordpress\/?post_type=product&#038;p=1532"},"modified":"2025-10-07T08:47:14","modified_gmt":"2025-10-07T06:47:14","slug":"sgm-p1-akku-scheinwerfer","status":"publish","type":"product","link":"https:\/\/as-lightsound.de\/wordpress\/product\/sgm-p1-akku-scheinwerfer\/","title":{"rendered":"SGM P1 Akku Scheinwerfer"},"content":{"rendered":"<p data-start=\"171\" data-end=\"524\">Der <strong data-start=\"175\" data-end=\"186\">SGM P-1<\/strong> ist ein professioneller, akkubetriebener LED-Scheinwerfer f\u00fcr den mobilen Einsatz in Event-, Architektur- und B\u00fchnenbeleuchtung. Mit seiner kompakten Bauweise, kabellosem Betrieb und wetterfestem IP65-Geh\u00e4use bietet er maximale Flexibilit\u00e4t und beeindruckende Lichtleistung \u2013 \u00fcberall dort, wo keine feste Stromversorgung vorhanden ist.<\/p>\n<hr data-start=\"526\" data-end=\"529\" \/>\n<h3 data-start=\"531\" data-end=\"568\"><strong data-start=\"535\" data-end=\"568\">Technische Daten (Tech Specs)<\/strong><\/h3>\n<div class=\"_tableContainer_1rjym_1\">\n<div class=\"group _tableWrapper_1rjym_13 flex w-fit flex-col-reverse\" tabindex=\"-1\">\n<table class=\"w-fit min-w-(--thread-content-width)\" data-start=\"570\" data-end=\"1782\">\n<thead data-start=\"570\" data-end=\"597\">\n<tr data-start=\"570\" data-end=\"597\">\n<th data-start=\"570\" data-end=\"580\" data-col-size=\"sm\">Merkmal<\/th>\n<th data-start=\"580\" data-end=\"597\" data-col-size=\"lg\">Spezifikation<\/th>\n<\/tr>\n<\/thead>\n<tbody data-start=\"621\" data-end=\"1782\">\n<tr data-start=\"621\" data-end=\"681\">\n<td data-start=\"621\" data-end=\"639\" data-col-size=\"sm\"><strong data-start=\"623\" data-end=\"638\">Lichtquelle<\/strong><\/td>\n<td data-start=\"639\" data-end=\"681\" data-col-size=\"lg\">8 \u00d7 Hochleistungs-LEDs (RGBW, je 10 W)<\/td>\n<\/tr>\n<tr data-start=\"682\" data-end=\"720\">\n<td data-start=\"682\" data-end=\"697\" data-col-size=\"sm\"><strong data-start=\"684\" data-end=\"696\">Leistung<\/strong><\/td>\n<td data-start=\"697\" data-end=\"720\" data-col-size=\"lg\">80 W Gesamtleistung<\/td>\n<\/tr>\n<tr data-start=\"721\" data-end=\"772\">\n<td data-start=\"721\" data-end=\"740\" data-col-size=\"sm\"><strong data-start=\"723\" data-end=\"739\">Farbmischung<\/strong><\/td>\n<td data-start=\"740\" data-end=\"772\" data-col-size=\"lg\">RGBW (Rot, Gr\u00fcn, Blau, Wei\u00df)<\/td>\n<\/tr>\n<tr data-start=\"773\" data-end=\"809\">\n<td data-start=\"773\" data-end=\"790\" data-col-size=\"sm\"><strong data-start=\"775\" data-end=\"789\">Lichtstrom<\/strong><\/td>\n<td data-start=\"790\" data-end=\"809\" data-col-size=\"lg\">bis zu 3.500 lm<\/td>\n<\/tr>\n<tr data-start=\"810\" data-end=\"888\">\n<td data-start=\"810\" data-end=\"831\" data-col-size=\"sm\"><strong data-start=\"812\" data-end=\"830\">Abstrahlwinkel<\/strong><\/td>\n<td data-start=\"831\" data-end=\"888\" data-col-size=\"lg\">10\u00b0, optional wechselbare Linsen (14\u00b0, 21\u00b0, 36\u00b0, 60\u00b0)<\/td>\n<\/tr>\n<tr data-start=\"889\" data-end=\"929\">\n<td data-start=\"889\" data-end=\"921\" data-col-size=\"sm\"><strong data-start=\"891\" data-end=\"920\">CRI (Farbwiedergabeindex)<\/strong><\/td>\n<td data-start=\"921\" data-end=\"929\" data-col-size=\"lg\">&gt; 90<\/td>\n<\/tr>\n<tr data-start=\"930\" data-end=\"968\">\n<td data-start=\"930\" data-end=\"944\" data-col-size=\"sm\"><strong data-start=\"932\" data-end=\"943\">Dimmung<\/strong><\/td>\n<td data-start=\"944\" data-end=\"968\" data-col-size=\"lg\">0\u2013100 %, flackerfrei<\/td>\n<\/tr>\n<tr data-start=\"969\" data-end=\"1058\">\n<td data-start=\"969\" data-end=\"985\" data-col-size=\"sm\"><strong data-start=\"971\" data-end=\"984\">Steuerung<\/strong><\/td>\n<td data-start=\"985\" data-end=\"1058\" data-col-size=\"lg\">DMX512 (kabelgebunden oder kabellos via W-DMX), RDM-f\u00e4hig, Standalone<\/td>\n<\/tr>\n<tr data-start=\"1059\" data-end=\"1105\">\n<td data-start=\"1059\" data-end=\"1076\" data-col-size=\"sm\"><strong data-start=\"1061\" data-end=\"1075\">DMX-Kan\u00e4le<\/strong><\/td>\n<td data-start=\"1076\" data-end=\"1105\" data-col-size=\"lg\">Mehrere Modi (3\u20139 Kan\u00e4le)<\/td>\n<\/tr>\n<tr data-start=\"1106\" data-end=\"1182\">\n<td data-start=\"1106\" data-end=\"1125\" data-col-size=\"sm\"><strong data-start=\"1108\" data-end=\"1124\">Akkulaufzeit<\/strong><\/td>\n<td data-start=\"1125\" data-end=\"1182\" data-col-size=\"lg\">bis zu 12 Stunden (abh\u00e4ngig von Farbe und Helligkeit)<\/td>\n<\/tr>\n<tr data-start=\"1183\" data-end=\"1217\">\n<td data-start=\"1183\" data-end=\"1198\" data-col-size=\"sm\"><strong data-start=\"1185\" data-end=\"1197\">Ladezeit<\/strong><\/td>\n<td data-start=\"1198\" data-end=\"1217\" data-col-size=\"lg\">ca. 3\u20134 Stunden<\/td>\n<\/tr>\n<tr data-start=\"1218\" data-end=\"1263\">\n<td data-start=\"1218\" data-end=\"1238\" data-col-size=\"sm\"><strong data-start=\"1220\" data-end=\"1237\">Netzanschluss<\/strong><\/td>\n<td data-start=\"1238\" data-end=\"1263\" data-col-size=\"lg\">PowerCON True1 In\/Out<\/td>\n<\/tr>\n<tr data-start=\"1264\" data-end=\"1316\">\n<td data-start=\"1264\" data-end=\"1279\" data-col-size=\"sm\"><strong data-start=\"1266\" data-end=\"1278\">Batterie<\/strong><\/td>\n<td data-start=\"1279\" data-end=\"1316\" data-col-size=\"lg\">Lithium-Ionen-Akku (austauschbar)<\/td>\n<\/tr>\n<tr data-start=\"1317\" data-end=\"1380\">\n<td data-start=\"1317\" data-end=\"1331\" data-col-size=\"sm\"><strong data-start=\"1319\" data-end=\"1330\">Geh\u00e4use<\/strong><\/td>\n<td data-start=\"1331\" data-end=\"1380\" data-col-size=\"lg\">Aluminiumdruckguss, schwarz pulverbeschichtet<\/td>\n<\/tr>\n<tr data-start=\"1381\" data-end=\"1458\">\n<td data-start=\"1381\" data-end=\"1397\" data-col-size=\"sm\"><strong data-start=\"1383\" data-end=\"1396\">Schutzart<\/strong><\/td>\n<td data-start=\"1397\" data-end=\"1458\" data-col-size=\"lg\">IP65 (staub- und spritzwassergesch\u00fctzt, outdoor-tauglich)<\/td>\n<\/tr>\n<tr data-start=\"1459\" data-end=\"1496\">\n<td data-start=\"1459\" data-end=\"1473\" data-col-size=\"sm\"><strong data-start=\"1461\" data-end=\"1472\">K\u00fchlung<\/strong><\/td>\n<td data-start=\"1473\" data-end=\"1496\" data-col-size=\"lg\">Passiv, ger\u00e4uschlos<\/td>\n<\/tr>\n<tr data-start=\"1497\" data-end=\"1553\">\n<td data-start=\"1497\" data-end=\"1527\" data-col-size=\"sm\"><strong data-start=\"1499\" data-end=\"1526\">Abmessungen (B \u00d7 H \u00d7 T)<\/strong><\/td>\n<td data-start=\"1527\" data-end=\"1553\" data-col-size=\"lg\">ca. 268 \u00d7 268 \u00d7 145 mm<\/td>\n<\/tr>\n<tr data-start=\"1554\" data-end=\"1582\">\n<td data-start=\"1554\" data-end=\"1568\" data-col-size=\"sm\"><strong data-start=\"1556\" data-end=\"1567\">Gewicht<\/strong><\/td>\n<td data-start=\"1568\" data-end=\"1582\" data-col-size=\"lg\">ca. 6,1 kg<\/td>\n<\/tr>\n<tr data-start=\"1583\" data-end=\"1629\">\n<td data-start=\"1583\" data-end=\"1608\" data-col-size=\"sm\"><strong data-start=\"1585\" data-end=\"1607\">Betriebstemperatur<\/strong><\/td>\n<td data-start=\"1608\" data-end=\"1629\" data-col-size=\"lg\">\u201320 \u00b0C bis +50 \u00b0C<\/td>\n<\/tr>\n<tr data-start=\"1630\" data-end=\"1782\">\n<td data-start=\"1630\" data-end=\"1651\" data-col-size=\"sm\"><strong data-start=\"1632\" data-end=\"1650\">Besonderheiten<\/strong><\/td>\n<td data-start=\"1651\" data-end=\"1782\" data-col-size=\"lg\">Kabelloser Akku-Betrieb, W-DMX, IP65, austauschbare Linsen, leiser Betrieb, ideal f\u00fcr Outdoor-Events und Architekturbeleuchtung<\/td>\n<\/tr>\n<\/tbody>\n<\/table>\n<\/div>\n<\/div>\n","protected":false},"excerpt":{"rendered":"<p>64 vorr\u00e4tig<\/p>\n","protected":false},"featured_media":1533,"template":"","meta":[],"product_brand":[],"product_cat":[32],"product_tag":[],"class_list":{"0":"post-1532","1":"product","2":"type-product","3":"status-publish","4":"has-post-thumbnail","6":"product_cat-scheinwerfer","8":"first","9":"instock","10":"taxable","11":"shipping-taxable","12":"purchasable","13":"product-type-simple"},"_links":{"self":[{"href":"https:\/\/as-lightsound.de\/wordpress\/wp-json\/wp\/v2\/product\/1532","targetHints":{"allow":["GET"]}}],"collection":[{"href":"https:\/\/as-lightsound.de\/wordpress\/wp-json\/wp\/v2\/product"}],"about":[{"href":"https:\/\/as-lightsound.de\/wordpress\/wp-json\/wp\/v2\/types\/product"}],"wp:featuredmedia":[{"embeddable":true,"href":"https:\/\/as-lightsound.de\/wordpress\/wp-json\/wp\/v2\/media\/1533"}],"wp:attachment":[{"href":"https:\/\/as-lightsound.de\/wordpress\/wp-json\/wp\/v2\/media?parent=1532"}],"wp:term":[{"taxonomy":"product_brand","embeddable":true,"href":"https:\/\/as-lightsound.de\/wordpress\/wp-json\/wp\/v2\/product_brand?post=1532"},{"taxonomy":"product_cat","embeddable":true,"href":"https:\/\/as-lightsound.de\/wordpress\/wp-json\/wp\/v2\/product_cat?post=1532"},{"taxonomy":"product_tag","embeddable":true,"href":"https:\/\/as-lightsound.de\/wordpress\/wp-json\/wp\/v2\/product_tag?post=1532"}],"curies":[{"name":"wp","href":"https:\/\/api.w.org\/{rel}","templated":true}]}}