{"id":1530,"date":"2025-07-15T12:37:55","date_gmt":"2025-07-15T10:37:55","guid":{"rendered":"https:\/\/as-lightsound.de\/wordpress\/?post_type=product&#038;p=1530"},"modified":"2025-10-07T08:47:50","modified_gmt":"2025-10-07T06:47:50","slug":"astera-ax5","status":"publish","type":"product","link":"https:\/\/as-lightsound.de\/wordpress\/product\/astera-ax5\/","title":{"rendered":"Astera AX5"},"content":{"rendered":"<p data-start=\"161\" data-end=\"547\">Der <strong data-start=\"165\" data-end=\"189\">Astera AX5 TriplePar<\/strong> ist ein vielseitiger, akkubetriebener 3-in-1 LED-Scheinwerfer f\u00fcr den professionellen Event- und B\u00fchnenbetrieb. Dank Akku- und Netzbetrieb, kabelloser DMX-Steuerung und IP65-Zertifizierung ist er ideal f\u00fcr Indoor- und Outdoor-Anwendungen. Er \u00fcberzeugt durch brillante Farben, hohe Helligkeit und maximale Flexibilit\u00e4t in einem kompakten, robusten Geh\u00e4use.<\/p>\n<hr data-start=\"549\" data-end=\"552\" \/>\n<h3 data-start=\"554\" data-end=\"591\"><strong data-start=\"558\" data-end=\"591\">Technische Daten (Tech Specs)<\/strong><\/h3>\n<div class=\"_tableContainer_1rjym_1\">\n<div class=\"group _tableWrapper_1rjym_13 flex w-fit flex-col-reverse\" tabindex=\"-1\">\n<table class=\"w-fit min-w-(--thread-content-width)\" data-start=\"593\" data-end=\"1851\">\n<thead data-start=\"593\" data-end=\"620\">\n<tr data-start=\"593\" data-end=\"620\">\n<th data-start=\"593\" data-end=\"603\" data-col-size=\"sm\">Merkmal<\/th>\n<th data-start=\"603\" data-end=\"620\" data-col-size=\"lg\">Spezifikation<\/th>\n<\/tr>\n<\/thead>\n<tbody data-start=\"644\" data-end=\"1851\">\n<tr data-start=\"644\" data-end=\"702\">\n<td data-start=\"644\" data-end=\"662\" data-col-size=\"sm\"><strong data-start=\"646\" data-end=\"661\">Lichtquelle<\/strong><\/td>\n<td data-start=\"662\" data-end=\"702\" data-col-size=\"lg\">3 \u00d7 15 W RGBW-Cree-LEDs (Total 45 W)<\/td>\n<\/tr>\n<tr data-start=\"703\" data-end=\"766\">\n<td data-start=\"703\" data-end=\"722\" data-col-size=\"sm\"><strong data-start=\"705\" data-end=\"721\">Farbmischung<\/strong><\/td>\n<td data-start=\"722\" data-end=\"766\" data-col-size=\"lg\">RGBW \u2013 ges\u00e4ttigte Farben und reines Wei\u00df<\/td>\n<\/tr>\n<tr data-start=\"767\" data-end=\"838\">\n<td data-start=\"767\" data-end=\"788\" data-col-size=\"sm\"><strong data-start=\"769\" data-end=\"787\">Abstrahlwinkel<\/strong><\/td>\n<td data-start=\"788\" data-end=\"838\" data-col-size=\"lg\">13\u00b0 (wechselbare Linsen 32\u00b0 \/ 17\u00d746\u00b0 optional)<\/td>\n<\/tr>\n<tr data-start=\"839\" data-end=\"875\">\n<td data-start=\"839\" data-end=\"856\" data-col-size=\"sm\"><strong data-start=\"841\" data-end=\"855\">Lichtstrom<\/strong><\/td>\n<td data-start=\"856\" data-end=\"875\" data-col-size=\"lg\">bis zu 1.200 lm<\/td>\n<\/tr>\n<tr data-start=\"876\" data-end=\"930\">\n<td data-start=\"876\" data-end=\"897\" data-col-size=\"sm\"><strong data-start=\"878\" data-end=\"896\">Farbtemperatur<\/strong><\/td>\n<td data-start=\"897\" data-end=\"930\" data-col-size=\"lg\">2.400 K \u2013 6.500 K (CCT-Modus)<\/td>\n<\/tr>\n<tr data-start=\"931\" data-end=\"969\">\n<td data-start=\"931\" data-end=\"945\" data-col-size=\"sm\"><strong data-start=\"933\" data-end=\"944\">Dimmung<\/strong><\/td>\n<td data-start=\"945\" data-end=\"969\" data-col-size=\"lg\">0\u2013100 %, flickerfrei<\/td>\n<\/tr>\n<tr data-start=\"970\" data-end=\"1089\">\n<td data-start=\"970\" data-end=\"986\" data-col-size=\"sm\"><strong data-start=\"972\" data-end=\"985\">Steuerung<\/strong><\/td>\n<td data-start=\"986\" data-end=\"1089\" data-col-size=\"lg\">W-DMX, CRMX, IR-Fernbedienung, AsteraApp (Bluetooth), kabelgebunden DMX (\u00fcber optionales Interface)<\/td>\n<\/tr>\n<tr data-start=\"1090\" data-end=\"1137\">\n<td data-start=\"1090\" data-end=\"1107\" data-col-size=\"sm\"><strong data-start=\"1092\" data-end=\"1106\">DMX-Kan\u00e4le<\/strong><\/td>\n<td data-start=\"1107\" data-end=\"1137\" data-col-size=\"lg\">3\u20139 (mehrere Modi w\u00e4hlbar)<\/td>\n<\/tr>\n<tr data-start=\"1138\" data-end=\"1217\">\n<td data-start=\"1138\" data-end=\"1157\" data-col-size=\"sm\"><strong data-start=\"1140\" data-end=\"1156\">Akkulaufzeit<\/strong><\/td>\n<td data-start=\"1157\" data-end=\"1217\" data-col-size=\"lg\">bis zu 20 Stunden (abh\u00e4ngig von Helligkeit und Programm)<\/td>\n<\/tr>\n<tr data-start=\"1218\" data-end=\"1250\">\n<td data-start=\"1218\" data-end=\"1233\" data-col-size=\"sm\"><strong data-start=\"1220\" data-end=\"1232\">Ladezeit<\/strong><\/td>\n<td data-start=\"1233\" data-end=\"1250\" data-col-size=\"lg\">ca. 5 Stunden<\/td>\n<\/tr>\n<tr data-start=\"1251\" data-end=\"1293\">\n<td data-start=\"1251\" data-end=\"1262\" data-col-size=\"sm\"><strong data-start=\"1253\" data-end=\"1261\">Akku<\/strong><\/td>\n<td data-start=\"1262\" data-end=\"1293\" data-col-size=\"lg\">Lithium-Ionen, austauschbar<\/td>\n<\/tr>\n<tr data-start=\"1294\" data-end=\"1363\">\n<td data-start=\"1294\" data-end=\"1314\" data-col-size=\"sm\"><strong data-start=\"1296\" data-end=\"1313\">Netzanschluss<\/strong><\/td>\n<td data-start=\"1314\" data-end=\"1363\" data-col-size=\"lg\">PowerCON True1 In\/Out (Laden und Netzbetrieb)<\/td>\n<\/tr>\n<tr data-start=\"1364\" data-end=\"1441\">\n<td data-start=\"1364\" data-end=\"1380\" data-col-size=\"sm\"><strong data-start=\"1366\" data-end=\"1379\">Schutzart<\/strong><\/td>\n<td data-start=\"1380\" data-end=\"1441\" data-col-size=\"lg\">IP65 (Outdoor-tauglich, staub- und spritzwassergesch\u00fctzt)<\/td>\n<\/tr>\n<tr data-start=\"1442\" data-end=\"1514\">\n<td data-start=\"1442\" data-end=\"1456\" data-col-size=\"sm\"><strong data-start=\"1444\" data-end=\"1455\">Montage<\/strong><\/td>\n<td data-start=\"1456\" data-end=\"1514\" data-col-size=\"lg\">Integrierter Doppelb\u00fcgel f\u00fcr Boden- oder H\u00e4ngeposition<\/td>\n<\/tr>\n<tr data-start=\"1515\" data-end=\"1552\">\n<td data-start=\"1515\" data-end=\"1529\" data-col-size=\"sm\"><strong data-start=\"1517\" data-end=\"1528\">K\u00fchlung<\/strong><\/td>\n<td data-start=\"1529\" data-end=\"1552\" data-col-size=\"lg\">Passiv, ger\u00e4uschlos<\/td>\n<\/tr>\n<tr data-start=\"1553\" data-end=\"1609\">\n<td data-start=\"1553\" data-end=\"1583\" data-col-size=\"sm\"><strong data-start=\"1555\" data-end=\"1582\">Abmessungen (B \u00d7 H \u00d7 T)<\/strong><\/td>\n<td data-start=\"1583\" data-end=\"1609\" data-col-size=\"lg\">ca. 145 \u00d7 190 \u00d7 220 mm<\/td>\n<\/tr>\n<tr data-start=\"1610\" data-end=\"1638\">\n<td data-start=\"1610\" data-end=\"1624\" data-col-size=\"sm\"><strong data-start=\"1612\" data-end=\"1623\">Gewicht<\/strong><\/td>\n<td data-start=\"1624\" data-end=\"1638\" data-col-size=\"lg\">ca. 3,4 kg<\/td>\n<\/tr>\n<tr data-start=\"1639\" data-end=\"1701\">\n<td data-start=\"1639\" data-end=\"1661\" data-col-size=\"sm\"><strong data-start=\"1641\" data-end=\"1660\">Geh\u00e4usematerial<\/strong><\/td>\n<td data-start=\"1661\" data-end=\"1701\" data-col-size=\"lg\">Aluminiumdruckguss, schwarz eloxiert<\/td>\n<\/tr>\n<tr data-start=\"1702\" data-end=\"1851\">\n<td data-start=\"1702\" data-end=\"1723\" data-col-size=\"sm\"><strong data-start=\"1704\" data-end=\"1722\">Besonderheiten<\/strong><\/td>\n<td data-start=\"1723\" data-end=\"1851\" data-col-size=\"lg\">Akku- &amp; Netzbetrieb, IP65, W-DMX &amp; App-Steuerung, austauschbare Optiken, leiser Betrieb, ideal f\u00fcr Event- &amp; Architekturlicht<\/td>\n<\/tr>\n<\/tbody>\n<\/table>\n<\/div>\n<\/div>\n","protected":false},"excerpt":{"rendered":"<p>48 vorr\u00e4tig<\/p>\n","protected":false},"featured_media":1531,"template":"","meta":[],"product_brand":[],"product_cat":[32],"product_tag":[],"class_list":{"0":"post-1530","1":"product","2":"type-product","3":"status-publish","4":"has-post-thumbnail","6":"product_cat-scheinwerfer","8":"first","9":"instock","10":"taxable","11":"shipping-taxable","12":"purchasable","13":"product-type-simple"},"_links":{"self":[{"href":"https:\/\/as-lightsound.de\/wordpress\/wp-json\/wp\/v2\/product\/1530","targetHints":{"allow":["GET"]}}],"collection":[{"href":"https:\/\/as-lightsound.de\/wordpress\/wp-json\/wp\/v2\/product"}],"about":[{"href":"https:\/\/as-lightsound.de\/wordpress\/wp-json\/wp\/v2\/types\/product"}],"wp:featuredmedia":[{"embeddable":true,"href":"https:\/\/as-lightsound.de\/wordpress\/wp-json\/wp\/v2\/media\/1531"}],"wp:attachment":[{"href":"https:\/\/as-lightsound.de\/wordpress\/wp-json\/wp\/v2\/media?parent=1530"}],"wp:term":[{"taxonomy":"product_brand","embeddable":true,"href":"https:\/\/as-lightsound.de\/wordpress\/wp-json\/wp\/v2\/product_brand?post=1530"},{"taxonomy":"product_cat","embeddable":true,"href":"https:\/\/as-lightsound.de\/wordpress\/wp-json\/wp\/v2\/product_cat?post=1530"},{"taxonomy":"product_tag","embeddable":true,"href":"https:\/\/as-lightsound.de\/wordpress\/wp-json\/wp\/v2\/product_tag?post=1530"}],"curies":[{"name":"wp","href":"https:\/\/api.w.org\/{rel}","templated":true}]}}