{"id":1525,"date":"2025-06-10T19:00:15","date_gmt":"2025-06-10T17:00:15","guid":{"rendered":"https:\/\/as-lightsound.de\/wordpress\/?post_type=product&#038;p=1525"},"modified":"2025-10-03T09:34:21","modified_gmt":"2025-10-03T07:34:21","slug":"li-lac-mikrofon-desinfektionsgeraet","status":"publish","type":"product","link":"https:\/\/as-lightsound.de\/wordpress\/product\/li-lac-mikrofon-desinfektionsgeraet\/","title":{"rendered":"Li.LAC Mikrofon-Desinfektionsger\u00e4t"},"content":{"rendered":"<p data-start=\"165\" data-end=\"516\">Das <strong data-start=\"169\" data-end=\"179\">Li.LAC<\/strong> ist ein professionelles Desinfektionsger\u00e4t speziell f\u00fcr Mikrofone und andere kleine Audioger\u00e4te. Es arbeitet mit UV-C-Licht, das zuverl\u00e4ssig Bakterien, Viren und Keime auf der Oberfl\u00e4che reduziert \u2013 ganz ohne Chemikalien oder Fl\u00fcssigkeiten. Ideal f\u00fcr Studios, Verleiher, Theater und Veranstaltungsorte, die auf h\u00f6chste Hygiene setzen.<\/p>\n<hr data-start=\"518\" data-end=\"521\" \/>\n<h3 data-start=\"523\" data-end=\"560\"><strong data-start=\"527\" data-end=\"560\">Technische Daten (Tech Specs)<\/strong><\/h3>\n<div class=\"_tableContainer_1rjym_1\">\n<div class=\"group _tableWrapper_1rjym_13 flex w-fit flex-col-reverse\" tabindex=\"-1\">\n<table class=\"w-fit min-w-(--thread-content-width)\" data-start=\"562\" data-end=\"1502\">\n<thead data-start=\"562\" data-end=\"589\">\n<tr data-start=\"562\" data-end=\"589\">\n<th data-start=\"562\" data-end=\"572\" data-col-size=\"sm\">Merkmal<\/th>\n<th data-start=\"572\" data-end=\"589\" data-col-size=\"md\">Spezifikation<\/th>\n<\/tr>\n<\/thead>\n<tbody data-start=\"613\" data-end=\"1502\">\n<tr data-start=\"613\" data-end=\"679\">\n<td data-start=\"613\" data-end=\"628\" data-col-size=\"sm\"><strong data-start=\"615\" data-end=\"627\">Funktion<\/strong><\/td>\n<td data-start=\"628\" data-end=\"679\" data-col-size=\"md\">UV-C Desinfektion f\u00fcr Mikrofone und Kleinger\u00e4te<\/td>\n<\/tr>\n<tr data-start=\"680\" data-end=\"735\">\n<td data-start=\"680\" data-end=\"698\" data-col-size=\"sm\"><strong data-start=\"682\" data-end=\"697\">Technologie<\/strong><\/td>\n<td data-start=\"698\" data-end=\"735\" data-col-size=\"md\">UV-C-Licht mit 254 nm Wellenl\u00e4nge<\/td>\n<\/tr>\n<tr data-start=\"736\" data-end=\"850\">\n<td data-start=\"736\" data-end=\"754\" data-col-size=\"sm\"><strong data-start=\"738\" data-end=\"753\">Wirksamkeit<\/strong><\/td>\n<td data-start=\"754\" data-end=\"850\" data-col-size=\"md\">Bis zu 99,99 % Reduktion von Viren und Bakterien (nachgewiesen durch unabh\u00e4ngige Labortests)<\/td>\n<\/tr>\n<tr data-start=\"851\" data-end=\"940\">\n<td data-start=\"851\" data-end=\"867\" data-col-size=\"sm\"><strong data-start=\"853\" data-end=\"866\">Kapazit\u00e4t<\/strong><\/td>\n<td data-start=\"867\" data-end=\"940\" data-col-size=\"md\">Platz f\u00fcr mehrere Handmikrofone, Headsets oder Beltpacks gleichzeitig<\/td>\n<\/tr>\n<tr data-start=\"941\" data-end=\"1013\">\n<td data-start=\"941\" data-end=\"971\" data-col-size=\"sm\"><strong data-start=\"943\" data-end=\"970\">Betriebszeit pro Zyklus<\/strong><\/td>\n<td data-start=\"971\" data-end=\"1013\" data-col-size=\"md\">ca. 5\u201310 Minuten (je nach Einstellung)<\/td>\n<\/tr>\n<tr data-start=\"1014\" data-end=\"1094\">\n<td data-start=\"1014\" data-end=\"1030\" data-col-size=\"sm\"><strong data-start=\"1016\" data-end=\"1029\">Bedienung<\/strong><\/td>\n<td data-start=\"1030\" data-end=\"1094\" data-col-size=\"md\">Einfache Steuerung \u00fcber Startknopf, automatische Abschaltung<\/td>\n<\/tr>\n<tr data-start=\"1095\" data-end=\"1189\">\n<td data-start=\"1095\" data-end=\"1112\" data-col-size=\"sm\"><strong data-start=\"1097\" data-end=\"1111\">Sicherheit<\/strong><\/td>\n<td data-start=\"1112\" data-end=\"1189\" data-col-size=\"md\">UV-C-Schutz durch geschlossenes Geh\u00e4use, Betrieb nur bei verriegelter T\u00fcr<\/td>\n<\/tr>\n<tr data-start=\"1190\" data-end=\"1249\">\n<td data-start=\"1190\" data-end=\"1204\" data-col-size=\"sm\"><strong data-start=\"1192\" data-end=\"1203\">Geh\u00e4use<\/strong><\/td>\n<td data-start=\"1204\" data-end=\"1249\" data-col-size=\"md\">Robustes Metallgeh\u00e4use, pulverbeschichtet<\/td>\n<\/tr>\n<tr data-start=\"1250\" data-end=\"1317\">\n<td data-start=\"1250\" data-end=\"1280\" data-col-size=\"sm\"><strong data-start=\"1252\" data-end=\"1279\">Abmessungen (B \u00d7 H \u00d7 T)<\/strong><\/td>\n<td data-start=\"1280\" data-end=\"1317\" data-col-size=\"md\">ca. 482 \u00d7 133 \u00d7 460 mm (19\u2033, 3HE)<\/td>\n<\/tr>\n<tr data-start=\"1318\" data-end=\"1345\">\n<td data-start=\"1318\" data-end=\"1332\" data-col-size=\"sm\"><strong data-start=\"1320\" data-end=\"1331\">Gewicht<\/strong><\/td>\n<td data-start=\"1332\" data-end=\"1345\" data-col-size=\"md\">ca. 10 kg<\/td>\n<\/tr>\n<tr data-start=\"1346\" data-end=\"1390\">\n<td data-start=\"1346\" data-end=\"1368\" data-col-size=\"sm\"><strong data-start=\"1348\" data-end=\"1367\">Stromversorgung<\/strong><\/td>\n<td data-start=\"1368\" data-end=\"1390\" data-col-size=\"md\">230 V AC, 50\/60 Hz<\/td>\n<\/tr>\n<tr data-start=\"1391\" data-end=\"1502\">\n<td data-start=\"1391\" data-end=\"1412\" data-col-size=\"sm\"><strong data-start=\"1393\" data-end=\"1411\">Besonderheiten<\/strong><\/td>\n<td data-start=\"1412\" data-end=\"1502\" data-col-size=\"md\">Umweltfreundlich, keine Chemikalien, wartungsarme UV-C-Technik, 19\u2033-Rackeinbau m\u00f6glich<\/td>\n<\/tr>\n<\/tbody>\n<\/table>\n<\/div>\n<\/div>\n","protected":false},"excerpt":{"rendered":"<p>4 vorr\u00e4tig<\/p>\n","protected":false},"featured_media":2161,"template":"","meta":[],"product_brand":[],"product_cat":[18],"product_tag":[],"class_list":{"0":"post-1525","1":"product","2":"type-product","3":"status-publish","4":"has-post-thumbnail","6":"product_cat-mikrofone","8":"first","9":"instock","10":"taxable","11":"shipping-taxable","12":"purchasable","13":"product-type-simple"},"_links":{"self":[{"href":"https:\/\/as-lightsound.de\/wordpress\/wp-json\/wp\/v2\/product\/1525","targetHints":{"allow":["GET"]}}],"collection":[{"href":"https:\/\/as-lightsound.de\/wordpress\/wp-json\/wp\/v2\/product"}],"about":[{"href":"https:\/\/as-lightsound.de\/wordpress\/wp-json\/wp\/v2\/types\/product"}],"wp:featuredmedia":[{"embeddable":true,"href":"https:\/\/as-lightsound.de\/wordpress\/wp-json\/wp\/v2\/media\/2161"}],"wp:attachment":[{"href":"https:\/\/as-lightsound.de\/wordpress\/wp-json\/wp\/v2\/media?parent=1525"}],"wp:term":[{"taxonomy":"product_brand","embeddable":true,"href":"https:\/\/as-lightsound.de\/wordpress\/wp-json\/wp\/v2\/product_brand?post=1525"},{"taxonomy":"product_cat","embeddable":true,"href":"https:\/\/as-lightsound.de\/wordpress\/wp-json\/wp\/v2\/product_cat?post=1525"},{"taxonomy":"product_tag","embeddable":true,"href":"https:\/\/as-lightsound.de\/wordpress\/wp-json\/wp\/v2\/product_tag?post=1525"}],"curies":[{"name":"wp","href":"https:\/\/api.w.org\/{rel}","templated":true}]}}