{"id":1519,"date":"2025-05-11T22:02:58","date_gmt":"2025-05-11T20:02:58","guid":{"rendered":"https:\/\/as-lightsound.de\/wordpress\/?post_type=product&#038;p=1519"},"modified":"2025-10-09T07:54:38","modified_gmt":"2025-10-09T05:54:38","slug":"24-previewmonitor","status":"publish","type":"product","link":"https:\/\/as-lightsound.de\/wordpress\/product\/24-previewmonitor\/","title":{"rendered":"24&#8243; Previewmonitor"},"content":{"rendered":"<p data-start=\"78\" data-end=\"446\">Der <strong data-start=\"82\" data-end=\"104\">24\u2033 Previewmonitor<\/strong> ist ein professionelles Display f\u00fcr den Einsatz in Regie-, B\u00fchnen- und Produktionsumgebungen. Er bietet pr\u00e4zise Farbwiedergabe, hohe Aufl\u00f6sung und robuste Verarbeitung f\u00fcr den Dauerbetrieb. Dank seiner g\u00e4ngigen Anschl\u00fcsse und kompakten Bauweise eignet er sich ideal als Kontrollmonitor f\u00fcr Live-Events, Broadcast oder Pr\u00e4sentationssysteme.<\/p>\n<hr data-start=\"448\" data-end=\"451\" \/>\n<h3 data-start=\"453\" data-end=\"486\">Technische Daten (Tech Specs)<\/h3>\n<div class=\"_tableContainer_1rjym_1\">\n<div class=\"group _tableWrapper_1rjym_13 flex w-fit flex-col-reverse\" tabindex=\"-1\">\n<table class=\"w-fit min-w-(--thread-content-width)\" data-start=\"488\" data-end=\"1474\">\n<thead data-start=\"488\" data-end=\"506\">\n<tr data-start=\"488\" data-end=\"506\">\n<th data-start=\"488\" data-end=\"498\" data-col-size=\"sm\">Merkmal<\/th>\n<th data-start=\"498\" data-end=\"506\" data-col-size=\"md\">Wert<\/th>\n<\/tr>\n<\/thead>\n<tbody data-start=\"527\" data-end=\"1474\">\n<tr data-start=\"527\" data-end=\"575\">\n<td data-start=\"527\" data-end=\"546\" data-col-size=\"sm\"><strong data-start=\"529\" data-end=\"545\">Displaygr\u00f6\u00dfe<\/strong><\/td>\n<td data-start=\"546\" data-end=\"575\" data-col-size=\"md\">24 Zoll (61 cm Diagonale)<\/td>\n<\/tr>\n<tr data-start=\"576\" data-end=\"614\">\n<td data-start=\"576\" data-end=\"591\" data-col-size=\"sm\"><strong data-start=\"578\" data-end=\"590\">Paneltyp<\/strong><\/td>\n<td data-start=\"591\" data-end=\"614\" data-col-size=\"md\">IPS \/ LED-Backlight<\/td>\n<\/tr>\n<tr data-start=\"615\" data-end=\"664\">\n<td data-start=\"615\" data-end=\"631\" data-col-size=\"sm\"><strong data-start=\"617\" data-end=\"630\">Aufl\u00f6sung<\/strong><\/td>\n<td data-col-size=\"md\" data-start=\"631\" data-end=\"664\">Full HD (1.920 \u00d7 1.080 Pixel)<\/td>\n<\/tr>\n<tr data-start=\"665\" data-end=\"690\">\n<td data-start=\"665\" data-end=\"682\" data-col-size=\"sm\"><strong data-start=\"667\" data-end=\"681\">Bildformat<\/strong><\/td>\n<td data-start=\"682\" data-end=\"690\" data-col-size=\"md\">16:9<\/td>\n<\/tr>\n<tr data-start=\"691\" data-end=\"731\">\n<td data-start=\"691\" data-end=\"708\" data-col-size=\"sm\"><strong data-start=\"693\" data-end=\"707\">Helligkeit<\/strong><\/td>\n<td data-col-size=\"md\" data-start=\"708\" data-end=\"731\">ca. 250 \u2013 300 cd\/m\u00b2<\/td>\n<\/tr>\n<tr data-start=\"732\" data-end=\"772\">\n<td data-start=\"732\" data-end=\"757\" data-col-size=\"sm\"><strong data-start=\"734\" data-end=\"756\">Kontrastverh\u00e4ltnis<\/strong><\/td>\n<td data-col-size=\"md\" data-start=\"757\" data-end=\"772\">ca. 1.000:1<\/td>\n<\/tr>\n<tr data-start=\"773\" data-end=\"833\">\n<td data-start=\"773\" data-end=\"798\" data-col-size=\"sm\"><strong data-start=\"775\" data-end=\"797\">Betrachtungswinkel<\/strong><\/td>\n<td data-col-size=\"md\" data-start=\"798\" data-end=\"833\">178\u00b0 horizontal \/ 178\u00b0 vertikal<\/td>\n<\/tr>\n<tr data-start=\"834\" data-end=\"868\">\n<td data-start=\"834\" data-end=\"854\" data-col-size=\"sm\"><strong data-start=\"836\" data-end=\"853\">Reaktionszeit<\/strong><\/td>\n<td data-start=\"854\" data-end=\"868\" data-col-size=\"md\">5 ms (GtG)<\/td>\n<\/tr>\n<tr data-start=\"869\" data-end=\"913\">\n<td data-start=\"869\" data-end=\"885\" data-col-size=\"sm\"><strong data-start=\"871\" data-end=\"884\">Farbtiefe<\/strong><\/td>\n<td data-start=\"885\" data-end=\"913\" data-col-size=\"md\">8 Bit (16,7 Mio. Farben)<\/td>\n<\/tr>\n<tr data-start=\"914\" data-end=\"971\">\n<td data-start=\"914\" data-end=\"929\" data-col-size=\"sm\"><strong data-start=\"916\" data-end=\"928\">Eing\u00e4nge<\/strong><\/td>\n<td data-col-size=\"md\" data-start=\"929\" data-end=\"971\">HDMI, DVI-D, VGA, SDI (modellabh\u00e4ngig)<\/td>\n<\/tr>\n<tr data-start=\"972\" data-end=\"1030\">\n<td data-start=\"972\" data-end=\"984\" data-col-size=\"sm\"><strong data-start=\"974\" data-end=\"983\">Audio<\/strong><\/td>\n<td data-start=\"984\" data-end=\"1030\" data-col-size=\"md\">Integrierte Lautsprecher (Stereo, 2 \u00d7 2 W)<\/td>\n<\/tr>\n<tr data-start=\"1031\" data-end=\"1081\">\n<td data-start=\"1031\" data-end=\"1053\" data-col-size=\"sm\"><strong data-start=\"1033\" data-end=\"1052\">Stromversorgung<\/strong><\/td>\n<td data-col-size=\"md\" data-start=\"1053\" data-end=\"1081\">100 \u2013 240 V AC, 50\/60 Hz<\/td>\n<\/tr>\n<tr data-start=\"1082\" data-end=\"1123\">\n<td data-start=\"1082\" data-end=\"1106\" data-col-size=\"sm\"><strong data-start=\"1084\" data-end=\"1105\">Leistungsaufnahme<\/strong><\/td>\n<td data-col-size=\"md\" data-start=\"1106\" data-end=\"1123\">ca. 30 \u2013 40 W<\/td>\n<\/tr>\n<tr data-start=\"1124\" data-end=\"1185\">\n<td data-start=\"1124\" data-end=\"1146\" data-col-size=\"sm\"><strong data-start=\"1126\" data-end=\"1145\">Montageoptionen<\/strong><\/td>\n<td data-col-size=\"md\" data-start=\"1146\" data-end=\"1185\">Tischaufstellung, VESA 100 \u00d7 100 mm<\/td>\n<\/tr>\n<tr data-start=\"1186\" data-end=\"1241\">\n<td data-start=\"1186\" data-end=\"1216\" data-col-size=\"sm\"><strong data-start=\"1188\" data-end=\"1215\">Abmessungen (B \u00d7 H \u00d7 T)<\/strong><\/td>\n<td data-col-size=\"md\" data-start=\"1216\" data-end=\"1241\">ca. 550 \u00d7 330 \u00d7 60 mm<\/td>\n<\/tr>\n<tr data-start=\"1242\" data-end=\"1272\">\n<td data-start=\"1242\" data-end=\"1256\" data-col-size=\"sm\"><strong data-start=\"1244\" data-end=\"1255\">Gewicht<\/strong><\/td>\n<td data-col-size=\"md\" data-start=\"1256\" data-end=\"1272\">ca. 5 \u2013 6 kg<\/td>\n<\/tr>\n<tr data-start=\"1273\" data-end=\"1338\">\n<td data-start=\"1273\" data-end=\"1295\" data-col-size=\"sm\"><strong data-start=\"1275\" data-end=\"1294\">Geh\u00e4usematerial<\/strong><\/td>\n<td data-start=\"1295\" data-end=\"1338\" data-col-size=\"md\">Metall oder Kunststoff (modellabh\u00e4ngig)<\/td>\n<\/tr>\n<tr data-start=\"1339\" data-end=\"1377\">\n<td data-start=\"1339\" data-end=\"1364\" data-col-size=\"sm\"><strong data-start=\"1341\" data-end=\"1363\">Betriebstemperatur<\/strong><\/td>\n<td data-col-size=\"md\" data-start=\"1364\" data-end=\"1377\">0 \u2013 40 \u00b0C<\/td>\n<\/tr>\n<tr data-start=\"1378\" data-end=\"1407\">\n<td data-start=\"1378\" data-end=\"1390\" data-col-size=\"sm\"><strong data-start=\"1380\" data-end=\"1389\">Farbe<\/strong><\/td>\n<td data-col-size=\"md\" data-start=\"1390\" data-end=\"1407\">Schwarz, matt<\/td>\n<\/tr>\n<tr data-start=\"1408\" data-end=\"1474\">\n<td data-start=\"1408\" data-end=\"1429\" data-col-size=\"sm\"><strong data-start=\"1410\" data-end=\"1428\">Einsatzbereich<\/strong><\/td>\n<td data-start=\"1429\" data-end=\"1474\" data-col-size=\"md\">Vorschau-, Kontroll- und B\u00fchnenmonitoring<\/td>\n<\/tr>\n<\/tbody>\n<\/table>\n<\/div>\n<\/div>\n","protected":false},"excerpt":{"rendered":"<p>12 vorr\u00e4tig<\/p>\n","protected":false},"featured_media":2185,"template":"","meta":[],"product_brand":[],"product_cat":[61],"product_tag":[],"class_list":{"0":"post-1519","1":"product","2":"type-product","3":"status-publish","4":"has-post-thumbnail","6":"product_cat-displays","8":"first","9":"instock","10":"taxable","11":"shipping-taxable","12":"purchasable","13":"product-type-simple"},"_links":{"self":[{"href":"https:\/\/as-lightsound.de\/wordpress\/wp-json\/wp\/v2\/product\/1519","targetHints":{"allow":["GET"]}}],"collection":[{"href":"https:\/\/as-lightsound.de\/wordpress\/wp-json\/wp\/v2\/product"}],"about":[{"href":"https:\/\/as-lightsound.de\/wordpress\/wp-json\/wp\/v2\/types\/product"}],"wp:featuredmedia":[{"embeddable":true,"href":"https:\/\/as-lightsound.de\/wordpress\/wp-json\/wp\/v2\/media\/2185"}],"wp:attachment":[{"href":"https:\/\/as-lightsound.de\/wordpress\/wp-json\/wp\/v2\/media?parent=1519"}],"wp:term":[{"taxonomy":"product_brand","embeddable":true,"href":"https:\/\/as-lightsound.de\/wordpress\/wp-json\/wp\/v2\/product_brand?post=1519"},{"taxonomy":"product_cat","embeddable":true,"href":"https:\/\/as-lightsound.de\/wordpress\/wp-json\/wp\/v2\/product_cat?post=1519"},{"taxonomy":"product_tag","embeddable":true,"href":"https:\/\/as-lightsound.de\/wordpress\/wp-json\/wp\/v2\/product_tag?post=1519"}],"curies":[{"name":"wp","href":"https:\/\/api.w.org\/{rel}","templated":true}]}}