{"id":1508,"date":"2025-04-01T09:34:53","date_gmt":"2025-04-01T07:34:53","guid":{"rendered":"https:\/\/as-lightsound.de\/wordpress\/?post_type=product&#038;p=1508"},"modified":"2025-10-09T08:30:11","modified_gmt":"2025-10-09T06:30:11","slug":"chainmaster-d8-250kg-1875m-hub","status":"publish","type":"product","link":"https:\/\/as-lightsound.de\/wordpress\/product\/chainmaster-d8-250kg-1875m-hub\/","title":{"rendered":"ChainMaster D8+ 250kg 18,75m Hub"},"content":{"rendered":"<p data-start=\"80\" data-end=\"534\">Der <strong data-start=\"84\" data-end=\"110\">ChainMaster D8+ 250 kg<\/strong> mit 18,75 m Hub ist ein leistungsstarker B\u00fchnenger\u00e4t-Kettenzug f\u00fcr feste Lastaufnahmen in Touring, Veranstaltungstechnik und B\u00fchnentechnik. Er kombiniert eine hohe Traglast mit zuverl\u00e4ssiger 4-m\/Min-Hebegeschwindigkeit, doppeltem Bremsensystem und kompaktem Aluminiumgeh\u00e4use. Der Kettenzug ist f\u00fcr Direktsteuerung ausgelegt und bietet Sicherheit, Langlebigkeit und einfache Bedienung auch unter anspruchsvollen Bedingungen.<\/p>\n<hr data-start=\"536\" data-end=\"539\" \/>\n<h3 data-start=\"541\" data-end=\"574\">Technische Daten (Tech Specs)<\/h3>\n<div class=\"_tableContainer_1rjym_1\">\n<div class=\"group _tableWrapper_1rjym_13 flex w-fit flex-col-reverse\" tabindex=\"-1\">\n<table class=\"w-fit min-w-(--thread-content-width)\" data-start=\"576\" data-end=\"1547\">\n<thead data-start=\"576\" data-end=\"594\">\n<tr data-start=\"576\" data-end=\"594\">\n<th data-start=\"576\" data-end=\"586\" data-col-size=\"sm\">Merkmal<\/th>\n<th data-start=\"586\" data-end=\"594\" data-col-size=\"sm\">Wert<\/th>\n<\/tr>\n<\/thead>\n<tbody data-start=\"605\" data-end=\"1547\">\n<tr data-start=\"605\" data-end=\"644\">\n<td data-start=\"605\" data-end=\"618\" data-col-size=\"sm\"><strong data-start=\"607\" data-end=\"617\">Modell<\/strong><\/td>\n<td data-start=\"618\" data-end=\"644\" data-col-size=\"sm\">ChainMaster D8+ 250 kg<\/td>\n<\/tr>\n<tr data-start=\"645\" data-end=\"676\">\n<td data-start=\"645\" data-end=\"666\" data-col-size=\"sm\"><strong data-start=\"647\" data-end=\"665\">Nennlast (SWL)<\/strong><\/td>\n<td data-col-size=\"sm\" data-start=\"666\" data-end=\"676\">250 kg<\/td>\n<\/tr>\n<tr data-start=\"677\" data-end=\"702\">\n<td data-start=\"677\" data-end=\"691\" data-col-size=\"sm\"><strong data-start=\"679\" data-end=\"690\">Hubh\u00f6he<\/strong><\/td>\n<td data-start=\"691\" data-end=\"702\" data-col-size=\"sm\">18,75 m<\/td>\n<\/tr>\n<tr data-start=\"703\" data-end=\"742\">\n<td data-start=\"703\" data-end=\"729\" data-col-size=\"sm\"><strong data-start=\"705\" data-end=\"728\">Hebegeschwindigkeit<\/strong><\/td>\n<td data-start=\"729\" data-end=\"742\" data-col-size=\"sm\">4 m\/min<\/td>\n<\/tr>\n<tr data-start=\"743\" data-end=\"797\">\n<td data-start=\"743\" data-end=\"765\" data-col-size=\"sm\"><strong data-start=\"745\" data-end=\"764\">Kettenabmessung<\/strong><\/td>\n<td data-col-size=\"sm\" data-start=\"765\" data-end=\"797\">4 \u00d7 12 mm (gem\u00e4\u00df EN 818-7)<\/td>\n<\/tr>\n<tr data-start=\"798\" data-end=\"895\">\n<td data-start=\"798\" data-end=\"844\" data-col-size=\"sm\"><strong data-start=\"800\" data-end=\"843\">Geh\u00e4usegewicht (ohne Kette, Haken etc.)<\/strong><\/td>\n<td data-col-size=\"sm\" data-start=\"844\" data-end=\"854\">10,2 kg<\/td>\n<\/tr>\n<tr data-start=\"896\" data-end=\"987\">\n<td data-start=\"896\" data-end=\"932\" data-col-size=\"sm\"><strong data-start=\"898\" data-end=\"931\">Gewicht inkl. Kette &amp; Zubeh\u00f6r<\/strong><\/td>\n<td data-start=\"932\" data-end=\"946\" data-col-size=\"sm\">ca. 22,6 kg<\/td>\n<\/tr>\n<tr data-start=\"988\" data-end=\"1077\">\n<td data-start=\"988\" data-end=\"1007\" data-col-size=\"sm\"><strong data-start=\"990\" data-end=\"1006\">Schutzklasse<\/strong><\/td>\n<td data-start=\"1007\" data-end=\"1036\" data-col-size=\"sm\">IP55 (optional aufr\u00fcstbar)<\/td>\n<\/tr>\n<tr data-start=\"1078\" data-end=\"1163\">\n<td data-start=\"1078\" data-end=\"1093\" data-col-size=\"sm\"><strong data-start=\"1080\" data-end=\"1092\">Bauweise<\/strong><\/td>\n<td data-start=\"1093\" data-end=\"1122\" data-col-size=\"sm\">Aluminium-Druckgussgeh\u00e4use<\/td>\n<\/tr>\n<tr data-start=\"1164\" data-end=\"1260\">\n<td data-start=\"1164\" data-end=\"1184\" data-col-size=\"sm\"><strong data-start=\"1166\" data-end=\"1183\">Bremsensystem<\/strong><\/td>\n<td data-start=\"1184\" data-end=\"1219\" data-col-size=\"sm\">Doppel-DC-Bremsen (wartungsfrei)<\/td>\n<\/tr>\n<tr data-start=\"1261\" data-end=\"1360\">\n<td data-start=\"1261\" data-end=\"1288\" data-col-size=\"sm\"><strong data-start=\"1263\" data-end=\"1287\">Kupplungsmechanismus<\/strong><\/td>\n<td data-start=\"1288\" data-end=\"1319\" data-col-size=\"sm\">Patentierte Reibungskupplung<\/td>\n<\/tr>\n<tr data-start=\"1361\" data-end=\"1460\">\n<td data-start=\"1361\" data-end=\"1396\" data-col-size=\"sm\"><strong data-start=\"1363\" data-end=\"1395\">Betriebsspannung \/ Steuerung<\/strong><\/td>\n<td data-start=\"1396\" data-end=\"1419\" data-col-size=\"sm\">Direktsteuerung (DC)<\/td>\n<\/tr>\n<tr data-start=\"1461\" data-end=\"1547\">\n<td data-start=\"1461\" data-end=\"1491\" data-col-size=\"sm\"><strong data-start=\"1463\" data-end=\"1490\">Sicherheitsfaktor Kette<\/strong><\/td>\n<td data-start=\"1491\" data-end=\"1506\" data-col-size=\"sm\">8:1 statisch<\/td>\n<\/tr>\n<\/tbody>\n<\/table>\n<\/div>\n<\/div>\n","protected":false},"excerpt":{"rendered":"<p>20 vorr\u00e4tig<\/p>\n","protected":false},"featured_media":1281,"template":"","meta":[],"product_brand":[],"product_cat":[60],"product_tag":[],"class_list":{"0":"post-1508","1":"product","2":"type-product","3":"status-publish","4":"has-post-thumbnail","6":"product_cat-rigging","8":"first","9":"instock","10":"taxable","11":"shipping-taxable","12":"purchasable","13":"product-type-simple"},"_links":{"self":[{"href":"https:\/\/as-lightsound.de\/wordpress\/wp-json\/wp\/v2\/product\/1508","targetHints":{"allow":["GET"]}}],"collection":[{"href":"https:\/\/as-lightsound.de\/wordpress\/wp-json\/wp\/v2\/product"}],"about":[{"href":"https:\/\/as-lightsound.de\/wordpress\/wp-json\/wp\/v2\/types\/product"}],"wp:featuredmedia":[{"embeddable":true,"href":"https:\/\/as-lightsound.de\/wordpress\/wp-json\/wp\/v2\/media\/1281"}],"wp:attachment":[{"href":"https:\/\/as-lightsound.de\/wordpress\/wp-json\/wp\/v2\/media?parent=1508"}],"wp:term":[{"taxonomy":"product_brand","embeddable":true,"href":"https:\/\/as-lightsound.de\/wordpress\/wp-json\/wp\/v2\/product_brand?post=1508"},{"taxonomy":"product_cat","embeddable":true,"href":"https:\/\/as-lightsound.de\/wordpress\/wp-json\/wp\/v2\/product_cat?post=1508"},{"taxonomy":"product_tag","embeddable":true,"href":"https:\/\/as-lightsound.de\/wordpress\/wp-json\/wp\/v2\/product_tag?post=1508"}],"curies":[{"name":"wp","href":"https:\/\/api.w.org\/{rel}","templated":true}]}}