{"id":1506,"date":"2025-04-01T09:31:18","date_gmt":"2025-04-01T07:31:18","guid":{"rendered":"https:\/\/as-lightsound.de\/wordpress\/?post_type=product&#038;p=1506"},"modified":"2025-10-07T10:07:14","modified_gmt":"2025-10-07T08:07:14","slug":"yamaha-dm3-digitalmischpult","status":"publish","type":"product","link":"https:\/\/as-lightsound.de\/wordpress\/product\/yamaha-dm3-digitalmischpult\/","title":{"rendered":"Yamaha DM3 Digitalmischpult"},"content":{"rendered":"<p data-start=\"184\" data-end=\"616\">Das <strong data-start=\"188\" data-end=\"202\">Yamaha DM3<\/strong> ist ein leistungsstarkes, kompaktes <strong data-start=\"239\" data-end=\"259\">Digitalmischpult<\/strong> mit professioneller Audioqualit\u00e4t und intuitiver Bedienoberfl\u00e4che. Es bietet 22 Mischkan\u00e4le, hochwertige Preamps, integrierte Effekte und flexible Ein- und Ausg\u00e4nge \u2013 ideal f\u00fcr Live-Sound, Recording, Streaming und Installationen. Dank Touchscreen, USB-Recording und Dante-kompatibler Version (DM3-D) ist das Pult vielseitig und zukunftssicher einsetzbar.<\/p>\n<hr data-start=\"618\" data-end=\"621\" \/>\n<h3 data-start=\"623\" data-end=\"660\"><strong data-start=\"627\" data-end=\"660\">Technische Daten (Tech Specs)<\/strong><\/h3>\n<div class=\"_tableContainer_1rjym_1\">\n<div class=\"group _tableWrapper_1rjym_13 flex w-fit flex-col-reverse\" tabindex=\"-1\">\n<table class=\"w-fit min-w-(--thread-content-width)\" data-start=\"662\" data-end=\"2114\">\n<thead data-start=\"662\" data-end=\"689\">\n<tr data-start=\"662\" data-end=\"689\">\n<th data-start=\"662\" data-end=\"672\" data-col-size=\"sm\">Merkmal<\/th>\n<th data-start=\"672\" data-end=\"689\" data-col-size=\"lg\">Spezifikation<\/th>\n<\/tr>\n<\/thead>\n<tbody data-start=\"713\" data-end=\"2114\">\n<tr data-start=\"713\" data-end=\"810\">\n<td data-start=\"713\" data-end=\"734\" data-col-size=\"sm\"><strong data-start=\"715\" data-end=\"733\">Eingangskan\u00e4le<\/strong><\/td>\n<td data-start=\"734\" data-end=\"810\" data-col-size=\"lg\">16 \u00d7 Mic\/Line (XLR\/TRS Kombibuchsen) + 2 \u00d7 Stereo (Line\/USB) + FX Return<\/td>\n<\/tr>\n<tr data-start=\"811\" data-end=\"871\">\n<td data-start=\"811\" data-end=\"826\" data-col-size=\"sm\"><strong data-start=\"813\" data-end=\"825\">Ausg\u00e4nge<\/strong><\/td>\n<td data-start=\"826\" data-end=\"871\" data-col-size=\"lg\">8 \u00d7 XLR (Main L\/R + Aux 1\u20136) + Phones Out<\/td>\n<\/tr>\n<tr data-start=\"872\" data-end=\"919\">\n<td data-start=\"872\" data-end=\"892\" data-col-size=\"sm\"><strong data-start=\"874\" data-end=\"891\">Kan\u00e4le gesamt<\/strong><\/td>\n<td data-start=\"892\" data-end=\"919\" data-col-size=\"lg\">22 (Input) \/ 8 (Output)<\/td>\n<\/tr>\n<tr data-start=\"920\" data-end=\"984\">\n<td data-start=\"920\" data-end=\"932\" data-col-size=\"sm\"><strong data-start=\"922\" data-end=\"931\">Fader<\/strong><\/td>\n<td data-start=\"932\" data-end=\"984\" data-col-size=\"lg\">9 motorisierte 100-mm-Fader (8 Kanal + 1 Master)<\/td>\n<\/tr>\n<tr data-start=\"985\" data-end=\"1050\">\n<td data-start=\"985\" data-end=\"1003\" data-col-size=\"sm\"><strong data-start=\"987\" data-end=\"1002\">Touchscreen<\/strong><\/td>\n<td data-start=\"1003\" data-end=\"1050\" data-col-size=\"lg\">9\u2033 kapazitiver Multi-Touch-Farb-Touchscreen<\/td>\n<\/tr>\n<tr data-start=\"1051\" data-end=\"1104\">\n<td data-start=\"1051\" data-end=\"1070\" data-col-size=\"sm\"><strong data-start=\"1053\" data-end=\"1069\">Verarbeitung<\/strong><\/td>\n<td data-start=\"1070\" data-end=\"1104\" data-col-size=\"lg\">96 kHz \/ 32 Bit Floating Point<\/td>\n<\/tr>\n<tr data-start=\"1105\" data-end=\"1198\">\n<td data-start=\"1105\" data-end=\"1119\" data-col-size=\"sm\"><strong data-start=\"1107\" data-end=\"1118\">Effekte<\/strong><\/td>\n<td data-start=\"1119\" data-end=\"1198\" data-col-size=\"lg\">Yamaha SPX-Effektprozessor mit Reverb, Delay, Chorus, EQ, Kompressor u.v.m.<\/td>\n<\/tr>\n<tr data-start=\"1199\" data-end=\"1263\">\n<td data-start=\"1199\" data-end=\"1215\" data-col-size=\"sm\"><strong data-start=\"1201\" data-end=\"1214\">Equalizer<\/strong><\/td>\n<td data-start=\"1215\" data-end=\"1263\" data-col-size=\"lg\">4-Band-PEQ auf allen Eing\u00e4ngen und Ausg\u00e4ngen<\/td>\n<\/tr>\n<tr data-start=\"1264\" data-end=\"1328\">\n<td data-start=\"1264\" data-end=\"1289\" data-col-size=\"sm\"><strong data-start=\"1266\" data-end=\"1288\">Dynamikprozessoren<\/strong><\/td>\n<td data-start=\"1289\" data-end=\"1328\" data-col-size=\"lg\">Kompressor \/ Gate auf allen Kan\u00e4len<\/td>\n<\/tr>\n<tr data-start=\"1329\" data-end=\"1412\">\n<td data-start=\"1329\" data-end=\"1352\" data-col-size=\"sm\"><strong data-start=\"1331\" data-end=\"1351\">Routing \/ Szenen<\/strong><\/td>\n<td data-start=\"1352\" data-end=\"1412\" data-col-size=\"lg\">200 Szenen-Speicher, frei konfigurierbare Routing-Matrix<\/td>\n<\/tr>\n<tr data-start=\"1413\" data-end=\"1513\">\n<td data-start=\"1413\" data-end=\"1441\" data-col-size=\"sm\"><strong data-start=\"1415\" data-end=\"1440\">Aufnahme \/ Wiedergabe<\/strong><\/td>\n<td data-start=\"1441\" data-end=\"1513\" data-col-size=\"lg\">2\u00d72 USB-Interface (WAV, MP3) + Multitrack via USB (bis 18\u00d718 Kan\u00e4le)<\/td>\n<\/tr>\n<tr data-start=\"1514\" data-end=\"1605\">\n<td data-start=\"1514\" data-end=\"1535\" data-col-size=\"sm\"><strong data-start=\"1516\" data-end=\"1534\">USB-Anschl\u00fcsse<\/strong><\/td>\n<td data-start=\"1535\" data-end=\"1605\" data-col-size=\"lg\">1 \u00d7 USB 2.0 Typ B (Audio\/Control) + 1 \u00d7 Typ A (Speicher\/Recording)<\/td>\n<\/tr>\n<tr data-start=\"1606\" data-end=\"1676\">\n<td data-start=\"1606\" data-end=\"1621\" data-col-size=\"sm\"><strong data-start=\"1608\" data-end=\"1620\">Netzwerk<\/strong><\/td>\n<td data-start=\"1621\" data-end=\"1676\" data-col-size=\"lg\">(bei DM3-D) Dante 64\u00d764, Word Clock, Remote Control<\/td>\n<\/tr>\n<tr data-start=\"1677\" data-end=\"1732\">\n<td data-start=\"1677\" data-end=\"1697\" data-col-size=\"sm\"><strong data-start=\"1679\" data-end=\"1696\">MIDI \/ Remote<\/strong><\/td>\n<td data-start=\"1697\" data-end=\"1732\" data-col-size=\"lg\">MIDI via USB, OSC-Unterst\u00fctzung<\/td>\n<\/tr>\n<tr data-start=\"1733\" data-end=\"1772\">\n<td data-start=\"1733\" data-end=\"1750\" data-col-size=\"sm\"><strong data-start=\"1735\" data-end=\"1749\">Abtastrate<\/strong><\/td>\n<td data-start=\"1750\" data-end=\"1772\" data-col-size=\"lg\">44.1 \/ 48 \/ 96 kHz<\/td>\n<\/tr>\n<tr data-start=\"1773\" data-end=\"1821\">\n<td data-start=\"1773\" data-end=\"1795\" data-col-size=\"sm\"><strong data-start=\"1775\" data-end=\"1794\">Stromversorgung<\/strong><\/td>\n<td data-start=\"1795\" data-end=\"1821\" data-col-size=\"lg\">100\u2013240 V AC, 50\/60 Hz<\/td>\n<\/tr>\n<tr data-start=\"1822\" data-end=\"1858\">\n<td data-start=\"1822\" data-end=\"1846\" data-col-size=\"sm\"><strong data-start=\"1824\" data-end=\"1845\">Leistungsaufnahme<\/strong><\/td>\n<td data-start=\"1846\" data-end=\"1858\" data-col-size=\"lg\">ca. 30 W<\/td>\n<\/tr>\n<tr data-start=\"1859\" data-end=\"1892\">\n<td data-start=\"1859\" data-end=\"1875\" data-col-size=\"sm\"><strong data-start=\"1861\" data-end=\"1874\">Schutzart<\/strong><\/td>\n<td data-start=\"1875\" data-end=\"1892\" data-col-size=\"lg\">IP20 (Indoor)<\/td>\n<\/tr>\n<tr data-start=\"1893\" data-end=\"1945\">\n<td data-start=\"1893\" data-end=\"1923\" data-col-size=\"sm\"><strong data-start=\"1895\" data-end=\"1922\">Abmessungen (B \u00d7 H \u00d7 T)<\/strong><\/td>\n<td data-start=\"1923\" data-end=\"1945\" data-col-size=\"lg\">320 \u00d7 140 \u00d7 455 mm<\/td>\n<\/tr>\n<tr data-start=\"1946\" data-end=\"1974\">\n<td data-start=\"1946\" data-end=\"1960\" data-col-size=\"sm\"><strong data-start=\"1948\" data-end=\"1959\">Gewicht<\/strong><\/td>\n<td data-start=\"1960\" data-end=\"1974\" data-col-size=\"lg\">ca. 6,5 kg<\/td>\n<\/tr>\n<tr data-start=\"1975\" data-end=\"2114\">\n<td data-start=\"1975\" data-end=\"1996\" data-col-size=\"sm\"><strong data-start=\"1977\" data-end=\"1995\">Besonderheiten<\/strong><\/td>\n<td data-start=\"1996\" data-end=\"2114\" data-col-size=\"lg\">96 kHz Audioqualit\u00e4t, SPX-Effekte, Touchscreen-Bedienung, USB-Multitrack, motorisierte Fader, Dante-Option (DM3-D)<\/td>\n<\/tr>\n<\/tbody>\n<\/table>\n<\/div>\n<\/div>\n","protected":false},"excerpt":{"rendered":"<p>1 vorr\u00e4tig<\/p>\n","protected":false},"featured_media":1507,"template":"","meta":[],"product_brand":[],"product_cat":[16],"product_tag":[],"class_list":{"0":"post-1506","1":"product","2":"type-product","3":"status-publish","4":"has-post-thumbnail","6":"product_cat-mischpulte","8":"first","9":"instock","10":"taxable","11":"shipping-taxable","12":"purchasable","13":"product-type-simple"},"_links":{"self":[{"href":"https:\/\/as-lightsound.de\/wordpress\/wp-json\/wp\/v2\/product\/1506","targetHints":{"allow":["GET"]}}],"collection":[{"href":"https:\/\/as-lightsound.de\/wordpress\/wp-json\/wp\/v2\/product"}],"about":[{"href":"https:\/\/as-lightsound.de\/wordpress\/wp-json\/wp\/v2\/types\/product"}],"wp:featuredmedia":[{"embeddable":true,"href":"https:\/\/as-lightsound.de\/wordpress\/wp-json\/wp\/v2\/media\/1507"}],"wp:attachment":[{"href":"https:\/\/as-lightsound.de\/wordpress\/wp-json\/wp\/v2\/media?parent=1506"}],"wp:term":[{"taxonomy":"product_brand","embeddable":true,"href":"https:\/\/as-lightsound.de\/wordpress\/wp-json\/wp\/v2\/product_brand?post=1506"},{"taxonomy":"product_cat","embeddable":true,"href":"https:\/\/as-lightsound.de\/wordpress\/wp-json\/wp\/v2\/product_cat?post=1506"},{"taxonomy":"product_tag","embeddable":true,"href":"https:\/\/as-lightsound.de\/wordpress\/wp-json\/wp\/v2\/product_tag?post=1506"}],"curies":[{"name":"wp","href":"https:\/\/api.w.org\/{rel}","templated":true}]}}