{"id":1502,"date":"2025-03-08T16:06:20","date_gmt":"2025-03-08T15:06:20","guid":{"rendered":"https:\/\/as-lightsound.de\/wordpress\/?post_type=product&#038;p=1502"},"modified":"2025-10-07T09:31:28","modified_gmt":"2025-10-07T07:31:28","slug":"chamsys-genetix-gn10-dmx-node","status":"publish","type":"product","link":"https:\/\/as-lightsound.de\/wordpress\/product\/chamsys-genetix-gn10-dmx-node\/","title":{"rendered":"ChamSys GeNetix GN10 DMX Node"},"content":{"rendered":"<p data-start=\"170\" data-end=\"591\">Der <strong data-start=\"174\" data-end=\"198\">ChamSys GeNetix GN10<\/strong> ist ein professioneller <strong data-start=\"223\" data-end=\"243\">10-Port DMX-Node<\/strong> f\u00fcr anspruchsvolle Lichtnetzwerke. Er bietet flexible Signalverteilung, umfassende Protokollunterst\u00fctzung und h\u00f6chste Zuverl\u00e4ssigkeit im Touring-, Theater- oder Festinstallationsbetrieb. Mit seiner leistungsstarken Gigabit-Netzwerkanbindung und redundanten Features ist der GN10 ideal f\u00fcr komplexe Lichtnetzwerke mit Art-Net, sACN oder Pathport.<\/p>\n<hr data-start=\"593\" data-end=\"596\" \/>\n<h3 data-start=\"598\" data-end=\"635\"><strong data-start=\"602\" data-end=\"635\">Technische Daten (Tech Specs)<\/strong><\/h3>\n<div class=\"_tableContainer_1rjym_1\">\n<div class=\"group _tableWrapper_1rjym_13 flex w-fit flex-col-reverse\" tabindex=\"-1\">\n<table class=\"w-fit min-w-(--thread-content-width)\" data-start=\"637\" data-end=\"1986\">\n<thead data-start=\"637\" data-end=\"664\">\n<tr data-start=\"637\" data-end=\"664\">\n<th data-start=\"637\" data-end=\"647\" data-col-size=\"sm\">Merkmal<\/th>\n<th data-start=\"647\" data-end=\"664\" data-col-size=\"lg\">Spezifikation<\/th>\n<\/tr>\n<\/thead>\n<tbody data-start=\"688\" data-end=\"1986\">\n<tr data-start=\"688\" data-end=\"760\">\n<td data-start=\"688\" data-end=\"713\" data-col-size=\"sm\"><strong data-start=\"690\" data-end=\"712\">Netzwerkprotokolle<\/strong><\/td>\n<td data-start=\"713\" data-end=\"760\" data-col-size=\"lg\">Art-Net, sACN, Pathport, RDM, Streaming ACN<\/td>\n<\/tr>\n<tr data-start=\"761\" data-end=\"836\">\n<td data-start=\"761\" data-end=\"777\" data-col-size=\"sm\"><strong data-start=\"763\" data-end=\"776\">DMX-Ports<\/strong><\/td>\n<td data-start=\"777\" data-end=\"836\" data-col-size=\"lg\">10 \u00d7 DMX In\/Out (XLR 5-pol, softwareseitig umschaltbar)<\/td>\n<\/tr>\n<tr data-start=\"837\" data-end=\"893\">\n<td data-start=\"837\" data-end=\"853\" data-col-size=\"sm\"><strong data-start=\"839\" data-end=\"852\">Universen<\/strong><\/td>\n<td data-start=\"853\" data-end=\"893\" data-col-size=\"lg\">Bis zu 10 DMX-Universen gleichzeitig<\/td>\n<\/tr>\n<tr data-start=\"894\" data-end=\"982\">\n<td data-start=\"894\" data-end=\"919\" data-col-size=\"sm\"><strong data-start=\"896\" data-end=\"918\">Netzwerkanschl\u00fcsse<\/strong><\/td>\n<td data-start=\"919\" data-end=\"982\" data-col-size=\"lg\">2 \u00d7 Neutrik EtherCON (Gigabit, redundanter Betrieb m\u00f6glich)<\/td>\n<\/tr>\n<tr data-start=\"983\" data-end=\"1049\">\n<td data-start=\"983\" data-end=\"1007\" data-col-size=\"sm\"><strong data-start=\"985\" data-end=\"1006\">PoE-Unterst\u00fctzung<\/strong><\/td>\n<td data-start=\"1007\" data-end=\"1049\" data-col-size=\"lg\">Ja (Power over Ethernet, IEEE 802.3af)<\/td>\n<\/tr>\n<tr data-start=\"1050\" data-end=\"1149\">\n<td data-start=\"1050\" data-end=\"1082\" data-col-size=\"sm\"><strong data-start=\"1052\" data-end=\"1081\">Steuerung \/ Konfiguration<\/strong><\/td>\n<td data-start=\"1082\" data-end=\"1149\" data-col-size=\"lg\">Webinterface, ChamSys MagicQ &amp; QuickQ Integration, OLED-Display<\/td>\n<\/tr>\n<tr data-start=\"1150\" data-end=\"1223\">\n<td data-start=\"1150\" data-end=\"1164\" data-col-size=\"sm\"><strong data-start=\"1152\" data-end=\"1163\">Display<\/strong><\/td>\n<td data-start=\"1164\" data-end=\"1223\" data-col-size=\"lg\">OLED mit Navigationstasten f\u00fcr Standalone-Konfiguration<\/td>\n<\/tr>\n<tr data-start=\"1224\" data-end=\"1280\">\n<td data-start=\"1224\" data-end=\"1240\" data-col-size=\"sm\"><strong data-start=\"1226\" data-end=\"1239\">Redundanz<\/strong><\/td>\n<td data-start=\"1240\" data-end=\"1280\" data-col-size=\"lg\">Netzwerk- und Stromredundanz m\u00f6glich<\/td>\n<\/tr>\n<tr data-start=\"1281\" data-end=\"1355\">\n<td data-start=\"1281\" data-end=\"1305\" data-col-size=\"sm\"><strong data-start=\"1283\" data-end=\"1304\">RDM-Unterst\u00fctzung<\/strong><\/td>\n<td data-start=\"1305\" data-end=\"1355\" data-col-size=\"lg\">Ja, vollst\u00e4ndig RDM-kompatibel \u00fcber alle Ports<\/td>\n<\/tr>\n<tr data-start=\"1356\" data-end=\"1407\">\n<td data-start=\"1356\" data-end=\"1379\" data-col-size=\"sm\"><strong data-start=\"1358\" data-end=\"1378\">DMX-Refresh-Rate<\/strong><\/td>\n<td data-start=\"1379\" data-end=\"1407\" data-col-size=\"lg\">Bis zu 44 Hz pro Ausgang<\/td>\n<\/tr>\n<tr data-start=\"1408\" data-end=\"1465\">\n<td data-start=\"1408\" data-end=\"1430\" data-col-size=\"sm\"><strong data-start=\"1410\" data-end=\"1429\">Stromversorgung<\/strong><\/td>\n<td data-start=\"1430\" data-end=\"1465\" data-col-size=\"lg\">100\u2013240 V AC, 50\/60 Hz oder PoE<\/td>\n<\/tr>\n<tr data-start=\"1466\" data-end=\"1503\">\n<td data-start=\"1466\" data-end=\"1490\" data-col-size=\"sm\"><strong data-start=\"1468\" data-end=\"1489\">Leistungsaufnahme<\/strong><\/td>\n<td data-start=\"1490\" data-end=\"1503\" data-col-size=\"lg\">max. 30 W<\/td>\n<\/tr>\n<tr data-start=\"1504\" data-end=\"1546\">\n<td data-start=\"1504\" data-end=\"1527\" data-col-size=\"sm\"><strong data-start=\"1506\" data-end=\"1526\">Anschl\u00fcsse Strom<\/strong><\/td>\n<td data-start=\"1527\" data-end=\"1546\" data-col-size=\"lg\">PowerCON In\/Out<\/td>\n<\/tr>\n<tr data-start=\"1547\" data-end=\"1580\">\n<td data-start=\"1547\" data-end=\"1563\" data-col-size=\"sm\"><strong data-start=\"1549\" data-end=\"1562\">Schutzart<\/strong><\/td>\n<td data-start=\"1563\" data-end=\"1580\" data-col-size=\"lg\">IP20 (Indoor)<\/td>\n<\/tr>\n<tr data-start=\"1581\" data-end=\"1642\">\n<td data-start=\"1581\" data-end=\"1595\" data-col-size=\"sm\"><strong data-start=\"1583\" data-end=\"1594\">Geh\u00e4use<\/strong><\/td>\n<td data-start=\"1595\" data-end=\"1642\" data-col-size=\"lg\">Robustes Metallgeh\u00e4use, 19\u2033 Rackmount, 1 HE<\/td>\n<\/tr>\n<tr data-start=\"1643\" data-end=\"1694\">\n<td data-start=\"1643\" data-end=\"1673\" data-col-size=\"sm\"><strong data-start=\"1645\" data-end=\"1672\">Abmessungen (B \u00d7 H \u00d7 T)<\/strong><\/td>\n<td data-start=\"1673\" data-end=\"1694\" data-col-size=\"lg\">483 \u00d7 44 \u00d7 200 mm<\/td>\n<\/tr>\n<tr data-start=\"1695\" data-end=\"1723\">\n<td data-start=\"1695\" data-end=\"1709\" data-col-size=\"sm\"><strong data-start=\"1697\" data-end=\"1708\">Gewicht<\/strong><\/td>\n<td data-start=\"1709\" data-end=\"1723\" data-col-size=\"lg\">ca. 3,5 kg<\/td>\n<\/tr>\n<tr data-start=\"1724\" data-end=\"1833\">\n<td data-start=\"1724\" data-end=\"1745\" data-col-size=\"sm\"><strong data-start=\"1726\" data-end=\"1744\">Kompatibilit\u00e4t<\/strong><\/td>\n<td data-start=\"1745\" data-end=\"1833\" data-col-size=\"lg\">Vollst\u00e4ndig kompatibel mit ChamSys MagicQ, QuickQ und allen g\u00e4ngigen Lichtnetzwerken<\/td>\n<\/tr>\n<tr data-start=\"1834\" data-end=\"1986\">\n<td data-start=\"1834\" data-end=\"1855\" data-col-size=\"sm\"><strong data-start=\"1836\" data-end=\"1854\">Besonderheiten<\/strong><\/td>\n<td data-start=\"1855\" data-end=\"1986\" data-col-size=\"lg\">10 umschaltbare DMX-Ports, Art-Net\/sACN, PoE, redundante Netzwerkschnittstellen, OLED-Display, RDM-f\u00e4hig, racktaugliches Design<\/td>\n<\/tr>\n<\/tbody>\n<\/table>\n<\/div>\n<\/div>\n","protected":false},"excerpt":{"rendered":"<p>1 vorr\u00e4tig<\/p>\n","protected":false},"featured_media":2156,"template":"","meta":[],"product_brand":[],"product_cat":[33],"product_tag":[],"class_list":{"0":"post-1502","1":"product","2":"type-product","3":"status-publish","4":"has-post-thumbnail","6":"product_cat-steuerpulte","8":"first","9":"instock","10":"taxable","11":"shipping-taxable","12":"purchasable","13":"product-type-simple"},"_links":{"self":[{"href":"https:\/\/as-lightsound.de\/wordpress\/wp-json\/wp\/v2\/product\/1502","targetHints":{"allow":["GET"]}}],"collection":[{"href":"https:\/\/as-lightsound.de\/wordpress\/wp-json\/wp\/v2\/product"}],"about":[{"href":"https:\/\/as-lightsound.de\/wordpress\/wp-json\/wp\/v2\/types\/product"}],"wp:featuredmedia":[{"embeddable":true,"href":"https:\/\/as-lightsound.de\/wordpress\/wp-json\/wp\/v2\/media\/2156"}],"wp:attachment":[{"href":"https:\/\/as-lightsound.de\/wordpress\/wp-json\/wp\/v2\/media?parent=1502"}],"wp:term":[{"taxonomy":"product_brand","embeddable":true,"href":"https:\/\/as-lightsound.de\/wordpress\/wp-json\/wp\/v2\/product_brand?post=1502"},{"taxonomy":"product_cat","embeddable":true,"href":"https:\/\/as-lightsound.de\/wordpress\/wp-json\/wp\/v2\/product_cat?post=1502"},{"taxonomy":"product_tag","embeddable":true,"href":"https:\/\/as-lightsound.de\/wordpress\/wp-json\/wp\/v2\/product_tag?post=1502"}],"curies":[{"name":"wp","href":"https:\/\/api.w.org\/{rel}","templated":true}]}}