{"id":15,"date":"2021-02-16T10:27:44","date_gmt":"2021-02-16T09:27:44","guid":{"rendered":"https:\/\/as-lightsound.de\/wordpress\/?post_type=product&#038;p=15"},"modified":"2025-10-08T10:23:47","modified_gmt":"2025-10-08T08:23:47","slug":"pat-vt20-line-array","status":"publish","type":"product","link":"https:\/\/as-lightsound.de\/wordpress\/product\/pat-vt20-line-array\/","title":{"rendered":"ProAudio Technology VT20 Line Array"},"content":{"rendered":"<p data-start=\"79\" data-end=\"719\">Das <strong data-start=\"83\" data-end=\"111\">ProAudio Technology VT20<\/strong> ist ein passives Fullrange-Line-Array-System f\u00fcr professionelle Beschallungsanwendungen mit h\u00f6chster Klangqualit\u00e4t und Effizienz. Es kombiniert zwei 10\u2033-Neodym-Tieft\u00f6ner mit einem 1,4\u2033-Kompressionstreiber zu einem pr\u00e4zise abgestimmten System, das durch hohe Dynamik, linearen Frequenzgang und hervorragende Sprachverst\u00e4ndlichkeit \u00fcberzeugt. Der integrierte 3-Punkt-Flugmechanismus erlaubt schnelle, sichere Installation und pr\u00e4zise Winkeleinstellung in 0,5\u00b0-Schritten. Mit seiner robusten Bauweise und wetterbest\u00e4ndigen Materialien ist das VT20 ideal f\u00fcr Touring, Konzerte und Festinstallationen geeignet.<\/p>\n<hr data-start=\"721\" data-end=\"724\" \/>\n<h3 data-start=\"726\" data-end=\"759\">Technische Daten (Tech Specs)<\/h3>\n<div class=\"_tableContainer_1rjym_1\">\n<div class=\"group _tableWrapper_1rjym_13 flex w-fit flex-col-reverse\" tabindex=\"-1\">\n<table class=\"w-fit min-w-(--thread-content-width)\" data-start=\"761\" data-end=\"1747\">\n<thead data-start=\"761\" data-end=\"779\">\n<tr data-start=\"761\" data-end=\"779\">\n<th data-start=\"761\" data-end=\"771\" data-col-size=\"sm\">Merkmal<\/th>\n<th data-start=\"771\" data-end=\"779\" data-col-size=\"md\">Wert<\/th>\n<\/tr>\n<\/thead>\n<tbody data-start=\"800\" data-end=\"1747\">\n<tr data-start=\"800\" data-end=\"853\">\n<td data-start=\"800\" data-end=\"810\" data-col-size=\"sm\"><strong data-start=\"802\" data-end=\"809\">Typ<\/strong><\/td>\n<td data-start=\"810\" data-end=\"853\" data-col-size=\"md\">Passives Line-Array-Element (Fullrange)<\/td>\n<\/tr>\n<tr data-start=\"854\" data-end=\"924\">\n<td data-start=\"854\" data-end=\"871\" data-col-size=\"sm\"><strong data-start=\"856\" data-end=\"870\">Best\u00fcckung<\/strong><\/td>\n<td data-start=\"871\" data-end=\"924\" data-col-size=\"md\">2 \u00d7 10\u2033 Neodym-Tieft\u00f6ner, 1 \u00d7 1,4\u2033 Hochtontreiber<\/td>\n<\/tr>\n<tr data-start=\"925\" data-end=\"967\">\n<td data-start=\"925\" data-end=\"954\" data-col-size=\"sm\"><strong data-start=\"927\" data-end=\"953\">Abstrahlwinkel (h \u00d7 v)<\/strong><\/td>\n<td data-start=\"954\" data-end=\"967\" data-col-size=\"md\">90\u00b0 \u00d7 10\u00b0<\/td>\n<\/tr>\n<tr data-start=\"968\" data-end=\"1016\">\n<td data-start=\"968\" data-end=\"998\" data-col-size=\"sm\"><strong data-start=\"970\" data-end=\"997\">Frequenzbereich (\u20136 dB)<\/strong><\/td>\n<td data-start=\"998\" data-end=\"1016\" data-col-size=\"md\">50 Hz \u2013 20 kHz<\/td>\n<\/tr>\n<tr data-start=\"1017\" data-end=\"1069\">\n<td data-start=\"1017\" data-end=\"1050\" data-col-size=\"sm\"><strong data-start=\"1019\" data-end=\"1049\">Belastbarkeit (AES \/ Peak)<\/strong><\/td>\n<td data-start=\"1050\" data-end=\"1069\" data-col-size=\"md\">800 W \/ 3.200 W<\/td>\n<\/tr>\n<tr data-start=\"1070\" data-end=\"1114\">\n<td data-start=\"1070\" data-end=\"1092\" data-col-size=\"sm\"><strong data-start=\"1072\" data-end=\"1091\">Empfindlichkeit<\/strong><\/td>\n<td data-start=\"1092\" data-end=\"1114\" data-col-size=\"md\">101 dB (1 W \/ 1 m)<\/td>\n<\/tr>\n<tr data-start=\"1115\" data-end=\"1169\">\n<td data-start=\"1115\" data-end=\"1155\" data-col-size=\"sm\"><strong data-start=\"1117\" data-end=\"1154\">Maximaler Schalldruckpegel (Peak)<\/strong><\/td>\n<td data-start=\"1155\" data-end=\"1169\" data-col-size=\"md\">142 dB SPL<\/td>\n<\/tr>\n<tr data-start=\"1170\" data-end=\"1203\">\n<td data-start=\"1170\" data-end=\"1195\" data-col-size=\"sm\"><strong data-start=\"1172\" data-end=\"1194\">Impedanz (nominal)<\/strong><\/td>\n<td data-start=\"1195\" data-end=\"1203\" data-col-size=\"md\">12 \u03a9<\/td>\n<\/tr>\n<tr data-start=\"1204\" data-end=\"1251\">\n<td data-start=\"1204\" data-end=\"1225\" data-col-size=\"sm\"><strong data-start=\"1206\" data-end=\"1224\">Frequenzweiche<\/strong><\/td>\n<td data-start=\"1225\" data-end=\"1251\" data-col-size=\"md\">Passiv, phasenkoh\u00e4rent<\/td>\n<\/tr>\n<tr data-start=\"1252\" data-end=\"1359\">\n<td data-start=\"1252\" data-end=\"1281\" data-col-size=\"sm\"><strong data-start=\"1254\" data-end=\"1280\">Rigging \/ Flugmechanik<\/strong><\/td>\n<td data-start=\"1281\" data-end=\"1359\" data-col-size=\"md\">Integriertes 3-Punkt-Flugsystem, Winkelverstellung 0\u00b0\u20138\u00b0 in 0,5\u00b0-Schritten<\/td>\n<\/tr>\n<tr data-start=\"1360\" data-end=\"1409\">\n<td data-start=\"1360\" data-end=\"1387\" data-col-size=\"sm\"><strong data-start=\"1362\" data-end=\"1386\">Maximale Array-Gr\u00f6\u00dfe<\/strong><\/td>\n<td data-start=\"1387\" data-end=\"1409\" data-col-size=\"md\">bis zu 16 Elemente<\/td>\n<\/tr>\n<tr data-start=\"1410\" data-end=\"1454\">\n<td data-start=\"1410\" data-end=\"1427\" data-col-size=\"sm\"><strong data-start=\"1412\" data-end=\"1426\">Anschl\u00fcsse<\/strong><\/td>\n<td data-start=\"1427\" data-end=\"1454\" data-col-size=\"md\">2 \u00d7 Neutrik SpeakON NL4<\/td>\n<\/tr>\n<tr data-start=\"1455\" data-end=\"1524\">\n<td data-start=\"1455\" data-end=\"1477\" data-col-size=\"sm\"><strong data-start=\"1457\" data-end=\"1476\">Geh\u00e4usematerial<\/strong><\/td>\n<td data-start=\"1477\" data-end=\"1524\" data-col-size=\"md\">Multiplex-Holz, wetterbest\u00e4ndig beschichtet<\/td>\n<\/tr>\n<tr data-start=\"1525\" data-end=\"1595\">\n<td data-start=\"1525\" data-end=\"1543\" data-col-size=\"sm\"><strong data-start=\"1527\" data-end=\"1542\">Frontschutz<\/strong><\/td>\n<td data-start=\"1543\" data-end=\"1595\" data-col-size=\"md\">Metallgitter mit wasserabweisendem Akustikschaum<\/td>\n<\/tr>\n<tr data-start=\"1596\" data-end=\"1642\">\n<td data-start=\"1596\" data-end=\"1609\" data-col-size=\"sm\"><strong data-start=\"1598\" data-end=\"1608\">Griffe<\/strong><\/td>\n<td data-start=\"1609\" data-end=\"1642\" data-col-size=\"md\">4 ergonomisch geformte Griffe<\/td>\n<\/tr>\n<tr data-start=\"1643\" data-end=\"1695\">\n<td data-start=\"1643\" data-end=\"1673\" data-col-size=\"sm\"><strong data-start=\"1645\" data-end=\"1672\">Abmessungen (B \u00d7 H \u00d7 T)<\/strong><\/td>\n<td data-start=\"1673\" data-end=\"1695\" data-col-size=\"md\">580 \u00d7 290 \u00d7 440 mm<\/td>\n<\/tr>\n<tr data-start=\"1696\" data-end=\"1723\">\n<td data-start=\"1696\" data-end=\"1710\" data-col-size=\"sm\"><strong data-start=\"1698\" data-end=\"1709\">Gewicht<\/strong><\/td>\n<td data-start=\"1710\" data-end=\"1723\" data-col-size=\"md\">ca. 28 kg<\/td>\n<\/tr>\n<tr data-start=\"1724\" data-end=\"1747\">\n<td data-start=\"1724\" data-end=\"1736\" data-col-size=\"sm\"><strong data-start=\"1726\" data-end=\"1735\">Farbe<\/strong><\/td>\n<td data-start=\"1736\" data-end=\"1747\" data-col-size=\"md\">Schwarz<\/td>\n<\/tr>\n<\/tbody>\n<\/table>\n<\/div>\n<\/div>\n","protected":false},"excerpt":{"rendered":"<p>16 vorr\u00e4tig<\/p>\n","protected":false},"featured_media":16,"template":"","meta":[],"product_brand":[],"product_cat":[19],"product_tag":[],"class_list":{"0":"post-15","1":"product","2":"type-product","3":"status-publish","4":"has-post-thumbnail","6":"product_cat-lautsprecher","8":"first","9":"instock","10":"taxable","11":"shipping-taxable","12":"purchasable","13":"product-type-simple"},"_links":{"self":[{"href":"https:\/\/as-lightsound.de\/wordpress\/wp-json\/wp\/v2\/product\/15","targetHints":{"allow":["GET"]}}],"collection":[{"href":"https:\/\/as-lightsound.de\/wordpress\/wp-json\/wp\/v2\/product"}],"about":[{"href":"https:\/\/as-lightsound.de\/wordpress\/wp-json\/wp\/v2\/types\/product"}],"wp:featuredmedia":[{"embeddable":true,"href":"https:\/\/as-lightsound.de\/wordpress\/wp-json\/wp\/v2\/media\/16"}],"wp:attachment":[{"href":"https:\/\/as-lightsound.de\/wordpress\/wp-json\/wp\/v2\/media?parent=15"}],"wp:term":[{"taxonomy":"product_brand","embeddable":true,"href":"https:\/\/as-lightsound.de\/wordpress\/wp-json\/wp\/v2\/product_brand?post=15"},{"taxonomy":"product_cat","embeddable":true,"href":"https:\/\/as-lightsound.de\/wordpress\/wp-json\/wp\/v2\/product_cat?post=15"},{"taxonomy":"product_tag","embeddable":true,"href":"https:\/\/as-lightsound.de\/wordpress\/wp-json\/wp\/v2\/product_tag?post=15"}],"curies":[{"name":"wp","href":"https:\/\/api.w.org\/{rel}","templated":true}]}}