{"id":1474,"date":"2024-12-23T19:30:24","date_gmt":"2024-12-23T18:30:24","guid":{"rendered":"https:\/\/as-lightsound.de\/wordpress\/?post_type=product&#038;p=1474"},"modified":"2025-10-07T08:48:36","modified_gmt":"2025-10-07T06:48:36","slug":"xoop-el150-tw-led-fluter","status":"publish","type":"product","link":"https:\/\/as-lightsound.de\/wordpress\/product\/xoop-el150-tw-led-fluter\/","title":{"rendered":"XOOP EL151 TW LED Fluter"},"content":{"rendered":"<p data-start=\"177\" data-end=\"494\">Der <strong data-start=\"181\" data-end=\"198\">XOOP EL151 TW<\/strong> ist ein kompakter, leistungsstarker <strong data-start=\"235\" data-end=\"263\">Tunable White LED-Fluter<\/strong>, der eine stufenlose Anpassung der Farbtemperatur von warmwei\u00df bis kaltwei\u00df erm\u00f6glicht. Mit hoher Lichtleistung, DMX-Steuerung und IP65-Schutz eignet er sich perfekt f\u00fcr B\u00fchnen, Architekturbeleuchtung, Messen und Outdoor-Events.<\/p>\n<hr data-start=\"496\" data-end=\"499\" \/>\n<h3 data-start=\"501\" data-end=\"538\"><strong data-start=\"505\" data-end=\"538\">Technische Daten (Tech Specs)<\/strong><\/h3>\n<div class=\"_tableContainer_1rjym_1\">\n<div class=\"group _tableWrapper_1rjym_13 flex w-fit flex-col-reverse\" tabindex=\"-1\">\n<table class=\"w-fit min-w-(--thread-content-width)\" data-start=\"540\" data-end=\"1828\">\n<thead data-start=\"540\" data-end=\"567\">\n<tr data-start=\"540\" data-end=\"567\">\n<th data-start=\"540\" data-end=\"550\" data-col-size=\"sm\">Merkmal<\/th>\n<th data-start=\"550\" data-end=\"567\" data-col-size=\"lg\">Spezifikation<\/th>\n<\/tr>\n<\/thead>\n<tbody data-start=\"591\" data-end=\"1828\">\n<tr data-start=\"591\" data-end=\"674\">\n<td data-start=\"591\" data-end=\"609\" data-col-size=\"sm\"><strong data-start=\"593\" data-end=\"608\">Lichtquelle<\/strong><\/td>\n<td data-start=\"609\" data-end=\"674\" data-col-size=\"lg\">Hochleistungs-LED-Modul mit Tunable White (Warmwei\u00df\/Kaltwei\u00df)<\/td>\n<\/tr>\n<tr data-start=\"675\" data-end=\"718\">\n<td data-start=\"675\" data-end=\"690\" data-col-size=\"sm\"><strong data-start=\"677\" data-end=\"689\">Leistung<\/strong><\/td>\n<td data-start=\"690\" data-end=\"718\" data-col-size=\"lg\">ca. 150 W Gesamtleistung<\/td>\n<\/tr>\n<tr data-start=\"719\" data-end=\"782\">\n<td data-start=\"719\" data-end=\"740\" data-col-size=\"sm\"><strong data-start=\"721\" data-end=\"739\">Farbtemperatur<\/strong><\/td>\n<td data-start=\"740\" data-end=\"782\" data-col-size=\"lg\">2.700 K \u2013 6.500 K (stufenlos regelbar)<\/td>\n<\/tr>\n<tr data-start=\"783\" data-end=\"842\">\n<td data-start=\"783\" data-end=\"800\" data-col-size=\"sm\"><strong data-start=\"785\" data-end=\"799\">Lichtstrom<\/strong><\/td>\n<td data-start=\"800\" data-end=\"842\" data-col-size=\"lg\">bis zu 12.000 lm (je nach Einstellung)<\/td>\n<\/tr>\n<tr data-start=\"843\" data-end=\"883\">\n<td data-start=\"843\" data-end=\"875\" data-col-size=\"sm\"><strong data-start=\"845\" data-end=\"874\">CRI (Farbwiedergabeindex)<\/strong><\/td>\n<td data-start=\"875\" data-end=\"883\" data-col-size=\"lg\">&gt; 90<\/td>\n<\/tr>\n<tr data-start=\"884\" data-end=\"925\">\n<td data-start=\"884\" data-end=\"905\" data-col-size=\"sm\"><strong data-start=\"886\" data-end=\"904\">Abstrahlwinkel<\/strong><\/td>\n<td data-start=\"905\" data-end=\"925\" data-col-size=\"lg\">ca. 100\u00b0 (Flood)<\/td>\n<\/tr>\n<tr data-start=\"926\" data-end=\"964\">\n<td data-start=\"926\" data-end=\"940\" data-col-size=\"sm\"><strong data-start=\"928\" data-end=\"939\">Dimmung<\/strong><\/td>\n<td data-start=\"940\" data-end=\"964\" data-col-size=\"lg\">0\u2013100 %, flickerfrei<\/td>\n<\/tr>\n<tr data-start=\"965\" data-end=\"1044\">\n<td data-start=\"965\" data-end=\"981\" data-col-size=\"sm\"><strong data-start=\"967\" data-end=\"980\">Steuerung<\/strong><\/td>\n<td data-start=\"981\" data-end=\"1044\" data-col-size=\"lg\">DMX512, RDM-f\u00e4hig, manuell \u00fcber Onboard-Display einstellbar<\/td>\n<\/tr>\n<tr data-start=\"1045\" data-end=\"1102\">\n<td data-start=\"1045\" data-end=\"1062\" data-col-size=\"sm\"><strong data-start=\"1047\" data-end=\"1061\">DMX-Kan\u00e4le<\/strong><\/td>\n<td data-start=\"1062\" data-end=\"1102\" data-col-size=\"lg\">W\u00e4hlbar (z. B. 1 \/ 2 \/ 3 \/ 5 Kan\u00e4le)<\/td>\n<\/tr>\n<tr data-start=\"1103\" data-end=\"1166\">\n<td data-start=\"1103\" data-end=\"1129\" data-col-size=\"sm\"><strong data-start=\"1105\" data-end=\"1128\">Display \/ Bedienung<\/strong><\/td>\n<td data-start=\"1129\" data-end=\"1166\" data-col-size=\"lg\">LCD-Display mit Navigationstasten<\/td>\n<\/tr>\n<tr data-start=\"1167\" data-end=\"1219\">\n<td data-start=\"1167\" data-end=\"1193\" data-col-size=\"sm\"><strong data-start=\"1169\" data-end=\"1192\">Spannungsversorgung<\/strong><\/td>\n<td data-start=\"1193\" data-end=\"1219\" data-col-size=\"lg\">100\u2013240 V AC, 50\/60 Hz<\/td>\n<\/tr>\n<tr data-start=\"1220\" data-end=\"1258\">\n<td data-start=\"1220\" data-end=\"1244\" data-col-size=\"sm\"><strong data-start=\"1222\" data-end=\"1243\">Leistungsaufnahme<\/strong><\/td>\n<td data-start=\"1244\" data-end=\"1258\" data-col-size=\"lg\">max. 150 W<\/td>\n<\/tr>\n<tr data-start=\"1259\" data-end=\"1322\">\n<td data-start=\"1259\" data-end=\"1273\" data-col-size=\"sm\"><strong data-start=\"1261\" data-end=\"1272\">Geh\u00e4use<\/strong><\/td>\n<td data-start=\"1273\" data-end=\"1322\" data-col-size=\"lg\">Aluminiumdruckguss, schwarz pulverbeschichtet<\/td>\n<\/tr>\n<tr data-start=\"1323\" data-end=\"1360\">\n<td data-start=\"1323\" data-end=\"1337\" data-col-size=\"sm\"><strong data-start=\"1325\" data-end=\"1336\">K\u00fchlung<\/strong><\/td>\n<td data-start=\"1337\" data-end=\"1360\" data-col-size=\"lg\">Passiv, ger\u00e4uschlos<\/td>\n<\/tr>\n<tr data-start=\"1361\" data-end=\"1438\">\n<td data-start=\"1361\" data-end=\"1377\" data-col-size=\"sm\"><strong data-start=\"1363\" data-end=\"1376\">Schutzart<\/strong><\/td>\n<td data-start=\"1377\" data-end=\"1438\" data-col-size=\"lg\">IP65 (outdoor-tauglich, staub- und spritzwassergesch\u00fctzt)<\/td>\n<\/tr>\n<tr data-start=\"1439\" data-end=\"1499\">\n<td data-start=\"1439\" data-end=\"1456\" data-col-size=\"sm\"><strong data-start=\"1441\" data-end=\"1455\">Anschl\u00fcsse<\/strong><\/td>\n<td data-start=\"1456\" data-end=\"1499\" data-col-size=\"lg\">PowerCON True1 In\/Out, 5-pol DMX In\/Out<\/td>\n<\/tr>\n<tr data-start=\"1500\" data-end=\"1577\">\n<td data-start=\"1500\" data-end=\"1514\" data-col-size=\"sm\"><strong data-start=\"1502\" data-end=\"1513\">Montage<\/strong><\/td>\n<td data-start=\"1514\" data-end=\"1577\" data-col-size=\"lg\">Verstellbarer Montageb\u00fcgel f\u00fcr Boden- oder Traverseneinsatz<\/td>\n<\/tr>\n<tr data-start=\"1578\" data-end=\"1634\">\n<td data-start=\"1578\" data-end=\"1608\" data-col-size=\"sm\"><strong data-start=\"1580\" data-end=\"1607\">Abmessungen (B \u00d7 H \u00d7 T)<\/strong><\/td>\n<td data-start=\"1608\" data-end=\"1634\" data-col-size=\"lg\">ca. 270 \u00d7 240 \u00d7 120 mm<\/td>\n<\/tr>\n<tr data-start=\"1635\" data-end=\"1663\">\n<td data-start=\"1635\" data-end=\"1649\" data-col-size=\"sm\"><strong data-start=\"1637\" data-end=\"1648\">Gewicht<\/strong><\/td>\n<td data-start=\"1649\" data-end=\"1663\" data-col-size=\"lg\">ca. 5,8 kg<\/td>\n<\/tr>\n<tr data-start=\"1664\" data-end=\"1828\">\n<td data-start=\"1664\" data-end=\"1685\" data-col-size=\"sm\"><strong data-start=\"1666\" data-end=\"1684\">Besonderheiten<\/strong><\/td>\n<td data-start=\"1685\" data-end=\"1828\" data-col-size=\"lg\">Stufenlos regelbare Farbtemperatur, hohe Lichtausbeute, IP65-Geh\u00e4use, DMX\/RDM-Steuerung, leiser Betrieb f\u00fcr Indoor- und Outdoor-Anwendungen<\/td>\n<\/tr>\n<\/tbody>\n<\/table>\n<\/div>\n<\/div>\n","protected":false},"excerpt":{"rendered":"<p>40 vorr\u00e4tig<\/p>\n","protected":false},"featured_media":1475,"template":"","meta":[],"product_brand":[],"product_cat":[32],"product_tag":[],"class_list":{"0":"post-1474","1":"product","2":"type-product","3":"status-publish","4":"has-post-thumbnail","6":"product_cat-scheinwerfer","8":"first","9":"instock","10":"taxable","11":"shipping-taxable","12":"purchasable","13":"product-type-simple"},"_links":{"self":[{"href":"https:\/\/as-lightsound.de\/wordpress\/wp-json\/wp\/v2\/product\/1474","targetHints":{"allow":["GET"]}}],"collection":[{"href":"https:\/\/as-lightsound.de\/wordpress\/wp-json\/wp\/v2\/product"}],"about":[{"href":"https:\/\/as-lightsound.de\/wordpress\/wp-json\/wp\/v2\/types\/product"}],"wp:featuredmedia":[{"embeddable":true,"href":"https:\/\/as-lightsound.de\/wordpress\/wp-json\/wp\/v2\/media\/1475"}],"wp:attachment":[{"href":"https:\/\/as-lightsound.de\/wordpress\/wp-json\/wp\/v2\/media?parent=1474"}],"wp:term":[{"taxonomy":"product_brand","embeddable":true,"href":"https:\/\/as-lightsound.de\/wordpress\/wp-json\/wp\/v2\/product_brand?post=1474"},{"taxonomy":"product_cat","embeddable":true,"href":"https:\/\/as-lightsound.de\/wordpress\/wp-json\/wp\/v2\/product_cat?post=1474"},{"taxonomy":"product_tag","embeddable":true,"href":"https:\/\/as-lightsound.de\/wordpress\/wp-json\/wp\/v2\/product_tag?post=1474"}],"curies":[{"name":"wp","href":"https:\/\/api.w.org\/{rel}","templated":true}]}}