{"id":1466,"date":"2024-12-23T19:02:07","date_gmt":"2024-12-23T18:02:07","guid":{"rendered":"https:\/\/as-lightsound.de\/wordpress\/?post_type=product&#038;p=1466"},"modified":"2025-10-07T14:46:24","modified_gmt":"2025-10-07T12:46:24","slug":"dpa-core-4099-dc-1-199-s-instrumentenmikrofon-superniere","status":"publish","type":"product","link":"https:\/\/as-lightsound.de\/wordpress\/product\/dpa-core-4099-dc-1-199-s-instrumentenmikrofon-superniere\/","title":{"rendered":"DPA CORE 4099-DC-1-199-S Instrumentenmikrofon Superniere (Sax)"},"content":{"rendered":"<p data-start=\"232\" data-end=\"732\">Das <strong data-start=\"236\" data-end=\"264\">DPA CORE 4099-DC-1-199-S<\/strong> ist ein hochqualitatives, kompaktes <strong data-start=\"301\" data-end=\"355\">Instrumentenmikrofon mit Supernierencharakteristik<\/strong>, speziell entwickelt f\u00fcr <strong data-start=\"381\" data-end=\"392\">Saxofon<\/strong> und andere Holzblasinstrumente. Mit der integrierten <strong data-start=\"446\" data-end=\"473\">CORE by DPA Technologie<\/strong> bietet es noch geringere Verzerrungen, erweiterten Dynamikumfang und unverf\u00e4lschten, nat\u00fcrlichen Klang. Die flexible Halterung erm\u00f6glicht eine sichere, schonende und pr\u00e4zise Positionierung am Instrument \u2013 ideal f\u00fcr Live-, Studio- und Broadcast-Anwendungen.<\/p>\n<hr data-start=\"734\" data-end=\"737\" \/>\n<h3 data-start=\"739\" data-end=\"776\"><strong data-start=\"743\" data-end=\"776\">Technische Daten (Tech Specs)<\/strong><\/h3>\n<div class=\"_tableContainer_1rjym_1\">\n<div class=\"group _tableWrapper_1rjym_13 flex w-fit flex-col-reverse\" tabindex=\"-1\">\n<table class=\"w-fit min-w-(--thread-content-width)\" data-start=\"778\" data-end=\"1674\">\n<thead data-start=\"778\" data-end=\"805\">\n<tr data-start=\"778\" data-end=\"805\">\n<th data-start=\"778\" data-end=\"788\" data-col-size=\"sm\">Merkmal<\/th>\n<th data-start=\"788\" data-end=\"805\" data-col-size=\"lg\">Spezifikation<\/th>\n<\/tr>\n<\/thead>\n<tbody data-start=\"829\" data-end=\"1674\">\n<tr data-start=\"829\" data-end=\"869\">\n<td data-start=\"829\" data-end=\"855\" data-col-size=\"sm\"><strong data-start=\"831\" data-end=\"854\">Richtcharakteristik<\/strong><\/td>\n<td data-start=\"855\" data-end=\"869\" data-col-size=\"lg\">Superniere<\/td>\n<\/tr>\n<tr data-start=\"870\" data-end=\"915\">\n<td data-start=\"870\" data-end=\"889\" data-col-size=\"sm\"><strong data-start=\"872\" data-end=\"888\">Frequenzgang<\/strong><\/td>\n<td data-start=\"889\" data-end=\"915\" data-col-size=\"lg\">80 Hz \u2013 15 kHz (\u00b12 dB)<\/td>\n<\/tr>\n<tr data-start=\"916\" data-end=\"957\">\n<td data-start=\"916\" data-end=\"938\" data-col-size=\"sm\"><strong data-start=\"918\" data-end=\"937\">Empfindlichkeit<\/strong><\/td>\n<td data-start=\"938\" data-end=\"957\" data-col-size=\"lg\">6 mV\/Pa (\u00b13 dB)<\/td>\n<\/tr>\n<tr data-start=\"958\" data-end=\"1020\">\n<td data-start=\"958\" data-end=\"992\" data-col-size=\"sm\"><strong data-start=\"960\" data-end=\"991\">Max. Schalldruckpegel (SPL)<\/strong><\/td>\n<td data-start=\"992\" data-end=\"1020\" data-col-size=\"lg\">142 dB SPL (bei 1 % THD)<\/td>\n<\/tr>\n<tr data-start=\"1021\" data-end=\"1051\">\n<td data-start=\"1021\" data-end=\"1041\" data-col-size=\"sm\"><strong data-start=\"1023\" data-end=\"1040\">Dynamikumfang<\/strong><\/td>\n<td data-start=\"1041\" data-end=\"1051\" data-col-size=\"lg\">100 dB<\/td>\n<\/tr>\n<tr data-start=\"1052\" data-end=\"1084\">\n<td data-start=\"1052\" data-end=\"1072\" data-col-size=\"sm\"><strong data-start=\"1054\" data-end=\"1071\">Eigenrauschen<\/strong><\/td>\n<td data-start=\"1072\" data-end=\"1084\" data-col-size=\"lg\">23 dB(A)<\/td>\n<\/tr>\n<tr data-start=\"1085\" data-end=\"1163\">\n<td data-start=\"1085\" data-end=\"1103\" data-col-size=\"sm\"><strong data-start=\"1087\" data-end=\"1102\">Technologie<\/strong><\/td>\n<td data-start=\"1103\" data-end=\"1163\" data-col-size=\"lg\">CORE by DPA (geringere Verzerrung, erweiterter Headroom)<\/td>\n<\/tr>\n<tr data-start=\"1164\" data-end=\"1198\">\n<td data-start=\"1164\" data-end=\"1187\" data-col-size=\"sm\"><strong data-start=\"1166\" data-end=\"1186\">Ausgangsimpedanz<\/strong><\/td>\n<td data-start=\"1187\" data-end=\"1198\" data-col-size=\"lg\">30\u201340 \u03a9<\/td>\n<\/tr>\n<tr data-start=\"1199\" data-end=\"1278\">\n<td data-start=\"1199\" data-end=\"1215\" data-col-size=\"sm\"><strong data-start=\"1201\" data-end=\"1214\">Anschluss<\/strong><\/td>\n<td data-start=\"1215\" data-end=\"1278\" data-col-size=\"lg\">MicroDot (kompatibel mit DAD6001-BC oder Wireless-Adaptern)<\/td>\n<\/tr>\n<tr data-start=\"1279\" data-end=\"1324\">\n<td data-start=\"1279\" data-end=\"1301\" data-col-size=\"sm\"><strong data-start=\"1281\" data-end=\"1300\">Phantomspeisung<\/strong><\/td>\n<td data-start=\"1301\" data-end=\"1324\" data-col-size=\"lg\">48 V (\u00fcber Adapter)<\/td>\n<\/tr>\n<tr data-start=\"1325\" data-end=\"1351\">\n<td data-start=\"1325\" data-end=\"1342\" data-col-size=\"sm\"><strong data-start=\"1327\" data-end=\"1341\">Kabell\u00e4nge<\/strong><\/td>\n<td data-start=\"1342\" data-end=\"1351\" data-col-size=\"lg\">1,8 m<\/td>\n<\/tr>\n<tr data-start=\"1352\" data-end=\"1421\">\n<td data-start=\"1352\" data-end=\"1370\" data-col-size=\"sm\"><strong data-start=\"1354\" data-end=\"1369\">Befestigung<\/strong><\/td>\n<td data-start=\"1370\" data-end=\"1421\" data-col-size=\"lg\">Spezielle Clip-Halterung f\u00fcr Saxofon (SAX-Clip)<\/td>\n<\/tr>\n<tr data-start=\"1422\" data-end=\"1445\">\n<td data-start=\"1422\" data-end=\"1434\" data-col-size=\"sm\"><strong data-start=\"1424\" data-end=\"1433\">Farbe<\/strong><\/td>\n<td data-start=\"1434\" data-end=\"1445\" data-col-size=\"lg\">Schwarz<\/td>\n<\/tr>\n<tr data-start=\"1446\" data-end=\"1489\">\n<td data-start=\"1446\" data-end=\"1477\" data-col-size=\"sm\"><strong data-start=\"1448\" data-end=\"1476\">Abmessungen Mikrofonkopf<\/strong><\/td>\n<td data-start=\"1477\" data-end=\"1489\" data-col-size=\"lg\">\u00d8 5,4 mm<\/td>\n<\/tr>\n<tr data-start=\"1490\" data-end=\"1528\">\n<td data-start=\"1490\" data-end=\"1504\" data-col-size=\"sm\"><strong data-start=\"1492\" data-end=\"1503\">Gewicht<\/strong><\/td>\n<td data-start=\"1504\" data-end=\"1528\" data-col-size=\"lg\">ca. 27 g (ohne Clip)<\/td>\n<\/tr>\n<tr data-start=\"1529\" data-end=\"1674\">\n<td data-start=\"1529\" data-end=\"1550\" data-col-size=\"sm\"><strong data-start=\"1531\" data-end=\"1549\">Besonderheiten<\/strong><\/td>\n<td data-start=\"1550\" data-end=\"1674\" data-col-size=\"lg\">CORE-Technologie, nat\u00fcrliche Klangwiedergabe, hohe SPL-Festigkeit, flexible Clip-Befestigung, ideal f\u00fcr B\u00fchne und Studio<\/td>\n<\/tr>\n<\/tbody>\n<\/table>\n<\/div>\n<\/div>\n","protected":false},"excerpt":{"rendered":"<p>2 vorr\u00e4tig<\/p>\n","protected":false},"featured_media":1467,"template":"","meta":[],"product_brand":[],"product_cat":[18],"product_tag":[],"class_list":{"0":"post-1466","1":"product","2":"type-product","3":"status-publish","4":"has-post-thumbnail","6":"product_cat-mikrofone","8":"first","9":"instock","10":"taxable","11":"shipping-taxable","12":"purchasable","13":"product-type-simple"},"_links":{"self":[{"href":"https:\/\/as-lightsound.de\/wordpress\/wp-json\/wp\/v2\/product\/1466","targetHints":{"allow":["GET"]}}],"collection":[{"href":"https:\/\/as-lightsound.de\/wordpress\/wp-json\/wp\/v2\/product"}],"about":[{"href":"https:\/\/as-lightsound.de\/wordpress\/wp-json\/wp\/v2\/types\/product"}],"wp:featuredmedia":[{"embeddable":true,"href":"https:\/\/as-lightsound.de\/wordpress\/wp-json\/wp\/v2\/media\/1467"}],"wp:attachment":[{"href":"https:\/\/as-lightsound.de\/wordpress\/wp-json\/wp\/v2\/media?parent=1466"}],"wp:term":[{"taxonomy":"product_brand","embeddable":true,"href":"https:\/\/as-lightsound.de\/wordpress\/wp-json\/wp\/v2\/product_brand?post=1466"},{"taxonomy":"product_cat","embeddable":true,"href":"https:\/\/as-lightsound.de\/wordpress\/wp-json\/wp\/v2\/product_cat?post=1466"},{"taxonomy":"product_tag","embeddable":true,"href":"https:\/\/as-lightsound.de\/wordpress\/wp-json\/wp\/v2\/product_tag?post=1466"}],"curies":[{"name":"wp","href":"https:\/\/api.w.org\/{rel}","templated":true}]}}