{"id":1464,"date":"2024-12-23T18:56:41","date_gmt":"2024-12-23T17:56:41","guid":{"rendered":"https:\/\/as-lightsound.de\/wordpress\/?post_type=product&#038;p=1464"},"modified":"2025-10-07T10:07:55","modified_gmt":"2025-10-07T08:07:55","slug":"midas-as80-hmac-to-dual-hmac-converter","status":"publish","type":"product","link":"https:\/\/as-lightsound.de\/wordpress\/product\/midas-as80-hmac-to-dual-hmac-converter\/","title":{"rendered":"Midas AS80 HMAC to Dual HMAC Converter"},"content":{"rendered":"<p data-start=\"188\" data-end=\"611\">Der <strong data-start=\"192\" data-end=\"206\">Midas AS80<\/strong> ist ein professioneller <strong data-start=\"231\" data-end=\"256\">HMAC-Signal-Konverter<\/strong>, der ein einzelnes HMAC-Signal in zwei unabh\u00e4ngige HMAC-Ausg\u00e4nge aufteilt. Entwickelt f\u00fcr den Einsatz in professionellen Audionetzwerken, erm\u00f6glicht der AS80 eine zuverl\u00e4ssige Signalverteilung und Redundanz zwischen Midas Stageboxen, Konsolen und Audio-Systemen. Das Ger\u00e4t ist ideal f\u00fcr Touring, Festinstallationen und komplexe Audiorouting-Strukturen.<\/p>\n<hr data-start=\"613\" data-end=\"616\" \/>\n<h3 data-start=\"618\" data-end=\"655\"><strong data-start=\"622\" data-end=\"655\">Technische Daten (Tech Specs)<\/strong><\/h3>\n<div class=\"_tableContainer_1rjym_1\">\n<div class=\"group _tableWrapper_1rjym_13 flex w-fit flex-col-reverse\" tabindex=\"-1\">\n<table class=\"w-fit min-w-(--thread-content-width)\" data-start=\"657\" data-end=\"1753\">\n<thead data-start=\"657\" data-end=\"684\">\n<tr data-start=\"657\" data-end=\"684\">\n<th data-start=\"657\" data-end=\"667\" data-col-size=\"sm\">Merkmal<\/th>\n<th data-start=\"667\" data-end=\"684\" data-col-size=\"lg\">Spezifikation<\/th>\n<\/tr>\n<\/thead>\n<tbody data-start=\"708\" data-end=\"1753\">\n<tr data-start=\"708\" data-end=\"797\">\n<td data-start=\"708\" data-end=\"723\" data-col-size=\"sm\"><strong data-start=\"710\" data-end=\"722\">Funktion<\/strong><\/td>\n<td data-start=\"723\" data-end=\"797\" data-col-size=\"lg\">Wandelt 1\u00d7 HMAC-Eingang in 2\u00d7 HMAC-Ausg\u00e4nge (Signalverteilung \/ Split)<\/td>\n<\/tr>\n<tr data-start=\"798\" data-end=\"869\">\n<td data-start=\"798\" data-end=\"813\" data-col-size=\"sm\"><strong data-start=\"800\" data-end=\"812\">Eing\u00e4nge<\/strong><\/td>\n<td data-start=\"813\" data-end=\"869\" data-col-size=\"lg\">1 \u00d7 HMAC (Midas High-speed Modular Audio Connection)<\/td>\n<\/tr>\n<tr data-start=\"870\" data-end=\"932\">\n<td data-start=\"870\" data-end=\"885\" data-col-size=\"sm\"><strong data-start=\"872\" data-end=\"884\">Ausg\u00e4nge<\/strong><\/td>\n<td data-start=\"885\" data-end=\"932\" data-col-size=\"lg\">2 \u00d7 HMAC (symmetrisch verteilt, latenzfrei)<\/td>\n<\/tr>\n<tr data-start=\"933\" data-end=\"1004\">\n<td data-start=\"933\" data-end=\"949\" data-col-size=\"sm\"><strong data-start=\"935\" data-end=\"948\">Signaltyp<\/strong><\/td>\n<td data-start=\"949\" data-end=\"1004\" data-col-size=\"lg\">Digital Audio (Midas HMAC-Protokoll, bidirektional)<\/td>\n<\/tr>\n<tr data-start=\"1005\" data-end=\"1073\">\n<td data-start=\"1005\" data-end=\"1022\" data-col-size=\"sm\"><strong data-start=\"1007\" data-end=\"1021\">Verbindung<\/strong><\/td>\n<td data-start=\"1022\" data-end=\"1073\" data-col-size=\"lg\">\u00dcber Midas HMAC-Kabel (geschirmt, verriegelbar)<\/td>\n<\/tr>\n<tr data-start=\"1074\" data-end=\"1159\">\n<td data-start=\"1074\" data-end=\"1097\" data-col-size=\"sm\"><strong data-start=\"1076\" data-end=\"1096\">\u00dcbertragungsrate<\/strong><\/td>\n<td data-start=\"1097\" data-end=\"1159\" data-col-size=\"lg\">Bis zu 192 kHz \/ 24 Bit (abh\u00e4ngig von Systemkonfiguration)<\/td>\n<\/tr>\n<tr data-start=\"1160\" data-end=\"1185\">\n<td data-start=\"1160\" data-end=\"1173\" data-col-size=\"sm\"><strong data-start=\"1162\" data-end=\"1172\">Latenz<\/strong><\/td>\n<td data-start=\"1173\" data-end=\"1185\" data-col-size=\"lg\">&lt; 0,1 ms<\/td>\n<\/tr>\n<tr data-start=\"1186\" data-end=\"1262\">\n<td data-start=\"1186\" data-end=\"1207\" data-col-size=\"sm\"><strong data-start=\"1188\" data-end=\"1206\">Kompatibilit\u00e4t<\/strong><\/td>\n<td data-start=\"1207\" data-end=\"1262\" data-col-size=\"lg\">Midas DL-Serie, HD96, PRO-Serie, DL231, DL251 u. a.<\/td>\n<\/tr>\n<tr data-start=\"1263\" data-end=\"1350\">\n<td data-start=\"1263\" data-end=\"1285\" data-col-size=\"sm\"><strong data-start=\"1265\" data-end=\"1284\">Stromversorgung<\/strong><\/td>\n<td data-start=\"1285\" data-end=\"1350\" data-col-size=\"lg\">Externes Netzteil oder Bus-basiert \u00fcber HMAC (je nach System)<\/td>\n<\/tr>\n<tr data-start=\"1351\" data-end=\"1388\">\n<td data-start=\"1351\" data-end=\"1375\" data-col-size=\"sm\"><strong data-start=\"1353\" data-end=\"1374\">Leistungsaufnahme<\/strong><\/td>\n<td data-start=\"1375\" data-end=\"1388\" data-col-size=\"lg\">max. 10 W<\/td>\n<\/tr>\n<tr data-start=\"1389\" data-end=\"1441\">\n<td data-start=\"1389\" data-end=\"1412\" data-col-size=\"sm\"><strong data-start=\"1391\" data-end=\"1411\">Anschl\u00fcsse Strom<\/strong><\/td>\n<td data-start=\"1412\" data-end=\"1441\" data-col-size=\"lg\">DC In (Locking Connector)<\/td>\n<\/tr>\n<tr data-start=\"1442\" data-end=\"1494\">\n<td data-start=\"1442\" data-end=\"1456\" data-col-size=\"sm\"><strong data-start=\"1444\" data-end=\"1455\">Geh\u00e4use<\/strong><\/td>\n<td data-start=\"1456\" data-end=\"1494\" data-col-size=\"lg\">Metallgeh\u00e4use, 19\u2033 Rackmount, 1 HE<\/td>\n<\/tr>\n<tr data-start=\"1495\" data-end=\"1528\">\n<td data-start=\"1495\" data-end=\"1511\" data-col-size=\"sm\"><strong data-start=\"1497\" data-end=\"1510\">Schutzart<\/strong><\/td>\n<td data-start=\"1511\" data-end=\"1528\" data-col-size=\"lg\">IP20 (Indoor)<\/td>\n<\/tr>\n<tr data-start=\"1529\" data-end=\"1580\">\n<td data-start=\"1529\" data-end=\"1559\" data-col-size=\"sm\"><strong data-start=\"1531\" data-end=\"1558\">Abmessungen (B \u00d7 H \u00d7 T)<\/strong><\/td>\n<td data-start=\"1559\" data-end=\"1580\" data-col-size=\"lg\">483 \u00d7 44 \u00d7 150 mm<\/td>\n<\/tr>\n<tr data-start=\"1581\" data-end=\"1609\">\n<td data-start=\"1581\" data-end=\"1595\" data-col-size=\"sm\"><strong data-start=\"1583\" data-end=\"1594\">Gewicht<\/strong><\/td>\n<td data-start=\"1595\" data-end=\"1609\" data-col-size=\"lg\">ca. 2,5 kg<\/td>\n<\/tr>\n<tr data-start=\"1610\" data-end=\"1753\">\n<td data-start=\"1610\" data-end=\"1631\" data-col-size=\"sm\"><strong data-start=\"1612\" data-end=\"1630\">Besonderheiten<\/strong><\/td>\n<td data-start=\"1631\" data-end=\"1753\" data-col-size=\"lg\">1\u00d7 HMAC In \u2192 2\u00d7 HMAC Out, latenzfreie Signalverteilung, Redundanzf\u00e4hig, robustes Rackgeh\u00e4use, ideal f\u00fcr Touring-Setups<\/td>\n<\/tr>\n<\/tbody>\n<\/table>\n<\/div>\n<\/div>\n","protected":false},"excerpt":{"rendered":"<p>1 vorr\u00e4tig<\/p>\n","protected":false},"featured_media":1950,"template":"","meta":[],"product_brand":[],"product_cat":[16],"product_tag":[],"class_list":{"0":"post-1464","1":"product","2":"type-product","3":"status-publish","4":"has-post-thumbnail","6":"product_cat-mischpulte","8":"first","9":"instock","10":"taxable","11":"shipping-taxable","12":"purchasable","13":"product-type-simple"},"_links":{"self":[{"href":"https:\/\/as-lightsound.de\/wordpress\/wp-json\/wp\/v2\/product\/1464","targetHints":{"allow":["GET"]}}],"collection":[{"href":"https:\/\/as-lightsound.de\/wordpress\/wp-json\/wp\/v2\/product"}],"about":[{"href":"https:\/\/as-lightsound.de\/wordpress\/wp-json\/wp\/v2\/types\/product"}],"wp:featuredmedia":[{"embeddable":true,"href":"https:\/\/as-lightsound.de\/wordpress\/wp-json\/wp\/v2\/media\/1950"}],"wp:attachment":[{"href":"https:\/\/as-lightsound.de\/wordpress\/wp-json\/wp\/v2\/media?parent=1464"}],"wp:term":[{"taxonomy":"product_brand","embeddable":true,"href":"https:\/\/as-lightsound.de\/wordpress\/wp-json\/wp\/v2\/product_brand?post=1464"},{"taxonomy":"product_cat","embeddable":true,"href":"https:\/\/as-lightsound.de\/wordpress\/wp-json\/wp\/v2\/product_cat?post=1464"},{"taxonomy":"product_tag","embeddable":true,"href":"https:\/\/as-lightsound.de\/wordpress\/wp-json\/wp\/v2\/product_tag?post=1464"}],"curies":[{"name":"wp","href":"https:\/\/api.w.org\/{rel}","templated":true}]}}