{"id":1462,"date":"2024-12-23T18:54:36","date_gmt":"2024-12-23T17:54:36","guid":{"rendered":"https:\/\/as-lightsound.de\/wordpress\/?post_type=product&#038;p=1462"},"modified":"2025-10-07T10:08:48","modified_gmt":"2025-10-07T08:08:48","slug":"klark-dn9680-8port-aes50-extender","status":"publish","type":"product","link":"https:\/\/as-lightsound.de\/wordpress\/product\/klark-dn9680-8port-aes50-extender\/","title":{"rendered":"Klark DN9680 8Port AES50 Extender"},"content":{"rendered":"<p data-start=\"194\" data-end=\"666\">Der <strong data-start=\"198\" data-end=\"221\">Klark Teknik DN9680<\/strong> ist ein professioneller <strong data-start=\"246\" data-end=\"278\">8-Port AES50-Signal-Extender<\/strong>, der zur verlustfreien \u00dcbertragung von Audiodaten \u00fcber gro\u00dfe Distanzen dient. Er erm\u00f6glicht die Verbindung von AES50-kompatiblen Mischpulten, Stageboxen und Audionetzwerken \u00fcber Standard-CAT5e- oder Glasfaserverbindungen. Der DN9680 ist die ideale L\u00f6sung f\u00fcr Touring-, Broadcast- und Installationsanwendungen, bei denen Zuverl\u00e4ssigkeit, Reichweite und Signalqualit\u00e4t entscheidend sind.<\/p>\n<hr data-start=\"668\" data-end=\"671\" \/>\n<h3 data-start=\"673\" data-end=\"710\"><strong data-start=\"677\" data-end=\"710\">Technische Daten (Tech Specs)<\/strong><\/h3>\n<div class=\"_tableContainer_1rjym_1\">\n<div class=\"group _tableWrapper_1rjym_13 flex w-fit flex-col-reverse\" tabindex=\"-1\">\n<table class=\"w-fit min-w-(--thread-content-width)\" data-start=\"712\" data-end=\"2017\">\n<thead data-start=\"712\" data-end=\"739\">\n<tr data-start=\"712\" data-end=\"739\">\n<th data-start=\"712\" data-end=\"722\" data-col-size=\"sm\">Merkmal<\/th>\n<th data-start=\"722\" data-end=\"739\" data-col-size=\"lg\">Spezifikation<\/th>\n<\/tr>\n<\/thead>\n<tbody data-start=\"763\" data-end=\"2017\">\n<tr data-start=\"763\" data-end=\"833\">\n<td data-start=\"763\" data-end=\"778\" data-col-size=\"sm\"><strong data-start=\"765\" data-end=\"777\">Funktion<\/strong><\/td>\n<td data-start=\"778\" data-end=\"833\" data-col-size=\"lg\">AES50-Signalverl\u00e4ngerung \u00fcber Kupfer oder Glasfaser<\/td>\n<\/tr>\n<tr data-start=\"834\" data-end=\"899\">\n<td data-start=\"834\" data-end=\"852\" data-col-size=\"sm\"><strong data-start=\"836\" data-end=\"851\">AES50-Ports<\/strong><\/td>\n<td data-start=\"852\" data-end=\"899\" data-col-size=\"lg\">8 \u00d7 AES50 (RJ45, 100 Mbit\/s, bidirektional)<\/td>\n<\/tr>\n<tr data-start=\"900\" data-end=\"984\">\n<td data-start=\"900\" data-end=\"927\" data-col-size=\"sm\"><strong data-start=\"902\" data-end=\"926\">Uplink \/ Erweiterung<\/strong><\/td>\n<td data-start=\"927\" data-end=\"984\" data-col-size=\"lg\">1 \u00d7 AES50-Over-Fiber-Link (OpticalCON DUO) oder CAT5e<\/td>\n<\/tr>\n<tr data-start=\"985\" data-end=\"1045\">\n<td data-start=\"985\" data-end=\"1020\" data-col-size=\"sm\"><strong data-start=\"987\" data-end=\"1019\">\u00dcbertragungsdistanz (Kupfer)<\/strong><\/td>\n<td data-start=\"1020\" data-end=\"1045\" data-col-size=\"lg\">Bis zu 100 m pro Port<\/td>\n<\/tr>\n<tr data-start=\"1046\" data-end=\"1133\">\n<td data-start=\"1046\" data-end=\"1084\" data-col-size=\"sm\"><strong data-start=\"1048\" data-end=\"1083\">\u00dcbertragungsdistanz (Glasfaser)<\/strong><\/td>\n<td data-start=\"1084\" data-end=\"1133\" data-col-size=\"lg\">Bis zu 500 m (Multimode) \/ 10 km (Singlemode)<\/td>\n<\/tr>\n<tr data-start=\"1134\" data-end=\"1175\">\n<td data-start=\"1134\" data-end=\"1152\" data-col-size=\"sm\"><strong data-start=\"1136\" data-end=\"1151\">Audioformat<\/strong><\/td>\n<td data-start=\"1152\" data-end=\"1175\" data-col-size=\"lg\">48 \/ 96 kHz, 24 Bit<\/td>\n<\/tr>\n<tr data-start=\"1176\" data-end=\"1282\">\n<td data-start=\"1176\" data-end=\"1197\" data-col-size=\"sm\"><strong data-start=\"1178\" data-end=\"1196\">Kompatibilit\u00e4t<\/strong><\/td>\n<td data-start=\"1197\" data-end=\"1282\" data-col-size=\"lg\">Midas, Behringer, Klark Teknik AES50-Ger\u00e4te (HD96, PRO-Serie, DL-Stageboxen etc.)<\/td>\n<\/tr>\n<tr data-start=\"1283\" data-end=\"1351\">\n<td data-start=\"1283\" data-end=\"1305\" data-col-size=\"sm\"><strong data-start=\"1285\" data-end=\"1304\">Synchronisation<\/strong><\/td>\n<td data-start=\"1305\" data-end=\"1351\" data-col-size=\"lg\">Word Clock In\/Out, AES50 Clock passthrough<\/td>\n<\/tr>\n<tr data-start=\"1352\" data-end=\"1377\">\n<td data-start=\"1352\" data-end=\"1365\" data-col-size=\"sm\"><strong data-start=\"1354\" data-end=\"1364\">Latenz<\/strong><\/td>\n<td data-start=\"1365\" data-end=\"1377\" data-col-size=\"lg\">&lt; 0,1 ms<\/td>\n<\/tr>\n<tr data-start=\"1378\" data-end=\"1445\">\n<td data-start=\"1378\" data-end=\"1394\" data-col-size=\"sm\"><strong data-start=\"1380\" data-end=\"1393\">Redundanz<\/strong><\/td>\n<td data-start=\"1394\" data-end=\"1445\" data-col-size=\"lg\">Dual-Link-Betrieb (Kupfer\/Fiber Redundanzmodus)<\/td>\n<\/tr>\n<tr data-start=\"1446\" data-end=\"1535\">\n<td data-start=\"1446\" data-end=\"1475\" data-col-size=\"sm\"><strong data-start=\"1448\" data-end=\"1474\">Steuerung \/ Monitoring<\/strong><\/td>\n<td data-start=\"1475\" data-end=\"1535\" data-col-size=\"lg\">Frontseitige Status-LEDs pro Port (Link, Sync, Activity)<\/td>\n<\/tr>\n<tr data-start=\"1536\" data-end=\"1584\">\n<td data-start=\"1536\" data-end=\"1558\" data-col-size=\"sm\"><strong data-start=\"1538\" data-end=\"1557\">Stromversorgung<\/strong><\/td>\n<td data-start=\"1558\" data-end=\"1584\" data-col-size=\"lg\">100\u2013240 V AC, 50\/60 Hz<\/td>\n<\/tr>\n<tr data-start=\"1585\" data-end=\"1621\">\n<td data-start=\"1585\" data-end=\"1609\" data-col-size=\"sm\"><strong data-start=\"1587\" data-end=\"1608\">Leistungsaufnahme<\/strong><\/td>\n<td data-start=\"1609\" data-end=\"1621\" data-col-size=\"lg\">ca. 25 W<\/td>\n<\/tr>\n<tr data-start=\"1622\" data-end=\"1670\">\n<td data-start=\"1622\" data-end=\"1645\" data-col-size=\"sm\"><strong data-start=\"1624\" data-end=\"1644\">Anschl\u00fcsse Strom<\/strong><\/td>\n<td data-start=\"1645\" data-end=\"1670\" data-col-size=\"lg\">PowerCON TRUE1 In\/Out<\/td>\n<\/tr>\n<tr data-start=\"1671\" data-end=\"1704\">\n<td data-start=\"1671\" data-end=\"1687\" data-col-size=\"sm\"><strong data-start=\"1673\" data-end=\"1686\">Schutzart<\/strong><\/td>\n<td data-start=\"1687\" data-end=\"1704\" data-col-size=\"lg\">IP20 (Indoor)<\/td>\n<\/tr>\n<tr data-start=\"1705\" data-end=\"1740\">\n<td data-start=\"1705\" data-end=\"1719\" data-col-size=\"sm\"><strong data-start=\"1707\" data-end=\"1718\">K\u00fchlung<\/strong><\/td>\n<td data-start=\"1719\" data-end=\"1740\" data-col-size=\"lg\">Passiv, l\u00fcfterlos<\/td>\n<\/tr>\n<tr data-start=\"1741\" data-end=\"1793\">\n<td data-start=\"1741\" data-end=\"1755\" data-col-size=\"sm\"><strong data-start=\"1743\" data-end=\"1754\">Geh\u00e4use<\/strong><\/td>\n<td data-start=\"1755\" data-end=\"1793\" data-col-size=\"lg\">19\u2033 Rackmount, 1 HE, Metallgeh\u00e4use<\/td>\n<\/tr>\n<tr data-start=\"1794\" data-end=\"1845\">\n<td data-start=\"1794\" data-end=\"1824\" data-col-size=\"sm\"><strong data-start=\"1796\" data-end=\"1823\">Abmessungen (B \u00d7 H \u00d7 T)<\/strong><\/td>\n<td data-start=\"1824\" data-end=\"1845\" data-col-size=\"lg\">483 \u00d7 44 \u00d7 220 mm<\/td>\n<\/tr>\n<tr data-start=\"1846\" data-end=\"1874\">\n<td data-start=\"1846\" data-end=\"1860\" data-col-size=\"sm\"><strong data-start=\"1848\" data-end=\"1859\">Gewicht<\/strong><\/td>\n<td data-start=\"1860\" data-end=\"1874\" data-col-size=\"lg\">ca. 3,8 kg<\/td>\n<\/tr>\n<tr data-start=\"1875\" data-end=\"2017\">\n<td data-start=\"1875\" data-end=\"1896\" data-col-size=\"sm\"><strong data-start=\"1877\" data-end=\"1895\">Besonderheiten<\/strong><\/td>\n<td data-start=\"1896\" data-end=\"2017\" data-col-size=\"lg\">8\u00d7 AES50-Ports, Fiber &amp; Kupfer-Link, Redundanzf\u00e4hig, 48\/96 kHz, Kompatibel mit allen Midas &amp; Behringer AES50-Systemen<\/td>\n<\/tr>\n<\/tbody>\n<\/table>\n<\/div>\n<\/div>\n","protected":false},"excerpt":{"rendered":"<p>2 vorr\u00e4tig<\/p>\n","protected":false},"featured_media":1948,"template":"","meta":[],"product_brand":[],"product_cat":[16],"product_tag":[],"class_list":{"0":"post-1462","1":"product","2":"type-product","3":"status-publish","4":"has-post-thumbnail","6":"product_cat-mischpulte","8":"first","9":"instock","10":"taxable","11":"shipping-taxable","12":"purchasable","13":"product-type-simple"},"_links":{"self":[{"href":"https:\/\/as-lightsound.de\/wordpress\/wp-json\/wp\/v2\/product\/1462","targetHints":{"allow":["GET"]}}],"collection":[{"href":"https:\/\/as-lightsound.de\/wordpress\/wp-json\/wp\/v2\/product"}],"about":[{"href":"https:\/\/as-lightsound.de\/wordpress\/wp-json\/wp\/v2\/types\/product"}],"wp:featuredmedia":[{"embeddable":true,"href":"https:\/\/as-lightsound.de\/wordpress\/wp-json\/wp\/v2\/media\/1948"}],"wp:attachment":[{"href":"https:\/\/as-lightsound.de\/wordpress\/wp-json\/wp\/v2\/media?parent=1462"}],"wp:term":[{"taxonomy":"product_brand","embeddable":true,"href":"https:\/\/as-lightsound.de\/wordpress\/wp-json\/wp\/v2\/product_brand?post=1462"},{"taxonomy":"product_cat","embeddable":true,"href":"https:\/\/as-lightsound.de\/wordpress\/wp-json\/wp\/v2\/product_cat?post=1462"},{"taxonomy":"product_tag","embeddable":true,"href":"https:\/\/as-lightsound.de\/wordpress\/wp-json\/wp\/v2\/product_tag?post=1462"}],"curies":[{"name":"wp","href":"https:\/\/api.w.org\/{rel}","templated":true}]}}