{"id":1460,"date":"2024-12-23T18:50:17","date_gmt":"2024-12-23T17:50:17","guid":{"rendered":"https:\/\/as-lightsound.de\/wordpress\/?post_type=product&#038;p=1460"},"modified":"2025-10-08T11:28:38","modified_gmt":"2025-10-08T09:28:38","slug":"sennheiser-a-5000-cp-passive-uhf-wendelantenne","status":"publish","type":"product","link":"https:\/\/as-lightsound.de\/wordpress\/product\/sennheiser-a-5000-cp-passive-uhf-wendelantenne\/","title":{"rendered":"Sennheiser A 5000 CP passive UHF Wendelantenne"},"content":{"rendered":"<p data-start=\"81\" data-end=\"589\">Die <strong data-start=\"85\" data-end=\"109\">Sennheiser A 5000-CP<\/strong> ist eine passive, breitbandige UHF-Antenne mit zirkularer Polarisation, ausgelegt f\u00fcr anspruchsvolle drahtlose Mikrofon- und Monitor-Systeme. Durch ihren hohen Gewinn und das stabile Abstrahlverhalten minimiert sie Signalfluktuationen und Mehrwege-Interferenzen selbst unter schwierigen Bedingungen. Der weite Frequenzbereich von 450 bis 960 MHz erm\u00f6glicht den Einsatz \u00fcber diverse UHF-B\u00e4nder hinweg, womit die Antenne flexibel in komplexen Funksystemen eingesetzt werden kann.<\/p>\n<hr data-start=\"591\" data-end=\"594\" \/>\n<h3 data-start=\"596\" data-end=\"629\">Technische Daten (Tech Specs)<\/h3>\n<div class=\"_tableContainer_1rjym_1\">\n<div class=\"group _tableWrapper_1rjym_13 flex w-fit flex-col-reverse\" tabindex=\"-1\">\n<table class=\"w-fit min-w-(--thread-content-width)\" data-start=\"631\" data-end=\"1485\">\n<thead data-start=\"631\" data-end=\"649\">\n<tr data-start=\"631\" data-end=\"649\">\n<th data-start=\"631\" data-end=\"641\" data-col-size=\"sm\">Merkmal<\/th>\n<th data-start=\"641\" data-end=\"649\" data-col-size=\"md\">Wert<\/th>\n<\/tr>\n<\/thead>\n<tbody data-start=\"670\" data-end=\"1485\">\n<tr data-start=\"670\" data-end=\"736\">\n<td data-start=\"670\" data-end=\"688\" data-col-size=\"sm\"><strong data-start=\"672\" data-end=\"687\">Antennentyp<\/strong><\/td>\n<td data-col-size=\"md\" data-start=\"688\" data-end=\"736\">Passive, zirkular polarisierte Helix-Antenne<\/td>\n<\/tr>\n<tr data-start=\"737\" data-end=\"784\">\n<td data-start=\"737\" data-end=\"767\" data-col-size=\"sm\"><strong data-start=\"739\" data-end=\"766\">Frequenzbereich (\u20133 dB)<\/strong><\/td>\n<td data-start=\"767\" data-end=\"784\" data-col-size=\"md\">450 \u2013 960 MHz<\/td>\n<\/tr>\n<tr data-start=\"785\" data-end=\"830\">\n<td data-start=\"785\" data-end=\"815\" data-col-size=\"sm\"><strong data-start=\"787\" data-end=\"814\">Vorlaufgewinn (typisch)<\/strong><\/td>\n<td data-col-size=\"md\" data-start=\"815\" data-end=\"830\">mind. 8 dBi<\/td>\n<\/tr>\n<tr data-start=\"831\" data-end=\"884\">\n<td data-start=\"831\" data-end=\"869\" data-col-size=\"sm\"><strong data-start=\"833\" data-end=\"868\">Maximalgewinn (bei ca. 650 MHz)<\/strong><\/td>\n<td data-col-size=\"md\" data-start=\"869\" data-end=\"884\">ca. 9,5 dBi<\/td>\n<\/tr>\n<tr data-start=\"885\" data-end=\"933\">\n<td data-start=\"885\" data-end=\"924\" data-col-size=\"sm\"><strong data-start=\"887\" data-end=\"923\">Halbwertsbreite (Abstrahlwinkel)<\/strong><\/td>\n<td data-start=\"924\" data-end=\"933\" data-col-size=\"md\">\u00b1 40\u00b0<\/td>\n<\/tr>\n<tr data-start=\"934\" data-end=\"976\">\n<td data-start=\"934\" data-end=\"953\" data-col-size=\"sm\"><strong data-start=\"936\" data-end=\"952\">Polarisation<\/strong><\/td>\n<td data-col-size=\"md\" data-start=\"953\" data-end=\"976\">Circular (zirkular)<\/td>\n<\/tr>\n<tr data-start=\"977\" data-end=\"1016\">\n<td data-start=\"977\" data-end=\"993\" data-col-size=\"sm\"><strong data-start=\"979\" data-end=\"992\">Anschluss<\/strong><\/td>\n<td data-start=\"993\" data-end=\"1016\" data-col-size=\"md\">N-Buchse (weiblich)<\/td>\n<\/tr>\n<tr data-start=\"1017\" data-end=\"1059\">\n<td data-start=\"1017\" data-end=\"1051\" data-col-size=\"sm\"><strong data-start=\"1019\" data-end=\"1050\">Belastbarkeit (HF-Leistung)<\/strong><\/td>\n<td data-start=\"1051\" data-end=\"1059\" data-col-size=\"md\">50 W<\/td>\n<\/tr>\n<tr data-start=\"1060\" data-end=\"1106\">\n<td data-start=\"1060\" data-end=\"1093\" data-col-size=\"sm\"><strong data-start=\"1062\" data-end=\"1092\">SWR (Stehwellenverh\u00e4ltnis)<\/strong><\/td>\n<td data-start=\"1093\" data-end=\"1106\" data-col-size=\"md\">&lt; 1,5 : 1<\/td>\n<\/tr>\n<tr data-start=\"1107\" data-end=\"1135\">\n<td data-start=\"1107\" data-end=\"1125\" data-col-size=\"sm\"><strong data-start=\"1109\" data-end=\"1124\">Radom-Tiefe<\/strong><\/td>\n<td data-start=\"1125\" data-end=\"1135\" data-col-size=\"md\">140 mm<\/td>\n<\/tr>\n<tr data-start=\"1136\" data-end=\"1181\">\n<td data-start=\"1136\" data-end=\"1163\" data-col-size=\"sm\"><strong data-start=\"1138\" data-end=\"1162\">Ma\u00dfe der Bodenplatte<\/strong><\/td>\n<td data-start=\"1163\" data-end=\"1181\" data-col-size=\"md\">\u00d8 356 mm (14\u2033)<\/td>\n<\/tr>\n<tr data-start=\"1182\" data-end=\"1250\">\n<td data-start=\"1182\" data-end=\"1203\" data-col-size=\"sm\"><strong data-start=\"1184\" data-end=\"1202\">Montagegewinde<\/strong><\/td>\n<td data-start=\"1203\" data-end=\"1250\" data-col-size=\"md\">3\/8\u2033 Helicoil (Lexan-Platte), optional 5\/8\u2033<\/td>\n<\/tr>\n<tr data-start=\"1251\" data-end=\"1291\">\n<td data-start=\"1251\" data-end=\"1272\" data-col-size=\"sm\"><strong data-start=\"1253\" data-end=\"1271\">Radom-Material<\/strong><\/td>\n<td data-start=\"1272\" data-end=\"1291\" data-col-size=\"md\">Schwarzes Acryl<\/td>\n<\/tr>\n<tr data-start=\"1292\" data-end=\"1324\">\n<td data-start=\"1292\" data-end=\"1314\" data-col-size=\"sm\"><strong data-start=\"1294\" data-end=\"1313\">Elementmaterial<\/strong><\/td>\n<td data-start=\"1314\" data-end=\"1324\" data-col-size=\"md\">Kupfer<\/td>\n<\/tr>\n<tr data-start=\"1325\" data-end=\"1384\">\n<td data-start=\"1325\" data-end=\"1350\" data-col-size=\"sm\"><strong data-start=\"1327\" data-end=\"1349\">Tr\u00e4ger \/ Halterung<\/strong><\/td>\n<td data-col-size=\"md\" data-start=\"1350\" data-end=\"1384\">Lexan mit Edelstahlbefestigung<\/td>\n<\/tr>\n<tr data-start=\"1385\" data-end=\"1414\">\n<td data-start=\"1385\" data-end=\"1399\" data-col-size=\"sm\"><strong data-start=\"1387\" data-end=\"1398\">Gewicht<\/strong><\/td>\n<td data-start=\"1399\" data-end=\"1414\" data-col-size=\"md\">ca. 1,41 kg<\/td>\n<\/tr>\n<tr data-start=\"1415\" data-end=\"1485\">\n<td data-start=\"1415\" data-end=\"1434\" data-col-size=\"sm\"><\/td>\n<td data-start=\"1434\" data-end=\"1485\" data-col-size=\"md\"><\/td>\n<\/tr>\n<\/tbody>\n<\/table>\n<\/div>\n<\/div>\n","protected":false},"excerpt":{"rendered":"<p>1 vorr\u00e4tig<\/p>\n","protected":false},"featured_media":1461,"template":"","meta":[],"product_brand":[],"product_cat":[23],"product_tag":[],"class_list":{"0":"post-1460","1":"product","2":"type-product","3":"status-publish","4":"has-post-thumbnail","6":"product_cat-wireless","8":"first","9":"instock","10":"taxable","11":"shipping-taxable","12":"purchasable","13":"product-type-simple"},"_links":{"self":[{"href":"https:\/\/as-lightsound.de\/wordpress\/wp-json\/wp\/v2\/product\/1460","targetHints":{"allow":["GET"]}}],"collection":[{"href":"https:\/\/as-lightsound.de\/wordpress\/wp-json\/wp\/v2\/product"}],"about":[{"href":"https:\/\/as-lightsound.de\/wordpress\/wp-json\/wp\/v2\/types\/product"}],"wp:featuredmedia":[{"embeddable":true,"href":"https:\/\/as-lightsound.de\/wordpress\/wp-json\/wp\/v2\/media\/1461"}],"wp:attachment":[{"href":"https:\/\/as-lightsound.de\/wordpress\/wp-json\/wp\/v2\/media?parent=1460"}],"wp:term":[{"taxonomy":"product_brand","embeddable":true,"href":"https:\/\/as-lightsound.de\/wordpress\/wp-json\/wp\/v2\/product_brand?post=1460"},{"taxonomy":"product_cat","embeddable":true,"href":"https:\/\/as-lightsound.de\/wordpress\/wp-json\/wp\/v2\/product_cat?post=1460"},{"taxonomy":"product_tag","embeddable":true,"href":"https:\/\/as-lightsound.de\/wordpress\/wp-json\/wp\/v2\/product_tag?post=1460"}],"curies":[{"name":"wp","href":"https:\/\/api.w.org\/{rel}","templated":true}]}}