{"id":1458,"date":"2024-12-23T18:47:13","date_gmt":"2024-12-23T17:47:13","guid":{"rendered":"https:\/\/as-lightsound.de\/wordpress\/?post_type=product&#038;p=1458"},"modified":"2025-10-04T07:51:18","modified_gmt":"2025-10-04T05:51:18","slug":"shure-ha-8089-pws-helix-antenne","status":"publish","type":"product","link":"https:\/\/as-lightsound.de\/wordpress\/product\/shure-ha-8089-pws-helix-antenne\/","title":{"rendered":"Shure HA-8089 PWS Helix-Antenne"},"content":{"rendered":"<p data-start=\"159\" data-end=\"527\">Die <strong data-start=\"163\" data-end=\"198\">Shure HA-8089 PWS Helix-Antenne<\/strong> ist eine professionelle, zirkular polarisierte Helix-Richtantenne f\u00fcr drahtlose Mikrofon- und In-Ear-Systeme. Sie bietet eine au\u00dfergew\u00f6hnlich gleichm\u00e4\u00dfige Signal\u00fcbertragung, minimiert Dropouts und sorgt auch unter schwierigen Funkbedingungen f\u00fcr maximale Zuverl\u00e4ssigkeit \u2013 ideal f\u00fcr Touring, Broadcast und Gro\u00dfveranstaltungen.<\/p>\n<hr data-start=\"529\" data-end=\"532\" \/>\n<h3 data-start=\"534\" data-end=\"571\"><strong data-start=\"538\" data-end=\"571\">Technische Daten (Tech Specs)<\/strong><\/h3>\n<div class=\"_tableContainer_1rjym_1\">\n<div class=\"group _tableWrapper_1rjym_13 flex w-fit flex-col-reverse\" tabindex=\"-1\">\n<table class=\"w-fit min-w-(--thread-content-width)\" data-start=\"573\" data-end=\"1398\">\n<thead data-start=\"573\" data-end=\"600\">\n<tr data-start=\"573\" data-end=\"600\">\n<th data-start=\"573\" data-end=\"583\" data-col-size=\"sm\">Merkmal<\/th>\n<th data-start=\"583\" data-end=\"600\" data-col-size=\"lg\">Spezifikation<\/th>\n<\/tr>\n<\/thead>\n<tbody data-start=\"624\" data-end=\"1398\">\n<tr data-start=\"624\" data-end=\"663\">\n<td data-start=\"624\" data-end=\"646\" data-col-size=\"sm\"><strong data-start=\"626\" data-end=\"645\">Frequenzbereich<\/strong><\/td>\n<td data-start=\"646\" data-end=\"663\" data-col-size=\"lg\">470 \u2013 890 MHz<\/td>\n<\/tr>\n<tr data-start=\"664\" data-end=\"711\">\n<td data-start=\"664\" data-end=\"683\" data-col-size=\"sm\"><strong data-start=\"666\" data-end=\"682\">Polarisation<\/strong><\/td>\n<td data-start=\"683\" data-end=\"711\" data-col-size=\"lg\">Zirkular (rechtsdrehend)<\/td>\n<\/tr>\n<tr data-start=\"712\" data-end=\"750\">\n<td data-start=\"712\" data-end=\"731\" data-col-size=\"sm\"><strong data-start=\"714\" data-end=\"730\">Richtwirkung<\/strong><\/td>\n<td data-start=\"731\" data-end=\"750\" data-col-size=\"lg\">Hochdirektional<\/td>\n<\/tr>\n<tr data-start=\"751\" data-end=\"777\">\n<td data-start=\"751\" data-end=\"764\" data-col-size=\"sm\"><strong data-start=\"753\" data-end=\"763\">Gewinn<\/strong><\/td>\n<td data-start=\"764\" data-end=\"777\" data-col-size=\"lg\">ca. 9 dBd<\/td>\n<\/tr>\n<tr data-start=\"778\" data-end=\"842\">\n<td data-start=\"778\" data-end=\"799\" data-col-size=\"sm\"><strong data-start=\"780\" data-end=\"798\">Abstrahlwinkel<\/strong><\/td>\n<td data-start=\"799\" data-end=\"842\" data-col-size=\"lg\">Horizontal: ca. 60\u00b0 \/ Vertikal: ca. 60\u00b0<\/td>\n<\/tr>\n<tr data-start=\"843\" data-end=\"866\">\n<td data-start=\"843\" data-end=\"858\" data-col-size=\"sm\"><strong data-start=\"845\" data-end=\"857\">Impedanz<\/strong><\/td>\n<td data-start=\"858\" data-end=\"866\" data-col-size=\"lg\">50 \u03a9<\/td>\n<\/tr>\n<tr data-start=\"867\" data-end=\"897\">\n<td data-start=\"867\" data-end=\"883\" data-col-size=\"sm\"><strong data-start=\"869\" data-end=\"882\">Anschluss<\/strong><\/td>\n<td data-start=\"883\" data-end=\"897\" data-col-size=\"lg\">BNC-Buchse<\/td>\n<\/tr>\n<tr data-start=\"898\" data-end=\"969\">\n<td data-start=\"898\" data-end=\"922\" data-col-size=\"sm\"><strong data-start=\"900\" data-end=\"921\">Leistungsaufnahme<\/strong><\/td>\n<td data-start=\"922\" data-end=\"969\" data-col-size=\"lg\">Passiv (keine Stromversorgung erforderlich)<\/td>\n<\/tr>\n<tr data-start=\"970\" data-end=\"1046\">\n<td data-start=\"970\" data-end=\"985\" data-col-size=\"sm\"><strong data-start=\"972\" data-end=\"984\">Material<\/strong><\/td>\n<td data-start=\"985\" data-end=\"1046\" data-col-size=\"lg\">Robustes Kunststoffgeh\u00e4use mit integrierter Helix-Spirale<\/td>\n<\/tr>\n<tr data-start=\"1047\" data-end=\"1117\">\n<td data-start=\"1047\" data-end=\"1061\" data-col-size=\"sm\"><strong data-start=\"1049\" data-end=\"1060\">Montage<\/strong><\/td>\n<td data-start=\"1061\" data-end=\"1117\" data-col-size=\"lg\">Stativ- oder Wandhalterung (5\/8\u2033- oder 3\/8\u2033-Gewinde)<\/td>\n<\/tr>\n<tr data-start=\"1118\" data-end=\"1164\">\n<td data-start=\"1118\" data-end=\"1144\" data-col-size=\"sm\"><strong data-start=\"1120\" data-end=\"1143\">Abmessungen (\u00d8 \u00d7 T)<\/strong><\/td>\n<td data-start=\"1144\" data-end=\"1164\" data-col-size=\"lg\">ca. 380 \u00d7 150 mm<\/td>\n<\/tr>\n<tr data-start=\"1165\" data-end=\"1193\">\n<td data-start=\"1165\" data-end=\"1179\" data-col-size=\"sm\"><strong data-start=\"1167\" data-end=\"1178\">Gewicht<\/strong><\/td>\n<td data-start=\"1179\" data-end=\"1193\" data-col-size=\"lg\">ca. 1,1 kg<\/td>\n<\/tr>\n<tr data-start=\"1194\" data-end=\"1265\">\n<td data-start=\"1194\" data-end=\"1215\" data-col-size=\"sm\"><strong data-start=\"1196\" data-end=\"1214\">Einsatzbereich<\/strong><\/td>\n<td data-start=\"1215\" data-end=\"1265\" data-col-size=\"lg\">Drahtlose Mikrofon- und In-Ear-Monitor-Systeme<\/td>\n<\/tr>\n<tr data-start=\"1266\" data-end=\"1398\">\n<td data-start=\"1266\" data-end=\"1287\" data-col-size=\"sm\"><strong data-start=\"1268\" data-end=\"1286\">Besonderheiten<\/strong><\/td>\n<td data-start=\"1287\" data-end=\"1398\" data-col-size=\"lg\">Hoher Antennengewinn, zirkulare Polarisation f\u00fcr stabilen Empfang, ideal f\u00fcr gro\u00dfe B\u00fchnen und Au\u00dfenbereiche<\/td>\n<\/tr>\n<\/tbody>\n<\/table>\n<\/div>\n<\/div>\n","protected":false},"excerpt":{"rendered":"<p>1 vorr\u00e4tig<\/p>\n","protected":false},"featured_media":2178,"template":"","meta":[],"product_brand":[],"product_cat":[23],"product_tag":[],"class_list":{"0":"post-1458","1":"product","2":"type-product","3":"status-publish","4":"has-post-thumbnail","6":"product_cat-wireless","8":"first","9":"instock","10":"taxable","11":"shipping-taxable","12":"purchasable","13":"product-type-simple"},"_links":{"self":[{"href":"https:\/\/as-lightsound.de\/wordpress\/wp-json\/wp\/v2\/product\/1458","targetHints":{"allow":["GET"]}}],"collection":[{"href":"https:\/\/as-lightsound.de\/wordpress\/wp-json\/wp\/v2\/product"}],"about":[{"href":"https:\/\/as-lightsound.de\/wordpress\/wp-json\/wp\/v2\/types\/product"}],"wp:featuredmedia":[{"embeddable":true,"href":"https:\/\/as-lightsound.de\/wordpress\/wp-json\/wp\/v2\/media\/2178"}],"wp:attachment":[{"href":"https:\/\/as-lightsound.de\/wordpress\/wp-json\/wp\/v2\/media?parent=1458"}],"wp:term":[{"taxonomy":"product_brand","embeddable":true,"href":"https:\/\/as-lightsound.de\/wordpress\/wp-json\/wp\/v2\/product_brand?post=1458"},{"taxonomy":"product_cat","embeddable":true,"href":"https:\/\/as-lightsound.de\/wordpress\/wp-json\/wp\/v2\/product_cat?post=1458"},{"taxonomy":"product_tag","embeddable":true,"href":"https:\/\/as-lightsound.de\/wordpress\/wp-json\/wp\/v2\/product_tag?post=1458"}],"curies":[{"name":"wp","href":"https:\/\/api.w.org\/{rel}","templated":true}]}}