{"id":1456,"date":"2024-12-23T18:41:59","date_gmt":"2024-12-23T17:41:59","guid":{"rendered":"https:\/\/as-lightsound.de\/wordpress\/?post_type=product&#038;p=1456"},"modified":"2025-10-06T13:51:45","modified_gmt":"2025-10-06T11:51:45","slug":"shure-iem-psm1000-p10t-taschenempfaenger-bodypack","status":"publish","type":"product","link":"https:\/\/as-lightsound.de\/wordpress\/product\/shure-iem-psm1000-p10t-taschenempfaenger-bodypack\/","title":{"rendered":"Shure IEM PSM1000 P10T Taschenempf\u00e4nger \/ Bodypack"},"content":{"rendered":"<p data-start=\"198\" data-end=\"549\">Der <strong data-start=\"202\" data-end=\"216\">Shure P10R<\/strong> ist der professionelle Taschenempf\u00e4nger des <strong data-start=\"261\" data-end=\"298\">PSM1000 In-Ear-Monitoring-Systems<\/strong> und steht f\u00fcr h\u00f6chste Audioqualit\u00e4t, Zuverl\u00e4ssigkeit und Kontrolle. Mit digitaler Stereo\u00fcbertragung, automatischer Frequenzsynchronisation und robustem Metallgeh\u00e4use ist er die erste Wahl f\u00fcr Touring, Broadcast und anspruchsvolle B\u00fchnenanwendungen.<\/p>\n<hr data-start=\"551\" data-end=\"554\" \/>\n<h3 data-start=\"556\" data-end=\"593\"><strong data-start=\"560\" data-end=\"593\">Technische Daten (Tech Specs)<\/strong><\/h3>\n<div class=\"_tableContainer_1rjym_1\">\n<div class=\"group _tableWrapper_1rjym_13 flex w-fit flex-col-reverse\" tabindex=\"-1\">\n<table class=\"w-fit min-w-(--thread-content-width)\" data-start=\"595\" data-end=\"1856\">\n<thead data-start=\"595\" data-end=\"622\">\n<tr data-start=\"595\" data-end=\"622\">\n<th data-start=\"595\" data-end=\"605\" data-col-size=\"sm\">Merkmal<\/th>\n<th data-start=\"605\" data-end=\"622\" data-col-size=\"lg\">Spezifikation<\/th>\n<\/tr>\n<\/thead>\n<tbody data-start=\"646\" data-end=\"1856\">\n<tr data-start=\"646\" data-end=\"716\">\n<td data-start=\"646\" data-end=\"662\" data-col-size=\"sm\"><strong data-start=\"648\" data-end=\"661\">Systemtyp<\/strong><\/td>\n<td data-col-size=\"lg\" data-start=\"662\" data-end=\"716\">Professioneller In-Ear-Monitoring-Taschenempf\u00e4nger<\/td>\n<\/tr>\n<tr data-start=\"717\" data-end=\"812\">\n<td data-start=\"717\" data-end=\"740\" data-col-size=\"sm\"><strong data-start=\"719\" data-end=\"739\">Frequenzbereiche<\/strong><\/td>\n<td data-col-size=\"lg\" data-start=\"740\" data-end=\"812\">je nach Region: UHF-B\u00e4nder (z. B. G10E 470\u2013542 MHz, K3E 606\u2013670 MHz)<\/td>\n<\/tr>\n<tr data-start=\"813\" data-end=\"869\">\n<td data-start=\"813\" data-end=\"836\" data-col-size=\"sm\"><strong data-start=\"815\" data-end=\"835\">Audio\u00fcbertragung<\/strong><\/td>\n<td data-col-size=\"lg\" data-start=\"836\" data-end=\"869\">True Diversity Stereo-Empfang<\/td>\n<\/tr>\n<tr data-start=\"870\" data-end=\"907\">\n<td data-start=\"870\" data-end=\"895\" data-col-size=\"sm\"><strong data-start=\"872\" data-end=\"894\">Frequenzstabilit\u00e4t<\/strong><\/td>\n<td data-col-size=\"lg\" data-start=\"895\" data-end=\"907\">\u00b12,5 ppm<\/td>\n<\/tr>\n<tr data-start=\"908\" data-end=\"956\">\n<td data-start=\"908\" data-end=\"935\" data-col-size=\"sm\"><strong data-start=\"910\" data-end=\"934\">Signal-Rauschabstand<\/strong><\/td>\n<td data-col-size=\"lg\" data-start=\"935\" data-end=\"956\">&gt; 90 dB (typisch)<\/td>\n<\/tr>\n<tr data-start=\"957\" data-end=\"992\">\n<td data-start=\"957\" data-end=\"981\" data-col-size=\"sm\"><strong data-start=\"959\" data-end=\"980\">THD (Klirrfaktor)<\/strong><\/td>\n<td data-col-size=\"lg\" data-start=\"981\" data-end=\"992\">&lt; 0,5 %<\/td>\n<\/tr>\n<tr data-start=\"993\" data-end=\"1040\">\n<td data-start=\"993\" data-end=\"1016\" data-col-size=\"sm\"><strong data-start=\"995\" data-end=\"1015\">Kopfh\u00f6rerausgang<\/strong><\/td>\n<td data-col-size=\"lg\" data-start=\"1016\" data-end=\"1040\">3,5 mm Stereo-Klinke<\/td>\n<\/tr>\n<tr data-start=\"1041\" data-end=\"1080\">\n<td data-start=\"1041\" data-end=\"1064\" data-col-size=\"sm\"><strong data-start=\"1043\" data-end=\"1063\">Ausgangsleistung<\/strong><\/td>\n<td data-col-size=\"lg\" data-start=\"1064\" data-end=\"1080\">80 mW (max.)<\/td>\n<\/tr>\n<tr data-start=\"1081\" data-end=\"1131\">\n<td data-start=\"1081\" data-end=\"1105\" data-col-size=\"sm\"><strong data-start=\"1083\" data-end=\"1104\">Audiofrequenzgang<\/strong><\/td>\n<td data-col-size=\"lg\" data-start=\"1105\" data-end=\"1131\">35 Hz \u2013 15 kHz (\u00b11 dB)<\/td>\n<\/tr>\n<tr data-start=\"1132\" data-end=\"1217\">\n<td data-start=\"1132\" data-end=\"1146\" data-col-size=\"sm\"><strong data-start=\"1134\" data-end=\"1145\">Display<\/strong><\/td>\n<td data-col-size=\"lg\" data-start=\"1146\" data-end=\"1217\">LCD mit Hintergrundbeleuchtung, Frequenz- und Batteriestatusanzeige<\/td>\n<\/tr>\n<tr data-start=\"1218\" data-end=\"1301\">\n<td data-start=\"1218\" data-end=\"1241\" data-col-size=\"sm\"><strong data-start=\"1220\" data-end=\"1240\">Steuerung \/ Men\u00fc<\/strong><\/td>\n<td data-col-size=\"lg\" data-start=\"1241\" data-end=\"1301\">Navigationsbuttons, Scan- und Sync-Funktion via Infrarot<\/td>\n<\/tr>\n<tr data-start=\"1302\" data-end=\"1385\">\n<td data-start=\"1302\" data-end=\"1323\" data-col-size=\"sm\"><strong data-start=\"1304\" data-end=\"1322\">Kompatibilit\u00e4t<\/strong><\/td>\n<td data-col-size=\"lg\" data-start=\"1323\" data-end=\"1385\">PSM1000 Sender (P10T), Shure Wireless Workbench kompatibel<\/td>\n<\/tr>\n<tr data-start=\"1386\" data-end=\"1459\">\n<td data-start=\"1386\" data-end=\"1408\" data-col-size=\"sm\"><strong data-start=\"1388\" data-end=\"1407\">Stromversorgung<\/strong><\/td>\n<td data-start=\"1408\" data-end=\"1459\" data-col-size=\"lg\">2 \u00d7 AA-Batterien oder SB900A Lithium-Ionen-Akku<\/td>\n<\/tr>\n<tr data-start=\"1460\" data-end=\"1540\">\n<td data-start=\"1460\" data-end=\"1480\" data-col-size=\"sm\"><strong data-start=\"1462\" data-end=\"1479\">Betriebsdauer<\/strong><\/td>\n<td data-col-size=\"lg\" data-start=\"1480\" data-end=\"1540\">bis zu 8 Stunden (mit AA) \/ bis zu 10 Stunden (mit Akku)<\/td>\n<\/tr>\n<tr data-start=\"1541\" data-end=\"1598\">\n<td data-start=\"1541\" data-end=\"1555\" data-col-size=\"sm\"><strong data-start=\"1543\" data-end=\"1554\">Geh\u00e4use<\/strong><\/td>\n<td data-col-size=\"lg\" data-start=\"1555\" data-end=\"1598\">Robustes Metallgeh\u00e4use, touringtauglich<\/td>\n<\/tr>\n<tr data-start=\"1599\" data-end=\"1653\">\n<td data-start=\"1599\" data-end=\"1629\" data-col-size=\"sm\"><strong data-start=\"1601\" data-end=\"1628\">Abmessungen (B \u00d7 H \u00d7 T)<\/strong><\/td>\n<td data-col-size=\"lg\" data-start=\"1629\" data-end=\"1653\">ca. 66 \u00d7 110 \u00d7 23 mm<\/td>\n<\/tr>\n<tr data-start=\"1654\" data-end=\"1699\">\n<td data-start=\"1654\" data-end=\"1668\" data-col-size=\"sm\"><strong data-start=\"1656\" data-end=\"1667\">Gewicht<\/strong><\/td>\n<td data-col-size=\"lg\" data-start=\"1668\" data-end=\"1699\">ca. 198 g (inkl. Batterien)<\/td>\n<\/tr>\n<tr data-start=\"1700\" data-end=\"1856\">\n<td data-start=\"1700\" data-end=\"1721\" data-col-size=\"sm\"><strong data-start=\"1702\" data-end=\"1720\">Besonderheiten<\/strong><\/td>\n<td data-col-size=\"lg\" data-start=\"1721\" data-end=\"1856\">True Diversity Empfang, IR-Sync, herausragende Klangqualit\u00e4t, Netzwerkintegration, kompatibel mit Shure Wireless Workbench Software<\/td>\n<\/tr>\n<\/tbody>\n<\/table>\n<\/div>\n<\/div>\n","protected":false},"excerpt":{"rendered":"<p>10 vorr\u00e4tig<\/p>\n","protected":false},"featured_media":2230,"template":"","meta":[],"product_brand":[],"product_cat":[23],"product_tag":[],"class_list":{"0":"post-1456","1":"product","2":"type-product","3":"status-publish","4":"has-post-thumbnail","6":"product_cat-wireless","8":"first","9":"instock","10":"taxable","11":"shipping-taxable","12":"purchasable","13":"product-type-simple"},"_links":{"self":[{"href":"https:\/\/as-lightsound.de\/wordpress\/wp-json\/wp\/v2\/product\/1456","targetHints":{"allow":["GET"]}}],"collection":[{"href":"https:\/\/as-lightsound.de\/wordpress\/wp-json\/wp\/v2\/product"}],"about":[{"href":"https:\/\/as-lightsound.de\/wordpress\/wp-json\/wp\/v2\/types\/product"}],"wp:featuredmedia":[{"embeddable":true,"href":"https:\/\/as-lightsound.de\/wordpress\/wp-json\/wp\/v2\/media\/2230"}],"wp:attachment":[{"href":"https:\/\/as-lightsound.de\/wordpress\/wp-json\/wp\/v2\/media?parent=1456"}],"wp:term":[{"taxonomy":"product_brand","embeddable":true,"href":"https:\/\/as-lightsound.de\/wordpress\/wp-json\/wp\/v2\/product_brand?post=1456"},{"taxonomy":"product_cat","embeddable":true,"href":"https:\/\/as-lightsound.de\/wordpress\/wp-json\/wp\/v2\/product_cat?post=1456"},{"taxonomy":"product_tag","embeddable":true,"href":"https:\/\/as-lightsound.de\/wordpress\/wp-json\/wp\/v2\/product_tag?post=1456"}],"curies":[{"name":"wp","href":"https:\/\/api.w.org\/{rel}","templated":true}]}}