{"id":1454,"date":"2024-12-23T18:40:25","date_gmt":"2024-12-23T17:40:25","guid":{"rendered":"https:\/\/as-lightsound.de\/wordpress\/?post_type=product&#038;p=1454"},"modified":"2025-10-08T11:29:22","modified_gmt":"2025-10-08T09:29:22","slug":"shure-iem-psm1000-dual-2ch-sender","status":"publish","type":"product","link":"https:\/\/as-lightsound.de\/wordpress\/product\/shure-iem-psm1000-dual-2ch-sender\/","title":{"rendered":"Shure IEM PSM1000 Dual 2Ch-Sender"},"content":{"rendered":"<p data-start=\"87\" data-end=\"534\">Der <strong data-start=\"91\" data-end=\"120\">Shure PSM1000 Dual Sender<\/strong> ist ein hochwertiges Drahtfunk-Monitoringger\u00e4t, das zwei unabh\u00e4ngige Kan\u00e4le mit pers\u00f6nlicher Signalsteuerung bietet. Mit seiner gro\u00dfen Abstimm- und Bandbreite, digitalem Audio-Datenpfad und robuster Konstruktion eignet sich diese Einheit ideal f\u00fcr energie- und frequenzkritische Live-, Studio- und Tourneeumgebungen. Zwei Empf\u00e4nger k\u00f6nnen gleichzeitig betrieben werden \u2013 ideal f\u00fcr Bands oder gr\u00f6\u00dfere Produktionen.<\/p>\n<hr data-start=\"536\" data-end=\"539\" \/>\n<h3 data-start=\"541\" data-end=\"574\">Technische Daten (Tech Specs)<\/h3>\n<div class=\"_tableContainer_1rjym_1\">\n<div class=\"group _tableWrapper_1rjym_13 flex w-fit flex-col-reverse\" tabindex=\"-1\">\n<table class=\"w-fit min-w-(--thread-content-width)\" data-start=\"576\" data-end=\"1673\">\n<thead data-start=\"576\" data-end=\"594\">\n<tr data-start=\"576\" data-end=\"594\">\n<th data-start=\"576\" data-end=\"586\" data-col-size=\"sm\">Merkmal<\/th>\n<th data-start=\"586\" data-end=\"594\" data-col-size=\"md\">Wert<\/th>\n<\/tr>\n<\/thead>\n<tbody data-start=\"615\" data-end=\"1673\">\n<tr data-start=\"615\" data-end=\"659\">\n<td data-start=\"615\" data-end=\"628\" data-col-size=\"sm\"><strong data-start=\"617\" data-end=\"627\">Modell<\/strong><\/td>\n<td data-start=\"628\" data-end=\"659\" data-col-size=\"md\">PSM1000 Dual RF-Transmitter<\/td>\n<\/tr>\n<tr data-start=\"660\" data-end=\"723\">\n<td data-start=\"660\" data-end=\"688\" data-col-size=\"sm\"><strong data-start=\"662\" data-end=\"687\">Tr\u00e4gerfrequenzbereich<\/strong><\/td>\n<td data-start=\"688\" data-end=\"723\" data-col-size=\"md\">470 \u2013 952 MHz (regionsabh\u00e4ngig)<\/td>\n<\/tr>\n<tr data-start=\"724\" data-end=\"781\">\n<td data-start=\"724\" data-end=\"749\" data-col-size=\"sm\"><strong data-start=\"726\" data-end=\"748\">Abstimm-Bandbreite<\/strong><\/td>\n<td data-col-size=\"md\" data-start=\"749\" data-end=\"781\">72 \/ 80 MHz (je nach Region)<\/td>\n<\/tr>\n<tr data-start=\"782\" data-end=\"836\">\n<td data-start=\"782\" data-end=\"806\" data-col-size=\"sm\"><strong data-start=\"784\" data-end=\"805\">Kan\u00e4le \/ Ausg\u00e4nge<\/strong><\/td>\n<td data-start=\"806\" data-end=\"836\" data-col-size=\"md\">2 unabh\u00e4ngige Senderkan\u00e4le<\/td>\n<\/tr>\n<tr data-start=\"837\" data-end=\"899\">\n<td data-start=\"837\" data-end=\"865\" data-col-size=\"sm\"><strong data-start=\"839\" data-end=\"864\">Ausgangsleistung (RF)<\/strong><\/td>\n<td data-col-size=\"md\" data-start=\"865\" data-end=\"899\">10 \/ 50 \/ 100 mW (umschaltbar)<\/td>\n<\/tr>\n<tr data-start=\"900\" data-end=\"934\">\n<td data-start=\"900\" data-end=\"926\" data-col-size=\"sm\"><strong data-start=\"902\" data-end=\"925\">Impedanz RF-Ausgang<\/strong><\/td>\n<td data-start=\"926\" data-end=\"934\" data-col-size=\"md\">50 \u03a9<\/td>\n<\/tr>\n<tr data-start=\"935\" data-end=\"998\">\n<td data-start=\"935\" data-end=\"963\" data-col-size=\"sm\"><strong data-start=\"937\" data-end=\"962\">Signalpfad \/ Wandlung<\/strong><\/td>\n<td data-col-size=\"md\" data-start=\"963\" data-end=\"998\">Digital Audio (24 Bit \/ 48 kHz)<\/td>\n<\/tr>\n<tr data-start=\"999\" data-end=\"1056\">\n<td data-start=\"999\" data-end=\"1030\" data-col-size=\"sm\"><strong data-start=\"1001\" data-end=\"1029\">Netzteil \/ Stromaufnahme<\/strong><\/td>\n<td data-start=\"1030\" data-end=\"1056\" data-col-size=\"md\">100\u2013240 VAC, ca. 0,5 A<\/td>\n<\/tr>\n<tr data-start=\"1057\" data-end=\"1108\">\n<td data-start=\"1057\" data-end=\"1087\" data-col-size=\"sm\"><strong data-start=\"1059\" data-end=\"1086\">Abmessungen (B \u00d7 H \u00d7 T)<\/strong><\/td>\n<td data-start=\"1087\" data-end=\"1108\" data-col-size=\"md\">483 \u00d7 44 \u00d7 363 mm<\/td>\n<\/tr>\n<tr data-start=\"1109\" data-end=\"1137\">\n<td data-start=\"1109\" data-end=\"1123\" data-col-size=\"sm\"><strong data-start=\"1111\" data-end=\"1122\">Gewicht<\/strong><\/td>\n<td data-start=\"1123\" data-end=\"1137\" data-col-size=\"md\">ca. 4,7 kg<\/td>\n<\/tr>\n<tr data-start=\"1138\" data-end=\"1208\">\n<td data-start=\"1138\" data-end=\"1169\" data-col-size=\"sm\"><strong data-start=\"1140\" data-end=\"1168\">Anschl\u00fcsse Audio-Eingang<\/strong><\/td>\n<td data-start=\"1169\" data-end=\"1208\" data-col-size=\"md\">XLR und 6,3 mm Klinke (symmetrisch)<\/td>\n<\/tr>\n<tr data-start=\"1209\" data-end=\"1255\">\n<td data-start=\"1209\" data-end=\"1236\" data-col-size=\"sm\"><strong data-start=\"1211\" data-end=\"1235\">Eingangspegelbereich<\/strong><\/td>\n<td data-start=\"1236\" data-end=\"1255\" data-col-size=\"md\">+12 dBu Maximum<\/td>\n<\/tr>\n<tr data-start=\"1256\" data-end=\"1318\">\n<td data-start=\"1256\" data-end=\"1289\" data-col-size=\"sm\"><strong data-start=\"1258\" data-end=\"1288\">Loop-Out \/ Durchschleifung<\/strong><\/td>\n<td data-start=\"1289\" data-end=\"1318\" data-col-size=\"md\">Ja, symmetrische Ausg\u00e4nge<\/td>\n<\/tr>\n<tr data-start=\"1319\" data-end=\"1403\">\n<td data-start=\"1319\" data-end=\"1350\" data-col-size=\"sm\"><strong data-start=\"1321\" data-end=\"1349\">Fernsteuerung \/ Netzwerk<\/strong><\/td>\n<td data-start=\"1350\" data-end=\"1403\" data-col-size=\"md\">Ethernet \/ Shure Wireless Workbench Unterst\u00fctzung<\/td>\n<\/tr>\n<tr data-start=\"1404\" data-end=\"1449\">\n<td data-start=\"1404\" data-end=\"1434\" data-col-size=\"sm\"><strong data-start=\"1406\" data-end=\"1433\">Frequenzkan\u00e4le pro Band<\/strong><\/td>\n<td data-col-size=\"md\" data-start=\"1434\" data-end=\"1449\">39 pro Band<\/td>\n<\/tr>\n<tr data-start=\"1450\" data-end=\"1555\">\n<td data-start=\"1450\" data-end=\"1477\" data-col-size=\"sm\"><strong data-start=\"1452\" data-end=\"1476\">Anzeigen \/ Steuerung<\/strong><\/td>\n<td data-start=\"1477\" data-end=\"1555\" data-col-size=\"md\">LED-Statusanzeigen, LCD-Display, Bedienelemente f\u00fcr Kanalwahl und Leistung<\/td>\n<\/tr>\n<tr data-start=\"1556\" data-end=\"1588\">\n<td data-start=\"1556\" data-end=\"1570\" data-col-size=\"sm\"><strong data-start=\"1558\" data-end=\"1569\">K\u00fchlung<\/strong><\/td>\n<td data-col-size=\"md\" data-start=\"1570\" data-end=\"1588\">L\u00fcftergeregelt<\/td>\n<\/tr>\n<tr data-start=\"1589\" data-end=\"1673\">\n<td data-start=\"1589\" data-end=\"1615\" data-col-size=\"sm\"><strong data-start=\"1591\" data-end=\"1614\">Schutz \/ Sicherheit<\/strong><\/td>\n<td data-start=\"1615\" data-end=\"1673\" data-col-size=\"md\">\u00dcberstromschutz, \u00dcberspannungsschutz, Temperaturschutz<\/td>\n<\/tr>\n<\/tbody>\n<\/table>\n<\/div>\n<\/div>\n","protected":false},"excerpt":{"rendered":"<p>5 vorr\u00e4tig<\/p>\n","protected":false},"featured_media":1949,"template":"","meta":[],"product_brand":[],"product_cat":[23],"product_tag":[],"class_list":{"0":"post-1454","1":"product","2":"type-product","3":"status-publish","4":"has-post-thumbnail","6":"product_cat-wireless","8":"first","9":"instock","10":"taxable","11":"shipping-taxable","12":"purchasable","13":"product-type-simple"},"_links":{"self":[{"href":"https:\/\/as-lightsound.de\/wordpress\/wp-json\/wp\/v2\/product\/1454","targetHints":{"allow":["GET"]}}],"collection":[{"href":"https:\/\/as-lightsound.de\/wordpress\/wp-json\/wp\/v2\/product"}],"about":[{"href":"https:\/\/as-lightsound.de\/wordpress\/wp-json\/wp\/v2\/types\/product"}],"wp:featuredmedia":[{"embeddable":true,"href":"https:\/\/as-lightsound.de\/wordpress\/wp-json\/wp\/v2\/media\/1949"}],"wp:attachment":[{"href":"https:\/\/as-lightsound.de\/wordpress\/wp-json\/wp\/v2\/media?parent=1454"}],"wp:term":[{"taxonomy":"product_brand","embeddable":true,"href":"https:\/\/as-lightsound.de\/wordpress\/wp-json\/wp\/v2\/product_brand?post=1454"},{"taxonomy":"product_cat","embeddable":true,"href":"https:\/\/as-lightsound.de\/wordpress\/wp-json\/wp\/v2\/product_cat?post=1454"},{"taxonomy":"product_tag","embeddable":true,"href":"https:\/\/as-lightsound.de\/wordpress\/wp-json\/wp\/v2\/product_tag?post=1454"}],"curies":[{"name":"wp","href":"https:\/\/api.w.org\/{rel}","templated":true}]}}