{"id":1451,"date":"2024-12-23T18:38:31","date_gmt":"2024-12-23T17:38:31","guid":{"rendered":"https:\/\/as-lightsound.de\/wordpress\/?post_type=product&#038;p=1451"},"modified":"2025-10-08T11:29:46","modified_gmt":"2025-10-08T09:29:46","slug":"shure-ulxd1-taschensender-h51","status":"publish","type":"product","link":"https:\/\/as-lightsound.de\/wordpress\/product\/shure-ulxd1-taschensender-h51\/","title":{"rendered":"Shure ULXD1 Taschensender H51"},"content":{"rendered":"<p data-start=\"57\" data-end=\"512\">Der <strong data-start=\"61\" data-end=\"76\">Shure ULXD1<\/strong> ist ein digitaler Drahtfunksender in Taschenausf\u00fchrung, ausgelegt f\u00fcr professionelle B\u00fchnen- und Studiobetriebe. Er verwendet das ULX-D-System mit verschl\u00fcsselter 24-Bit-Audiotechnologie und bietet eine stabile, rauscharme \u00dcbertragung. Dank flexibler Leistungsstufen, kompaktem Design und zuverl\u00e4ssiger Betriebsfunktionen eignet sich der ULXD1 ideal f\u00fcr drahtlose Mikrofon- oder Instrumentenanwendungen in anspruchsvollen Umgebungen.<\/p>\n<hr data-start=\"514\" data-end=\"517\" \/>\n<h3 data-start=\"519\" data-end=\"552\">Technische Daten (Tech Specs)<\/h3>\n<div class=\"_tableContainer_1rjym_1\">\n<div class=\"group _tableWrapper_1rjym_13 flex w-fit flex-col-reverse\" tabindex=\"-1\">\n<table class=\"w-fit min-w-(--thread-content-width)\" data-start=\"554\" data-end=\"1610\">\n<thead data-start=\"554\" data-end=\"572\">\n<tr data-start=\"554\" data-end=\"572\">\n<th data-start=\"554\" data-end=\"564\" data-col-size=\"sm\">Merkmal<\/th>\n<th data-start=\"564\" data-end=\"572\" data-col-size=\"md\">Wert<\/th>\n<\/tr>\n<\/thead>\n<tbody data-start=\"593\" data-end=\"1610\">\n<tr data-start=\"593\" data-end=\"635\">\n<td data-start=\"593\" data-end=\"606\" data-col-size=\"sm\"><strong data-start=\"595\" data-end=\"605\">Modell<\/strong><\/td>\n<td data-start=\"606\" data-end=\"635\" data-col-size=\"md\">Shure ULXD1 Taschensender<\/td>\n<\/tr>\n<tr data-start=\"636\" data-end=\"690\">\n<td data-start=\"636\" data-end=\"655\" data-col-size=\"sm\"><strong data-start=\"638\" data-end=\"654\">Frequenzband<\/strong><\/td>\n<td data-start=\"655\" data-end=\"690\" data-col-size=\"md\">H51 (je nach Region spezifisch)<\/td>\n<\/tr>\n<tr data-start=\"691\" data-end=\"745\">\n<td data-start=\"691\" data-end=\"716\" data-col-size=\"sm\"><strong data-start=\"693\" data-end=\"715\">Signalverarbeitung<\/strong><\/td>\n<td data-start=\"716\" data-end=\"745\" data-col-size=\"md\">Digital (24 Bit \/ 48 kHz)<\/td>\n<\/tr>\n<tr data-start=\"746\" data-end=\"773\">\n<td data-start=\"746\" data-end=\"763\" data-col-size=\"sm\"><strong data-start=\"748\" data-end=\"762\">Modulation<\/strong><\/td>\n<td data-start=\"763\" data-end=\"773\" data-col-size=\"md\">64 QAM<\/td>\n<\/tr>\n<tr data-start=\"774\" data-end=\"837\">\n<td data-start=\"774\" data-end=\"795\" data-col-size=\"sm\"><strong data-start=\"776\" data-end=\"794\">Tr\u00e4gerfrequenz<\/strong><\/td>\n<td data-start=\"795\" data-end=\"837\" data-col-size=\"md\">Automatisch w\u00e4hlbar innerhalb Band H51<\/td>\n<\/tr>\n<tr data-start=\"838\" data-end=\"895\">\n<td data-start=\"838\" data-end=\"858\" data-col-size=\"sm\"><strong data-start=\"840\" data-end=\"857\">Sendeleistung<\/strong><\/td>\n<td data-col-size=\"md\" data-start=\"858\" data-end=\"895\">1 \/ 10 \/ 20 \/ 50 mW (umschaltbar)<\/td>\n<\/tr>\n<tr data-start=\"896\" data-end=\"958\">\n<td data-start=\"896\" data-end=\"932\" data-col-size=\"sm\"><strong data-start=\"898\" data-end=\"931\">Dynamic-Range \/ Audioqualit\u00e4t<\/strong><\/td>\n<td data-start=\"932\" data-end=\"958\" data-col-size=\"md\">&gt; 120 dB (A-gewichtet)<\/td>\n<\/tr>\n<tr data-start=\"959\" data-end=\"1019\">\n<td data-start=\"959\" data-end=\"971\" data-col-size=\"sm\">**Eingang<\/td>\n<td data-start=\"971\" data-end=\"977\" data-col-size=\"md\">Typ<\/td>\n<\/tr>\n<tr data-start=\"1020\" data-end=\"1061\">\n<td data-start=\"1020\" data-end=\"1050\" data-col-size=\"sm\"><strong data-start=\"1022\" data-end=\"1049\">Maximaler Eingangspegel<\/strong><\/td>\n<td data-col-size=\"md\" data-start=\"1050\" data-end=\"1061\">+10 dBV<\/td>\n<\/tr>\n<tr data-start=\"1062\" data-end=\"1120\">\n<td data-start=\"1062\" data-end=\"1101\" data-col-size=\"sm\"><strong data-start=\"1064\" data-end=\"1100\">Empfohlener Eingangspegelbereich<\/strong><\/td>\n<td data-start=\"1101\" data-end=\"1120\" data-col-size=\"md\">\u201330 bis +10 dBV<\/td>\n<\/tr>\n<tr data-start=\"1121\" data-end=\"1176\">\n<td data-start=\"1121\" data-end=\"1140\" data-col-size=\"sm\"><strong data-start=\"1123\" data-end=\"1139\">Akkulaufzeit<\/strong><\/td>\n<td data-start=\"1140\" data-end=\"1176\" data-col-size=\"md\">bis zu 9 Stunden mit SB900A Akku<\/td>\n<\/tr>\n<tr data-start=\"1177\" data-end=\"1229\">\n<td data-start=\"1177\" data-end=\"1199\" data-col-size=\"sm\"><strong data-start=\"1179\" data-end=\"1198\">Stromversorgung<\/strong><\/td>\n<td data-start=\"1199\" data-end=\"1229\" data-col-size=\"md\">Li-Ion Akku (Shure SB900A)<\/td>\n<\/tr>\n<tr data-start=\"1230\" data-end=\"1300\">\n<td data-start=\"1230\" data-end=\"1256\" data-col-size=\"sm\"><strong data-start=\"1232\" data-end=\"1255\">Display &amp; Steuerung<\/strong><\/td>\n<td data-start=\"1256\" data-end=\"1300\" data-col-size=\"md\">LCD-Display, Einstellkn\u00f6pfe, Status-LEDs<\/td>\n<\/tr>\n<tr data-start=\"1301\" data-end=\"1350\">\n<td data-start=\"1301\" data-end=\"1331\" data-col-size=\"sm\"><strong data-start=\"1303\" data-end=\"1330\">Abmessungen (B \u00d7 H \u00d7 T)<\/strong><\/td>\n<td data-start=\"1331\" data-end=\"1350\" data-col-size=\"md\">67 \u00d7 76 \u00d7 22 mm<\/td>\n<\/tr>\n<tr data-start=\"1351\" data-end=\"1389\">\n<td data-start=\"1351\" data-end=\"1365\" data-col-size=\"sm\"><strong data-start=\"1353\" data-end=\"1364\">Gewicht<\/strong><\/td>\n<td data-start=\"1365\" data-end=\"1389\" data-col-size=\"md\">ca. 125 g (mit Akku)<\/td>\n<\/tr>\n<tr data-start=\"1390\" data-end=\"1458\">\n<td data-start=\"1390\" data-end=\"1407\" data-col-size=\"sm\"><strong data-start=\"1392\" data-end=\"1406\">Anschl\u00fcsse<\/strong><\/td>\n<td data-start=\"1407\" data-end=\"1458\" data-col-size=\"md\">USB (Firmware-Updates), Antennenanschluss (SMA)<\/td>\n<\/tr>\n<tr data-start=\"1459\" data-end=\"1522\">\n<td data-start=\"1459\" data-end=\"1483\" data-col-size=\"sm\"><strong data-start=\"1461\" data-end=\"1482\">Netzwerkf\u00e4higkeit<\/strong><\/td>\n<td data-start=\"1483\" data-end=\"1522\" data-col-size=\"md\">Shure Wireless Workbench-kompatibel<\/td>\n<\/tr>\n<tr data-start=\"1523\" data-end=\"1610\">\n<td data-start=\"1523\" data-end=\"1546\" data-col-size=\"sm\"><strong data-start=\"1525\" data-end=\"1545\">Schutzfunktionen<\/strong><\/td>\n<td data-start=\"1546\" data-end=\"1610\" data-col-size=\"md\">Unterspannungsschutz, Temperaturschutz, \u00dcbersteuerungsschutz<\/td>\n<\/tr>\n<\/tbody>\n<\/table>\n<\/div>\n<\/div>\n","protected":false},"excerpt":{"rendered":"<p>12 vorr\u00e4tig<\/p>\n","protected":false},"featured_media":1453,"template":"","meta":[],"product_brand":[],"product_cat":[23],"product_tag":[],"class_list":{"0":"post-1451","1":"product","2":"type-product","3":"status-publish","4":"has-post-thumbnail","6":"product_cat-wireless","8":"first","9":"instock","10":"taxable","11":"shipping-taxable","12":"purchasable","13":"product-type-simple"},"_links":{"self":[{"href":"https:\/\/as-lightsound.de\/wordpress\/wp-json\/wp\/v2\/product\/1451","targetHints":{"allow":["GET"]}}],"collection":[{"href":"https:\/\/as-lightsound.de\/wordpress\/wp-json\/wp\/v2\/product"}],"about":[{"href":"https:\/\/as-lightsound.de\/wordpress\/wp-json\/wp\/v2\/types\/product"}],"wp:featuredmedia":[{"embeddable":true,"href":"https:\/\/as-lightsound.de\/wordpress\/wp-json\/wp\/v2\/media\/1453"}],"wp:attachment":[{"href":"https:\/\/as-lightsound.de\/wordpress\/wp-json\/wp\/v2\/media?parent=1451"}],"wp:term":[{"taxonomy":"product_brand","embeddable":true,"href":"https:\/\/as-lightsound.de\/wordpress\/wp-json\/wp\/v2\/product_brand?post=1451"},{"taxonomy":"product_cat","embeddable":true,"href":"https:\/\/as-lightsound.de\/wordpress\/wp-json\/wp\/v2\/product_cat?post=1451"},{"taxonomy":"product_tag","embeddable":true,"href":"https:\/\/as-lightsound.de\/wordpress\/wp-json\/wp\/v2\/product_tag?post=1451"}],"curies":[{"name":"wp","href":"https:\/\/api.w.org\/{rel}","templated":true}]}}