{"id":1449,"date":"2024-12-23T18:35:02","date_gmt":"2024-12-23T17:35:02","guid":{"rendered":"https:\/\/as-lightsound.de\/wordpress\/?post_type=product&#038;p=1449"},"modified":"2025-10-08T11:30:27","modified_gmt":"2025-10-08T09:30:27","slug":"shure-ulxd2-beta-58-handsender-h51","status":"publish","type":"product","link":"https:\/\/as-lightsound.de\/wordpress\/product\/shure-ulxd2-beta-58-handsender-h51\/","title":{"rendered":"Shure ULXD2 Beta 58 Handsender H51"},"content":{"rendered":"<p data-start=\"64\" data-end=\"499\">Der <strong data-start=\"68\" data-end=\"91\">Shure ULXD2 Beta 58<\/strong> ist ein digitaler Drahthandsender f\u00fcr professionelle Anwendungen mit Verschl\u00fcsselung und verz\u00f6gerungsfreier Audiodaten\u00fcbertragung. Er nutzt das ULX-D System mit 24-Bit\/48-kHz Technologie und verbindet die klanglichen Eigenschaften des Beta 58 Mikrofons mit digitaler Performance. Dank variabler Ausgangsleistung, robuster Bauweise und Netzwerkf\u00e4higkeit ist er ideal f\u00fcr B\u00fchnen-, TV- und Broadcast-Einsatz.<\/p>\n<hr data-start=\"501\" data-end=\"504\" \/>\n<h3 data-start=\"506\" data-end=\"539\">Technische Daten (Tech Specs)<\/h3>\n<div class=\"_tableContainer_1rjym_1\">\n<div class=\"group _tableWrapper_1rjym_13 flex w-fit flex-col-reverse\" tabindex=\"-1\">\n<table class=\"w-fit min-w-(--thread-content-width)\" data-start=\"541\" data-end=\"1620\">\n<thead data-start=\"541\" data-end=\"559\">\n<tr data-start=\"541\" data-end=\"559\">\n<th data-start=\"541\" data-end=\"551\" data-col-size=\"sm\">Merkmal<\/th>\n<th data-start=\"551\" data-end=\"559\" data-col-size=\"md\">Wert<\/th>\n<\/tr>\n<\/thead>\n<tbody data-start=\"580\" data-end=\"1620\">\n<tr data-start=\"580\" data-end=\"610\">\n<td data-start=\"580\" data-end=\"593\" data-col-size=\"sm\"><strong data-start=\"582\" data-end=\"592\">Modell<\/strong><\/td>\n<td data-start=\"593\" data-end=\"610\" data-col-size=\"md\">ULXD2 Beta 58<\/td>\n<\/tr>\n<tr data-start=\"611\" data-end=\"658\">\n<td data-start=\"611\" data-end=\"630\" data-col-size=\"sm\"><strong data-start=\"613\" data-end=\"629\">Frequenzband<\/strong><\/td>\n<td data-col-size=\"md\" data-start=\"630\" data-end=\"658\">H51 (regionale Variante)<\/td>\n<\/tr>\n<tr data-start=\"659\" data-end=\"712\">\n<td data-start=\"659\" data-end=\"684\" data-col-size=\"sm\"><strong data-start=\"661\" data-end=\"683\">Signalverarbeitung<\/strong><\/td>\n<td data-start=\"684\" data-end=\"712\" data-col-size=\"md\">Digital, 24 Bit \/ 48 kHz<\/td>\n<\/tr>\n<tr data-start=\"713\" data-end=\"740\">\n<td data-start=\"713\" data-end=\"730\" data-col-size=\"sm\"><strong data-start=\"715\" data-end=\"729\">Modulation<\/strong><\/td>\n<td data-start=\"730\" data-end=\"740\" data-col-size=\"md\">64 QAM<\/td>\n<\/tr>\n<tr data-start=\"741\" data-end=\"803\">\n<td data-start=\"741\" data-end=\"766\" data-col-size=\"sm\"><strong data-start=\"743\" data-end=\"765\">Sendeleistung (RF)<\/strong><\/td>\n<td data-col-size=\"md\" data-start=\"766\" data-end=\"803\">1 \/ 10 \/ 20 \/ 50 mW (umschaltbar)<\/td>\n<\/tr>\n<tr data-start=\"804\" data-end=\"849\">\n<td data-start=\"804\" data-end=\"824\" data-col-size=\"sm\"><strong data-start=\"806\" data-end=\"823\">Audio-Dynamik<\/strong><\/td>\n<td data-start=\"824\" data-end=\"849\" data-col-size=\"md\">&gt; 120 dB (A-bewertet)<\/td>\n<\/tr>\n<tr data-start=\"850\" data-end=\"910\">\n<td data-start=\"850\" data-end=\"870\" data-col-size=\"sm\"><strong data-start=\"852\" data-end=\"869\">Rauschabstand<\/strong><\/td>\n<td data-col-size=\"md\" data-start=\"870\" data-end=\"910\">Hoch, f\u00fcr professionelle Anwendungen<\/td>\n<\/tr>\n<tr data-start=\"911\" data-end=\"977\">\n<td data-start=\"911\" data-end=\"925\" data-col-size=\"sm\"><strong data-start=\"913\" data-end=\"924\">Eingang<\/strong><\/td>\n<td data-start=\"925\" data-end=\"977\" data-col-size=\"md\">Integriertes Beta 58 Mikrofonkapsel, XLR-typisch<\/td>\n<\/tr>\n<tr data-start=\"978\" data-end=\"1046\">\n<td data-start=\"978\" data-end=\"1000\" data-col-size=\"sm\"><strong data-start=\"980\" data-end=\"999\">Akku \/ Laufzeit<\/strong><\/td>\n<td data-start=\"1000\" data-end=\"1046\" data-col-size=\"md\">Mit Shure SB900A Akku bis zu ca. 9 Stunden<\/td>\n<\/tr>\n<tr data-start=\"1047\" data-end=\"1097\">\n<td data-start=\"1047\" data-end=\"1069\" data-col-size=\"sm\"><strong data-start=\"1049\" data-end=\"1068\">Stromversorgung<\/strong><\/td>\n<td data-start=\"1069\" data-end=\"1097\" data-col-size=\"md\">Li-Ion Akku (erneuerbar)<\/td>\n<\/tr>\n<tr data-start=\"1098\" data-end=\"1187\">\n<td data-start=\"1098\" data-end=\"1133\" data-col-size=\"sm\"><strong data-start=\"1100\" data-end=\"1132\">Display \/ Benutzeroberfl\u00e4che<\/strong><\/td>\n<td data-start=\"1133\" data-end=\"1187\" data-col-size=\"md\">LCD-Anzeige zur Statuskontrolle, Navigationskn\u00f6pfe<\/td>\n<\/tr>\n<tr data-start=\"1188\" data-end=\"1257\">\n<td data-start=\"1188\" data-end=\"1218\" data-col-size=\"sm\"><strong data-start=\"1190\" data-end=\"1217\">Abmessungen (\u00d8 \u00d7 L\u00e4nge)<\/strong><\/td>\n<td data-col-size=\"md\" data-start=\"1218\" data-end=\"1257\">ca. 51 mm \u00d7 210 mm (je nach Kapsel)<\/td>\n<\/tr>\n<tr data-start=\"1258\" data-end=\"1296\">\n<td data-start=\"1258\" data-end=\"1272\" data-col-size=\"sm\"><strong data-start=\"1260\" data-end=\"1271\">Gewicht<\/strong><\/td>\n<td data-start=\"1272\" data-end=\"1296\" data-col-size=\"md\">ca. 230 g (mit Akku)<\/td>\n<\/tr>\n<tr data-start=\"1297\" data-end=\"1365\">\n<td data-start=\"1297\" data-end=\"1314\" data-col-size=\"sm\"><strong data-start=\"1299\" data-end=\"1313\">Anschl\u00fcsse<\/strong><\/td>\n<td data-start=\"1314\" data-end=\"1365\" data-col-size=\"md\">SMA Antennenanschluss, USB f\u00fcr Firmware-Updates<\/td>\n<\/tr>\n<tr data-start=\"1366\" data-end=\"1458\">\n<td data-start=\"1366\" data-end=\"1393\" data-col-size=\"sm\"><strong data-start=\"1368\" data-end=\"1392\">Netzwerk \/ Steuerung<\/strong><\/td>\n<td data-start=\"1393\" data-end=\"1458\" data-col-size=\"md\">Kompatibel mit Shure Wireless Workbench und Netzwerksteuerung<\/td>\n<\/tr>\n<tr data-start=\"1459\" data-end=\"1548\">\n<td data-start=\"1459\" data-end=\"1482\" data-col-size=\"sm\"><strong data-start=\"1461\" data-end=\"1481\">Schutzfunktionen<\/strong><\/td>\n<td data-start=\"1482\" data-end=\"1548\" data-col-size=\"md\">Unterspannanungsschutz, Temperaturschutz, \u00dcbersteuerungsschutz<\/td>\n<\/tr>\n<tr data-start=\"1549\" data-end=\"1620\">\n<td data-start=\"1549\" data-end=\"1580\" data-col-size=\"sm\"><strong data-start=\"1551\" data-end=\"1579\">\u00dcbersteuerungsfestigkeit<\/strong><\/td>\n<td data-start=\"1580\" data-end=\"1620\" data-col-size=\"md\">Geeignet f\u00fcr hohe SPL (Spitzenpegel)<\/td>\n<\/tr>\n<\/tbody>\n<\/table>\n<\/div>\n<\/div>\n","protected":false},"excerpt":{"rendered":"<p>4 vorr\u00e4tig<\/p>\n","protected":false},"featured_media":1450,"template":"","meta":[],"product_brand":[],"product_cat":[23],"product_tag":[],"class_list":{"0":"post-1449","1":"product","2":"type-product","3":"status-publish","4":"has-post-thumbnail","6":"product_cat-wireless","8":"first","9":"instock","10":"taxable","11":"shipping-taxable","12":"purchasable","13":"product-type-simple"},"_links":{"self":[{"href":"https:\/\/as-lightsound.de\/wordpress\/wp-json\/wp\/v2\/product\/1449","targetHints":{"allow":["GET"]}}],"collection":[{"href":"https:\/\/as-lightsound.de\/wordpress\/wp-json\/wp\/v2\/product"}],"about":[{"href":"https:\/\/as-lightsound.de\/wordpress\/wp-json\/wp\/v2\/types\/product"}],"wp:featuredmedia":[{"embeddable":true,"href":"https:\/\/as-lightsound.de\/wordpress\/wp-json\/wp\/v2\/media\/1450"}],"wp:attachment":[{"href":"https:\/\/as-lightsound.de\/wordpress\/wp-json\/wp\/v2\/media?parent=1449"}],"wp:term":[{"taxonomy":"product_brand","embeddable":true,"href":"https:\/\/as-lightsound.de\/wordpress\/wp-json\/wp\/v2\/product_brand?post=1449"},{"taxonomy":"product_cat","embeddable":true,"href":"https:\/\/as-lightsound.de\/wordpress\/wp-json\/wp\/v2\/product_cat?post=1449"},{"taxonomy":"product_tag","embeddable":true,"href":"https:\/\/as-lightsound.de\/wordpress\/wp-json\/wp\/v2\/product_tag?post=1449"}],"curies":[{"name":"wp","href":"https:\/\/api.w.org\/{rel}","templated":true}]}}