{"id":1445,"date":"2024-12-23T18:31:02","date_gmt":"2024-12-23T17:31:02","guid":{"rendered":"https:\/\/as-lightsound.de\/wordpress\/?post_type=product&#038;p=1445"},"modified":"2025-10-08T11:31:24","modified_gmt":"2025-10-08T09:31:24","slug":"shure-ulxd4q-quad-4-fach-empfaenger-h51","status":"publish","type":"product","link":"https:\/\/as-lightsound.de\/wordpress\/product\/shure-ulxd4q-quad-4-fach-empfaenger-h51\/","title":{"rendered":"Shure ULXD4Q Quad 4-fach-Empf\u00e4nger H51"},"content":{"rendered":"<p data-start=\"88\" data-end=\"596\">Der <strong data-start=\"92\" data-end=\"108\">Shure ULXD4Q<\/strong> ist ein professioneller, digitaler Funkempf\u00e4nger mit vier unabh\u00e4ngigen Kan\u00e4len in einem kompakten 1-Rack-Einheit (1U). Er nutzt das ULX-D-System mit digitaler 24-Bit\/48 kHz-Audio\u00fcbertragung und QPSK-Demodulation, wodurch er zuverl\u00e4ssige Signalqualit\u00e4t, hohe Kanalverdichtung und robuste Performance in anspruchsvollen Umgebungen bietet. Mit vielf\u00e4ltigen Routing-Optionen, Netzwerksteuerung und dualem Diversity-Empfang ist der ULXD4Q ideal f\u00fcr B\u00fchnen-, Tour- und Broadcast-Anwendungen.<\/p>\n<hr data-start=\"598\" data-end=\"601\" \/>\n<h3 data-start=\"603\" data-end=\"636\">Technische Daten (Tech Specs)<\/h3>\n<div class=\"_tableContainer_1rjym_1\">\n<div class=\"group _tableWrapper_1rjym_13 flex w-fit flex-col-reverse\" tabindex=\"-1\">\n<table class=\"w-fit min-w-(--thread-content-width)\" data-start=\"638\" data-end=\"1408\">\n<thead data-start=\"638\" data-end=\"656\">\n<tr data-start=\"638\" data-end=\"656\">\n<th data-start=\"638\" data-end=\"648\" data-col-size=\"sm\">Merkmal<\/th>\n<th data-start=\"648\" data-end=\"656\" data-col-size=\"md\">Wert<\/th>\n<\/tr>\n<\/thead>\n<tbody data-start=\"677\" data-end=\"1408\">\n<tr data-start=\"677\" data-end=\"714\">\n<td data-start=\"677\" data-end=\"690\" data-col-size=\"sm\"><strong data-start=\"679\" data-end=\"689\">Modell<\/strong><\/td>\n<td data-start=\"690\" data-end=\"714\" data-col-size=\"md\">ULXD4Q Quad-Receiver<\/td>\n<\/tr>\n<tr data-start=\"715\" data-end=\"760\">\n<td data-start=\"715\" data-end=\"728\" data-col-size=\"sm\"><strong data-start=\"717\" data-end=\"727\">Kan\u00e4le<\/strong><\/td>\n<td data-start=\"728\" data-end=\"760\" data-col-size=\"md\">4 unabh\u00e4ngige Empfangskan\u00e4le<\/td>\n<\/tr>\n<tr data-start=\"761\" data-end=\"787\">\n<td data-start=\"761\" data-end=\"780\" data-col-size=\"sm\"><strong data-start=\"763\" data-end=\"779\">Frequenzband<\/strong><\/td>\n<td data-col-size=\"md\" data-start=\"780\" data-end=\"787\">H51<\/td>\n<\/tr>\n<tr data-start=\"788\" data-end=\"842\">\n<td data-start=\"788\" data-end=\"813\" data-col-size=\"sm\"><strong data-start=\"790\" data-end=\"812\">Signalverarbeitung<\/strong><\/td>\n<td data-start=\"813\" data-end=\"842\" data-col-size=\"md\">Digital (24 Bit \/ 48 kHz)<\/td>\n<\/tr>\n<tr data-start=\"843\" data-end=\"868\">\n<td data-start=\"843\" data-end=\"860\" data-col-size=\"sm\"><strong data-start=\"845\" data-end=\"859\">Modulation<\/strong><\/td>\n<td data-start=\"860\" data-end=\"868\" data-col-size=\"md\">QPSK<\/td>\n<\/tr>\n<tr data-start=\"869\" data-end=\"917\">\n<td data-start=\"869\" data-end=\"884\" data-col-size=\"sm\"><strong data-start=\"871\" data-end=\"883\">Ausg\u00e4nge<\/strong><\/td>\n<td data-col-size=\"md\" data-start=\"884\" data-end=\"917\">4 \u00d7 symmetrische XLR-Ausg\u00e4nge<\/td>\n<\/tr>\n<tr data-start=\"918\" data-end=\"977\">\n<td data-start=\"918\" data-end=\"939\" data-col-size=\"sm\"><strong data-start=\"920\" data-end=\"938\">Antenneing\u00e4nge<\/strong><\/td>\n<td data-start=\"939\" data-end=\"977\" data-col-size=\"md\">2 \u00d7 N-Buchse pro Kanal (Diversity)<\/td>\n<\/tr>\n<tr data-start=\"978\" data-end=\"1053\">\n<td data-start=\"978\" data-end=\"1005\" data-col-size=\"sm\"><strong data-start=\"980\" data-end=\"1004\">Netzwerk \/ Steuerung<\/strong><\/td>\n<td data-start=\"1005\" data-end=\"1053\" data-col-size=\"md\">Ethernet f\u00fcr Remote-Steuerung und Monitoring<\/td>\n<\/tr>\n<tr data-start=\"1054\" data-end=\"1107\">\n<td data-start=\"1054\" data-end=\"1078\" data-col-size=\"sm\"><strong data-start=\"1056\" data-end=\"1077\">Bandbreitenfilter<\/strong><\/td>\n<td data-start=\"1078\" data-end=\"1107\" data-col-size=\"md\">Schaltbar (Wide \/ Narrow)<\/td>\n<\/tr>\n<tr data-start=\"1108\" data-end=\"1189\">\n<td data-start=\"1108\" data-end=\"1139\" data-col-size=\"sm\"><strong data-start=\"1110\" data-end=\"1138\">Display \/ Bedienelemente<\/strong><\/td>\n<td data-col-size=\"md\" data-start=\"1139\" data-end=\"1189\">LCD mit Men\u00fcf\u00fchrung, Kanalwahl, Statusanzeigen<\/td>\n<\/tr>\n<tr data-start=\"1190\" data-end=\"1241\">\n<td data-start=\"1190\" data-end=\"1220\" data-col-size=\"sm\"><strong data-start=\"1192\" data-end=\"1219\">Abmessungen (B \u00d7 H \u00d7 T)<\/strong><\/td>\n<td data-start=\"1220\" data-end=\"1241\" data-col-size=\"md\">482 \u00d7 44 \u00d7 211 mm<\/td>\n<\/tr>\n<tr data-start=\"1242\" data-end=\"1270\">\n<td data-start=\"1242\" data-end=\"1256\" data-col-size=\"sm\"><strong data-start=\"1244\" data-end=\"1255\">Gewicht<\/strong><\/td>\n<td data-start=\"1256\" data-end=\"1270\" data-col-size=\"md\">ca. 3,8 kg<\/td>\n<\/tr>\n<tr data-start=\"1271\" data-end=\"1318\">\n<td data-start=\"1271\" data-end=\"1293\" data-col-size=\"sm\"><strong data-start=\"1273\" data-end=\"1292\">Stromversorgung<\/strong><\/td>\n<td data-start=\"1293\" data-end=\"1318\" data-col-size=\"md\">100\u2013240 VAC, 50\/60 Hz<\/td>\n<\/tr>\n<tr data-start=\"1319\" data-end=\"1408\">\n<td data-start=\"1319\" data-end=\"1342\" data-col-size=\"sm\"><strong data-start=\"1321\" data-end=\"1341\">Schutzfunktionen<\/strong><\/td>\n<td data-col-size=\"md\" data-start=\"1342\" data-end=\"1408\">Temperatur\u00fcberwachung, \u00dcberspannungs- und Unterspannungsschutz<\/td>\n<\/tr>\n<\/tbody>\n<\/table>\n<\/div>\n<\/div>\n","protected":false},"excerpt":{"rendered":"<p>2 vorr\u00e4tig<\/p>\n","protected":false},"featured_media":1446,"template":"","meta":[],"product_brand":[],"product_cat":[23],"product_tag":[],"class_list":{"0":"post-1445","1":"product","2":"type-product","3":"status-publish","4":"has-post-thumbnail","6":"product_cat-wireless","8":"first","9":"instock","10":"taxable","11":"shipping-taxable","12":"purchasable","13":"product-type-simple"},"_links":{"self":[{"href":"https:\/\/as-lightsound.de\/wordpress\/wp-json\/wp\/v2\/product\/1445","targetHints":{"allow":["GET"]}}],"collection":[{"href":"https:\/\/as-lightsound.de\/wordpress\/wp-json\/wp\/v2\/product"}],"about":[{"href":"https:\/\/as-lightsound.de\/wordpress\/wp-json\/wp\/v2\/types\/product"}],"wp:featuredmedia":[{"embeddable":true,"href":"https:\/\/as-lightsound.de\/wordpress\/wp-json\/wp\/v2\/media\/1446"}],"wp:attachment":[{"href":"https:\/\/as-lightsound.de\/wordpress\/wp-json\/wp\/v2\/media?parent=1445"}],"wp:term":[{"taxonomy":"product_brand","embeddable":true,"href":"https:\/\/as-lightsound.de\/wordpress\/wp-json\/wp\/v2\/product_brand?post=1445"},{"taxonomy":"product_cat","embeddable":true,"href":"https:\/\/as-lightsound.de\/wordpress\/wp-json\/wp\/v2\/product_cat?post=1445"},{"taxonomy":"product_tag","embeddable":true,"href":"https:\/\/as-lightsound.de\/wordpress\/wp-json\/wp\/v2\/product_tag?post=1445"}],"curies":[{"name":"wp","href":"https:\/\/api.w.org\/{rel}","templated":true}]}}