{"id":1440,"date":"2024-12-23T13:01:44","date_gmt":"2024-12-23T12:01:44","guid":{"rendered":"https:\/\/as-lightsound.de\/wordpress\/?post_type=product&#038;p=1440"},"modified":"2025-10-07T08:43:45","modified_gmt":"2025-10-07T06:43:45","slug":"midas-dl155-stagebox","status":"publish","type":"product","link":"https:\/\/as-lightsound.de\/wordpress\/product\/midas-dl155-stagebox\/","title":{"rendered":"Midas DL155 Stagebox"},"content":{"rendered":"<p data-start=\"180\" data-end=\"481\">Die <strong data-start=\"184\" data-end=\"199\">Midas DL155<\/strong> ist eine kompakte digitale I\/O-Erweiterung f\u00fcr Midas PRO-Serie Mischpulte. Mit acht legend\u00e4ren Midas-Mikrofonvorverst\u00e4rkern und acht hochwertigen Line-Ausg\u00e4ngen liefert sie erstklassige Klangqualit\u00e4t und h\u00f6chste Zuverl\u00e4ssigkeit \u2013 ideal f\u00fcr Live-, Touring- und Festinstallationen.<\/p>\n<hr data-start=\"483\" data-end=\"486\" \/>\n<h3 data-start=\"488\" data-end=\"525\"><strong data-start=\"492\" data-end=\"525\">Technische Daten (Tech Specs)<\/strong><\/h3>\n<div class=\"_tableContainer_1rjym_1\">\n<div class=\"group _tableWrapper_1rjym_13 flex w-fit flex-col-reverse\" tabindex=\"-1\">\n<table class=\"w-fit min-w-(--thread-content-width)\" data-start=\"527\" data-end=\"1578\">\n<thead data-start=\"527\" data-end=\"554\">\n<tr data-start=\"527\" data-end=\"554\">\n<th data-start=\"527\" data-end=\"537\" data-col-size=\"sm\">Merkmal<\/th>\n<th data-start=\"537\" data-end=\"554\" data-col-size=\"lg\">Spezifikation<\/th>\n<\/tr>\n<\/thead>\n<tbody data-start=\"578\" data-end=\"1578\">\n<tr data-start=\"578\" data-end=\"634\">\n<td data-start=\"578\" data-end=\"593\" data-col-size=\"sm\"><strong data-start=\"580\" data-end=\"592\">Eing\u00e4nge<\/strong><\/td>\n<td data-start=\"593\" data-end=\"634\" data-col-size=\"lg\">8 \u00d7 XLR (Mic\/Line, Midas PRO Preamps)<\/td>\n<\/tr>\n<tr data-start=\"635\" data-end=\"681\">\n<td data-start=\"635\" data-end=\"650\" data-col-size=\"sm\"><strong data-start=\"637\" data-end=\"649\">Ausg\u00e4nge<\/strong><\/td>\n<td data-col-size=\"lg\" data-start=\"650\" data-end=\"681\">8 \u00d7 XLR (symmetrisch, Line)<\/td>\n<\/tr>\n<tr data-start=\"682\" data-end=\"773\">\n<td data-start=\"682\" data-end=\"702\" data-col-size=\"sm\"><strong data-start=\"684\" data-end=\"701\">Audioqualit\u00e4t<\/strong><\/td>\n<td data-col-size=\"lg\" data-start=\"702\" data-end=\"773\">24 Bit \/ 96 kHz (kompatibel mit Midas PRO-Serie und NEUTRON-Engine)<\/td>\n<\/tr>\n<tr data-start=\"774\" data-end=\"873\">\n<td data-start=\"774\" data-end=\"799\" data-col-size=\"sm\"><strong data-start=\"776\" data-end=\"798\">Signalverarbeitung<\/strong><\/td>\n<td data-start=\"799\" data-end=\"873\" data-col-size=\"lg\">Kein DSP in der Stagebox \u2013 direkte Wandlung f\u00fcr maximale Klangreinheit<\/td>\n<\/tr>\n<tr data-start=\"874\" data-end=\"970\">\n<td data-start=\"874\" data-end=\"895\" data-col-size=\"sm\"><strong data-start=\"876\" data-end=\"894\">Schnittstellen<\/strong><\/td>\n<td data-col-size=\"lg\" data-start=\"895\" data-end=\"970\">Duale AES50-Ports (Primary\/Secondary) f\u00fcr redundante Netzwerkverbindung<\/td>\n<\/tr>\n<tr data-start=\"971\" data-end=\"1047\">\n<td data-start=\"971\" data-end=\"995\" data-col-size=\"sm\"><strong data-start=\"973\" data-end=\"994\">Netzwerkprotokoll<\/strong><\/td>\n<td data-col-size=\"lg\" data-start=\"995\" data-end=\"1047\">AES50 SuperMAC (Low-Latency, 48 In\/Out pro Port)<\/td>\n<\/tr>\n<tr data-start=\"1048\" data-end=\"1113\">\n<td data-start=\"1048\" data-end=\"1070\" data-col-size=\"sm\"><strong data-start=\"1050\" data-end=\"1069\">Erweiterbarkeit<\/strong><\/td>\n<td data-col-size=\"lg\" data-start=\"1070\" data-end=\"1113\">Kaskadierbar mit weiteren DL-Stageboxen<\/td>\n<\/tr>\n<tr data-start=\"1114\" data-end=\"1185\">\n<td data-start=\"1114\" data-end=\"1129\" data-col-size=\"sm\"><strong data-start=\"1116\" data-end=\"1128\">Clocking<\/strong><\/td>\n<td data-start=\"1129\" data-end=\"1185\" data-col-size=\"lg\">Automatische oder manuelle Synchronisation via AES50<\/td>\n<\/tr>\n<tr data-start=\"1186\" data-end=\"1261\">\n<td data-start=\"1186\" data-end=\"1208\" data-col-size=\"sm\"><strong data-start=\"1188\" data-end=\"1207\">Stromversorgung<\/strong><\/td>\n<td data-start=\"1208\" data-end=\"1261\" data-col-size=\"lg\">Internes Universalnetzteil 100\u2013240 V AC, 50\/60 Hz<\/td>\n<\/tr>\n<tr data-start=\"1262\" data-end=\"1321\">\n<td data-start=\"1262\" data-end=\"1276\" data-col-size=\"sm\"><strong data-start=\"1264\" data-end=\"1275\">Geh\u00e4use<\/strong><\/td>\n<td data-col-size=\"lg\" data-start=\"1276\" data-end=\"1321\">19\u2033 Rack, 2 HE, robuste Stahlkonstruktion<\/td>\n<\/tr>\n<tr data-start=\"1322\" data-end=\"1377\">\n<td data-start=\"1322\" data-end=\"1352\" data-col-size=\"sm\"><strong data-start=\"1324\" data-end=\"1351\">Abmessungen (B \u00d7 H \u00d7 T)<\/strong><\/td>\n<td data-col-size=\"lg\" data-start=\"1352\" data-end=\"1377\">ca. 483 \u00d7 88 \u00d7 220 mm<\/td>\n<\/tr>\n<tr data-start=\"1378\" data-end=\"1404\">\n<td data-start=\"1378\" data-end=\"1392\" data-col-size=\"sm\"><strong data-start=\"1380\" data-end=\"1391\">Gewicht<\/strong><\/td>\n<td data-col-size=\"lg\" data-start=\"1392\" data-end=\"1404\">ca. 6 kg<\/td>\n<\/tr>\n<tr data-start=\"1405\" data-end=\"1449\">\n<td data-start=\"1405\" data-end=\"1430\" data-col-size=\"sm\"><strong data-start=\"1407\" data-end=\"1429\">Betriebstemperatur<\/strong><\/td>\n<td data-col-size=\"lg\" data-start=\"1430\" data-end=\"1449\">0 \u00b0C bis +40 \u00b0C<\/td>\n<\/tr>\n<tr data-start=\"1450\" data-end=\"1578\">\n<td data-start=\"1450\" data-end=\"1471\" data-col-size=\"sm\"><strong data-start=\"1452\" data-end=\"1470\">Besonderheiten<\/strong><\/td>\n<td data-start=\"1471\" data-end=\"1578\" data-col-size=\"lg\">8 Midas PRO-Vorverst\u00e4rker, 8 Line-Outs, AES50-Netzwerk, Redundanzf\u00e4higkeit, kompakt und touringtauglich<\/td>\n<\/tr>\n<\/tbody>\n<\/table>\n<\/div>\n<\/div>\n","protected":false},"excerpt":{"rendered":"<p>2 vorr\u00e4tig<\/p>\n","protected":false},"featured_media":1441,"template":"","meta":[],"product_brand":[],"product_cat":[16],"product_tag":[],"class_list":{"0":"post-1440","1":"product","2":"type-product","3":"status-publish","4":"has-post-thumbnail","6":"product_cat-mischpulte","8":"first","9":"instock","10":"taxable","11":"shipping-taxable","12":"purchasable","13":"product-type-simple"},"_links":{"self":[{"href":"https:\/\/as-lightsound.de\/wordpress\/wp-json\/wp\/v2\/product\/1440","targetHints":{"allow":["GET"]}}],"collection":[{"href":"https:\/\/as-lightsound.de\/wordpress\/wp-json\/wp\/v2\/product"}],"about":[{"href":"https:\/\/as-lightsound.de\/wordpress\/wp-json\/wp\/v2\/types\/product"}],"wp:featuredmedia":[{"embeddable":true,"href":"https:\/\/as-lightsound.de\/wordpress\/wp-json\/wp\/v2\/media\/1441"}],"wp:attachment":[{"href":"https:\/\/as-lightsound.de\/wordpress\/wp-json\/wp\/v2\/media?parent=1440"}],"wp:term":[{"taxonomy":"product_brand","embeddable":true,"href":"https:\/\/as-lightsound.de\/wordpress\/wp-json\/wp\/v2\/product_brand?post=1440"},{"taxonomy":"product_cat","embeddable":true,"href":"https:\/\/as-lightsound.de\/wordpress\/wp-json\/wp\/v2\/product_cat?post=1440"},{"taxonomy":"product_tag","embeddable":true,"href":"https:\/\/as-lightsound.de\/wordpress\/wp-json\/wp\/v2\/product_tag?post=1440"}],"curies":[{"name":"wp","href":"https:\/\/api.w.org\/{rel}","templated":true}]}}