{"id":1439,"date":"2024-12-23T12:47:47","date_gmt":"2024-12-23T11:47:47","guid":{"rendered":"https:\/\/as-lightsound.de\/wordpress\/?post_type=product&#038;p=1439"},"modified":"2025-10-09T08:30:56","modified_gmt":"2025-10-09T06:30:56","slug":"chainmaster-d8-1000kg-1t-1875m-hub","status":"publish","type":"product","link":"https:\/\/as-lightsound.de\/wordpress\/product\/chainmaster-d8-1000kg-1t-1875m-hub\/","title":{"rendered":"ChainMaster D8+ 1000kg (1t) 18,75m Hub"},"content":{"rendered":"<p data-start=\"104\" data-end=\"535\">Der <strong data-start=\"108\" data-end=\"135\">ChainMaster D8+ 1000 kg<\/strong> ist ein robust ausgelegter Motorkettenzug mit 1 000 kg Tragkraft und einem Hub von 18,75 m. Er bietet konstante Hebegeschwindigkeit, zuverl\u00e4ssige Sicherheitstechnik und hochwertige Komponenten \u2013 ideal f\u00fcr gro\u00dfformatige Installationen, B\u00fchnen- oder Messeanwendungen. Seine doppelte Bremsanlage, das kompakte Geh\u00e4use und die ausgefeilte Mechanik gew\u00e4hrleisten einen langlebigen und sicheren Betrieb.<\/p>\n<hr data-start=\"537\" data-end=\"540\" \/>\n<h3 data-start=\"542\" data-end=\"575\">Technische Daten (Tech Specs)<\/h3>\n<div class=\"_tableContainer_1rjym_1\">\n<div class=\"group _tableWrapper_1rjym_13 flex w-fit flex-col-reverse\" tabindex=\"-1\">\n<table class=\"w-fit min-w-(--thread-content-width)\" data-start=\"577\" data-end=\"1738\">\n<thead data-start=\"577\" data-end=\"595\">\n<tr data-start=\"577\" data-end=\"595\">\n<th data-start=\"577\" data-end=\"587\" data-col-size=\"sm\">Merkmal<\/th>\n<th data-start=\"587\" data-end=\"595\" data-col-size=\"md\">Wert<\/th>\n<\/tr>\n<\/thead>\n<tbody data-start=\"606\" data-end=\"1738\">\n<tr data-start=\"606\" data-end=\"646\">\n<td data-start=\"606\" data-end=\"619\" data-col-size=\"sm\"><strong data-start=\"608\" data-end=\"618\">Modell<\/strong><\/td>\n<td data-col-size=\"md\" data-start=\"619\" data-end=\"646\">ChainMaster D8+ 1000 kg<\/td>\n<\/tr>\n<tr data-start=\"647\" data-end=\"680\">\n<td data-start=\"647\" data-end=\"668\" data-col-size=\"sm\"><strong data-start=\"649\" data-end=\"667\">Nennlast (SWL)<\/strong><\/td>\n<td data-start=\"668\" data-end=\"680\" data-col-size=\"md\">1 000 kg<\/td>\n<\/tr>\n<tr data-start=\"681\" data-end=\"706\">\n<td data-start=\"681\" data-end=\"695\" data-col-size=\"sm\"><strong data-start=\"683\" data-end=\"694\">Hubh\u00f6he<\/strong><\/td>\n<td data-col-size=\"md\" data-start=\"695\" data-end=\"706\">18,75 m<\/td>\n<\/tr>\n<tr data-start=\"707\" data-end=\"744\">\n<td data-start=\"707\" data-end=\"733\" data-col-size=\"sm\"><strong data-start=\"709\" data-end=\"732\">Hebegeschwindigkeit<\/strong><\/td>\n<td data-start=\"733\" data-end=\"744\" data-col-size=\"md\">4 m\/min<\/td>\n<\/tr>\n<tr data-start=\"745\" data-end=\"808\">\n<td data-start=\"745\" data-end=\"771\" data-col-size=\"sm\"><strong data-start=\"747\" data-end=\"770\">Kettenprofil \/ Norm<\/strong><\/td>\n<td data-start=\"771\" data-end=\"808\" data-col-size=\"md\">7,4 \u00d7 21,1 mm (nach DIN EN 818-7)<\/td>\n<\/tr>\n<tr data-start=\"809\" data-end=\"845\">\n<td data-start=\"809\" data-end=\"829\" data-col-size=\"sm\"><strong data-start=\"811\" data-end=\"828\">Kettengewicht<\/strong><\/td>\n<td data-start=\"829\" data-end=\"845\" data-col-size=\"md\">ca. 1,3 kg\/m<\/td>\n<\/tr>\n<tr data-start=\"846\" data-end=\"901\">\n<td data-start=\"846\" data-end=\"888\" data-col-size=\"sm\"><strong data-start=\"848\" data-end=\"887\">Geh\u00e4usegewicht (ohne Kette &amp; Haken)<\/strong><\/td>\n<td data-col-size=\"md\" data-start=\"888\" data-end=\"901\">ca. 31 kg<\/td>\n<\/tr>\n<tr data-start=\"902\" data-end=\"944\">\n<td data-start=\"902\" data-end=\"920\" data-col-size=\"sm\"><strong data-start=\"904\" data-end=\"919\">Betriebsart<\/strong><\/td>\n<td data-start=\"920\" data-end=\"944\" data-col-size=\"md\">Direktsteuerung (DC)<\/td>\n<\/tr>\n<tr data-start=\"945\" data-end=\"1023\">\n<td data-start=\"945\" data-end=\"963\" data-col-size=\"sm\"><strong data-start=\"947\" data-end=\"962\">Bremsanlage<\/strong><\/td>\n<td data-col-size=\"md\" data-start=\"963\" data-end=\"1023\">2 unabh\u00e4ngige DC-Bremsen (Sicherheits- + Betriebsbremse)<\/td>\n<\/tr>\n<tr data-start=\"1024\" data-end=\"1070\">\n<td data-start=\"1024\" data-end=\"1054\" data-col-size=\"sm\"><strong data-start=\"1026\" data-end=\"1053\">Sicherheitsfaktor Kette<\/strong><\/td>\n<td data-col-size=\"md\" data-start=\"1054\" data-end=\"1070\">8:1 statisch<\/td>\n<\/tr>\n<tr data-start=\"1071\" data-end=\"1118\">\n<td data-start=\"1071\" data-end=\"1087\" data-col-size=\"sm\"><strong data-start=\"1073\" data-end=\"1086\">Schutzart<\/strong><\/td>\n<td data-start=\"1087\" data-end=\"1118\" data-col-size=\"md\">IP55 (optional erweiterbar)<\/td>\n<\/tr>\n<tr data-start=\"1119\" data-end=\"1163\">\n<td data-start=\"1119\" data-end=\"1133\" data-col-size=\"sm\"><strong data-start=\"1121\" data-end=\"1132\">Bauform<\/strong><\/td>\n<td data-start=\"1133\" data-end=\"1163\" data-col-size=\"md\">Aluminium-Druckgussgeh\u00e4use<\/td>\n<\/tr>\n<tr data-start=\"1164\" data-end=\"1222\">\n<td data-start=\"1164\" data-end=\"1184\" data-col-size=\"sm\"><strong data-start=\"1166\" data-end=\"1183\">Betriebsmodus<\/strong><\/td>\n<td data-start=\"1184\" data-end=\"1222\" data-col-size=\"md\">Standard- oder Kletterinstallation<\/td>\n<\/tr>\n<tr data-start=\"1223\" data-end=\"1292\">\n<td data-start=\"1223\" data-end=\"1250\" data-col-size=\"sm\"><strong data-start=\"1225\" data-end=\"1249\">Kopplungsmechanismus<\/strong><\/td>\n<td data-start=\"1250\" data-end=\"1292\" data-col-size=\"md\">Reibungskupplung zur \u00dcberlastsicherung<\/td>\n<\/tr>\n<tr data-start=\"1293\" data-end=\"1348\">\n<td data-start=\"1293\" data-end=\"1314\" data-col-size=\"sm\"><strong data-start=\"1295\" data-end=\"1313\">Steuerspannung<\/strong><\/td>\n<td data-start=\"1314\" data-end=\"1348\" data-col-size=\"md\">Versorgung \u00fcber DC-Steuerger\u00e4t<\/td>\n<\/tr>\n<tr data-start=\"1349\" data-end=\"1398\">\n<td data-start=\"1349\" data-end=\"1377\" data-col-size=\"sm\"><strong data-start=\"1351\" data-end=\"1376\">Geh\u00e4usefarbe \/ Finish<\/strong><\/td>\n<td data-col-size=\"md\" data-start=\"1377\" data-end=\"1398\">Schwarz, RAL 9005<\/td>\n<\/tr>\n<tr data-start=\"1399\" data-end=\"1448\">\n<td data-start=\"1399\" data-end=\"1417\" data-col-size=\"sm\"><strong data-start=\"1401\" data-end=\"1416\">Schallpegel<\/strong><\/td>\n<td data-start=\"1417\" data-end=\"1448\" data-col-size=\"md\">ca. 74 dB(A) in 1 m Abstand<\/td>\n<\/tr>\n<tr data-start=\"1449\" data-end=\"1500\">\n<td data-start=\"1449\" data-end=\"1482\" data-col-size=\"sm\"><strong data-start=\"1451\" data-end=\"1481\">Normklasse \/ Einsatzklasse<\/strong><\/td>\n<td data-col-size=\"md\" data-start=\"1482\" data-end=\"1500\">1Bm (FEM) \/ M3<\/td>\n<\/tr>\n<tr data-start=\"1501\" data-end=\"1570\">\n<td data-start=\"1501\" data-end=\"1538\" data-col-size=\"sm\"><strong data-start=\"1503\" data-end=\"1537\">Stromverbrauch \/ Motorleistung<\/strong><\/td>\n<td data-start=\"1538\" data-end=\"1570\" data-col-size=\"md\">ca. 1,1 kW (3-phasig, 400 V)<\/td>\n<\/tr>\n<tr data-start=\"1571\" data-end=\"1632\">\n<td data-start=\"1571\" data-end=\"1601\" data-col-size=\"sm\"><strong data-start=\"1573\" data-end=\"1600\">Abmessungen (L \u00d7 B \u00d7 H)<\/strong><\/td>\n<td data-start=\"1601\" data-end=\"1632\" data-col-size=\"md\">ca. 415 \u00d7 316 mm (Grundma\u00df)<\/td>\n<\/tr>\n<tr data-start=\"1633\" data-end=\"1738\">\n<td data-start=\"1633\" data-end=\"1658\" data-col-size=\"sm\"><\/td>\n<td data-start=\"1658\" data-end=\"1738\" data-col-size=\"md\"><\/td>\n<\/tr>\n<\/tbody>\n<\/table>\n<\/div>\n<\/div>\n","protected":false},"excerpt":{"rendered":"<p>4 vorr\u00e4tig<\/p>\n","protected":false},"featured_media":1281,"template":"","meta":[],"product_brand":[],"product_cat":[60],"product_tag":[],"class_list":{"0":"post-1439","1":"product","2":"type-product","3":"status-publish","4":"has-post-thumbnail","6":"product_cat-rigging","8":"first","9":"instock","10":"taxable","11":"shipping-taxable","12":"purchasable","13":"product-type-simple"},"_links":{"self":[{"href":"https:\/\/as-lightsound.de\/wordpress\/wp-json\/wp\/v2\/product\/1439","targetHints":{"allow":["GET"]}}],"collection":[{"href":"https:\/\/as-lightsound.de\/wordpress\/wp-json\/wp\/v2\/product"}],"about":[{"href":"https:\/\/as-lightsound.de\/wordpress\/wp-json\/wp\/v2\/types\/product"}],"wp:featuredmedia":[{"embeddable":true,"href":"https:\/\/as-lightsound.de\/wordpress\/wp-json\/wp\/v2\/media\/1281"}],"wp:attachment":[{"href":"https:\/\/as-lightsound.de\/wordpress\/wp-json\/wp\/v2\/media?parent=1439"}],"wp:term":[{"taxonomy":"product_brand","embeddable":true,"href":"https:\/\/as-lightsound.de\/wordpress\/wp-json\/wp\/v2\/product_brand?post=1439"},{"taxonomy":"product_cat","embeddable":true,"href":"https:\/\/as-lightsound.de\/wordpress\/wp-json\/wp\/v2\/product_cat?post=1439"},{"taxonomy":"product_tag","embeddable":true,"href":"https:\/\/as-lightsound.de\/wordpress\/wp-json\/wp\/v2\/product_tag?post=1439"}],"curies":[{"name":"wp","href":"https:\/\/api.w.org\/{rel}","templated":true}]}}