{"id":1386,"date":"2024-07-11T18:43:00","date_gmt":"2024-07-11T16:43:00","guid":{"rendered":"https:\/\/as-lightsound.de\/wordpress\/?post_type=product&#038;p=1386"},"modified":"2024-07-11T18:52:37","modified_gmt":"2024-07-11T16:52:37","slug":"flammenshow","status":"publish","type":"product","link":"https:\/\/as-lightsound.de\/wordpress\/product\/flammenshow\/","title":{"rendered":"Flammenshow \/ Feuershow klein\/gro\u00df"},"content":{"rendered":"<p>Flammenshow \/ Feuershow in allen m\u00f6glichen Gr\u00f6\u00dfen &#8211; ob indoor oder outdoor!<br \/>\nDetails und Preise auf Anfrage.<\/p>\n","protected":false},"excerpt":{"rendered":"<p>Flammenshow \/ Feuershow in allen m\u00f6glichen Gr\u00f6\u00dfen &#8211; ob indoor oder outdoor! Details und Preise auf Anfrage.<\/p>\n","protected":false},"featured_media":1387,"template":"","meta":[],"product_brand":[],"product_cat":[45],"product_tag":[],"class_list":{"0":"post-1386","1":"product","2":"type-product","3":"status-publish","4":"has-post-thumbnail","6":"product_cat-feuer","8":"first","9":"instock","10":"taxable","11":"shipping-taxable","12":"product-type-simple"},"_links":{"self":[{"href":"https:\/\/as-lightsound.de\/wordpress\/wp-json\/wp\/v2\/product\/1386","targetHints":{"allow":["GET"]}}],"collection":[{"href":"https:\/\/as-lightsound.de\/wordpress\/wp-json\/wp\/v2\/product"}],"about":[{"href":"https:\/\/as-lightsound.de\/wordpress\/wp-json\/wp\/v2\/types\/product"}],"wp:featuredmedia":[{"embeddable":true,"href":"https:\/\/as-lightsound.de\/wordpress\/wp-json\/wp\/v2\/media\/1387"}],"wp:attachment":[{"href":"https:\/\/as-lightsound.de\/wordpress\/wp-json\/wp\/v2\/media?parent=1386"}],"wp:term":[{"taxonomy":"product_brand","embeddable":true,"href":"https:\/\/as-lightsound.de\/wordpress\/wp-json\/wp\/v2\/product_brand?post=1386"},{"taxonomy":"product_cat","embeddable":true,"href":"https:\/\/as-lightsound.de\/wordpress\/wp-json\/wp\/v2\/product_cat?post=1386"},{"taxonomy":"product_tag","embeddable":true,"href":"https:\/\/as-lightsound.de\/wordpress\/wp-json\/wp\/v2\/product_tag?post=1386"}],"curies":[{"name":"wp","href":"https:\/\/api.w.org\/{rel}","templated":true}]}}