{"id":1375,"date":"2024-06-22T10:34:32","date_gmt":"2024-06-22T08:34:32","guid":{"rendered":"https:\/\/as-lightsound.de\/wordpress\/?post_type=product&#038;p=1375"},"modified":"2025-10-09T10:40:17","modified_gmt":"2025-10-09T08:40:17","slug":"showven-sparkular-blaster","status":"publish","type":"product","link":"https:\/\/as-lightsound.de\/wordpress\/product\/showven-sparkular-blaster\/","title":{"rendered":"Showven Sparkular Blaster"},"content":{"rendered":"<p data-start=\"80\" data-end=\"389\">Die <strong data-start=\"84\" data-end=\"113\">Showven Sparkular Blaster<\/strong> ist eine innovative, tragbare Spark-Effektmaschine, die beeindruckende Funkenstrahlen ohne echte Flammen erzeugt. Sie ist f\u00fcr B\u00fchneneins\u00e4tze konzipiert und bietet volle Bewegungsfreiheit dank Akku-Betrieb, mehrfacher Sicherheitsmechanismen und flexibler Effektaussteuerung.<\/p>\n<hr data-start=\"391\" data-end=\"394\" \/>\n<h3 data-start=\"396\" data-end=\"429\">Technische Daten (Tech Specs)<\/h3>\n<div class=\"_tableContainer_1rjym_1\">\n<div class=\"group _tableWrapper_1rjym_13 flex w-fit flex-col-reverse\" tabindex=\"-1\">\n<table class=\"w-fit min-w-(--thread-content-width)\" data-start=\"431\" data-end=\"1467\">\n<thead data-start=\"431\" data-end=\"449\">\n<tr data-start=\"431\" data-end=\"449\">\n<th data-start=\"431\" data-end=\"441\" data-col-size=\"sm\">Merkmal<\/th>\n<th data-start=\"441\" data-end=\"449\" data-col-size=\"md\">Wert<\/th>\n<\/tr>\n<\/thead>\n<tbody data-start=\"470\" data-end=\"1467\">\n<tr data-start=\"470\" data-end=\"515\">\n<td data-start=\"470\" data-end=\"494\" data-col-size=\"sm\"><strong data-start=\"472\" data-end=\"493\">Modellbezeichnung<\/strong><\/td>\n<td data-start=\"494\" data-end=\"515\" data-col-size=\"md\">Sparkular Blaster<\/td>\n<\/tr>\n<tr data-start=\"516\" data-end=\"566\">\n<td data-start=\"516\" data-end=\"557\" data-col-size=\"sm\"><strong data-start=\"518\" data-end=\"556\">Leistungsaufnahme (Arbeitsbetrieb)<\/strong><\/td>\n<td data-col-size=\"md\" data-start=\"557\" data-end=\"566\">180 W<\/td>\n<\/tr>\n<tr data-start=\"567\" data-end=\"633\">\n<td data-start=\"567\" data-end=\"605\" data-col-size=\"sm\"><strong data-start=\"569\" data-end=\"604\">Spannungsbereich \/ Netzspannung<\/strong><\/td>\n<td data-col-size=\"md\" data-start=\"605\" data-end=\"633\">AC 100-240 V, 50 \/ 60 Hz<\/td>\n<\/tr>\n<tr data-start=\"634\" data-end=\"672\">\n<td data-start=\"634\" data-end=\"652\" data-col-size=\"sm\"><strong data-start=\"636\" data-end=\"651\">Aufheizzeit<\/strong><\/td>\n<td data-start=\"652\" data-end=\"672\" data-col-size=\"md\">ca. 100 Sekunden<\/td>\n<\/tr>\n<tr data-start=\"673\" data-end=\"713\">\n<td data-start=\"673\" data-end=\"692\" data-col-size=\"sm\"><strong data-start=\"675\" data-end=\"691\">Standby-Zeit<\/strong><\/td>\n<td data-start=\"692\" data-end=\"713\" data-col-size=\"md\">bis zu 90 Minuten<\/td>\n<\/tr>\n<tr data-start=\"714\" data-end=\"790\">\n<td data-start=\"714\" data-end=\"736\" data-col-size=\"sm\"><strong data-start=\"716\" data-end=\"735\">Geh\u00e4usematerial<\/strong><\/td>\n<td data-start=\"736\" data-end=\"790\" data-col-size=\"md\">Verst\u00e4rktes Nylon \/ Kunststoff \u2012 robustes Material<\/td>\n<\/tr>\n<tr data-start=\"791\" data-end=\"823\">\n<td data-start=\"791\" data-end=\"813\" data-col-size=\"sm\"><strong data-start=\"793\" data-end=\"812\">Gewicht (Netto)<\/strong><\/td>\n<td data-start=\"813\" data-end=\"823\" data-col-size=\"md\">3,8 kg<\/td>\n<\/tr>\n<tr data-start=\"824\" data-end=\"875\">\n<td data-start=\"824\" data-end=\"854\" data-col-size=\"sm\"><strong data-start=\"826\" data-end=\"853\">Abmessungen (L \u00d7 B \u00d7 H)<\/strong><\/td>\n<td data-start=\"854\" data-end=\"875\" data-col-size=\"md\">585 \u00d7 270 \u00d7 95 mm<\/td>\n<\/tr>\n<tr data-start=\"876\" data-end=\"942\">\n<td data-start=\"876\" data-end=\"906\" data-col-size=\"sm\"><strong data-start=\"878\" data-end=\"905\">Effekth\u00f6he \/ Reichweite<\/strong><\/td>\n<td data-start=\"906\" data-end=\"942\" data-col-size=\"md\">2 \u2013 4 m (je nach Leistungsstufe)<\/td>\n<\/tr>\n<tr data-start=\"943\" data-end=\"1004\">\n<td data-start=\"943\" data-end=\"963\" data-col-size=\"sm\"><strong data-start=\"945\" data-end=\"962\">Aussto\u00dfwinkel<\/strong><\/td>\n<td data-start=\"963\" data-end=\"1004\" data-col-size=\"md\">Wellenbewegung zwischen +60\u00b0 und \u201315\u00b0<\/td>\n<\/tr>\n<tr data-start=\"1005\" data-end=\"1088\">\n<td data-start=\"1005\" data-end=\"1039\" data-col-size=\"sm\"><strong data-start=\"1007\" data-end=\"1038\">F\u00fcllmenge \/ Hopperkapazit\u00e4t<\/strong><\/td>\n<td data-start=\"1039\" data-end=\"1088\" data-col-size=\"md\">200 g (Sparkular-Pulver, z. B. HC8200 Medium)<\/td>\n<\/tr>\n<tr data-start=\"1089\" data-end=\"1135\">\n<td data-start=\"1089\" data-end=\"1119\" data-col-size=\"sm\"><strong data-start=\"1091\" data-end=\"1118\">Verbrauchsrate (Pulver)<\/strong><\/td>\n<td data-col-size=\"md\" data-start=\"1119\" data-end=\"1135\">ca. 17 g\/min<\/td>\n<\/tr>\n<tr data-start=\"1136\" data-end=\"1208\">\n<td data-start=\"1136\" data-end=\"1164\" data-col-size=\"sm\"><strong data-start=\"1138\" data-end=\"1163\">Sicherheitsfunktionen<\/strong><\/td>\n<td data-start=\"1164\" data-end=\"1208\" data-col-size=\"md\">Armschalter, Dual-Sicherheitsmechanismen<\/td>\n<\/tr>\n<tr data-start=\"1209\" data-end=\"1259\">\n<td data-start=\"1209\" data-end=\"1246\" data-col-size=\"sm\"><strong data-start=\"1211\" data-end=\"1245\">Ger\u00e4uschpegel (Arbeitsbetrieb)<\/strong><\/td>\n<td data-col-size=\"md\" data-start=\"1246\" data-end=\"1259\">ca. 60 dB<\/td>\n<\/tr>\n<tr data-start=\"1260\" data-end=\"1316\">\n<td data-start=\"1260\" data-end=\"1289\" data-col-size=\"sm\"><strong data-start=\"1262\" data-end=\"1288\">Ladezeit \/ Akkubetrieb<\/strong><\/td>\n<td data-start=\"1289\" data-end=\"1316\" data-col-size=\"md\">ca. 40 Minuten Ladezeit<\/td>\n<\/tr>\n<tr data-start=\"1317\" data-end=\"1396\">\n<td data-start=\"1317\" data-end=\"1343\" data-col-size=\"sm\"><strong data-start=\"1319\" data-end=\"1342\">Trigger \/ Steuerung<\/strong><\/td>\n<td data-col-size=\"md\" data-start=\"1343\" data-end=\"1396\">Manuelle Ausl\u00f6sung \u00fcber Abzug \/ Sicherheitssystem<\/td>\n<\/tr>\n<tr data-start=\"1397\" data-end=\"1467\">\n<td data-start=\"1397\" data-end=\"1420\" data-col-size=\"sm\"><strong data-start=\"1399\" data-end=\"1419\">Betriebsumgebung<\/strong><\/td>\n<td data-start=\"1420\" data-end=\"1467\" data-col-size=\"md\">Indoor \/ Outdoor (trocken, nicht bei Regen)<\/td>\n<\/tr>\n<\/tbody>\n<\/table>\n<\/div>\n<\/div>\n","protected":false},"excerpt":{"rendered":"<p>1 vorr\u00e4tig<\/p>\n","protected":false},"featured_media":1376,"template":"","meta":[],"product_brand":[],"product_cat":[45,44],"product_tag":[],"class_list":{"0":"post-1375","1":"product","2":"type-product","3":"status-publish","4":"has-post-thumbnail","6":"product_cat-feuer","7":"product_cat-special-fx","9":"first","10":"instock","11":"taxable","12":"shipping-taxable","13":"purchasable","14":"product-type-simple"},"_links":{"self":[{"href":"https:\/\/as-lightsound.de\/wordpress\/wp-json\/wp\/v2\/product\/1375","targetHints":{"allow":["GET"]}}],"collection":[{"href":"https:\/\/as-lightsound.de\/wordpress\/wp-json\/wp\/v2\/product"}],"about":[{"href":"https:\/\/as-lightsound.de\/wordpress\/wp-json\/wp\/v2\/types\/product"}],"wp:featuredmedia":[{"embeddable":true,"href":"https:\/\/as-lightsound.de\/wordpress\/wp-json\/wp\/v2\/media\/1376"}],"wp:attachment":[{"href":"https:\/\/as-lightsound.de\/wordpress\/wp-json\/wp\/v2\/media?parent=1375"}],"wp:term":[{"taxonomy":"product_brand","embeddable":true,"href":"https:\/\/as-lightsound.de\/wordpress\/wp-json\/wp\/v2\/product_brand?post=1375"},{"taxonomy":"product_cat","embeddable":true,"href":"https:\/\/as-lightsound.de\/wordpress\/wp-json\/wp\/v2\/product_cat?post=1375"},{"taxonomy":"product_tag","embeddable":true,"href":"https:\/\/as-lightsound.de\/wordpress\/wp-json\/wp\/v2\/product_tag?post=1375"}],"curies":[{"name":"wp","href":"https:\/\/api.w.org\/{rel}","templated":true}]}}