{"id":1360,"date":"2024-06-19T09:56:09","date_gmt":"2024-06-19T07:56:09","guid":{"rendered":"https:\/\/as-lightsound.de\/wordpress\/?post_type=product&#038;p=1360"},"modified":"2025-10-08T10:15:29","modified_gmt":"2025-10-08T08:15:29","slug":"proaudio-technology-mt5-2","status":"publish","type":"product","link":"https:\/\/as-lightsound.de\/wordpress\/product\/proaudio-technology-mt5-2\/","title":{"rendered":"ProAudio Technology MT5.2"},"content":{"rendered":"<p data-start=\"72\" data-end=\"645\">Das <strong data-start=\"76\" data-end=\"105\">ProAudio Technology MT5.2<\/strong> ist ein kompaktes, passives Koaxial-Lautsprechersystem f\u00fcr hochwertige Sprach- und Musikwiedergabe. Es kombiniert zwei 5&#8243;-Neodym-Tieft\u00f6ner mit einem 1&#8243;-Kompressionstreiber auf einem 100\u00b0-Horn und bietet dadurch eine gleichm\u00e4\u00dfige Abstrahlung und pr\u00e4zise Klangabbildung. Durch die phasenkoh\u00e4rente Frequenzweiche und das belastbare Design liefert das MT5.2 verzerrungsarmen, klaren Klang auch bei hohen Pegeln. Das robuste, wetterfeste Geh\u00e4use mit vielf\u00e4ltigen Montageoptionen macht es ideal f\u00fcr Festinstallationen und mobile Beschallungen.<\/p>\n<hr data-start=\"647\" data-end=\"650\" \/>\n<h3 data-start=\"652\" data-end=\"685\">Technische Daten (Tech Specs)<\/h3>\n<div class=\"_tableContainer_1rjym_1\">\n<div class=\"group _tableWrapper_1rjym_13 flex w-fit flex-col-reverse\" tabindex=\"-1\">\n<table class=\"w-fit min-w-(--thread-content-width)\" data-start=\"687\" data-end=\"1571\" data-is-last-node=\"\" data-is-only-node=\"\">\n<thead data-start=\"687\" data-end=\"705\">\n<tr data-start=\"687\" data-end=\"705\">\n<th data-start=\"687\" data-end=\"697\" data-col-size=\"sm\">Merkmal<\/th>\n<th data-start=\"697\" data-end=\"705\" data-col-size=\"md\">Wert<\/th>\n<\/tr>\n<\/thead>\n<tbody data-start=\"726\" data-end=\"1571\" data-is-last-node=\"\">\n<tr data-start=\"726\" data-end=\"775\">\n<td data-start=\"726\" data-end=\"736\" data-col-size=\"sm\"><strong data-start=\"728\" data-end=\"735\">Typ<\/strong><\/td>\n<td data-start=\"736\" data-end=\"775\" data-col-size=\"md\">Passives Koaxial-Lautsprechersystem<\/td>\n<\/tr>\n<tr data-start=\"776\" data-end=\"840\">\n<td data-start=\"776\" data-end=\"813\" data-col-size=\"sm\"><strong data-start=\"778\" data-end=\"812\">Best\u00fcckung Tiefton \/ Mittelton<\/strong><\/td>\n<td data-start=\"813\" data-end=\"840\" data-col-size=\"md\">2 \u00d7 5\u2033 Neodym-Tieft\u00f6ner<\/td>\n<\/tr>\n<tr data-start=\"841\" data-end=\"896\">\n<td data-start=\"841\" data-end=\"866\" data-col-size=\"sm\"><strong data-start=\"843\" data-end=\"865\">Best\u00fcckung Hochton<\/strong><\/td>\n<td data-start=\"866\" data-end=\"896\" data-col-size=\"md\">1 \u00d7 1\u2033 Kompressionstreiber<\/td>\n<\/tr>\n<tr data-start=\"897\" data-end=\"941\">\n<td data-start=\"897\" data-end=\"926\" data-col-size=\"sm\"><strong data-start=\"899\" data-end=\"925\">Abstrahlwinkel (h \u00d7 v)<\/strong><\/td>\n<td data-start=\"926\" data-end=\"941\" data-col-size=\"md\">100\u00b0 \u00d7 100\u00b0<\/td>\n<\/tr>\n<tr data-start=\"942\" data-end=\"982\">\n<td data-start=\"942\" data-end=\"964\" data-col-size=\"sm\"><strong data-start=\"944\" data-end=\"963\">Frequenzbereich<\/strong><\/td>\n<td data-start=\"964\" data-end=\"982\" data-col-size=\"md\">70 Hz \u2013 20 kHz<\/td>\n<\/tr>\n<tr data-start=\"983\" data-end=\"1035\">\n<td data-start=\"983\" data-end=\"1016\" data-col-size=\"sm\"><strong data-start=\"985\" data-end=\"1015\">Belastbarkeit (AES \/ Peak)<\/strong><\/td>\n<td data-start=\"1016\" data-end=\"1035\" data-col-size=\"md\">300 W \/ 1.200 W<\/td>\n<\/tr>\n<tr data-start=\"1036\" data-end=\"1079\">\n<td data-start=\"1036\" data-end=\"1058\" data-col-size=\"sm\"><strong data-start=\"1038\" data-end=\"1057\">Empfindlichkeit<\/strong><\/td>\n<td data-start=\"1058\" data-end=\"1079\" data-col-size=\"md\">95 dB (1 W \/ 1 m)<\/td>\n<\/tr>\n<tr data-start=\"1080\" data-end=\"1134\">\n<td data-start=\"1080\" data-end=\"1120\" data-col-size=\"sm\"><strong data-start=\"1082\" data-end=\"1119\">Maximaler Schalldruckpegel (Peak)<\/strong><\/td>\n<td data-start=\"1120\" data-end=\"1134\" data-col-size=\"md\">125 dB SPL<\/td>\n<\/tr>\n<tr data-start=\"1135\" data-end=\"1169\">\n<td data-start=\"1135\" data-end=\"1160\" data-col-size=\"sm\"><strong data-start=\"1137\" data-end=\"1159\">Impedanz (nominal)<\/strong><\/td>\n<td data-start=\"1160\" data-end=\"1169\" data-col-size=\"md\">8 Ohm<\/td>\n<\/tr>\n<tr data-start=\"1170\" data-end=\"1217\">\n<td data-start=\"1170\" data-end=\"1191\" data-col-size=\"sm\"><strong data-start=\"1172\" data-end=\"1190\">Frequenzweiche<\/strong><\/td>\n<td data-start=\"1191\" data-end=\"1217\" data-col-size=\"md\">Passiv, phasenkoh\u00e4rent<\/td>\n<\/tr>\n<tr data-start=\"1218\" data-end=\"1262\">\n<td data-start=\"1218\" data-end=\"1235\" data-col-size=\"sm\"><strong data-start=\"1220\" data-end=\"1234\">Anschl\u00fcsse<\/strong><\/td>\n<td data-start=\"1235\" data-end=\"1262\" data-col-size=\"md\">2 \u00d7 Neutrik SpeakON NL4<\/td>\n<\/tr>\n<tr data-start=\"1263\" data-end=\"1324\">\n<td data-start=\"1263\" data-end=\"1283\" data-col-size=\"sm\"><strong data-start=\"1265\" data-end=\"1282\">Montagepunkte<\/strong><\/td>\n<td data-start=\"1283\" data-end=\"1324\" data-col-size=\"md\">M6 \/ M8 Gewindepunkte auf f\u00fcnf Seiten<\/td>\n<\/tr>\n<tr data-start=\"1325\" data-end=\"1384\">\n<td data-start=\"1325\" data-end=\"1347\" data-col-size=\"sm\"><strong data-start=\"1327\" data-end=\"1346\">Geh\u00e4usematerial<\/strong><\/td>\n<td data-start=\"1347\" data-end=\"1384\" data-col-size=\"md\">Multiplex, wetterfest beschichtet<\/td>\n<\/tr>\n<tr data-start=\"1385\" data-end=\"1467\">\n<td data-start=\"1385\" data-end=\"1403\" data-col-size=\"sm\"><strong data-start=\"1387\" data-end=\"1402\">Frontschutz<\/strong><\/td>\n<td data-start=\"1403\" data-end=\"1467\" data-col-size=\"md\">Perforiertes Stahlgitter mit wasserabweisendem Akustikschaum<\/td>\n<\/tr>\n<tr data-start=\"1468\" data-end=\"1520\">\n<td data-start=\"1468\" data-end=\"1498\" data-col-size=\"sm\"><strong data-start=\"1470\" data-end=\"1497\">Abmessungen (H \u00d7 B \u00d7 T)<\/strong><\/td>\n<td data-start=\"1498\" data-end=\"1520\" data-col-size=\"md\">315 \u00d7 150 \u00d7 209 mm<\/td>\n<\/tr>\n<tr data-start=\"1521\" data-end=\"1547\">\n<td data-start=\"1521\" data-end=\"1535\" data-col-size=\"sm\"><strong data-start=\"1523\" data-end=\"1534\">Gewicht<\/strong><\/td>\n<td data-start=\"1535\" data-end=\"1547\" data-col-size=\"md\">ca. 7 kg<\/td>\n<\/tr>\n<tr data-start=\"1548\" data-end=\"1571\" data-is-last-node=\"\">\n<td data-start=\"1548\" data-end=\"1560\" data-col-size=\"sm\"><strong data-start=\"1550\" data-end=\"1559\">Farbe<\/strong><\/td>\n<td data-start=\"1560\" data-end=\"1571\" data-is-last-node=\"\" data-col-size=\"md\">Schwarz<\/td>\n<\/tr>\n<\/tbody>\n<\/table>\n<\/div>\n<\/div>\n","protected":false},"excerpt":{"rendered":"<p>16 vorr\u00e4tig<\/p>\n","protected":false},"featured_media":1361,"template":"","meta":[],"product_brand":[],"product_cat":[19],"product_tag":[],"class_list":{"0":"post-1360","1":"product","2":"type-product","3":"status-publish","4":"has-post-thumbnail","6":"product_cat-lautsprecher","8":"first","9":"instock","10":"taxable","11":"shipping-taxable","12":"purchasable","13":"product-type-simple"},"_links":{"self":[{"href":"https:\/\/as-lightsound.de\/wordpress\/wp-json\/wp\/v2\/product\/1360","targetHints":{"allow":["GET"]}}],"collection":[{"href":"https:\/\/as-lightsound.de\/wordpress\/wp-json\/wp\/v2\/product"}],"about":[{"href":"https:\/\/as-lightsound.de\/wordpress\/wp-json\/wp\/v2\/types\/product"}],"wp:featuredmedia":[{"embeddable":true,"href":"https:\/\/as-lightsound.de\/wordpress\/wp-json\/wp\/v2\/media\/1361"}],"wp:attachment":[{"href":"https:\/\/as-lightsound.de\/wordpress\/wp-json\/wp\/v2\/media?parent=1360"}],"wp:term":[{"taxonomy":"product_brand","embeddable":true,"href":"https:\/\/as-lightsound.de\/wordpress\/wp-json\/wp\/v2\/product_brand?post=1360"},{"taxonomy":"product_cat","embeddable":true,"href":"https:\/\/as-lightsound.de\/wordpress\/wp-json\/wp\/v2\/product_cat?post=1360"},{"taxonomy":"product_tag","embeddable":true,"href":"https:\/\/as-lightsound.de\/wordpress\/wp-json\/wp\/v2\/product_tag?post=1360"}],"curies":[{"name":"wp","href":"https:\/\/api.w.org\/{rel}","templated":true}]}}