{"id":1353,"date":"2024-06-17T19:32:52","date_gmt":"2024-06-17T17:32:52","guid":{"rendered":"https:\/\/as-lightsound.de\/wordpress\/?post_type=product&#038;p=1353"},"modified":"2025-10-09T11:00:28","modified_gmt":"2025-10-09T09:00:28","slug":"showven-co2-jet-x-c1","status":"publish","type":"product","link":"https:\/\/as-lightsound.de\/wordpress\/product\/showven-co2-jet-x-c1\/","title":{"rendered":"Showven CO2 &#8211; Jet X-C1"},"content":{"rendered":"<p data-start=\"68\" data-end=\"464\">Der <strong data-start=\"72\" data-end=\"96\">Showven CO\u2082 Jet X-C1<\/strong> ist ein leistungsf\u00e4higer B\u00fchnenjet f\u00fcr den vertikalen Aussto\u00df von CO\u2082-Wolken. Er erzeugt beeindruckende Nebeleffekte mit Aussto\u00dfweiten von bis zu ca. 10 Metern, bei kompakter Bauform und vielseitiger Montagef\u00e4higkeit. Steuerbar per DMX oder Direkt-Trigger, l\u00e4sst sich der Jet in zahlreiche Veranstaltungsszenarien integrieren und auch geneigt oder kopf\u00fcber montieren.<\/p>\n<hr data-start=\"466\" data-end=\"469\" \/>\n<h3 data-start=\"471\" data-end=\"504\">Technische Daten (Tech Specs)<\/h3>\n<div class=\"_tableContainer_1rjym_1\">\n<div class=\"group _tableWrapper_1rjym_13 flex w-fit flex-col-reverse\" tabindex=\"-1\">\n<table class=\"w-fit min-w-(--thread-content-width)\" data-start=\"506\" data-end=\"1246\">\n<thead data-start=\"506\" data-end=\"524\">\n<tr data-start=\"506\" data-end=\"524\">\n<th data-start=\"506\" data-end=\"516\" data-col-size=\"sm\">Merkmal<\/th>\n<th data-start=\"516\" data-end=\"524\" data-col-size=\"md\">Wert<\/th>\n<\/tr>\n<\/thead>\n<tbody data-start=\"545\" data-end=\"1246\">\n<tr data-start=\"545\" data-end=\"574\">\n<td data-start=\"545\" data-end=\"558\" data-col-size=\"sm\"><strong data-start=\"547\" data-end=\"557\">Modell<\/strong><\/td>\n<td data-start=\"558\" data-end=\"574\" data-col-size=\"md\">CO\u2082 Jet X-C1<\/td>\n<\/tr>\n<tr data-start=\"575\" data-end=\"628\">\n<td data-start=\"575\" data-end=\"598\" data-col-size=\"sm\"><strong data-start=\"577\" data-end=\"597\">Eingangsspannung<\/strong><\/td>\n<td data-start=\"598\" data-end=\"628\" data-col-size=\"md\">110 V \/ 220 V AC, 50\/60 Hz<\/td>\n<\/tr>\n<tr data-start=\"629\" data-end=\"683\">\n<td data-start=\"629\" data-end=\"653\" data-col-size=\"sm\"><strong data-start=\"631\" data-end=\"652\">Leistungsaufnahme<\/strong><\/td>\n<td data-start=\"653\" data-end=\"683\" data-col-size=\"md\">ca. 24 W (in Arbeitsmodus)<\/td>\n<\/tr>\n<tr data-start=\"684\" data-end=\"723\">\n<td data-start=\"684\" data-end=\"709\" data-col-size=\"sm\"><strong data-start=\"686\" data-end=\"708\">Aussto\u00dfh\u00f6he (max.)<\/strong><\/td>\n<td data-col-size=\"md\" data-start=\"709\" data-end=\"723\">ca. 8\u201310 m<\/td>\n<\/tr>\n<tr data-start=\"724\" data-end=\"780\">\n<td data-start=\"724\" data-end=\"740\" data-col-size=\"sm\"><strong data-start=\"726\" data-end=\"739\">Steuerung<\/strong><\/td>\n<td data-start=\"740\" data-end=\"780\" data-col-size=\"md\">DMX-512 (1 Kanal) oder Direkt ON\/OFF<\/td>\n<\/tr>\n<tr data-start=\"781\" data-end=\"840\">\n<td data-start=\"781\" data-end=\"801\" data-col-size=\"sm\"><strong data-start=\"783\" data-end=\"800\">Auslasswinkel<\/strong><\/td>\n<td data-col-size=\"md\" data-start=\"801\" data-end=\"840\">verstellbar 0\u00b0\u2013180\u00b0 (13 Positionen)<\/td>\n<\/tr>\n<tr data-start=\"841\" data-end=\"890\">\n<td data-start=\"841\" data-end=\"861\" data-col-size=\"sm\"><strong data-start=\"843\" data-end=\"860\">Anschluss CO\u2082<\/strong><\/td>\n<td data-start=\"861\" data-end=\"890\" data-col-size=\"md\">Schnellkupplung DNP G3\/8\u2033<\/td>\n<\/tr>\n<tr data-start=\"891\" data-end=\"938\">\n<td data-start=\"891\" data-end=\"913\" data-col-size=\"sm\"><strong data-start=\"893\" data-end=\"912\">Geh\u00e4usematerial<\/strong><\/td>\n<td data-start=\"913\" data-end=\"938\" data-col-size=\"md\">Edelstahl \/ Aluminium<\/td>\n<\/tr>\n<tr data-start=\"939\" data-end=\"995\">\n<td data-start=\"939\" data-end=\"969\" data-col-size=\"sm\"><strong data-start=\"941\" data-end=\"968\">Abmessungen (B \u00d7 T \u00d7 H)<\/strong><\/td>\n<td data-start=\"969\" data-end=\"995\" data-col-size=\"md\">ca. 285 \u00d7 192 \u00d7 192 mm<\/td>\n<\/tr>\n<tr data-start=\"996\" data-end=\"1022\">\n<td data-start=\"996\" data-end=\"1010\" data-col-size=\"sm\"><strong data-start=\"998\" data-end=\"1009\">Gewicht<\/strong><\/td>\n<td data-col-size=\"md\" data-start=\"1010\" data-end=\"1022\">ca. 5 kg<\/td>\n<\/tr>\n<tr data-start=\"1023\" data-end=\"1114\">\n<td data-start=\"1023\" data-end=\"1049\" data-col-size=\"sm\"><strong data-start=\"1025\" data-end=\"1048\">Sicherheitsmerkmale<\/strong><\/td>\n<td data-start=\"1049\" data-end=\"1114\" data-col-size=\"md\">Flammen\u00fcberwachung (Sicherheitsloop), abschaltbar bei St\u00f6rung<\/td>\n<\/tr>\n<tr data-start=\"1115\" data-end=\"1193\">\n<td data-start=\"1115\" data-end=\"1137\" data-col-size=\"sm\"><strong data-start=\"1117\" data-end=\"1136\">Montageoptionen<\/strong><\/td>\n<td data-start=\"1137\" data-end=\"1193\" data-col-size=\"md\">Bodeneinsatz, geneigte oder kopf\u00fcber Montage m\u00f6glich<\/td>\n<\/tr>\n<tr data-start=\"1194\" data-end=\"1246\">\n<td data-start=\"1194\" data-end=\"1214\" data-col-size=\"sm\"><strong data-start=\"1196\" data-end=\"1213\">Betriebsdruck<\/strong><\/td>\n<td data-start=\"1214\" data-end=\"1246\" data-col-size=\"md\">bis ca. 60 bar (Systemdruck)<\/td>\n<\/tr>\n<\/tbody>\n<\/table>\n<\/div>\n<\/div>\n","protected":false},"excerpt":{"rendered":"<p>8 vorr\u00e4tig<\/p>\n","protected":false},"featured_media":1354,"template":"","meta":[],"product_brand":[],"product_cat":[47,44],"product_tag":[],"class_list":{"0":"post-1353","1":"product","2":"type-product","3":"status-publish","4":"has-post-thumbnail","6":"product_cat-co2-nebel","7":"product_cat-special-fx","9":"first","10":"instock","11":"taxable","12":"shipping-taxable","13":"purchasable","14":"product-type-simple"},"_links":{"self":[{"href":"https:\/\/as-lightsound.de\/wordpress\/wp-json\/wp\/v2\/product\/1353","targetHints":{"allow":["GET"]}}],"collection":[{"href":"https:\/\/as-lightsound.de\/wordpress\/wp-json\/wp\/v2\/product"}],"about":[{"href":"https:\/\/as-lightsound.de\/wordpress\/wp-json\/wp\/v2\/types\/product"}],"wp:featuredmedia":[{"embeddable":true,"href":"https:\/\/as-lightsound.de\/wordpress\/wp-json\/wp\/v2\/media\/1354"}],"wp:attachment":[{"href":"https:\/\/as-lightsound.de\/wordpress\/wp-json\/wp\/v2\/media?parent=1353"}],"wp:term":[{"taxonomy":"product_brand","embeddable":true,"href":"https:\/\/as-lightsound.de\/wordpress\/wp-json\/wp\/v2\/product_brand?post=1353"},{"taxonomy":"product_cat","embeddable":true,"href":"https:\/\/as-lightsound.de\/wordpress\/wp-json\/wp\/v2\/product_cat?post=1353"},{"taxonomy":"product_tag","embeddable":true,"href":"https:\/\/as-lightsound.de\/wordpress\/wp-json\/wp\/v2\/product_tag?post=1353"}],"curies":[{"name":"wp","href":"https:\/\/api.w.org\/{rel}","templated":true}]}}