{"id":1339,"date":"2024-04-26T11:07:11","date_gmt":"2024-04-26T09:07:11","guid":{"rendered":"https:\/\/as-lightsound.de\/wordpress\/?post_type=product&#038;p=1339"},"modified":"2025-10-07T10:09:32","modified_gmt":"2025-10-07T08:09:32","slug":"soundcraft-epm6","status":"publish","type":"product","link":"https:\/\/as-lightsound.de\/wordpress\/product\/soundcraft-epm6\/","title":{"rendered":"Soundcraft EPM6"},"content":{"rendered":"<p data-start=\"179\" data-end=\"609\">Das <strong data-start=\"183\" data-end=\"202\">Soundcraft EPM6<\/strong> ist ein hochwertiges, kompaktes <strong data-start=\"235\" data-end=\"254\">Analogmischpult<\/strong> f\u00fcr Live-, Studio- und Installationsanwendungen. Es \u00fcberzeugt durch seine hervorragende Klangqualit\u00e4t, den klassischen Soundcraft-Vorverst\u00e4rker und eine \u00fcbersichtliche, intuitive Bedienoberfl\u00e4che. Mit sechs Monokan\u00e4len, zwei Stereo-Eing\u00e4ngen und professioneller Signalverarbeitung bietet das EPM6 alles, was f\u00fcr klare, pr\u00e4zise Mischungen ben\u00f6tigt wird.<\/p>\n<hr data-start=\"611\" data-end=\"614\" \/>\n<h3 data-start=\"616\" data-end=\"653\"><strong data-start=\"620\" data-end=\"653\">Technische Daten (Tech Specs)<\/strong><\/h3>\n<div class=\"_tableContainer_1rjym_1\">\n<div class=\"group _tableWrapper_1rjym_13 flex w-fit flex-col-reverse\" tabindex=\"-1\">\n<table class=\"w-fit min-w-(--thread-content-width)\" data-start=\"655\" data-end=\"1815\">\n<thead data-start=\"655\" data-end=\"682\">\n<tr data-start=\"655\" data-end=\"682\">\n<th data-start=\"655\" data-end=\"665\" data-col-size=\"sm\">Merkmal<\/th>\n<th data-start=\"665\" data-end=\"682\" data-col-size=\"lg\">Spezifikation<\/th>\n<\/tr>\n<\/thead>\n<tbody data-start=\"706\" data-end=\"1815\">\n<tr data-start=\"706\" data-end=\"798\">\n<td data-start=\"706\" data-end=\"728\" data-col-size=\"sm\"><strong data-start=\"708\" data-end=\"727\">Eing\u00e4nge (Mono)<\/strong><\/td>\n<td data-start=\"728\" data-end=\"798\" data-col-size=\"lg\">6 \u00d7 Mic\/Line (XLR + Klinke) mit hochwertigen Soundcraft-GP-Preamps<\/td>\n<\/tr>\n<tr data-start=\"799\" data-end=\"859\">\n<td data-start=\"799\" data-end=\"823\" data-col-size=\"sm\"><strong data-start=\"801\" data-end=\"822\">Eing\u00e4nge (Stereo)<\/strong><\/td>\n<td data-start=\"823\" data-end=\"859\" data-col-size=\"lg\">2 \u00d7 Stereokan\u00e4le (6,3 mm Klinke)<\/td>\n<\/tr>\n<tr data-start=\"860\" data-end=\"930\">\n<td data-start=\"860\" data-end=\"882\" data-col-size=\"sm\"><strong data-start=\"862\" data-end=\"881\">Ausg\u00e4nge (Main)<\/strong><\/td>\n<td data-start=\"882\" data-end=\"930\" data-col-size=\"lg\">2 \u00d7 XLR (L\/R), 1 \u00d7 Kopfh\u00f6rer (6,3 mm Klinke)<\/td>\n<\/tr>\n<tr data-start=\"931\" data-end=\"974\">\n<td data-start=\"931\" data-end=\"951\" data-col-size=\"sm\"><strong data-start=\"933\" data-end=\"950\">Insert Points<\/strong><\/td>\n<td data-start=\"951\" data-end=\"974\" data-col-size=\"lg\">Pro Monokanal (TRS)<\/td>\n<\/tr>\n<tr data-start=\"975\" data-end=\"1049\">\n<td data-start=\"975\" data-end=\"998\" data-col-size=\"sm\"><strong data-start=\"977\" data-end=\"997\">EQ (Mono-Kan\u00e4le)<\/strong><\/td>\n<td data-start=\"998\" data-end=\"1049\" data-col-size=\"lg\">3-Band-EQ mit parametrischen Mitten (sweepable)<\/td>\n<\/tr>\n<tr data-start=\"1050\" data-end=\"1104\">\n<td data-start=\"1050\" data-end=\"1075\" data-col-size=\"sm\"><strong data-start=\"1052\" data-end=\"1074\">EQ (Stereo-Kan\u00e4le)<\/strong><\/td>\n<td data-start=\"1075\" data-end=\"1104\" data-col-size=\"lg\">2-Band-EQ (H\u00f6hen, Tiefen)<\/td>\n<\/tr>\n<tr data-start=\"1105\" data-end=\"1147\">\n<td data-start=\"1105\" data-end=\"1121\" data-col-size=\"sm\"><strong data-start=\"1107\" data-end=\"1120\">Aux Sends<\/strong><\/td>\n<td data-start=\"1121\" data-end=\"1147\" data-col-size=\"lg\">2 (post\/pre schaltbar)<\/td>\n<\/tr>\n<tr data-start=\"1148\" data-end=\"1211\">\n<td data-start=\"1148\" data-end=\"1174\" data-col-size=\"sm\"><strong data-start=\"1150\" data-end=\"1173\">FX Return \/ Tape In<\/strong><\/td>\n<td data-start=\"1174\" data-end=\"1211\" data-col-size=\"lg\">Stereo-Return + Cinch Tape In\/Out<\/td>\n<\/tr>\n<tr data-start=\"1212\" data-end=\"1256\">\n<td data-start=\"1212\" data-end=\"1232\" data-col-size=\"sm\"><strong data-start=\"1214\" data-end=\"1231\">Pegelanzeigen<\/strong><\/td>\n<td data-start=\"1232\" data-end=\"1256\" data-col-size=\"lg\">10-Segment-LED-Meter<\/td>\n<\/tr>\n<tr data-start=\"1257\" data-end=\"1297\">\n<td data-start=\"1257\" data-end=\"1279\" data-col-size=\"sm\"><strong data-start=\"1259\" data-end=\"1278\">Phantomspeisung<\/strong><\/td>\n<td data-start=\"1279\" data-end=\"1297\" data-col-size=\"lg\">48 V schaltbar<\/td>\n<\/tr>\n<tr data-start=\"1298\" data-end=\"1335\">\n<td data-start=\"1298\" data-end=\"1310\" data-col-size=\"sm\"><strong data-start=\"1300\" data-end=\"1309\">Fader<\/strong><\/td>\n<td data-start=\"1310\" data-end=\"1335\" data-col-size=\"lg\">60 mm Pr\u00e4zisionsfader<\/td>\n<\/tr>\n<tr data-start=\"1336\" data-end=\"1409\">\n<td data-start=\"1336\" data-end=\"1359\" data-col-size=\"sm\"><strong data-start=\"1338\" data-end=\"1358\">Kopfh\u00f6rerausgang<\/strong><\/td>\n<td data-start=\"1359\" data-end=\"1409\" data-col-size=\"lg\">6,3 mm Stereo-Klinke mit regelbarer Lautst\u00e4rke<\/td>\n<\/tr>\n<tr data-start=\"1410\" data-end=\"1462\">\n<td data-start=\"1410\" data-end=\"1432\" data-col-size=\"sm\"><strong data-start=\"1412\" data-end=\"1431\">Stromversorgung<\/strong><\/td>\n<td data-start=\"1432\" data-end=\"1462\" data-col-size=\"lg\">Intern (Netzanschluss IEC)<\/td>\n<\/tr>\n<tr data-start=\"1463\" data-end=\"1515\">\n<td data-start=\"1463\" data-end=\"1489\" data-col-size=\"sm\"><strong data-start=\"1465\" data-end=\"1488\">Spannungsversorgung<\/strong><\/td>\n<td data-start=\"1489\" data-end=\"1515\" data-col-size=\"lg\">100\u2013240 V AC, 50\/60 Hz<\/td>\n<\/tr>\n<tr data-start=\"1516\" data-end=\"1552\">\n<td data-start=\"1516\" data-end=\"1540\" data-col-size=\"sm\"><strong data-start=\"1518\" data-end=\"1539\">Leistungsaufnahme<\/strong><\/td>\n<td data-start=\"1540\" data-end=\"1552\" data-col-size=\"lg\">ca. 20 W<\/td>\n<\/tr>\n<tr data-start=\"1553\" data-end=\"1586\">\n<td data-start=\"1553\" data-end=\"1569\" data-col-size=\"sm\"><strong data-start=\"1555\" data-end=\"1568\">Schutzart<\/strong><\/td>\n<td data-start=\"1569\" data-end=\"1586\" data-col-size=\"lg\">IP20 (Indoor)<\/td>\n<\/tr>\n<tr data-start=\"1587\" data-end=\"1638\">\n<td data-start=\"1587\" data-end=\"1617\" data-col-size=\"sm\"><strong data-start=\"1589\" data-end=\"1616\">Abmessungen (B \u00d7 H \u00d7 T)<\/strong><\/td>\n<td data-start=\"1617\" data-end=\"1638\" data-col-size=\"lg\">330 \u00d7 90 \u00d7 362 mm<\/td>\n<\/tr>\n<tr data-start=\"1639\" data-end=\"1667\">\n<td data-start=\"1639\" data-end=\"1653\" data-col-size=\"sm\"><strong data-start=\"1641\" data-end=\"1652\">Gewicht<\/strong><\/td>\n<td data-start=\"1653\" data-end=\"1667\" data-col-size=\"lg\">ca. 4,3 kg<\/td>\n<\/tr>\n<tr data-start=\"1668\" data-end=\"1815\">\n<td data-start=\"1668\" data-end=\"1689\" data-col-size=\"sm\"><strong data-start=\"1670\" data-end=\"1688\">Besonderheiten<\/strong><\/td>\n<td data-start=\"1689\" data-end=\"1815\" data-col-size=\"lg\">6 hochwertige Mic-Preamps, 3-Band-EQ mit parametrischen Mitten, 2 Aux-Wege, robuste Metallkonstruktion, einfache Bedienung<\/td>\n<\/tr>\n<\/tbody>\n<\/table>\n<\/div>\n<\/div>\n","protected":false},"excerpt":{"rendered":"<p>1 vorr\u00e4tig<\/p>\n","protected":false},"featured_media":1340,"template":"","meta":[],"product_brand":[],"product_cat":[16],"product_tag":[],"class_list":{"0":"post-1339","1":"product","2":"type-product","3":"status-publish","4":"has-post-thumbnail","6":"product_cat-mischpulte","8":"first","9":"instock","10":"taxable","11":"shipping-taxable","12":"purchasable","13":"product-type-simple"},"_links":{"self":[{"href":"https:\/\/as-lightsound.de\/wordpress\/wp-json\/wp\/v2\/product\/1339","targetHints":{"allow":["GET"]}}],"collection":[{"href":"https:\/\/as-lightsound.de\/wordpress\/wp-json\/wp\/v2\/product"}],"about":[{"href":"https:\/\/as-lightsound.de\/wordpress\/wp-json\/wp\/v2\/types\/product"}],"wp:featuredmedia":[{"embeddable":true,"href":"https:\/\/as-lightsound.de\/wordpress\/wp-json\/wp\/v2\/media\/1340"}],"wp:attachment":[{"href":"https:\/\/as-lightsound.de\/wordpress\/wp-json\/wp\/v2\/media?parent=1339"}],"wp:term":[{"taxonomy":"product_brand","embeddable":true,"href":"https:\/\/as-lightsound.de\/wordpress\/wp-json\/wp\/v2\/product_brand?post=1339"},{"taxonomy":"product_cat","embeddable":true,"href":"https:\/\/as-lightsound.de\/wordpress\/wp-json\/wp\/v2\/product_cat?post=1339"},{"taxonomy":"product_tag","embeddable":true,"href":"https:\/\/as-lightsound.de\/wordpress\/wp-json\/wp\/v2\/product_tag?post=1339"}],"curies":[{"name":"wp","href":"https:\/\/api.w.org\/{rel}","templated":true}]}}