{"id":1335,"date":"2024-04-19T19:56:09","date_gmt":"2024-04-19T17:56:09","guid":{"rendered":"https:\/\/as-lightsound.de\/wordpress\/?post_type=product&#038;p=1335"},"modified":"2025-10-09T13:10:17","modified_gmt":"2025-10-09T11:10:17","slug":"defender-nano-kabelbruecke","status":"publish","type":"product","link":"https:\/\/as-lightsound.de\/wordpress\/product\/defender-nano-kabelbruecke\/","title":{"rendered":"Defender Nano Kabelbr\u00fccke"},"content":{"rendered":"<p data-start=\"62\" data-end=\"519\">Die <strong data-start=\"66\" data-end=\"95\">Defender Nano Kabelbr\u00fccke<\/strong> bietet eine flache, robuste Schutzl\u00f6sung f\u00fcr Kabel in Veranstaltungsbereichen, Messehallen oder tempor\u00e4ren Installationen. Sie besitzt mehrere enge Kan\u00e4le zur strukturierten F\u00fchrung von Leitungen und ist so konzipiert, dass sie auch von Personen mit Rollst\u00fchlen oder leichten Fahrzeugen \u00fcberfahren werden kann. Das Material ist best\u00e4ndig gegen\u00fcber \u00d6l, S\u00e4uren und Benzin, und die Konstruktion weist eine hohe Traglast auf.<\/p>\n<div class=\"_tableContainer_1rjym_1\">\n<div class=\"group _tableWrapper_1rjym_13 flex w-fit flex-col-reverse\" tabindex=\"-1\">\n<table class=\"w-fit min-w-(--thread-content-width)\" data-start=\"521\" data-end=\"1014\">\n<thead data-start=\"521\" data-end=\"556\">\n<tr data-start=\"521\" data-end=\"556\">\n<th data-start=\"521\" data-end=\"544\" data-col-size=\"sm\"><strong data-start=\"523\" data-end=\"543\">Technische Daten<\/strong><\/th>\n<th data-start=\"544\" data-end=\"556\" data-col-size=\"md\"><strong data-start=\"546\" data-end=\"554\">Wert<\/strong><\/th>\n<\/tr>\n<\/thead>\n<tbody data-start=\"595\" data-end=\"1014\">\n<tr data-start=\"595\" data-end=\"625\">\n<td data-start=\"595\" data-end=\"614\" data-col-size=\"sm\">Typ \/ Ausf\u00fchrung<\/td>\n<td data-start=\"614\" data-end=\"625\" data-col-size=\"md\">6-Kanal<\/td>\n<\/tr>\n<tr data-start=\"626\" data-end=\"652\">\n<td data-start=\"626\" data-end=\"640\" data-col-size=\"sm\">Gesamtl\u00e4nge<\/td>\n<td data-start=\"640\" data-end=\"652\" data-col-size=\"md\">1.010 mm<\/td>\n<\/tr>\n<tr data-start=\"653\" data-end=\"678\">\n<td data-start=\"653\" data-end=\"668\" data-col-size=\"sm\">Gesamtbreite<\/td>\n<td data-col-size=\"md\" data-start=\"668\" data-end=\"678\">285 mm<\/td>\n<\/tr>\n<tr data-start=\"679\" data-end=\"695\">\n<td data-start=\"679\" data-end=\"686\" data-col-size=\"sm\">H\u00f6he<\/td>\n<td data-start=\"686\" data-end=\"695\" data-col-size=\"md\">32 mm<\/td>\n<\/tr>\n<tr data-start=\"696\" data-end=\"748\">\n<td data-start=\"696\" data-end=\"724\" data-col-size=\"sm\">Kanalquerschnitt je Kanal<\/td>\n<td data-start=\"724\" data-end=\"748\" data-col-size=\"md\">17 \u00d7 18 \/ 17 \u00d7 19 mm<\/td>\n<\/tr>\n<tr data-start=\"749\" data-end=\"801\">\n<td data-start=\"749\" data-end=\"765\" data-col-size=\"sm\">Belastbarkeit<\/td>\n<td data-start=\"765\" data-end=\"801\" data-col-size=\"md\">ca. 2.000 kg \/ Fl\u00e4che 20 \u00d7 20 cm<\/td>\n<\/tr>\n<tr data-start=\"802\" data-end=\"839\">\n<td data-start=\"802\" data-end=\"813\" data-col-size=\"sm\">Material<\/td>\n<td data-start=\"813\" data-end=\"839\" data-col-size=\"md\">Polyurethan (PU) \/ TPU<\/td>\n<\/tr>\n<tr data-start=\"840\" data-end=\"881\">\n<td data-start=\"840\" data-end=\"860\" data-col-size=\"sm\">Temperaturbereich<\/td>\n<td data-start=\"860\" data-end=\"881\" data-col-size=\"md\">\u201330 \u00b0C bis +60 \u00b0C<\/td>\n<\/tr>\n<tr data-start=\"882\" data-end=\"908\">\n<td data-start=\"882\" data-end=\"902\" data-col-size=\"sm\">Brandschutzklasse<\/td>\n<td data-start=\"902\" data-end=\"908\" data-col-size=\"md\">B2<\/td>\n<\/tr>\n<tr data-start=\"909\" data-end=\"934\">\n<td data-start=\"909\" data-end=\"919\" data-col-size=\"sm\">Gewicht<\/td>\n<td data-start=\"919\" data-end=\"934\" data-col-size=\"md\">ca. 4,37 kg<\/td>\n<\/tr>\n<tr data-start=\"935\" data-end=\"1014\">\n<td data-start=\"935\" data-end=\"962\" data-col-size=\"sm\">Chemikalienbest\u00e4ndigkeit<\/td>\n<td data-start=\"962\" data-end=\"1014\" data-col-size=\"md\">best\u00e4ndig gegen \u00d6l, S\u00e4ure, L\u00f6sungsmittel, Benzin<\/td>\n<\/tr>\n<\/tbody>\n<\/table>\n<\/div>\n<\/div>\n","protected":false},"excerpt":{"rendered":"<p>60 vorr\u00e4tig<\/p>\n","protected":false},"featured_media":1929,"template":"","meta":[],"product_brand":[],"product_cat":[76],"product_tag":[],"class_list":{"0":"post-1335","1":"product","2":"type-product","3":"status-publish","4":"has-post-thumbnail","6":"product_cat-sonstiges-allgemein","8":"first","9":"instock","10":"taxable","11":"shipping-taxable","12":"purchasable","13":"product-type-simple"},"_links":{"self":[{"href":"https:\/\/as-lightsound.de\/wordpress\/wp-json\/wp\/v2\/product\/1335","targetHints":{"allow":["GET"]}}],"collection":[{"href":"https:\/\/as-lightsound.de\/wordpress\/wp-json\/wp\/v2\/product"}],"about":[{"href":"https:\/\/as-lightsound.de\/wordpress\/wp-json\/wp\/v2\/types\/product"}],"wp:featuredmedia":[{"embeddable":true,"href":"https:\/\/as-lightsound.de\/wordpress\/wp-json\/wp\/v2\/media\/1929"}],"wp:attachment":[{"href":"https:\/\/as-lightsound.de\/wordpress\/wp-json\/wp\/v2\/media?parent=1335"}],"wp:term":[{"taxonomy":"product_brand","embeddable":true,"href":"https:\/\/as-lightsound.de\/wordpress\/wp-json\/wp\/v2\/product_brand?post=1335"},{"taxonomy":"product_cat","embeddable":true,"href":"https:\/\/as-lightsound.de\/wordpress\/wp-json\/wp\/v2\/product_cat?post=1335"},{"taxonomy":"product_tag","embeddable":true,"href":"https:\/\/as-lightsound.de\/wordpress\/wp-json\/wp\/v2\/product_tag?post=1335"}],"curies":[{"name":"wp","href":"https:\/\/api.w.org\/{rel}","templated":true}]}}