{"id":1327,"date":"2024-04-19T19:44:11","date_gmt":"2024-04-19T17:44:11","guid":{"rendered":"https:\/\/as-lightsound.de\/wordpress\/?post_type=product&#038;p=1327"},"modified":"2025-10-09T13:13:13","modified_gmt":"2025-10-09T11:13:13","slug":"icom-pro-p180la-schallschlauch-ohrhoerer-mikrofon-mit-ptt-tarnset","status":"publish","type":"product","link":"https:\/\/as-lightsound.de\/wordpress\/product\/icom-pro-p180la-schallschlauch-ohrhoerer-mikrofon-mit-ptt-tarnset\/","title":{"rendered":"Icom Pro-P180LA Schallschlauch-Ohrh\u00f6rer-Mikrofon mit PTT \/ Tarnset"},"content":{"rendered":"<p data-start=\"80\" data-end=\"566\">Das <strong data-start=\"84\" data-end=\"103\">Icom PRO-P180LA<\/strong> ist ein kombiniertes Schallschlauch-Ohrh\u00f6rer-Mikrofonsystem mit integriertem Push-to-Talk-Schalter, konzipiert f\u00fcr diskrete Kommunikation in sicherheits-, ordnungs- und eventtechnischen Eins\u00e4tzen. Es besteht aus einem transparenten Schallschlauch, In-Ear-H\u00f6rer mit Gummifl\u00fcgeln und einem kleinen Ansteckmikrofon mit PTT-Taste und Clipbefestigung. Das Set ist als Tarnl\u00f6sung ausgelegt, sodass es unauff\u00e4llig getragen werden kann, ohne Aufmerksamkeit zu erregen.<\/p>\n<div class=\"_tableContainer_1rjym_1\">\n<div class=\"group _tableWrapper_1rjym_13 flex w-fit flex-col-reverse\" tabindex=\"-1\">\n<table class=\"w-fit min-w-(--thread-content-width)\" data-start=\"568\" data-end=\"1123\">\n<thead data-start=\"568\" data-end=\"603\">\n<tr data-start=\"568\" data-end=\"603\">\n<th data-start=\"568\" data-end=\"591\" data-col-size=\"sm\"><strong data-start=\"570\" data-end=\"590\">Technische Daten<\/strong><\/th>\n<th data-start=\"591\" data-end=\"603\" data-col-size=\"sm\"><strong data-start=\"593\" data-end=\"601\">Wert<\/strong><\/th>\n<\/tr>\n<\/thead>\n<tbody data-start=\"643\" data-end=\"1123\">\n<tr data-start=\"643\" data-end=\"680\">\n<td data-start=\"643\" data-end=\"653\" data-col-size=\"sm\">Stecker<\/td>\n<td data-start=\"653\" data-end=\"680\" data-col-size=\"sm\">2-Pin (ICOM-kompatibel)<\/td>\n<\/tr>\n<tr data-start=\"681\" data-end=\"738\">\n<td data-start=\"681\" data-end=\"699\" data-col-size=\"sm\">Ohrh\u00f6rerprinzip<\/td>\n<td data-start=\"699\" data-end=\"738\" data-col-size=\"sm\">Schallschlauch \/ In-Ear Kombination<\/td>\n<\/tr>\n<tr data-start=\"739\" data-end=\"775\">\n<td data-start=\"739\" data-end=\"761\" data-col-size=\"sm\">Schallschlauchl\u00e4nge<\/td>\n<td data-start=\"761\" data-end=\"775\" data-col-size=\"sm\">ca. 120 cm<\/td>\n<\/tr>\n<tr data-start=\"776\" data-end=\"811\">\n<td data-start=\"776\" data-end=\"787\" data-col-size=\"sm\">Mikrofon<\/td>\n<td data-start=\"787\" data-end=\"811\" data-col-size=\"sm\">Elektret-Kondensator<\/td>\n<\/tr>\n<tr data-start=\"812\" data-end=\"857\">\n<td data-start=\"812\" data-end=\"827\" data-col-size=\"sm\">PTT-Schalter<\/td>\n<td data-start=\"827\" data-end=\"857\" data-col-size=\"sm\">Inline mit Clipbefestigung<\/td>\n<\/tr>\n<tr data-start=\"858\" data-end=\"919\">\n<td data-start=\"858\" data-end=\"883\" data-col-size=\"sm\">Anschlussleitung L\u00e4nge<\/td>\n<td data-start=\"883\" data-end=\"919\" data-col-size=\"sm\">ca. 60 cm (vom Ohrh\u00f6rer zum PTT)<\/td>\n<\/tr>\n<tr data-start=\"920\" data-end=\"957\">\n<td data-start=\"920\" data-end=\"939\" data-col-size=\"sm\">Fl\u00fcgelausf\u00fchrung<\/td>\n<td data-start=\"939\" data-end=\"957\" data-col-size=\"sm\">mehrere Gr\u00f6\u00dfen<\/td>\n<\/tr>\n<tr data-start=\"958\" data-end=\"990\">\n<td data-start=\"958\" data-end=\"978\" data-col-size=\"sm\">Impedanz Ohrh\u00f6rer<\/td>\n<td data-start=\"978\" data-end=\"990\" data-col-size=\"sm\">ca. 32 \u03a9<\/td>\n<\/tr>\n<tr data-start=\"991\" data-end=\"1036\">\n<td data-start=\"991\" data-end=\"1018\" data-col-size=\"sm\">Empfindlichkeit Ohrh\u00f6rer<\/td>\n<td data-start=\"1018\" data-end=\"1036\" data-col-size=\"sm\">\u2013 20 dB \u00b1 3 dB<\/td>\n<\/tr>\n<tr data-start=\"1037\" data-end=\"1087\">\n<td data-start=\"1037\" data-end=\"1064\" data-col-size=\"sm\">Frequenzbereich Ohrh\u00f6rer<\/td>\n<td data-start=\"1064\" data-end=\"1087\" data-col-size=\"sm\">300 Hz bis 3.000 Hz<\/td>\n<\/tr>\n<tr data-start=\"1088\" data-end=\"1123\">\n<td data-start=\"1088\" data-end=\"1111\" data-col-size=\"sm\">Gewicht (ohne Kabel)<\/td>\n<td data-start=\"1111\" data-end=\"1123\" data-col-size=\"sm\">ca. 10 g<\/td>\n<\/tr>\n<\/tbody>\n<\/table>\n<\/div>\n<\/div>\n","protected":false},"excerpt":{"rendered":"<p>12 vorr\u00e4tig<\/p>\n","protected":false},"featured_media":1328,"template":"","meta":[],"product_brand":[],"product_cat":[76],"product_tag":[],"class_list":{"0":"post-1327","1":"product","2":"type-product","3":"status-publish","4":"has-post-thumbnail","6":"product_cat-sonstiges-allgemein","8":"first","9":"instock","10":"taxable","11":"shipping-taxable","12":"purchasable","13":"product-type-simple"},"_links":{"self":[{"href":"https:\/\/as-lightsound.de\/wordpress\/wp-json\/wp\/v2\/product\/1327","targetHints":{"allow":["GET"]}}],"collection":[{"href":"https:\/\/as-lightsound.de\/wordpress\/wp-json\/wp\/v2\/product"}],"about":[{"href":"https:\/\/as-lightsound.de\/wordpress\/wp-json\/wp\/v2\/types\/product"}],"wp:featuredmedia":[{"embeddable":true,"href":"https:\/\/as-lightsound.de\/wordpress\/wp-json\/wp\/v2\/media\/1328"}],"wp:attachment":[{"href":"https:\/\/as-lightsound.de\/wordpress\/wp-json\/wp\/v2\/media?parent=1327"}],"wp:term":[{"taxonomy":"product_brand","embeddable":true,"href":"https:\/\/as-lightsound.de\/wordpress\/wp-json\/wp\/v2\/product_brand?post=1327"},{"taxonomy":"product_cat","embeddable":true,"href":"https:\/\/as-lightsound.de\/wordpress\/wp-json\/wp\/v2\/product_cat?post=1327"},{"taxonomy":"product_tag","embeddable":true,"href":"https:\/\/as-lightsound.de\/wordpress\/wp-json\/wp\/v2\/product_tag?post=1327"}],"curies":[{"name":"wp","href":"https:\/\/api.w.org\/{rel}","templated":true}]}}