{"id":1301,"date":"2024-02-06T21:13:01","date_gmt":"2024-02-06T20:13:01","guid":{"rendered":"https:\/\/as-lightsound.de\/wordpress\/?post_type=product&#038;p=1301"},"modified":"2025-10-08T11:31:54","modified_gmt":"2025-10-08T09:31:54","slug":"dpa-core-4488-headset-niere","status":"publish","type":"product","link":"https:\/\/as-lightsound.de\/wordpress\/product\/dpa-core-4488-headset-niere\/","title":{"rendered":"DPA Core 4488 Headset Niere"},"content":{"rendered":"<p data-start=\"92\" data-end=\"682\">Das <strong data-start=\"96\" data-end=\"121\">DPA 4488 CORE Headset<\/strong> ist ein hochwertiges, professionelles Headset-Mikrofon mit Nierencharakteristik, entwickelt f\u00fcr Sprach- und Gesangsanwendungen auf B\u00fchne, im Broadcast oder im Corporate-Bereich. Dank der pr\u00e4zisen Richtcharakteristik bietet es exzellente Sprachverst\u00e4ndlichkeit und R\u00fcckkopplungssicherheit. Die integrierte CORE-by-DPA-Technologie sorgt f\u00fcr erweiterten Dynamikumfang, geringe Verzerrung und nat\u00fcrliche Klangwiedergabe selbst bei hohen Pegeln. Das leichte, ergonomische Design und die robuste Mechanik gew\u00e4hrleisten hohen Tragekomfort auch bei langen Eins\u00e4tzen.<\/p>\n<hr data-start=\"684\" data-end=\"687\" \/>\n<h3 data-start=\"689\" data-end=\"722\">Technische Daten (Tech Specs)<\/h3>\n<div class=\"_tableContainer_1rjym_1\">\n<div class=\"group _tableWrapper_1rjym_13 flex w-fit flex-col-reverse\" tabindex=\"-1\">\n<table class=\"w-fit min-w-(--thread-content-width)\" data-start=\"724\" data-end=\"1571\">\n<thead data-start=\"724\" data-end=\"742\">\n<tr data-start=\"724\" data-end=\"742\">\n<th data-start=\"724\" data-end=\"734\" data-col-size=\"sm\">Merkmal<\/th>\n<th data-start=\"734\" data-end=\"742\" data-col-size=\"md\">Wert<\/th>\n<\/tr>\n<\/thead>\n<tbody data-start=\"763\" data-end=\"1571\">\n<tr data-start=\"763\" data-end=\"801\">\n<td data-start=\"763\" data-end=\"776\" data-col-size=\"sm\"><strong data-start=\"765\" data-end=\"775\">Modell<\/strong><\/td>\n<td data-start=\"776\" data-end=\"801\" data-col-size=\"md\">DPA 4488 CORE Headset<\/td>\n<\/tr>\n<tr data-start=\"802\" data-end=\"848\">\n<td data-start=\"802\" data-end=\"828\" data-col-size=\"sm\"><strong data-start=\"804\" data-end=\"827\">Richtcharakteristik<\/strong><\/td>\n<td data-start=\"828\" data-end=\"848\" data-col-size=\"md\">Niere (Cardioid)<\/td>\n<\/tr>\n<tr data-start=\"849\" data-end=\"889\">\n<td data-start=\"849\" data-end=\"871\" data-col-size=\"sm\"><strong data-start=\"851\" data-end=\"870\">Frequenzbereich<\/strong><\/td>\n<td data-start=\"871\" data-end=\"889\" data-col-size=\"md\">20 Hz \u2013 20 kHz<\/td>\n<\/tr>\n<tr data-start=\"890\" data-end=\"932\">\n<td data-start=\"890\" data-end=\"912\" data-col-size=\"sm\"><strong data-start=\"892\" data-end=\"911\">Empfindlichkeit<\/strong><\/td>\n<td data-start=\"912\" data-end=\"932\" data-col-size=\"md\">-44 dB re 1 V\/Pa<\/td>\n<\/tr>\n<tr data-start=\"933\" data-end=\"978\">\n<td data-start=\"933\" data-end=\"966\" data-col-size=\"sm\"><strong data-start=\"935\" data-end=\"965\">\u00c4quivalentes Eigenrauschen<\/strong><\/td>\n<td data-start=\"966\" data-end=\"978\" data-col-size=\"md\">26 dB(A)<\/td>\n<\/tr>\n<tr data-start=\"979\" data-end=\"1032\">\n<td data-start=\"979\" data-end=\"1018\" data-col-size=\"sm\"><strong data-start=\"981\" data-end=\"1017\">Maximaler Schalldruckpegel (SPL)<\/strong><\/td>\n<td data-start=\"1018\" data-end=\"1032\" data-col-size=\"md\">144 dB SPL<\/td>\n<\/tr>\n<tr data-start=\"1033\" data-end=\"1063\">\n<td data-start=\"1033\" data-end=\"1053\" data-col-size=\"sm\"><strong data-start=\"1035\" data-end=\"1052\">Dynamikumfang<\/strong><\/td>\n<td data-start=\"1053\" data-end=\"1063\" data-col-size=\"md\">118 dB<\/td>\n<\/tr>\n<tr data-start=\"1064\" data-end=\"1104\">\n<td data-start=\"1064\" data-end=\"1080\" data-col-size=\"sm\"><strong data-start=\"1066\" data-end=\"1079\">Kapseltyp<\/strong><\/td>\n<td data-start=\"1080\" data-end=\"1104\" data-col-size=\"md\">Elektret-Kondensator<\/td>\n<\/tr>\n<tr data-start=\"1105\" data-end=\"1139\">\n<td data-start=\"1105\" data-end=\"1128\" data-col-size=\"sm\"><strong data-start=\"1107\" data-end=\"1127\">Ausgangsimpedanz<\/strong><\/td>\n<td data-start=\"1128\" data-end=\"1139\" data-col-size=\"md\">30\u201340 \u03a9<\/td>\n<\/tr>\n<tr data-start=\"1140\" data-end=\"1214\">\n<td data-start=\"1140\" data-end=\"1166\" data-col-size=\"sm\"><strong data-start=\"1142\" data-end=\"1165\">Versorgungsspannung<\/strong><\/td>\n<td data-start=\"1166\" data-end=\"1214\" data-col-size=\"md\">5\u201310 V DC (\u00fcber Adapter oder Drahtlossender)<\/td>\n<\/tr>\n<tr data-start=\"1215\" data-end=\"1271\">\n<td data-start=\"1215\" data-end=\"1230\" data-col-size=\"sm\"><strong data-start=\"1217\" data-end=\"1229\">Kabeltyp<\/strong><\/td>\n<td data-start=\"1230\" data-end=\"1271\" data-col-size=\"md\">1,2 mm Doppelisolierung, austauschbar<\/td>\n<\/tr>\n<tr data-start=\"1272\" data-end=\"1340\">\n<td data-start=\"1272\" data-end=\"1289\" data-col-size=\"sm\"><strong data-start=\"1274\" data-end=\"1288\">Steckertyp<\/strong><\/td>\n<td data-start=\"1289\" data-end=\"1340\" data-col-size=\"md\">je nach Ausf\u00fchrung (MicroDot, Lemo, TA4F, etc.)<\/td>\n<\/tr>\n<tr data-start=\"1341\" data-end=\"1388\">\n<td data-start=\"1341\" data-end=\"1361\" data-col-size=\"sm\"><strong data-start=\"1343\" data-end=\"1360\">B\u00fcgelmaterial<\/strong><\/td>\n<td data-start=\"1361\" data-end=\"1388\" data-col-size=\"md\">Federstahl, beschichtet<\/td>\n<\/tr>\n<tr data-start=\"1389\" data-end=\"1447\">\n<td data-start=\"1389\" data-end=\"1401\" data-col-size=\"sm\"><strong data-start=\"1391\" data-end=\"1400\">Farbe<\/strong><\/td>\n<td data-start=\"1401\" data-end=\"1447\" data-col-size=\"md\">Beige, Schwarz oder Braun (modellabh\u00e4ngig)<\/td>\n<\/tr>\n<tr data-start=\"1448\" data-end=\"1488\">\n<td data-start=\"1448\" data-end=\"1462\" data-col-size=\"sm\"><strong data-start=\"1450\" data-end=\"1461\">Gewicht<\/strong><\/td>\n<td data-start=\"1462\" data-end=\"1488\" data-col-size=\"md\">ca. 14 g (inkl. Kabel)<\/td>\n<\/tr>\n<tr data-start=\"1489\" data-end=\"1571\">\n<td data-start=\"1489\" data-end=\"1507\" data-col-size=\"sm\"><strong data-start=\"1491\" data-end=\"1506\">Technologie<\/strong><\/td>\n<td data-start=\"1507\" data-end=\"1571\" data-col-size=\"md\">DPA CORE \u2013 erweiterter Dynamikbereich, reduzierte Verzerrung<\/td>\n<\/tr>\n<\/tbody>\n<\/table>\n<\/div>\n<\/div>\n","protected":false},"excerpt":{"rendered":"<p>8 vorr\u00e4tig<\/p>\n","protected":false},"featured_media":1302,"template":"","meta":[],"product_brand":[],"product_cat":[23],"product_tag":[],"class_list":{"0":"post-1301","1":"product","2":"type-product","3":"status-publish","4":"has-post-thumbnail","6":"product_cat-wireless","8":"first","9":"instock","10":"taxable","11":"shipping-taxable","12":"purchasable","13":"product-type-simple"},"_links":{"self":[{"href":"https:\/\/as-lightsound.de\/wordpress\/wp-json\/wp\/v2\/product\/1301","targetHints":{"allow":["GET"]}}],"collection":[{"href":"https:\/\/as-lightsound.de\/wordpress\/wp-json\/wp\/v2\/product"}],"about":[{"href":"https:\/\/as-lightsound.de\/wordpress\/wp-json\/wp\/v2\/types\/product"}],"wp:featuredmedia":[{"embeddable":true,"href":"https:\/\/as-lightsound.de\/wordpress\/wp-json\/wp\/v2\/media\/1302"}],"wp:attachment":[{"href":"https:\/\/as-lightsound.de\/wordpress\/wp-json\/wp\/v2\/media?parent=1301"}],"wp:term":[{"taxonomy":"product_brand","embeddable":true,"href":"https:\/\/as-lightsound.de\/wordpress\/wp-json\/wp\/v2\/product_brand?post=1301"},{"taxonomy":"product_cat","embeddable":true,"href":"https:\/\/as-lightsound.de\/wordpress\/wp-json\/wp\/v2\/product_cat?post=1301"},{"taxonomy":"product_tag","embeddable":true,"href":"https:\/\/as-lightsound.de\/wordpress\/wp-json\/wp\/v2\/product_tag?post=1301"}],"curies":[{"name":"wp","href":"https:\/\/api.w.org\/{rel}","templated":true}]}}