{"id":1299,"date":"2024-02-05T09:33:15","date_gmt":"2024-02-05T08:33:15","guid":{"rendered":"https:\/\/as-lightsound.de\/wordpress\/?post_type=product&#038;p=1299"},"modified":"2025-10-08T11:32:45","modified_gmt":"2025-10-08T09:32:45","slug":"shure-ad4qe-a-digital-empfaenger-4-fach","status":"publish","type":"product","link":"https:\/\/as-lightsound.de\/wordpress\/product\/shure-ad4qe-a-digital-empfaenger-4-fach\/","title":{"rendered":"Shure AD4QE A-Band Digital-Empf\u00e4nger, 4-fach"},"content":{"rendered":"<p data-start=\"59\" data-end=\"572\">Der <strong data-start=\"63\" data-end=\"85\">Shure AD4QE A Band<\/strong> ist ein professioneller Vierkanal-Empf\u00e4nger der Axient Digital Serie, entwickelt f\u00fcr h\u00f6chste Anspr\u00fcche an Klangqualit\u00e4t, Zuverl\u00e4ssigkeit und Frequenzmanagement. Er bietet 24-Bit\/48 kHz-Signalverarbeitung, extrem niedrige Latenz und erweiterte Netzwerkf\u00e4higkeit \u00fcber Dante und Ethernet. Mit seiner robusten Metallkonstruktion und intuitiven Bedienoberfl\u00e4che ist der AD4QE A Band die zentrale Schaltstelle f\u00fcr komplexe drahtlose Audio-Setups im Touring-, Broadcast- und Theater-Bereich.<\/p>\n<hr data-start=\"574\" data-end=\"577\" \/>\n<h3 data-start=\"579\" data-end=\"612\">Technische Daten (Tech Specs)<\/h3>\n<div class=\"_tableContainer_1rjym_1\">\n<div class=\"group _tableWrapper_1rjym_13 flex w-fit flex-col-reverse\" tabindex=\"-1\">\n<table class=\"w-fit min-w-(--thread-content-width)\" data-start=\"614\" data-end=\"1771\">\n<thead data-start=\"614\" data-end=\"632\">\n<tr data-start=\"614\" data-end=\"632\">\n<th data-start=\"614\" data-end=\"624\" data-col-size=\"sm\">Merkmal<\/th>\n<th data-start=\"624\" data-end=\"632\" data-col-size=\"md\">Wert<\/th>\n<\/tr>\n<\/thead>\n<tbody data-start=\"653\" data-end=\"1771\">\n<tr data-start=\"653\" data-end=\"688\">\n<td data-start=\"653\" data-end=\"666\" data-col-size=\"sm\"><strong data-start=\"655\" data-end=\"665\">Modell<\/strong><\/td>\n<td data-start=\"666\" data-end=\"688\" data-col-size=\"md\">Shure AD4QE A Band<\/td>\n<\/tr>\n<tr data-start=\"689\" data-end=\"719\">\n<td data-start=\"689\" data-end=\"701\" data-col-size=\"sm\"><strong data-start=\"691\" data-end=\"700\">Serie<\/strong><\/td>\n<td data-start=\"701\" data-end=\"719\" data-col-size=\"md\">Axient Digital<\/td>\n<\/tr>\n<tr data-start=\"720\" data-end=\"774\">\n<td data-start=\"720\" data-end=\"733\" data-col-size=\"sm\"><strong data-start=\"722\" data-end=\"732\">Kan\u00e4le<\/strong><\/td>\n<td data-start=\"733\" data-end=\"774\" data-col-size=\"md\">4 unabh\u00e4ngige digitale Empfangskan\u00e4le<\/td>\n<\/tr>\n<tr data-start=\"775\" data-end=\"820\">\n<td data-start=\"775\" data-end=\"803\" data-col-size=\"sm\"><strong data-start=\"777\" data-end=\"802\">Frequenzband (A Band)<\/strong><\/td>\n<td data-start=\"803\" data-end=\"820\" data-col-size=\"md\">470 \u2013 636 MHz<\/td>\n<\/tr>\n<tr data-start=\"821\" data-end=\"873\">\n<td data-start=\"821\" data-end=\"846\" data-col-size=\"sm\"><strong data-start=\"823\" data-end=\"845\">Signalverarbeitung<\/strong><\/td>\n<td data-start=\"846\" data-end=\"873\" data-col-size=\"md\">24 Bit \/ 48 kHz digital<\/td>\n<\/tr>\n<tr data-start=\"874\" data-end=\"939\">\n<td data-start=\"874\" data-end=\"894\" data-col-size=\"sm\"><strong data-start=\"876\" data-end=\"893\">Empfangsmodus<\/strong><\/td>\n<td data-start=\"894\" data-end=\"939\" data-col-size=\"md\">True Digital Diversity, QPSK-Demodulation<\/td>\n<\/tr>\n<tr data-start=\"940\" data-end=\"1016\">\n<td data-start=\"940\" data-end=\"960\" data-col-size=\"sm\"><strong data-start=\"942\" data-end=\"959\">Audioausg\u00e4nge<\/strong><\/td>\n<td data-start=\"960\" data-end=\"1016\" data-col-size=\"md\">4 \u00d7 XLR (analog), 2 \u00d7 AES3 (digital), Dante-Netzwerk<\/td>\n<\/tr>\n<tr data-start=\"1017\" data-end=\"1100\">\n<td data-start=\"1017\" data-end=\"1044\" data-col-size=\"sm\"><strong data-start=\"1019\" data-end=\"1043\">Netzwerk \/ Steuerung<\/strong><\/td>\n<td data-start=\"1044\" data-end=\"1100\" data-col-size=\"md\">Ethernet, Dante, Shure Wireless Workbench kompatibel<\/td>\n<\/tr>\n<tr data-start=\"1101\" data-end=\"1124\">\n<td data-start=\"1101\" data-end=\"1114\" data-col-size=\"sm\"><strong data-start=\"1103\" data-end=\"1113\">Latenz<\/strong><\/td>\n<td data-start=\"1114\" data-end=\"1124\" data-col-size=\"md\">&lt; 2 ms<\/td>\n<\/tr>\n<tr data-start=\"1125\" data-end=\"1155\">\n<td data-start=\"1125\" data-end=\"1145\" data-col-size=\"sm\"><strong data-start=\"1127\" data-end=\"1144\">Dynamikumfang<\/strong><\/td>\n<td data-start=\"1145\" data-end=\"1155\" data-col-size=\"md\">120 dB<\/td>\n<\/tr>\n<tr data-start=\"1156\" data-end=\"1192\">\n<td data-start=\"1156\" data-end=\"1180\" data-col-size=\"sm\"><strong data-start=\"1158\" data-end=\"1179\">Klirrfaktor (THD)<\/strong><\/td>\n<td data-start=\"1180\" data-end=\"1192\" data-col-size=\"md\">&lt; 0,02 %<\/td>\n<\/tr>\n<tr data-start=\"1193\" data-end=\"1238\">\n<td data-start=\"1193\" data-end=\"1213\" data-col-size=\"sm\"><strong data-start=\"1195\" data-end=\"1212\">Rauschabstand<\/strong><\/td>\n<td data-start=\"1213\" data-end=\"1238\" data-col-size=\"md\">&gt; 120 dB (A-bewertet)<\/td>\n<\/tr>\n<tr data-start=\"1239\" data-end=\"1293\">\n<td data-start=\"1239\" data-end=\"1260\" data-col-size=\"sm\"><strong data-start=\"1241\" data-end=\"1259\">Antenneing\u00e4nge<\/strong><\/td>\n<td data-start=\"1260\" data-end=\"1293\" data-col-size=\"md\">2 \u00d7 N-Buchse (diversityf\u00e4hig)<\/td>\n<\/tr>\n<tr data-start=\"1294\" data-end=\"1380\">\n<td data-start=\"1294\" data-end=\"1319\" data-col-size=\"sm\"><strong data-start=\"1296\" data-end=\"1318\">Frequenzmanagement<\/strong><\/td>\n<td data-start=\"1319\" data-end=\"1380\" data-col-size=\"md\">Automatische Frequenzkoordination, Interferenz\u00fcberwachung<\/td>\n<\/tr>\n<tr data-start=\"1381\" data-end=\"1475\">\n<td data-start=\"1381\" data-end=\"1407\" data-col-size=\"sm\"><strong data-start=\"1383\" data-end=\"1406\">Display \/ Bedienung<\/strong><\/td>\n<td data-start=\"1407\" data-end=\"1475\" data-col-size=\"md\">Farb-LCD mit Status- und HF-Anzeige, frontseitige Bedienelemente<\/td>\n<\/tr>\n<tr data-start=\"1476\" data-end=\"1526\">\n<td data-start=\"1476\" data-end=\"1498\" data-col-size=\"sm\"><strong data-start=\"1478\" data-end=\"1497\">Stromversorgung<\/strong><\/td>\n<td data-start=\"1498\" data-end=\"1526\" data-col-size=\"md\">100 \u2013 240 V AC, 50\/60 Hz<\/td>\n<\/tr>\n<tr data-start=\"1527\" data-end=\"1585\">\n<td data-start=\"1527\" data-end=\"1557\" data-col-size=\"sm\"><strong data-start=\"1529\" data-end=\"1556\">Abmessungen (B \u00d7 H \u00d7 T)<\/strong><\/td>\n<td data-start=\"1557\" data-end=\"1585\" data-col-size=\"md\">482 \u00d7 44 \u00d7 409 mm (1 HE)<\/td>\n<\/tr>\n<tr data-start=\"1586\" data-end=\"1614\">\n<td data-start=\"1586\" data-end=\"1600\" data-col-size=\"sm\"><strong data-start=\"1588\" data-end=\"1599\">Gewicht<\/strong><\/td>\n<td data-start=\"1600\" data-end=\"1614\" data-col-size=\"md\">ca. 4,8 kg<\/td>\n<\/tr>\n<tr data-start=\"1615\" data-end=\"1655\">\n<td data-start=\"1615\" data-end=\"1629\" data-col-size=\"sm\"><strong data-start=\"1617\" data-end=\"1628\">Geh\u00e4use<\/strong><\/td>\n<td data-start=\"1629\" data-end=\"1655\" data-col-size=\"md\">Ganzmetall-Rackgeh\u00e4use<\/td>\n<\/tr>\n<tr data-start=\"1656\" data-end=\"1710\">\n<td data-start=\"1656\" data-end=\"1670\" data-col-size=\"sm\"><strong data-start=\"1658\" data-end=\"1669\">K\u00fchlung<\/strong><\/td>\n<td data-start=\"1670\" data-end=\"1710\" data-col-size=\"md\">Geregelte L\u00fcfter f\u00fcr Langzeitbetrieb<\/td>\n<\/tr>\n<tr data-start=\"1711\" data-end=\"1771\">\n<td data-start=\"1711\" data-end=\"1735\" data-col-size=\"sm\"><strong data-start=\"1713\" data-end=\"1734\">Kompatible Sender<\/strong><\/td>\n<td data-start=\"1735\" data-end=\"1771\" data-col-size=\"md\">Shure AD1, AD2, ADX1, ADX2 u. a.<\/td>\n<\/tr>\n<\/tbody>\n<\/table>\n<\/div>\n<\/div>\n","protected":false},"excerpt":{"rendered":"<p>4 vorr\u00e4tig<\/p>\n","protected":false},"featured_media":1300,"template":"","meta":[],"product_brand":[],"product_cat":[23],"product_tag":[],"class_list":{"0":"post-1299","1":"product","2":"type-product","3":"status-publish","4":"has-post-thumbnail","6":"product_cat-wireless","8":"first","9":"instock","10":"taxable","11":"shipping-taxable","12":"purchasable","13":"product-type-simple"},"_links":{"self":[{"href":"https:\/\/as-lightsound.de\/wordpress\/wp-json\/wp\/v2\/product\/1299","targetHints":{"allow":["GET"]}}],"collection":[{"href":"https:\/\/as-lightsound.de\/wordpress\/wp-json\/wp\/v2\/product"}],"about":[{"href":"https:\/\/as-lightsound.de\/wordpress\/wp-json\/wp\/v2\/types\/product"}],"wp:featuredmedia":[{"embeddable":true,"href":"https:\/\/as-lightsound.de\/wordpress\/wp-json\/wp\/v2\/media\/1300"}],"wp:attachment":[{"href":"https:\/\/as-lightsound.de\/wordpress\/wp-json\/wp\/v2\/media?parent=1299"}],"wp:term":[{"taxonomy":"product_brand","embeddable":true,"href":"https:\/\/as-lightsound.de\/wordpress\/wp-json\/wp\/v2\/product_brand?post=1299"},{"taxonomy":"product_cat","embeddable":true,"href":"https:\/\/as-lightsound.de\/wordpress\/wp-json\/wp\/v2\/product_cat?post=1299"},{"taxonomy":"product_tag","embeddable":true,"href":"https:\/\/as-lightsound.de\/wordpress\/wp-json\/wp\/v2\/product_tag?post=1299"}],"curies":[{"name":"wp","href":"https:\/\/api.w.org\/{rel}","templated":true}]}}