{"id":1295,"date":"2024-02-05T09:24:05","date_gmt":"2024-02-05T08:24:05","guid":{"rendered":"https:\/\/as-lightsound.de\/wordpress\/?post_type=product&#038;p=1295"},"modified":"2025-10-08T11:33:54","modified_gmt":"2025-10-08T09:33:54","slug":"shure-ad2-beta58-g56-digital-handsender","status":"publish","type":"product","link":"https:\/\/as-lightsound.de\/wordpress\/product\/shure-ad2-beta58-g56-digital-handsender\/","title":{"rendered":"Shure AD2\/Beta58 G56 Digital-Handsender"},"content":{"rendered":"<p data-start=\"55\" data-end=\"607\">Der <strong data-start=\"59\" data-end=\"84\">Shure AD2\/Beta 58 G56<\/strong> ist ein professioneller digitaler Handsender aus der Axient Digital Serie, entwickelt f\u00fcr kompromisslose Audioqualit\u00e4t und maximale HF-Stabilit\u00e4t. Mit 24-Bit\/48 kHz Signalverarbeitung, einstellbarer Sendeleistung und der bew\u00e4hrten Beta 58A-Kapsel liefert er klaren, druckvollen Gesangssound f\u00fcr B\u00fchne, Broadcast und Touring-Anwendungen. Das robuste Metallgeh\u00e4use, die lange Akkulaufzeit und die nahtlose Integration in Shure-Netzwerke machen den AD2\/Beta 58 zu einer zuverl\u00e4ssigen L\u00f6sung f\u00fcr professionelle Funkstrecken.<\/p>\n<hr data-start=\"609\" data-end=\"612\" \/>\n<h3 data-start=\"614\" data-end=\"647\">Technische Daten (Tech Specs)<\/h3>\n<div class=\"_tableContainer_1rjym_1\">\n<div class=\"group _tableWrapper_1rjym_13 flex w-fit flex-col-reverse\" tabindex=\"-1\">\n<table class=\"w-fit min-w-(--thread-content-width)\" data-start=\"649\" data-end=\"1589\">\n<thead data-start=\"649\" data-end=\"667\">\n<tr data-start=\"649\" data-end=\"667\">\n<th data-start=\"649\" data-end=\"659\" data-col-size=\"sm\">Merkmal<\/th>\n<th data-start=\"659\" data-end=\"667\" data-col-size=\"md\">Wert<\/th>\n<\/tr>\n<\/thead>\n<tbody data-start=\"688\" data-end=\"1589\">\n<tr data-start=\"688\" data-end=\"726\">\n<td data-start=\"688\" data-end=\"701\" data-col-size=\"sm\"><strong data-start=\"690\" data-end=\"700\">Modell<\/strong><\/td>\n<td data-start=\"701\" data-end=\"726\" data-col-size=\"md\">Shure AD2\/Beta 58 G56<\/td>\n<\/tr>\n<tr data-start=\"727\" data-end=\"757\">\n<td data-start=\"727\" data-end=\"739\" data-col-size=\"sm\"><strong data-start=\"729\" data-end=\"738\">Serie<\/strong><\/td>\n<td data-start=\"739\" data-end=\"757\" data-col-size=\"md\">Axient Digital<\/td>\n<\/tr>\n<tr data-start=\"758\" data-end=\"800\">\n<td data-start=\"758\" data-end=\"783\" data-col-size=\"sm\"><strong data-start=\"760\" data-end=\"782\">Frequenzband (G56)<\/strong><\/td>\n<td data-start=\"783\" data-end=\"800\" data-col-size=\"md\">470 \u2013 636 MHz<\/td>\n<\/tr>\n<tr data-start=\"801\" data-end=\"854\">\n<td data-start=\"801\" data-end=\"826\" data-col-size=\"sm\"><strong data-start=\"803\" data-end=\"825\">Signalverarbeitung<\/strong><\/td>\n<td data-start=\"826\" data-end=\"854\" data-col-size=\"md\">Digital, 24 Bit \/ 48 kHz<\/td>\n<\/tr>\n<tr data-start=\"855\" data-end=\"880\">\n<td data-start=\"855\" data-end=\"872\" data-col-size=\"sm\"><strong data-start=\"857\" data-end=\"871\">Modulation<\/strong><\/td>\n<td data-start=\"872\" data-end=\"880\" data-col-size=\"md\">QPSK<\/td>\n<\/tr>\n<tr data-start=\"881\" data-end=\"933\">\n<td data-start=\"881\" data-end=\"901\" data-col-size=\"sm\"><strong data-start=\"883\" data-end=\"900\">Sendeleistung<\/strong><\/td>\n<td data-start=\"901\" data-end=\"933\" data-col-size=\"md\">2 \/ 10 \/ 35 mW (umschaltbar)<\/td>\n<\/tr>\n<tr data-start=\"934\" data-end=\"996\">\n<td data-start=\"934\" data-end=\"955\" data-col-size=\"sm\"><strong data-start=\"936\" data-end=\"954\">Mikrofonkapsel<\/strong><\/td>\n<td data-start=\"955\" data-end=\"996\" data-col-size=\"md\">Shure Beta 58A, dynamisch, Superniere<\/td>\n<\/tr>\n<tr data-start=\"997\" data-end=\"1034\">\n<td data-start=\"997\" data-end=\"1016\" data-col-size=\"sm\"><strong data-start=\"999\" data-end=\"1015\">Frequenzgang<\/strong><\/td>\n<td data-start=\"1016\" data-end=\"1034\" data-col-size=\"md\">50 Hz \u2013 16 kHz<\/td>\n<\/tr>\n<tr data-start=\"1035\" data-end=\"1086\">\n<td data-start=\"1035\" data-end=\"1061\" data-col-size=\"sm\"><strong data-start=\"1037\" data-end=\"1060\">Audio-Dynamikumfang<\/strong><\/td>\n<td data-start=\"1061\" data-end=\"1086\" data-col-size=\"md\">&gt; 120 dB (A-bewertet)<\/td>\n<\/tr>\n<tr data-start=\"1087\" data-end=\"1110\">\n<td data-start=\"1087\" data-end=\"1100\" data-col-size=\"sm\"><strong data-start=\"1089\" data-end=\"1099\">Latenz<\/strong><\/td>\n<td data-start=\"1100\" data-end=\"1110\" data-col-size=\"md\">&lt; 2 ms<\/td>\n<\/tr>\n<tr data-start=\"1111\" data-end=\"1175\">\n<td data-start=\"1111\" data-end=\"1125\" data-col-size=\"sm\"><strong data-start=\"1113\" data-end=\"1124\">Akkutyp<\/strong><\/td>\n<td data-start=\"1125\" data-end=\"1175\" data-col-size=\"md\">Shure SB900A Li-Ion Akku oder 2 \u00d7 AA-Batterien<\/td>\n<\/tr>\n<tr data-start=\"1176\" data-end=\"1238\">\n<td data-start=\"1176\" data-end=\"1196\" data-col-size=\"sm\"><strong data-start=\"1178\" data-end=\"1195\">Betriebsdauer<\/strong><\/td>\n<td data-start=\"1196\" data-end=\"1238\" data-col-size=\"md\">Bis zu 9 h (Akku), ca. 8 h (Batterien)<\/td>\n<\/tr>\n<tr data-start=\"1239\" data-end=\"1314\">\n<td data-start=\"1239\" data-end=\"1265\" data-col-size=\"sm\"><strong data-start=\"1241\" data-end=\"1264\">Display \/ Bedienung<\/strong><\/td>\n<td data-start=\"1265\" data-end=\"1314\" data-col-size=\"md\">LC-Display mit Men\u00fcf\u00fchrung und Statusanzeigen<\/td>\n<\/tr>\n<tr data-start=\"1315\" data-end=\"1359\">\n<td data-start=\"1315\" data-end=\"1337\" data-col-size=\"sm\"><strong data-start=\"1317\" data-end=\"1336\">Geh\u00e4usematerial<\/strong><\/td>\n<td data-start=\"1337\" data-end=\"1359\" data-col-size=\"md\">Aluminiumdruckguss<\/td>\n<\/tr>\n<tr data-start=\"1360\" data-end=\"1408\">\n<td data-start=\"1360\" data-end=\"1386\" data-col-size=\"sm\"><strong data-start=\"1362\" data-end=\"1385\">Abmessungen (\u00d8 \u00d7 L)<\/strong><\/td>\n<td data-start=\"1386\" data-end=\"1408\" data-col-size=\"md\">ca. 51 mm \u00d7 256 mm<\/td>\n<\/tr>\n<tr data-start=\"1409\" data-end=\"1447\">\n<td data-start=\"1409\" data-end=\"1423\" data-col-size=\"sm\"><strong data-start=\"1411\" data-end=\"1422\">Gewicht<\/strong><\/td>\n<td data-start=\"1423\" data-end=\"1447\" data-col-size=\"md\">ca. 330 g (mit Akku)<\/td>\n<\/tr>\n<tr data-start=\"1448\" data-end=\"1515\">\n<td data-start=\"1448\" data-end=\"1472\" data-col-size=\"sm\"><strong data-start=\"1450\" data-end=\"1471\">Netzwerkf\u00e4higkeit<\/strong><\/td>\n<td data-start=\"1472\" data-end=\"1515\" data-col-size=\"md\">Kompatibel mit Shure Wireless Workbench<\/td>\n<\/tr>\n<tr data-start=\"1516\" data-end=\"1589\">\n<td data-start=\"1516\" data-end=\"1539\" data-col-size=\"sm\"><strong data-start=\"1518\" data-end=\"1538\">Schutzfunktionen<\/strong><\/td>\n<td data-start=\"1539\" data-end=\"1589\" data-col-size=\"md\">\u00dcbersteuerungs-, Temperatur- und Energieschutz<\/td>\n<\/tr>\n<\/tbody>\n<\/table>\n<\/div>\n<\/div>\n","protected":false},"excerpt":{"rendered":"<p>8 vorr\u00e4tig<\/p>\n","protected":false},"featured_media":1296,"template":"","meta":[],"product_brand":[],"product_cat":[23],"product_tag":[],"class_list":{"0":"post-1295","1":"product","2":"type-product","3":"status-publish","4":"has-post-thumbnail","6":"product_cat-wireless","8":"first","9":"instock","10":"taxable","11":"shipping-taxable","12":"purchasable","13":"product-type-simple"},"_links":{"self":[{"href":"https:\/\/as-lightsound.de\/wordpress\/wp-json\/wp\/v2\/product\/1295","targetHints":{"allow":["GET"]}}],"collection":[{"href":"https:\/\/as-lightsound.de\/wordpress\/wp-json\/wp\/v2\/product"}],"about":[{"href":"https:\/\/as-lightsound.de\/wordpress\/wp-json\/wp\/v2\/types\/product"}],"wp:featuredmedia":[{"embeddable":true,"href":"https:\/\/as-lightsound.de\/wordpress\/wp-json\/wp\/v2\/media\/1296"}],"wp:attachment":[{"href":"https:\/\/as-lightsound.de\/wordpress\/wp-json\/wp\/v2\/media?parent=1295"}],"wp:term":[{"taxonomy":"product_brand","embeddable":true,"href":"https:\/\/as-lightsound.de\/wordpress\/wp-json\/wp\/v2\/product_brand?post=1295"},{"taxonomy":"product_cat","embeddable":true,"href":"https:\/\/as-lightsound.de\/wordpress\/wp-json\/wp\/v2\/product_cat?post=1295"},{"taxonomy":"product_tag","embeddable":true,"href":"https:\/\/as-lightsound.de\/wordpress\/wp-json\/wp\/v2\/product_tag?post=1295"}],"curies":[{"name":"wp","href":"https:\/\/api.w.org\/{rel}","templated":true}]}}