{"id":1280,"date":"2023-12-07T12:52:50","date_gmt":"2023-12-07T11:52:50","guid":{"rendered":"https:\/\/as-lightsound.de\/wordpress\/?post_type=product&#038;p=1280"},"modified":"2025-10-09T08:31:34","modified_gmt":"2025-10-09T06:31:34","slug":"chainmaster-d8-500kg-1875m-hub","status":"publish","type":"product","link":"https:\/\/as-lightsound.de\/wordpress\/product\/chainmaster-d8-500kg-1875m-hub\/","title":{"rendered":"ChainMaster D8+ 500kg 18,75m Hub"},"content":{"rendered":"<p data-start=\"89\" data-end=\"453\">Der <strong data-start=\"93\" data-end=\"119\">ChainMaster D8+ 500 kg<\/strong> kombiniert robuste Technik mit bew\u00e4hrter Sicherheit und eignet sich ideal f\u00fcr den Einsatz in Veranstaltungstechnik, B\u00fchneninstallationen und Rigging-Aufbauten. Mit einer konstanten Hebegeschwindigkeit, doppelter Bremsanlage und bew\u00e4hrten Sicherheitsmechanismen liefert dieser Kettenzug zuverl\u00e4ssige Performance bei moderater Hubh\u00f6he.<\/p>\n<hr data-start=\"455\" data-end=\"458\" \/>\n<h3 data-start=\"460\" data-end=\"493\">Technische Daten (Tech Specs)<\/h3>\n<div class=\"_tableContainer_1rjym_1\">\n<div class=\"group _tableWrapper_1rjym_13 flex w-fit flex-col-reverse\" tabindex=\"-1\">\n<table class=\"w-fit min-w-(--thread-content-width)\" data-start=\"495\" data-end=\"1249\">\n<thead data-start=\"495\" data-end=\"513\">\n<tr data-start=\"495\" data-end=\"513\">\n<th data-start=\"495\" data-end=\"505\" data-col-size=\"sm\">Merkmal<\/th>\n<th data-start=\"505\" data-end=\"513\" data-col-size=\"md\">Wert<\/th>\n<\/tr>\n<\/thead>\n<tbody data-start=\"534\" data-end=\"1249\">\n<tr data-start=\"534\" data-end=\"573\">\n<td data-start=\"534\" data-end=\"547\" data-col-size=\"sm\"><strong data-start=\"536\" data-end=\"546\">Modell<\/strong><\/td>\n<td data-col-size=\"md\" data-start=\"547\" data-end=\"573\">ChainMaster D8+ 500 kg<\/td>\n<\/tr>\n<tr data-start=\"574\" data-end=\"605\">\n<td data-start=\"574\" data-end=\"595\" data-col-size=\"sm\"><strong data-start=\"576\" data-end=\"594\">Nennlast (SWL)<\/strong><\/td>\n<td data-start=\"595\" data-end=\"605\" data-col-size=\"md\">500 kg<\/td>\n<\/tr>\n<tr data-start=\"606\" data-end=\"631\">\n<td data-start=\"606\" data-end=\"620\" data-col-size=\"sm\"><strong data-start=\"608\" data-end=\"619\">Hubh\u00f6he<\/strong><\/td>\n<td data-start=\"620\" data-end=\"631\" data-col-size=\"md\">18,75 m<\/td>\n<\/tr>\n<tr data-start=\"632\" data-end=\"669\">\n<td data-start=\"632\" data-end=\"658\" data-col-size=\"sm\"><strong data-start=\"634\" data-end=\"657\">Hebegeschwindigkeit<\/strong><\/td>\n<td data-start=\"658\" data-end=\"669\" data-col-size=\"md\">4 m\/min<\/td>\n<\/tr>\n<tr data-start=\"670\" data-end=\"731\">\n<td data-start=\"670\" data-end=\"692\" data-col-size=\"sm\"><strong data-start=\"672\" data-end=\"691\">Kettenabmessung<\/strong><\/td>\n<td data-start=\"692\" data-end=\"731\" data-col-size=\"md\">5,4 \u00d7 15 mm (Profilstahl, EN 818-7)<\/td>\n<\/tr>\n<tr data-start=\"732\" data-end=\"780\">\n<td data-start=\"732\" data-end=\"761\" data-col-size=\"sm\"><strong data-start=\"734\" data-end=\"760\">Kettendichte \/ Gewicht<\/strong><\/td>\n<td data-start=\"761\" data-end=\"780\" data-col-size=\"md\">ca. 0,59 kg \/ m<\/td>\n<\/tr>\n<tr data-start=\"781\" data-end=\"828\">\n<td data-start=\"781\" data-end=\"815\" data-col-size=\"sm\"><strong data-start=\"783\" data-end=\"814\">Geh\u00e4usegewicht (ohne Kette)<\/strong><\/td>\n<td data-col-size=\"md\" data-start=\"815\" data-end=\"828\">ca. 17 kg<\/td>\n<\/tr>\n<tr data-start=\"829\" data-end=\"897\">\n<td data-start=\"829\" data-end=\"847\" data-col-size=\"sm\"><strong data-start=\"831\" data-end=\"846\">Bremsanlage<\/strong><\/td>\n<td data-start=\"847\" data-end=\"897\" data-col-size=\"md\">2 DC-Bremsen (Betriebs- und Sicherheitsbremse)<\/td>\n<\/tr>\n<tr data-start=\"898\" data-end=\"953\">\n<td data-start=\"898\" data-end=\"914\" data-col-size=\"sm\"><strong data-start=\"900\" data-end=\"913\">Schutzart<\/strong><\/td>\n<td data-start=\"914\" data-end=\"953\" data-col-size=\"md\">IP55 (optionale Aufr\u00fcstung m\u00f6glich)<\/td>\n<\/tr>\n<tr data-start=\"954\" data-end=\"1030\">\n<td data-start=\"954\" data-end=\"986\" data-col-size=\"sm\"><strong data-start=\"956\" data-end=\"985\">Kupplung \/ \u00dcberlastschutz<\/strong><\/td>\n<td data-start=\"986\" data-end=\"1030\" data-col-size=\"md\">Reibungskupplung zum Schutz vor \u00dcberlast<\/td>\n<\/tr>\n<tr data-start=\"1031\" data-end=\"1082\">\n<td data-start=\"1031\" data-end=\"1058\" data-col-size=\"sm\"><strong data-start=\"1033\" data-end=\"1057\">Spannung \/ Steuerung<\/strong><\/td>\n<td data-start=\"1058\" data-end=\"1082\" data-col-size=\"md\">Direktsteuerung (DC)<\/td>\n<\/tr>\n<tr data-start=\"1083\" data-end=\"1150\">\n<td data-start=\"1083\" data-end=\"1109\" data-col-size=\"sm\"><strong data-start=\"1085\" data-end=\"1108\">Baumaterial Geh\u00e4use<\/strong><\/td>\n<td data-col-size=\"md\" data-start=\"1109\" data-end=\"1150\">Aluminiumdruckguss, pulverbeschichtet<\/td>\n<\/tr>\n<tr data-start=\"1151\" data-end=\"1202\">\n<td data-start=\"1151\" data-end=\"1171\" data-col-size=\"sm\"><strong data-start=\"1153\" data-end=\"1170\">Ger\u00e4uschpegel<\/strong><\/td>\n<td data-start=\"1171\" data-end=\"1202\" data-col-size=\"md\">ca. 74 dB(A) in 1 m Abstand<\/td>\n<\/tr>\n<tr data-start=\"1203\" data-end=\"1249\">\n<td data-start=\"1203\" data-end=\"1233\" data-col-size=\"sm\"><strong data-start=\"1205\" data-end=\"1232\">Sicherheitsfaktor Kette<\/strong><\/td>\n<td data-start=\"1233\" data-end=\"1249\" data-col-size=\"md\">8:1 statisch<\/td>\n<\/tr>\n<\/tbody>\n<\/table>\n<\/div>\n<\/div>\n","protected":false},"excerpt":{"rendered":"<p>20 vorr\u00e4tig<\/p>\n","protected":false},"featured_media":1281,"template":"","meta":[],"product_brand":[],"product_cat":[60],"product_tag":[],"class_list":{"0":"post-1280","1":"product","2":"type-product","3":"status-publish","4":"has-post-thumbnail","6":"product_cat-rigging","8":"first","9":"instock","10":"taxable","11":"shipping-taxable","12":"purchasable","13":"product-type-simple"},"_links":{"self":[{"href":"https:\/\/as-lightsound.de\/wordpress\/wp-json\/wp\/v2\/product\/1280","targetHints":{"allow":["GET"]}}],"collection":[{"href":"https:\/\/as-lightsound.de\/wordpress\/wp-json\/wp\/v2\/product"}],"about":[{"href":"https:\/\/as-lightsound.de\/wordpress\/wp-json\/wp\/v2\/types\/product"}],"wp:featuredmedia":[{"embeddable":true,"href":"https:\/\/as-lightsound.de\/wordpress\/wp-json\/wp\/v2\/media\/1281"}],"wp:attachment":[{"href":"https:\/\/as-lightsound.de\/wordpress\/wp-json\/wp\/v2\/media?parent=1280"}],"wp:term":[{"taxonomy":"product_brand","embeddable":true,"href":"https:\/\/as-lightsound.de\/wordpress\/wp-json\/wp\/v2\/product_brand?post=1280"},{"taxonomy":"product_cat","embeddable":true,"href":"https:\/\/as-lightsound.de\/wordpress\/wp-json\/wp\/v2\/product_cat?post=1280"},{"taxonomy":"product_tag","embeddable":true,"href":"https:\/\/as-lightsound.de\/wordpress\/wp-json\/wp\/v2\/product_tag?post=1280"}],"curies":[{"name":"wp","href":"https:\/\/api.w.org\/{rel}","templated":true}]}}