{"id":1274,"date":"2023-11-14T16:22:48","date_gmt":"2023-11-14T15:22:48","guid":{"rendered":"https:\/\/as-lightsound.de\/wordpress\/?post_type=product&#038;p=1274"},"modified":"2025-10-09T09:23:21","modified_gmt":"2025-10-09T07:23:21","slug":"shot-base-double-r-5","status":"publish","type":"product","link":"https:\/\/as-lightsound.de\/wordpress\/product\/shot-base-double-r-5\/","title":{"rendered":"DJPower Shot Base Double R-5"},"content":{"rendered":"<p data-start=\"84\" data-end=\"489\">Die <strong data-start=\"88\" data-end=\"121\">DJ Power Shot Base Double R-5<\/strong> ist eine professionelle Doppelbasis zur gleichzeitigen oder separaten Ansteuerung von zwei Konfetti- oder CO\u2082-Shootern. Das Ger\u00e4t ist DMX-kompatibel und kann auch per Funkfernbedienung ausgel\u00f6st werden. Es \u00fcberzeugt durch robuste Bauweise, einfache Bedienung und zuverl\u00e4ssige Performance im Live- und Touringbetrieb \u2013 ideal f\u00fcr Shows, Events und B\u00fchnenproduktionen.<\/p>\n<hr data-start=\"491\" data-end=\"494\" \/>\n<h3 data-start=\"496\" data-end=\"529\">Technische Daten (Tech Specs)<\/h3>\n<div class=\"_tableContainer_1rjym_1\">\n<div class=\"group _tableWrapper_1rjym_13 flex w-fit flex-col-reverse\" tabindex=\"-1\">\n<table class=\"w-fit min-w-(--thread-content-width)\" data-start=\"531\" data-end=\"1245\">\n<thead data-start=\"531\" data-end=\"549\">\n<tr data-start=\"531\" data-end=\"549\">\n<th data-start=\"531\" data-end=\"541\" data-col-size=\"sm\">Merkmal<\/th>\n<th data-start=\"541\" data-end=\"549\" data-col-size=\"sm\">Wert<\/th>\n<\/tr>\n<\/thead>\n<tbody data-start=\"570\" data-end=\"1245\">\n<tr data-start=\"570\" data-end=\"616\">\n<td data-start=\"570\" data-end=\"583\" data-col-size=\"sm\"><strong data-start=\"572\" data-end=\"582\">Modell<\/strong><\/td>\n<td data-start=\"583\" data-end=\"616\" data-col-size=\"sm\">DJ Power Shot Base Double R-5<\/td>\n<\/tr>\n<tr data-start=\"617\" data-end=\"668\">\n<td data-start=\"617\" data-end=\"633\" data-col-size=\"sm\"><strong data-start=\"619\" data-end=\"632\">Ger\u00e4tetyp<\/strong><\/td>\n<td data-start=\"633\" data-end=\"668\" data-col-size=\"sm\">Doppel-Basisstation f\u00fcr Shooter<\/td>\n<\/tr>\n<tr data-start=\"669\" data-end=\"726\">\n<td data-start=\"669\" data-end=\"691\" data-col-size=\"sm\"><strong data-start=\"671\" data-end=\"690\">Anzahl Ausg\u00e4nge<\/strong><\/td>\n<td data-start=\"691\" data-end=\"726\" data-col-size=\"sm\">2 x elektrischer Triggerausgang<\/td>\n<\/tr>\n<tr data-start=\"727\" data-end=\"775\">\n<td data-start=\"727\" data-end=\"743\" data-col-size=\"sm\"><strong data-start=\"729\" data-end=\"742\">Steuerung<\/strong><\/td>\n<td data-start=\"743\" data-end=\"775\" data-col-size=\"sm\">DMX512 und Funkfernbedienung<\/td>\n<\/tr>\n<tr data-start=\"776\" data-end=\"828\">\n<td data-start=\"776\" data-end=\"802\" data-col-size=\"sm\"><strong data-start=\"778\" data-end=\"801\">Spannungsversorgung<\/strong><\/td>\n<td data-start=\"802\" data-end=\"828\" data-col-size=\"sm\">220\u2013240 V AC, 50\/60 Hz<\/td>\n<\/tr>\n<tr data-start=\"829\" data-end=\"861\">\n<td data-start=\"829\" data-end=\"853\" data-col-size=\"sm\"><strong data-start=\"831\" data-end=\"852\">Leistungsaufnahme<\/strong><\/td>\n<td data-start=\"853\" data-end=\"861\" data-col-size=\"sm\">60 W<\/td>\n<\/tr>\n<tr data-start=\"862\" data-end=\"893\">\n<td data-start=\"862\" data-end=\"878\" data-col-size=\"sm\"><strong data-start=\"864\" data-end=\"877\">Sicherung<\/strong><\/td>\n<td data-start=\"878\" data-end=\"893\" data-col-size=\"sm\">2 A \/ 250 V<\/td>\n<\/tr>\n<tr data-start=\"894\" data-end=\"953\">\n<td data-start=\"894\" data-end=\"915\" data-col-size=\"sm\"><strong data-start=\"896\" data-end=\"914\">DMX-Anschl\u00fcsse<\/strong><\/td>\n<td data-start=\"915\" data-end=\"953\" data-col-size=\"sm\">XLR 3-pol \/ 5-pol Ein- und Ausgang<\/td>\n<\/tr>\n<tr data-start=\"954\" data-end=\"998\">\n<td data-start=\"954\" data-end=\"974\" data-col-size=\"sm\"><strong data-start=\"956\" data-end=\"973\">Netzanschluss<\/strong><\/td>\n<td data-start=\"974\" data-end=\"998\" data-col-size=\"sm\">IEC-Kaltger\u00e4tebuchse<\/td>\n<\/tr>\n<tr data-start=\"999\" data-end=\"1045\">\n<td data-start=\"999\" data-end=\"1034\" data-col-size=\"sm\"><strong data-start=\"1001\" data-end=\"1033\">Funkfrequenz (Fernbedienung)<\/strong><\/td>\n<td data-start=\"1034\" data-end=\"1045\" data-col-size=\"sm\">315 MHz<\/td>\n<\/tr>\n<tr data-start=\"1046\" data-end=\"1101\">\n<td data-start=\"1046\" data-end=\"1076\" data-col-size=\"sm\"><strong data-start=\"1048\" data-end=\"1075\">Abmessungen (L \u00d7 B \u00d7 H)<\/strong><\/td>\n<td data-start=\"1076\" data-end=\"1101\" data-col-size=\"sm\">31,5 \u00d7 21,9 \u00d7 21,1 cm<\/td>\n<\/tr>\n<tr data-start=\"1102\" data-end=\"1126\">\n<td data-start=\"1102\" data-end=\"1116\" data-col-size=\"sm\"><strong data-start=\"1104\" data-end=\"1115\">Gewicht<\/strong><\/td>\n<td data-start=\"1116\" data-end=\"1126\" data-col-size=\"sm\">5,5 kg<\/td>\n<\/tr>\n<tr data-start=\"1127\" data-end=\"1182\">\n<td data-start=\"1127\" data-end=\"1149\" data-col-size=\"sm\"><strong data-start=\"1129\" data-end=\"1148\">Geh\u00e4usematerial<\/strong><\/td>\n<td data-start=\"1149\" data-end=\"1182\" data-col-size=\"sm\">Stahlblech, pulverbeschichtet<\/td>\n<\/tr>\n<tr data-start=\"1183\" data-end=\"1206\">\n<td data-start=\"1183\" data-end=\"1195\" data-col-size=\"sm\"><strong data-start=\"1185\" data-end=\"1194\">Farbe<\/strong><\/td>\n<td data-start=\"1195\" data-end=\"1206\" data-col-size=\"sm\">Schwarz<\/td>\n<\/tr>\n<tr data-start=\"1207\" data-end=\"1245\">\n<td data-start=\"1207\" data-end=\"1232\" data-col-size=\"sm\"><strong data-start=\"1209\" data-end=\"1231\">Betriebstemperatur<\/strong><\/td>\n<td data-start=\"1232\" data-end=\"1245\" data-col-size=\"sm\">0 \u2013 40 \u00b0C<\/td>\n<\/tr>\n<\/tbody>\n<\/table>\n<\/div>\n<\/div>\n","protected":false},"excerpt":{"rendered":"<p>6 vorr\u00e4tig<\/p>\n","protected":false},"featured_media":1275,"template":"","meta":[],"product_brand":[],"product_cat":[49,44],"product_tag":[],"class_list":{"0":"post-1274","1":"product","2":"type-product","3":"status-publish","4":"has-post-thumbnail","6":"product_cat-konfetti-fx","7":"product_cat-special-fx","9":"first","10":"instock","11":"taxable","12":"shipping-taxable","13":"purchasable","14":"product-type-simple"},"_links":{"self":[{"href":"https:\/\/as-lightsound.de\/wordpress\/wp-json\/wp\/v2\/product\/1274","targetHints":{"allow":["GET"]}}],"collection":[{"href":"https:\/\/as-lightsound.de\/wordpress\/wp-json\/wp\/v2\/product"}],"about":[{"href":"https:\/\/as-lightsound.de\/wordpress\/wp-json\/wp\/v2\/types\/product"}],"wp:featuredmedia":[{"embeddable":true,"href":"https:\/\/as-lightsound.de\/wordpress\/wp-json\/wp\/v2\/media\/1275"}],"wp:attachment":[{"href":"https:\/\/as-lightsound.de\/wordpress\/wp-json\/wp\/v2\/media?parent=1274"}],"wp:term":[{"taxonomy":"product_brand","embeddable":true,"href":"https:\/\/as-lightsound.de\/wordpress\/wp-json\/wp\/v2\/product_brand?post=1274"},{"taxonomy":"product_cat","embeddable":true,"href":"https:\/\/as-lightsound.de\/wordpress\/wp-json\/wp\/v2\/product_cat?post=1274"},{"taxonomy":"product_tag","embeddable":true,"href":"https:\/\/as-lightsound.de\/wordpress\/wp-json\/wp\/v2\/product_tag?post=1274"}],"curies":[{"name":"wp","href":"https:\/\/api.w.org\/{rel}","templated":true}]}}