{"id":1270,"date":"2023-11-14T16:14:13","date_gmt":"2023-11-14T15:14:13","guid":{"rendered":"https:\/\/as-lightsound.de\/wordpress\/?post_type=product&#038;p=1270"},"modified":"2025-10-07T10:10:39","modified_gmt":"2025-10-07T08:10:39","slug":"prodigy-mp-audiomatrix","status":"publish","type":"product","link":"https:\/\/as-lightsound.de\/wordpress\/product\/prodigy-mp-audiomatrix\/","title":{"rendered":"PRODIGY.MP Audiomatrix"},"content":{"rendered":"<p data-start=\"277\" data-end=\"686\">Der <strong data-start=\"281\" data-end=\"295\">PRODIGY.MP<\/strong> ist ein hochflexibler, modular aufgebauter <strong data-start=\"339\" data-end=\"376\">Audio-Prozessor und Matrix-Router<\/strong> f\u00fcr anspruchsvolle Live-, Installations- und Broadcast-Anwendungen. Mit seiner Ausstattung aus <strong data-start=\"472\" data-end=\"491\">2\u00d7 Analogkarten<\/strong>, <strong data-start=\"493\" data-end=\"512\">1\u00d7 Digitalkarte<\/strong>, <strong data-start=\"514\" data-end=\"522\">MADI<\/strong>&#8211; und <strong data-start=\"528\" data-end=\"551\">Dante-Schnittstelle<\/strong> bietet er umfangreiche Ein- und Ausgangsoptionen, h\u00f6chste Audioqualit\u00e4t und umfassende DSP-Bearbeitung \u2013 alles in einem 19\u2033-Geh\u00e4use.<\/p>\n<p data-start=\"688\" data-end=\"923\">Das Ger\u00e4t kombiniert Routing, DSP, Lautsprecher-Management, Delay, EQ, Dynamics und Mixing-Funktionen in einem System und l\u00e4sst sich \u00fcber ein modernes Webinterface oder \u00fcber Netzwerkprotokolle wie Dante Controller und Ember+ steuern.<\/p>\n<hr data-start=\"925\" data-end=\"928\" \/>\n<h3 data-start=\"930\" data-end=\"967\"><strong data-start=\"934\" data-end=\"967\">Technische Daten (Tech Specs)<\/strong><\/h3>\n<div class=\"_tableContainer_1rjym_1\">\n<div class=\"group _tableWrapper_1rjym_13 flex w-fit flex-col-reverse\" tabindex=\"-1\">\n<table class=\"w-fit min-w-(--thread-content-width)\" data-start=\"969\" data-end=\"2255\">\n<thead data-start=\"969\" data-end=\"996\">\n<tr data-start=\"969\" data-end=\"996\">\n<th data-start=\"969\" data-end=\"979\" data-col-size=\"sm\">Merkmal<\/th>\n<th data-start=\"979\" data-end=\"996\" data-col-size=\"lg\">Spezifikation<\/th>\n<\/tr>\n<\/thead>\n<tbody data-start=\"1020\" data-end=\"2255\">\n<tr data-start=\"1020\" data-end=\"1057\">\n<td data-start=\"1020\" data-end=\"1034\" data-col-size=\"sm\"><strong data-start=\"1022\" data-end=\"1033\">Geh\u00e4use<\/strong><\/td>\n<td data-start=\"1034\" data-end=\"1057\" data-col-size=\"lg\">19\u2033 Rackmount, 2 HE<\/td>\n<\/tr>\n<tr data-start=\"1058\" data-end=\"1164\">\n<td data-start=\"1058\" data-end=\"1092\" data-col-size=\"sm\"><strong data-start=\"1060\" data-end=\"1091\">Analoge Eing\u00e4nge \/ Ausg\u00e4nge<\/strong><\/td>\n<td data-start=\"1092\" data-end=\"1164\" data-col-size=\"lg\">2 \u00d7 Analog-I\/O-Module = bis zu 16 \u00d7 In + 16 \u00d7 Out (symmetrisch, XLR)<\/td>\n<\/tr>\n<tr data-start=\"1165\" data-end=\"1233\">\n<td data-start=\"1165\" data-end=\"1190\" data-col-size=\"sm\"><strong data-start=\"1167\" data-end=\"1189\">Digitale I\/O-Karte<\/strong><\/td>\n<td data-start=\"1190\" data-end=\"1233\" data-col-size=\"lg\">AES\/EBU \u2013 bis zu 8 \u00d7 In + 8 \u00d7 Out (XLR)<\/td>\n<\/tr>\n<tr data-start=\"1234\" data-end=\"1308\">\n<td data-start=\"1234\" data-end=\"1259\" data-col-size=\"sm\"><strong data-start=\"1236\" data-end=\"1258\">MADI-Schnittstelle<\/strong><\/td>\n<td data-start=\"1259\" data-end=\"1308\" data-col-size=\"lg\">64 \u00d7 64 Kan\u00e4le (optisch &amp; koaxial, redundant)<\/td>\n<\/tr>\n<tr data-start=\"1309\" data-end=\"1402\">\n<td data-start=\"1309\" data-end=\"1335\" data-col-size=\"sm\"><strong data-start=\"1311\" data-end=\"1334\">Dante-Schnittstelle<\/strong><\/td>\n<td data-start=\"1335\" data-end=\"1402\" data-col-size=\"lg\">64 \u00d7 64 Kan\u00e4le @ 48 kHz, redundant (Prim\u00e4r\/Sekund\u00e4r-Port, RJ45)<\/td>\n<\/tr>\n<tr data-start=\"1403\" data-end=\"1449\">\n<td data-start=\"1403\" data-end=\"1423\" data-col-size=\"sm\"><strong data-start=\"1405\" data-end=\"1422\">Samplingraten<\/strong><\/td>\n<td data-start=\"1423\" data-end=\"1449\" data-col-size=\"lg\">44.1, 48, 88.2, 96 kHz<\/td>\n<\/tr>\n<tr data-start=\"1450\" data-end=\"1477\">\n<td data-start=\"1450\" data-end=\"1467\" data-col-size=\"sm\"><strong data-start=\"1452\" data-end=\"1466\">Wortbreite<\/strong><\/td>\n<td data-start=\"1467\" data-end=\"1477\" data-col-size=\"lg\">24 Bit<\/td>\n<\/tr>\n<tr data-start=\"1478\" data-end=\"1581\">\n<td data-start=\"1478\" data-end=\"1499\" data-col-size=\"sm\"><strong data-start=\"1480\" data-end=\"1498\">DSP-Funktionen<\/strong><\/td>\n<td data-start=\"1499\" data-end=\"1581\" data-col-size=\"lg\">Routing, EQ, Dynamics, Delay, Gain, Crossovers, Mixing, Loudspeaker Management<\/td>\n<\/tr>\n<tr data-start=\"1582\" data-end=\"1631\">\n<td data-start=\"1582\" data-end=\"1595\" data-col-size=\"sm\"><strong data-start=\"1584\" data-end=\"1594\">Latenz<\/strong><\/td>\n<td data-start=\"1595\" data-end=\"1631\" data-col-size=\"lg\">&lt; 0,3 ms (je nach Konfiguration)<\/td>\n<\/tr>\n<tr data-start=\"1632\" data-end=\"1721\">\n<td data-start=\"1632\" data-end=\"1657\" data-col-size=\"sm\"><strong data-start=\"1634\" data-end=\"1656\">Steuerung \/ Remote<\/strong><\/td>\n<td data-start=\"1657\" data-end=\"1721\" data-col-size=\"lg\">Webinterface, Dante Controller, Ember+, MIDI, JSON-API, GPIO<\/td>\n<\/tr>\n<tr data-start=\"1722\" data-end=\"1789\">\n<td data-start=\"1722\" data-end=\"1747\" data-col-size=\"sm\"><strong data-start=\"1724\" data-end=\"1746\">Netzwerkanschl\u00fcsse<\/strong><\/td>\n<td data-start=\"1747\" data-end=\"1789\" data-col-size=\"lg\">2 \u00d7 Gigabit Ethernet (RJ45, redundant)<\/td>\n<\/tr>\n<tr data-start=\"1790\" data-end=\"1823\">\n<td data-start=\"1790\" data-end=\"1807\" data-col-size=\"sm\"><strong data-start=\"1792\" data-end=\"1806\">Word Clock<\/strong><\/td>\n<td data-start=\"1807\" data-end=\"1823\" data-col-size=\"lg\">In\/Out (BNC)<\/td>\n<\/tr>\n<tr data-start=\"1824\" data-end=\"1902\">\n<td data-start=\"1824\" data-end=\"1846\" data-col-size=\"sm\"><strong data-start=\"1826\" data-end=\"1845\">Stromversorgung<\/strong><\/td>\n<td data-start=\"1846\" data-end=\"1902\" data-col-size=\"lg\">100\u2013240 V AC, 50\/60 Hz, intern, redundant (optional)<\/td>\n<\/tr>\n<tr data-start=\"1903\" data-end=\"1940\">\n<td data-start=\"1903\" data-end=\"1927\" data-col-size=\"sm\"><strong data-start=\"1905\" data-end=\"1926\">Leistungsaufnahme<\/strong><\/td>\n<td data-start=\"1927\" data-end=\"1940\" data-col-size=\"lg\">max. 80 W<\/td>\n<\/tr>\n<tr data-start=\"1941\" data-end=\"1992\">\n<td data-start=\"1941\" data-end=\"1955\" data-col-size=\"sm\"><strong data-start=\"1943\" data-end=\"1954\">K\u00fchlung<\/strong><\/td>\n<td data-start=\"1955\" data-end=\"1992\" data-col-size=\"lg\">Temperaturgeregelte, leise L\u00fcfter<\/td>\n<\/tr>\n<tr data-start=\"1993\" data-end=\"2026\">\n<td data-start=\"1993\" data-end=\"2009\" data-col-size=\"sm\"><strong data-start=\"1995\" data-end=\"2008\">Schutzart<\/strong><\/td>\n<td data-start=\"2009\" data-end=\"2026\" data-col-size=\"lg\">IP20 (Indoor)<\/td>\n<\/tr>\n<tr data-start=\"2027\" data-end=\"2078\">\n<td data-start=\"2027\" data-end=\"2057\" data-col-size=\"sm\"><strong data-start=\"2029\" data-end=\"2056\">Abmessungen (B \u00d7 H \u00d7 T)<\/strong><\/td>\n<td data-start=\"2057\" data-end=\"2078\" data-col-size=\"lg\">483 \u00d7 88 \u00d7 350 mm<\/td>\n<\/tr>\n<tr data-start=\"2079\" data-end=\"2107\">\n<td data-start=\"2079\" data-end=\"2093\" data-col-size=\"sm\"><strong data-start=\"2081\" data-end=\"2092\">Gewicht<\/strong><\/td>\n<td data-start=\"2093\" data-end=\"2107\" data-col-size=\"lg\">ca. 6,5 kg<\/td>\n<\/tr>\n<tr data-start=\"2108\" data-end=\"2255\">\n<td data-start=\"2108\" data-end=\"2129\" data-col-size=\"sm\"><strong data-start=\"2110\" data-end=\"2128\">Besonderheiten<\/strong><\/td>\n<td data-start=\"2129\" data-end=\"2255\" data-col-size=\"lg\">Modularer Aufbau, Dante &amp; MADI integriert, Analog- &amp; Digital-I\/O, umfangreiche DSP-Engine, Websteuerung, Redundanzoptionen<\/td>\n<\/tr>\n<\/tbody>\n<\/table>\n<\/div>\n<\/div>\n","protected":false},"excerpt":{"rendered":"<p>1 vorr\u00e4tig<\/p>\n","protected":false},"featured_media":1951,"template":"","meta":[],"product_brand":[],"product_cat":[16],"product_tag":[],"class_list":{"0":"post-1270","1":"product","2":"type-product","3":"status-publish","4":"has-post-thumbnail","6":"product_cat-mischpulte","8":"first","9":"instock","10":"taxable","11":"shipping-taxable","12":"purchasable","13":"product-type-simple"},"_links":{"self":[{"href":"https:\/\/as-lightsound.de\/wordpress\/wp-json\/wp\/v2\/product\/1270","targetHints":{"allow":["GET"]}}],"collection":[{"href":"https:\/\/as-lightsound.de\/wordpress\/wp-json\/wp\/v2\/product"}],"about":[{"href":"https:\/\/as-lightsound.de\/wordpress\/wp-json\/wp\/v2\/types\/product"}],"wp:featuredmedia":[{"embeddable":true,"href":"https:\/\/as-lightsound.de\/wordpress\/wp-json\/wp\/v2\/media\/1951"}],"wp:attachment":[{"href":"https:\/\/as-lightsound.de\/wordpress\/wp-json\/wp\/v2\/media?parent=1270"}],"wp:term":[{"taxonomy":"product_brand","embeddable":true,"href":"https:\/\/as-lightsound.de\/wordpress\/wp-json\/wp\/v2\/product_brand?post=1270"},{"taxonomy":"product_cat","embeddable":true,"href":"https:\/\/as-lightsound.de\/wordpress\/wp-json\/wp\/v2\/product_cat?post=1270"},{"taxonomy":"product_tag","embeddable":true,"href":"https:\/\/as-lightsound.de\/wordpress\/wp-json\/wp\/v2\/product_tag?post=1270"}],"curies":[{"name":"wp","href":"https:\/\/api.w.org\/{rel}","templated":true}]}}