{"id":1265,"date":"2023-11-14T16:03:42","date_gmt":"2023-11-14T15:03:42","guid":{"rendered":"https:\/\/as-lightsound.de\/wordpress\/?post_type=product&#038;p=1265"},"modified":"2025-10-08T11:07:00","modified_gmt":"2025-10-08T09:07:00","slug":"fender-american-deluxe-stratocaster-hss","status":"publish","type":"product","link":"https:\/\/as-lightsound.de\/wordpress\/product\/fender-american-deluxe-stratocaster-hss\/","title":{"rendered":"Fender American Deluxe Stratocaster HSS"},"content":{"rendered":"<p data-start=\"112\" data-end=\"755\">Die <strong data-start=\"116\" data-end=\"159\">Fender American Deluxe Stratocaster HSS<\/strong> vereint klassische Stratocaster-Tradition mit moderner Elektronik und erstklassiger Verarbeitung. Durch die Kombination eines kraftvollen Humbuckers am Steg und zwei Noiseless-Singlecoils bietet sie eine au\u00dfergew\u00f6hnliche Klangvielfalt \u2013 von warmen, druckvollen Rock-Sounds bis zu glasklaren Clean-T\u00f6nen. Der komfortable Modern-C-Hals, die abgerundeten Griffbrettkanten und das konturierte Korpusdesign sorgen f\u00fcr hervorragende Spielbarkeit. Mit hochwertigen Komponenten, S-1-Schaltung und synchronisiertem 2-Punkt-Tremolo ist sie ein vielseitiges Instrument f\u00fcr B\u00fchne und Studio gleicherma\u00dfen.<\/p>\n<hr data-start=\"757\" data-end=\"760\" \/>\n<h3 data-start=\"762\" data-end=\"795\">Technische Daten (Tech Specs)<\/h3>\n<div class=\"_tableContainer_1rjym_1\">\n<div class=\"group _tableWrapper_1rjym_13 flex w-fit flex-col-reverse\" tabindex=\"-1\">\n<table class=\"w-fit min-w-(--thread-content-width)\" data-start=\"797\" data-end=\"1877\">\n<thead data-start=\"797\" data-end=\"815\">\n<tr data-start=\"797\" data-end=\"815\">\n<th data-start=\"797\" data-end=\"807\" data-col-size=\"sm\">Merkmal<\/th>\n<th data-start=\"807\" data-end=\"815\" data-col-size=\"md\">Wert<\/th>\n<\/tr>\n<\/thead>\n<tbody data-start=\"836\" data-end=\"1877\">\n<tr data-start=\"836\" data-end=\"892\">\n<td data-start=\"836\" data-end=\"849\" data-col-size=\"sm\"><strong data-start=\"838\" data-end=\"848\">Modell<\/strong><\/td>\n<td data-start=\"849\" data-end=\"892\" data-col-size=\"md\">Fender American Deluxe Stratocaster HSS<\/td>\n<\/tr>\n<tr data-start=\"893\" data-end=\"914\">\n<td data-start=\"893\" data-end=\"906\" data-col-size=\"sm\"><strong data-start=\"895\" data-end=\"905\">Korpus<\/strong><\/td>\n<td data-start=\"906\" data-end=\"914\" data-col-size=\"md\">Erle<\/td>\n<\/tr>\n<tr data-start=\"915\" data-end=\"954\">\n<td data-start=\"915\" data-end=\"926\" data-col-size=\"sm\"><strong data-start=\"917\" data-end=\"925\">Hals<\/strong><\/td>\n<td data-start=\"926\" data-end=\"954\" data-col-size=\"md\">Ahorn, Modern &#8222;C&#8220;-Profil<\/td>\n<\/tr>\n<tr data-start=\"955\" data-end=\"1018\">\n<td data-start=\"955\" data-end=\"972\" data-col-size=\"sm\"><strong data-start=\"957\" data-end=\"971\">Griffbrett<\/strong><\/td>\n<td data-start=\"972\" data-end=\"1018\" data-col-size=\"md\">Ahorn oder Palisander (je nach Ausf\u00fchrung)<\/td>\n<\/tr>\n<tr data-start=\"1019\" data-end=\"1050\">\n<td data-start=\"1019\" data-end=\"1032\" data-col-size=\"sm\"><strong data-start=\"1021\" data-end=\"1031\">Mensur<\/strong><\/td>\n<td data-start=\"1032\" data-end=\"1050\" data-col-size=\"md\">648 mm (25,5\u2033)<\/td>\n<\/tr>\n<tr data-start=\"1051\" data-end=\"1091\">\n<td data-start=\"1051\" data-end=\"1074\" data-col-size=\"sm\"><strong data-start=\"1053\" data-end=\"1073\">Griffbrettradius<\/strong><\/td>\n<td data-start=\"1074\" data-end=\"1091\" data-col-size=\"md\">241 mm (9,5\u2033)<\/td>\n<\/tr>\n<tr data-start=\"1092\" data-end=\"1123\">\n<td data-start=\"1092\" data-end=\"1104\" data-col-size=\"sm\"><strong data-start=\"1094\" data-end=\"1103\">B\u00fcnde<\/strong><\/td>\n<td data-start=\"1104\" data-end=\"1123\" data-col-size=\"md\">22 Medium Jumbo<\/td>\n<\/tr>\n<tr data-start=\"1124\" data-end=\"1219\">\n<td data-start=\"1124\" data-end=\"1142\" data-col-size=\"sm\"><strong data-start=\"1126\" data-end=\"1141\">Tonabnehmer<\/strong><\/td>\n<td data-start=\"1142\" data-end=\"1219\" data-col-size=\"md\">1 \u00d7 Twin Head Humbucker (Steg), 2 \u00d7 N3 Noiseless Singlecoils (Mitte\/Hals)<\/td>\n<\/tr>\n<tr data-start=\"1220\" data-end=\"1277\">\n<td data-start=\"1220\" data-end=\"1236\" data-col-size=\"sm\"><strong data-start=\"1222\" data-end=\"1235\">Schaltung<\/strong><\/td>\n<td data-start=\"1236\" data-end=\"1277\" data-col-size=\"md\">5-Wege-Schalter, S-1 Switching System<\/td>\n<\/tr>\n<tr data-start=\"1278\" data-end=\"1351\">\n<td data-start=\"1278\" data-end=\"1291\" data-col-size=\"sm\"><strong data-start=\"1280\" data-end=\"1290\">Regler<\/strong><\/td>\n<td data-start=\"1291\" data-end=\"1351\" data-col-size=\"md\">Master Volume, No-Load Tone (Bridge), Tone (Middle\/Neck)<\/td>\n<\/tr>\n<tr data-start=\"1352\" data-end=\"1432\">\n<td data-start=\"1352\" data-end=\"1373\" data-col-size=\"sm\"><strong data-start=\"1354\" data-end=\"1372\">Steg \/ Tremolo<\/strong><\/td>\n<td data-start=\"1373\" data-end=\"1432\" data-col-size=\"md\">2-Punkt Synchron-Tremolo mit verstellbaren Stahlreitern<\/td>\n<\/tr>\n<tr data-start=\"1433\" data-end=\"1475\">\n<td data-start=\"1433\" data-end=\"1450\" data-col-size=\"sm\"><strong data-start=\"1435\" data-end=\"1449\">Mechaniken<\/strong><\/td>\n<td data-start=\"1450\" data-end=\"1475\" data-col-size=\"md\">Deluxe Locking Tuners<\/td>\n<\/tr>\n<tr data-start=\"1476\" data-end=\"1506\">\n<td data-start=\"1476\" data-end=\"1497\" data-col-size=\"sm\"><strong data-start=\"1478\" data-end=\"1496\">Hardware-Farbe<\/strong><\/td>\n<td data-start=\"1497\" data-end=\"1506\" data-col-size=\"md\">Chrom<\/td>\n<\/tr>\n<tr data-start=\"1507\" data-end=\"1537\">\n<td data-start=\"1507\" data-end=\"1526\" data-col-size=\"sm\"><strong data-start=\"1509\" data-end=\"1525\">Sattelbreite<\/strong><\/td>\n<td data-start=\"1526\" data-end=\"1537\" data-col-size=\"md\">42,8 mm<\/td>\n<\/tr>\n<tr data-start=\"1538\" data-end=\"1584\">\n<td data-start=\"1538\" data-end=\"1559\" data-col-size=\"sm\"><strong data-start=\"1540\" data-end=\"1558\">Sattelmaterial<\/strong><\/td>\n<td data-start=\"1559\" data-end=\"1584\" data-col-size=\"md\">Synthetischer Knochen<\/td>\n<\/tr>\n<tr data-start=\"1585\" data-end=\"1645\">\n<td data-start=\"1585\" data-end=\"1602\" data-col-size=\"sm\"><strong data-start=\"1587\" data-end=\"1601\">Korpusform<\/strong><\/td>\n<td data-start=\"1602\" data-end=\"1645\" data-col-size=\"md\">Stratocaster mit ergonomischen Konturen<\/td>\n<\/tr>\n<tr data-start=\"1646\" data-end=\"1684\">\n<td data-start=\"1646\" data-end=\"1659\" data-col-size=\"sm\"><strong data-start=\"1648\" data-end=\"1658\">Finish<\/strong><\/td>\n<td data-start=\"1659\" data-end=\"1684\" data-col-size=\"md\">Hochglanz-Polyurethan<\/td>\n<\/tr>\n<tr data-start=\"1685\" data-end=\"1752\">\n<td data-start=\"1685\" data-end=\"1717\" data-col-size=\"sm\"><strong data-start=\"1687\" data-end=\"1716\">Abdeckungen \/ Schlagbrett<\/strong><\/td>\n<td data-start=\"1717\" data-end=\"1752\" data-col-size=\"md\">3-lagig, je nach Modellvariante<\/td>\n<\/tr>\n<tr data-start=\"1753\" data-end=\"1846\">\n<td data-start=\"1753\" data-end=\"1765\" data-col-size=\"sm\"><strong data-start=\"1755\" data-end=\"1764\">Farbe<\/strong><\/td>\n<td data-start=\"1765\" data-end=\"1846\" data-col-size=\"md\">Verschiedene Ausf\u00fchrungen (z. B. Olympic Pearl, Sunset Metallic, Black, etc.)<\/td>\n<\/tr>\n<tr data-start=\"1847\" data-end=\"1877\">\n<td data-start=\"1847\" data-end=\"1870\" data-col-size=\"sm\"><strong data-start=\"1849\" data-end=\"1869\">Herstellungsland<\/strong><\/td>\n<td data-start=\"1870\" data-end=\"1877\" data-col-size=\"md\">USA<\/td>\n<\/tr>\n<\/tbody>\n<\/table>\n<\/div>\n<\/div>\n","protected":false},"excerpt":{"rendered":"<p>1 vorr\u00e4tig<\/p>\n","protected":false},"featured_media":1266,"template":"","meta":[],"product_brand":[],"product_cat":[36],"product_tag":[],"class_list":{"0":"post-1265","1":"product","2":"type-product","3":"status-publish","4":"has-post-thumbnail","6":"product_cat-backline","8":"first","9":"instock","10":"taxable","11":"shipping-taxable","12":"purchasable","13":"product-type-simple"},"_links":{"self":[{"href":"https:\/\/as-lightsound.de\/wordpress\/wp-json\/wp\/v2\/product\/1265","targetHints":{"allow":["GET"]}}],"collection":[{"href":"https:\/\/as-lightsound.de\/wordpress\/wp-json\/wp\/v2\/product"}],"about":[{"href":"https:\/\/as-lightsound.de\/wordpress\/wp-json\/wp\/v2\/types\/product"}],"wp:featuredmedia":[{"embeddable":true,"href":"https:\/\/as-lightsound.de\/wordpress\/wp-json\/wp\/v2\/media\/1266"}],"wp:attachment":[{"href":"https:\/\/as-lightsound.de\/wordpress\/wp-json\/wp\/v2\/media?parent=1265"}],"wp:term":[{"taxonomy":"product_brand","embeddable":true,"href":"https:\/\/as-lightsound.de\/wordpress\/wp-json\/wp\/v2\/product_brand?post=1265"},{"taxonomy":"product_cat","embeddable":true,"href":"https:\/\/as-lightsound.de\/wordpress\/wp-json\/wp\/v2\/product_cat?post=1265"},{"taxonomy":"product_tag","embeddable":true,"href":"https:\/\/as-lightsound.de\/wordpress\/wp-json\/wp\/v2\/product_tag?post=1265"}],"curies":[{"name":"wp","href":"https:\/\/api.w.org\/{rel}","templated":true}]}}