{"id":1262,"date":"2023-11-14T15:52:04","date_gmt":"2023-11-14T14:52:04","guid":{"rendered":"https:\/\/as-lightsound.de\/wordpress\/?post_type=product&#038;p=1262"},"modified":"2025-10-08T11:07:27","modified_gmt":"2025-10-08T09:07:27","slug":"ernie-ball-music-man-sting-ray-5-blau-5-saitige-bassgitarre","status":"publish","type":"product","link":"https:\/\/as-lightsound.de\/wordpress\/product\/ernie-ball-music-man-sting-ray-5-blau-5-saitige-bassgitarre\/","title":{"rendered":"MUSIC MAN STING RAY 5 blue"},"content":{"rendered":"<p data-start=\"91\" data-end=\"732\">Der <strong data-start=\"95\" data-end=\"119\">Music Man StingRay 5<\/strong> ist ein professioneller 5-Saiter-Bass, der seit Jahrzehnten als Ma\u00dfstab f\u00fcr druckvolle, definierte Tieftonwiedergabe gilt. Sein aktiver 3-Band-EQ, der kr\u00e4ftige Humbucker-Tonabnehmer und die pr\u00e4zise Hardware sorgen f\u00fcr vielseitige Klanggestaltung und exzellente Ansprache \u00fcber das gesamte Frequenzspektrum. Der Korpus aus Esche in Kombination mit dem Ahornhals bietet ein ausgewogenes Klangfundament mit schnellem Attack und klarem Sustain. Mit seiner ergonomischen Form, hochwertigen Verarbeitung und der markanten blauen Lackierung ist der StingRay 5 ein verl\u00e4ssliches Werkzeug f\u00fcr Studio- und B\u00fchneneins\u00e4tze.<\/p>\n<hr data-start=\"734\" data-end=\"737\" \/>\n<h3 data-start=\"739\" data-end=\"772\">Technische Daten (Tech Specs)<\/h3>\n<div class=\"_tableContainer_1rjym_1\">\n<div class=\"group _tableWrapper_1rjym_13 flex w-fit flex-col-reverse\" tabindex=\"-1\">\n<table class=\"w-fit min-w-(--thread-content-width)\" data-start=\"774\" data-end=\"1687\">\n<thead data-start=\"774\" data-end=\"792\">\n<tr data-start=\"774\" data-end=\"792\">\n<th data-start=\"774\" data-end=\"784\" data-col-size=\"sm\">Merkmal<\/th>\n<th data-start=\"784\" data-end=\"792\" data-col-size=\"md\">Wert<\/th>\n<\/tr>\n<\/thead>\n<tbody data-start=\"813\" data-end=\"1687\">\n<tr data-start=\"813\" data-end=\"850\">\n<td data-start=\"813\" data-end=\"826\" data-col-size=\"sm\"><strong data-start=\"815\" data-end=\"825\">Modell<\/strong><\/td>\n<td data-start=\"826\" data-end=\"850\" data-col-size=\"md\">Music Man StingRay 5<\/td>\n<\/tr>\n<tr data-start=\"851\" data-end=\"873\">\n<td data-start=\"851\" data-end=\"868\" data-col-size=\"sm\"><strong data-start=\"853\" data-end=\"867\">Saitenzahl<\/strong><\/td>\n<td data-start=\"868\" data-end=\"873\" data-col-size=\"md\">5<\/td>\n<\/tr>\n<tr data-start=\"874\" data-end=\"896\">\n<td data-start=\"874\" data-end=\"887\" data-col-size=\"sm\"><strong data-start=\"876\" data-end=\"886\">Korpus<\/strong><\/td>\n<td data-start=\"887\" data-end=\"896\" data-col-size=\"md\">Esche<\/td>\n<\/tr>\n<tr data-start=\"897\" data-end=\"929\">\n<td data-start=\"897\" data-end=\"908\" data-col-size=\"sm\"><strong data-start=\"899\" data-end=\"907\">Hals<\/strong><\/td>\n<td data-start=\"908\" data-end=\"929\" data-col-size=\"md\">Ahorn, geschraubt<\/td>\n<\/tr>\n<tr data-start=\"930\" data-end=\"989\">\n<td data-start=\"930\" data-end=\"947\" data-col-size=\"sm\"><strong data-start=\"932\" data-end=\"946\">Griffbrett<\/strong><\/td>\n<td data-start=\"947\" data-end=\"989\" data-col-size=\"md\">Ahorn oder Palisander (modellabh\u00e4ngig)<\/td>\n<\/tr>\n<tr data-start=\"990\" data-end=\"1019\">\n<td data-start=\"990\" data-end=\"1003\" data-col-size=\"sm\"><strong data-start=\"992\" data-end=\"1002\">Mensur<\/strong><\/td>\n<td data-start=\"1003\" data-end=\"1019\" data-col-size=\"md\">864 mm (34\u2033)<\/td>\n<\/tr>\n<tr data-start=\"1020\" data-end=\"1052\">\n<td data-start=\"1020\" data-end=\"1032\" data-col-size=\"sm\"><strong data-start=\"1022\" data-end=\"1031\">B\u00fcnde<\/strong><\/td>\n<td data-start=\"1032\" data-end=\"1052\" data-col-size=\"md\">22, Medium Jumbo<\/td>\n<\/tr>\n<tr data-start=\"1053\" data-end=\"1081\">\n<td data-start=\"1053\" data-end=\"1072\" data-col-size=\"sm\"><strong data-start=\"1055\" data-end=\"1071\">Sattelbreite<\/strong><\/td>\n<td data-start=\"1072\" data-end=\"1081\" data-col-size=\"md\">45 mm<\/td>\n<\/tr>\n<tr data-start=\"1082\" data-end=\"1168\">\n<td data-start=\"1082\" data-end=\"1100\" data-col-size=\"sm\"><strong data-start=\"1084\" data-end=\"1099\">Tonabnehmer<\/strong><\/td>\n<td data-start=\"1100\" data-end=\"1168\" data-col-size=\"md\">1 \u00d7 Music Man Humbucker (Neodym oder Alnico, je nach Ausf\u00fchrung)<\/td>\n<\/tr>\n<tr data-start=\"1169\" data-end=\"1228\">\n<td data-start=\"1169\" data-end=\"1186\" data-col-size=\"sm\"><strong data-start=\"1171\" data-end=\"1185\">Elektronik<\/strong><\/td>\n<td data-start=\"1186\" data-end=\"1228\" data-col-size=\"md\">Aktiv, 3-Band-EQ (Bass, Mitten, H\u00f6hen)<\/td>\n<\/tr>\n<tr data-start=\"1229\" data-end=\"1279\">\n<td data-start=\"1229\" data-end=\"1250\" data-col-size=\"sm\"><strong data-start=\"1231\" data-end=\"1249\">Bedienelemente<\/strong><\/td>\n<td data-start=\"1250\" data-end=\"1279\" data-col-size=\"md\">Volume, Treble, Mid, Bass<\/td>\n<\/tr>\n<tr data-start=\"1280\" data-end=\"1355\">\n<td data-start=\"1280\" data-end=\"1296\" data-col-size=\"sm\"><strong data-start=\"1282\" data-end=\"1295\">Schaltung<\/strong><\/td>\n<td data-start=\"1296\" data-end=\"1355\" data-col-size=\"md\">3-Wege Pickup-Selector (seriell, parallel, single-coil)<\/td>\n<\/tr>\n<tr data-start=\"1356\" data-end=\"1417\">\n<td data-start=\"1356\" data-end=\"1369\" data-col-size=\"sm\"><strong data-start=\"1358\" data-end=\"1368\">Br\u00fccke<\/strong><\/td>\n<td data-start=\"1369\" data-end=\"1417\" data-col-size=\"md\">Heavy-Duty Music Man Bridge mit Stahlreitern<\/td>\n<\/tr>\n<tr data-start=\"1418\" data-end=\"1461\">\n<td data-start=\"1418\" data-end=\"1435\" data-col-size=\"sm\"><strong data-start=\"1420\" data-end=\"1434\">Mechaniken<\/strong><\/td>\n<td data-start=\"1435\" data-end=\"1461\" data-col-size=\"md\">Schaller BM-Mechaniken<\/td>\n<\/tr>\n<tr data-start=\"1462\" data-end=\"1492\">\n<td data-start=\"1462\" data-end=\"1483\" data-col-size=\"sm\"><strong data-start=\"1464\" data-end=\"1482\">Hardware-Farbe<\/strong><\/td>\n<td data-start=\"1483\" data-end=\"1492\" data-col-size=\"md\">Chrom<\/td>\n<\/tr>\n<tr data-start=\"1493\" data-end=\"1537\">\n<td data-start=\"1493\" data-end=\"1510\" data-col-size=\"sm\"><strong data-start=\"1495\" data-end=\"1509\">Korpusform<\/strong><\/td>\n<td data-start=\"1510\" data-end=\"1537\" data-col-size=\"md\">StingRay Double Cutaway<\/td>\n<\/tr>\n<tr data-start=\"1538\" data-end=\"1580\">\n<td data-start=\"1538\" data-end=\"1551\" data-col-size=\"sm\"><strong data-start=\"1540\" data-end=\"1550\">Finish<\/strong><\/td>\n<td data-start=\"1551\" data-end=\"1580\" data-col-size=\"md\">Hochglanzlackierung, Blue<\/td>\n<\/tr>\n<tr data-start=\"1581\" data-end=\"1627\">\n<td data-start=\"1581\" data-end=\"1599\" data-col-size=\"sm\"><strong data-start=\"1583\" data-end=\"1598\">Abmessungen<\/strong><\/td>\n<td data-start=\"1599\" data-end=\"1627\" data-col-size=\"md\">Standard StingRay 5 Ma\u00dfe<\/td>\n<\/tr>\n<tr data-start=\"1628\" data-end=\"1656\">\n<td data-start=\"1628\" data-end=\"1642\" data-col-size=\"sm\"><strong data-start=\"1630\" data-end=\"1641\">Gewicht<\/strong><\/td>\n<td data-start=\"1642\" data-end=\"1656\" data-col-size=\"md\">ca. 4,3 kg<\/td>\n<\/tr>\n<tr data-start=\"1657\" data-end=\"1687\">\n<td data-start=\"1657\" data-end=\"1680\" data-col-size=\"sm\"><strong data-start=\"1659\" data-end=\"1679\">Herstellungsland<\/strong><\/td>\n<td data-start=\"1680\" data-end=\"1687\" data-col-size=\"md\">USA<\/td>\n<\/tr>\n<\/tbody>\n<\/table>\n<\/div>\n<\/div>\n","protected":false},"excerpt":{"rendered":"<p>1 vorr\u00e4tig<\/p>\n","protected":false},"featured_media":1264,"template":"","meta":[],"product_brand":[],"product_cat":[36],"product_tag":[],"class_list":{"0":"post-1262","1":"product","2":"type-product","3":"status-publish","4":"has-post-thumbnail","6":"product_cat-backline","8":"first","9":"instock","10":"taxable","11":"shipping-taxable","12":"purchasable","13":"product-type-simple"},"_links":{"self":[{"href":"https:\/\/as-lightsound.de\/wordpress\/wp-json\/wp\/v2\/product\/1262","targetHints":{"allow":["GET"]}}],"collection":[{"href":"https:\/\/as-lightsound.de\/wordpress\/wp-json\/wp\/v2\/product"}],"about":[{"href":"https:\/\/as-lightsound.de\/wordpress\/wp-json\/wp\/v2\/types\/product"}],"wp:featuredmedia":[{"embeddable":true,"href":"https:\/\/as-lightsound.de\/wordpress\/wp-json\/wp\/v2\/media\/1264"}],"wp:attachment":[{"href":"https:\/\/as-lightsound.de\/wordpress\/wp-json\/wp\/v2\/media?parent=1262"}],"wp:term":[{"taxonomy":"product_brand","embeddable":true,"href":"https:\/\/as-lightsound.de\/wordpress\/wp-json\/wp\/v2\/product_brand?post=1262"},{"taxonomy":"product_cat","embeddable":true,"href":"https:\/\/as-lightsound.de\/wordpress\/wp-json\/wp\/v2\/product_cat?post=1262"},{"taxonomy":"product_tag","embeddable":true,"href":"https:\/\/as-lightsound.de\/wordpress\/wp-json\/wp\/v2\/product_tag?post=1262"}],"curies":[{"name":"wp","href":"https:\/\/api.w.org\/{rel}","templated":true}]}}