{"id":1226,"date":"2023-10-25T18:16:22","date_gmt":"2023-10-25T16:16:22","guid":{"rendered":"https:\/\/as-lightsound.de\/wordpress\/?post_type=product&#038;p=1226"},"modified":"2025-10-09T10:35:12","modified_gmt":"2025-10-09T08:35:12","slug":"galaxis-pfe-advanced-mini-5-outputs","status":"publish","type":"product","link":"https:\/\/as-lightsound.de\/wordpress\/product\/galaxis-pfe-advanced-mini-5-outputs\/","title":{"rendered":"Galaxis PFE Advanced Mini 5 Outputs"},"content":{"rendered":"<p data-start=\"83\" data-end=\"527\">Der <strong data-start=\"87\" data-end=\"126\">Galaxis PFE Advanced Mini 5 Outputs<\/strong> ist ein hochmodernes, kleines Z\u00fcndempf\u00e4ngermodul mit f\u00fcnf individuell programmierbaren Ausg\u00e4ngen. Entwickelt f\u00fcr Show-FX und B\u00fchnen-Pyrotechnik vereint es Steuerflexibilit\u00e4t, Sicherheitsfeatures und Fernabfragefunktionen in einem kompakten Geh\u00e4use. Es bietet eine bidirektionale Kommunikation mit Z\u00fcndsteuerger\u00e4ten, inklusive Statusr\u00fcckmeldung und automatischer Widerstandsmessung der Anz\u00fcndkreise.<\/p>\n<hr data-start=\"529\" data-end=\"532\" \/>\n<h3 data-start=\"534\" data-end=\"567\">Technische Daten (Tech Specs)<\/h3>\n<div class=\"_tableContainer_1rjym_1\">\n<div class=\"group _tableWrapper_1rjym_13 flex w-fit flex-col-reverse\" tabindex=\"-1\">\n<table class=\"w-fit min-w-(--thread-content-width)\" data-start=\"569\" data-end=\"1942\">\n<thead data-start=\"569\" data-end=\"587\">\n<tr data-start=\"569\" data-end=\"587\">\n<th data-start=\"569\" data-end=\"579\" data-col-size=\"sm\">Merkmal<\/th>\n<th data-start=\"579\" data-end=\"587\" data-col-size=\"md\">Wert<\/th>\n<\/tr>\n<\/thead>\n<tbody data-start=\"608\" data-end=\"1942\">\n<tr data-start=\"608\" data-end=\"652\">\n<td data-start=\"608\" data-end=\"621\" data-col-size=\"sm\"><strong data-start=\"610\" data-end=\"620\">Modell<\/strong><\/td>\n<td data-start=\"621\" data-end=\"652\" data-col-size=\"md\">PFE Advanced Mini 5 Outputs<\/td>\n<\/tr>\n<tr data-start=\"653\" data-end=\"703\">\n<td data-start=\"653\" data-end=\"675\" data-col-size=\"sm\"><strong data-start=\"655\" data-end=\"674\">Anzahl Ausg\u00e4nge<\/strong><\/td>\n<td data-start=\"675\" data-end=\"703\" data-col-size=\"md\">5 unabh\u00e4ngige Z\u00fcndkan\u00e4le<\/td>\n<\/tr>\n<tr data-start=\"704\" data-end=\"787\">\n<td data-start=\"704\" data-end=\"725\" data-col-size=\"sm\"><strong data-start=\"706\" data-end=\"724\">Programmierung<\/strong><\/td>\n<td data-start=\"725\" data-end=\"787\" data-col-size=\"md\">Jeder Ausgang direkt am Ger\u00e4t oder per Funk programmierbar<\/td>\n<\/tr>\n<tr data-start=\"788\" data-end=\"815\">\n<td data-start=\"788\" data-end=\"807\" data-col-size=\"sm\"><strong data-start=\"790\" data-end=\"806\">Z\u00fcndspannung<\/strong><\/td>\n<td data-col-size=\"md\" data-start=\"807\" data-end=\"815\">20 V<\/td>\n<\/tr>\n<tr data-start=\"816\" data-end=\"875\">\n<td data-start=\"816\" data-end=\"843\" data-col-size=\"sm\"><strong data-start=\"818\" data-end=\"842\">Z\u00fcndenergie \/ Quelle<\/strong><\/td>\n<td data-start=\"843\" data-end=\"875\" data-col-size=\"md\">9 mC pro Kanal (Kondensator)<\/td>\n<\/tr>\n<tr data-start=\"876\" data-end=\"979\">\n<td data-start=\"876\" data-end=\"912\" data-col-size=\"sm\"><strong data-start=\"878\" data-end=\"911\">Anz\u00fcnderschaltung pro Ausgang<\/strong><\/td>\n<td data-col-size=\"md\" data-start=\"912\" data-end=\"979\">Reihe: 3 \u00d7 \u201cA\u201d oder 2 \u00d7 \u201cU\u201d<br \/>\nParallel: 3 \u00d7 \u201cA\u201d oder 2 \u00d7 \u201cU\u201d<\/td>\n<\/tr>\n<tr data-start=\"980\" data-end=\"1037\">\n<td data-start=\"980\" data-end=\"1004\" data-col-size=\"sm\"><strong data-start=\"982\" data-end=\"1003\">Maximale Z\u00fcndrate<\/strong><\/td>\n<td data-start=\"1004\" data-end=\"1037\" data-col-size=\"md\">bis 100 Z\u00fcndungen pro Sekunde<\/td>\n<\/tr>\n<tr data-start=\"1038\" data-end=\"1099\">\n<td data-start=\"1038\" data-end=\"1062\" data-col-size=\"sm\"><strong data-start=\"1040\" data-end=\"1061\">Kurzschlussschutz<\/strong><\/td>\n<td data-start=\"1062\" data-end=\"1099\" data-col-size=\"md\">Ja, jeder Kanal separat gesch\u00fctzt<\/td>\n<\/tr>\n<tr data-start=\"1100\" data-end=\"1169\">\n<td data-start=\"1100\" data-end=\"1123\" data-col-size=\"sm\"><strong data-start=\"1102\" data-end=\"1122\">MOSFET-Steuerung<\/strong><\/td>\n<td data-col-size=\"md\" data-start=\"1123\" data-end=\"1169\">Ja, intelligente MOSFETs f\u00fcr jeden Ausgang<\/td>\n<\/tr>\n<tr data-start=\"1170\" data-end=\"1288\">\n<td data-start=\"1170\" data-end=\"1210\" data-col-size=\"sm\"><strong data-start=\"1172\" data-end=\"1209\">Widerstandsmessung \/ Testfunktion<\/strong><\/td>\n<td data-start=\"1210\" data-end=\"1288\" data-col-size=\"md\">Interne Messung der Leitungswiderst\u00e4nde 0\u201399 \u03a9, Anzeige direkt oder remote<\/td>\n<\/tr>\n<tr data-start=\"1289\" data-end=\"1372\">\n<td data-start=\"1289\" data-end=\"1317\" data-col-size=\"sm\"><strong data-start=\"1291\" data-end=\"1316\">Sleep-Modus \/ Standby<\/strong><\/td>\n<td data-start=\"1317\" data-end=\"1372\" data-col-size=\"md\">Ja, optionaler Schlafmodus (Standby bis zu 23 Tage)<\/td>\n<\/tr>\n<tr data-start=\"1373\" data-end=\"1443\">\n<td data-start=\"1373\" data-end=\"1404\" data-col-size=\"sm\"><strong data-start=\"1375\" data-end=\"1403\">Betriebsdauer (Batterie)<\/strong><\/td>\n<td data-col-size=\"md\" data-start=\"1404\" data-end=\"1443\">Bis zu 18 Stunden mit Alkaline-AA<\/td>\n<\/tr>\n<tr data-start=\"1444\" data-end=\"1527\">\n<td data-start=\"1444\" data-end=\"1483\" data-col-size=\"sm\"><strong data-start=\"1446\" data-end=\"1482\">R\u00fcckprogrammierung \/ Fernabfrage<\/strong><\/td>\n<td data-start=\"1483\" data-end=\"1527\" data-col-size=\"md\">Volle bi-direktionale Steuerung per Funk<\/td>\n<\/tr>\n<tr data-start=\"1528\" data-end=\"1587\">\n<td data-start=\"1528\" data-end=\"1560\" data-col-size=\"sm\"><strong data-start=\"1530\" data-end=\"1559\">Reichweite Funkverbindung<\/strong><\/td>\n<td data-start=\"1560\" data-end=\"1587\" data-col-size=\"md\">ca. 400 m (freie Sicht)<\/td>\n<\/tr>\n<tr data-start=\"1588\" data-end=\"1678\">\n<td data-start=\"1588\" data-end=\"1609\" data-col-size=\"sm\"><strong data-start=\"1590\" data-end=\"1608\">Anzeige \/ LEDs<\/strong><\/td>\n<td data-start=\"1609\" data-end=\"1678\" data-col-size=\"md\">Multicolor-LEDs pro Ausgang, LCD-Display mit Klartext-Men\u00fcf\u00fchrung<\/td>\n<\/tr>\n<tr data-start=\"1679\" data-end=\"1755\">\n<td data-start=\"1679\" data-end=\"1712\" data-col-size=\"sm\"><strong data-start=\"1681\" data-end=\"1711\">Geh\u00e4use \/ Geh\u00e4useabmessung<\/strong><\/td>\n<td data-start=\"1712\" data-end=\"1755\" data-col-size=\"md\">Kunststoffgeh\u00e4use, ca. 65 \u00d7 23 \u00d7 128 mm<\/td>\n<\/tr>\n<tr data-start=\"1756\" data-end=\"1783\">\n<td data-start=\"1756\" data-end=\"1770\" data-col-size=\"sm\"><strong data-start=\"1758\" data-end=\"1769\">Gewicht<\/strong><\/td>\n<td data-col-size=\"md\" data-start=\"1770\" data-end=\"1783\">ca. 193 g<\/td>\n<\/tr>\n<tr data-start=\"1784\" data-end=\"1841\">\n<td data-start=\"1784\" data-end=\"1810\" data-col-size=\"sm\"><strong data-start=\"1786\" data-end=\"1809\">Spannungsversorgung<\/strong><\/td>\n<td data-col-size=\"md\" data-start=\"1810\" data-end=\"1841\">2 \u00d7 AA (Alkaline oder NiMH)<\/td>\n<\/tr>\n<tr data-start=\"1842\" data-end=\"1942\">\n<td data-start=\"1842\" data-end=\"1873\" data-col-size=\"sm\"><strong data-start=\"1844\" data-end=\"1872\">Sicherheit \/ Code-Schutz<\/strong><\/td>\n<td data-start=\"1873\" data-end=\"1942\" data-col-size=\"md\">Frei programmierbare Sperrcodes, magnetischer Pen zur Absicherung<\/td>\n<\/tr>\n<\/tbody>\n<\/table>\n<\/div>\n<\/div>\n","protected":false},"excerpt":{"rendered":"<p>3 vorr\u00e4tig<\/p>\n","protected":false},"featured_media":1227,"template":"","meta":[],"product_brand":[],"product_cat":[53],"product_tag":[],"class_list":{"0":"post-1226","1":"product","2":"type-product","3":"status-publish","4":"has-post-thumbnail","6":"product_cat-pyrotechnik","8":"first","9":"instock","10":"taxable","11":"shipping-taxable","12":"purchasable","13":"product-type-simple"},"_links":{"self":[{"href":"https:\/\/as-lightsound.de\/wordpress\/wp-json\/wp\/v2\/product\/1226","targetHints":{"allow":["GET"]}}],"collection":[{"href":"https:\/\/as-lightsound.de\/wordpress\/wp-json\/wp\/v2\/product"}],"about":[{"href":"https:\/\/as-lightsound.de\/wordpress\/wp-json\/wp\/v2\/types\/product"}],"wp:featuredmedia":[{"embeddable":true,"href":"https:\/\/as-lightsound.de\/wordpress\/wp-json\/wp\/v2\/media\/1227"}],"wp:attachment":[{"href":"https:\/\/as-lightsound.de\/wordpress\/wp-json\/wp\/v2\/media?parent=1226"}],"wp:term":[{"taxonomy":"product_brand","embeddable":true,"href":"https:\/\/as-lightsound.de\/wordpress\/wp-json\/wp\/v2\/product_brand?post=1226"},{"taxonomy":"product_cat","embeddable":true,"href":"https:\/\/as-lightsound.de\/wordpress\/wp-json\/wp\/v2\/product_cat?post=1226"},{"taxonomy":"product_tag","embeddable":true,"href":"https:\/\/as-lightsound.de\/wordpress\/wp-json\/wp\/v2\/product_tag?post=1226"}],"curies":[{"name":"wp","href":"https:\/\/api.w.org\/{rel}","templated":true}]}}