{"id":1211,"date":"2023-10-14T21:10:08","date_gmt":"2023-10-14T19:10:08","guid":{"rendered":"https:\/\/as-lightsound.de\/wordpress\/?post_type=product&#038;p=1211"},"modified":"2025-10-09T10:43:45","modified_gmt":"2025-10-09T08:43:45","slug":"showven-upumper-p20h-pumpstation","status":"publish","type":"product","link":"https:\/\/as-lightsound.de\/wordpress\/product\/showven-upumper-p20h-pumpstation\/","title":{"rendered":"Showven uPumper P20H Pumpstation"},"content":{"rendered":"<p data-start=\"69\" data-end=\"494\">Die <strong data-start=\"73\" data-end=\"97\">Showven uPumper P20H<\/strong> ist eine leistungsstarke Hochdruck-Pumpstation zur zentralen Versorgung von Showven uFlamer X20 Flammenprojektoren. Sie liefert den erforderlichen Brennstoffdruck f\u00fcr synchrone und pr\u00e4zise Flammeneffekte \u00fcber mehrere Ger\u00e4te hinweg. Mit integriertem Druckmanagement, robustem Edelstahlgeh\u00e4use und sicherheitszertifizierter Technik ist sie ideal f\u00fcr gro\u00dfe Show- und Touring-Produktionen geeignet.<\/p>\n<hr data-start=\"496\" data-end=\"499\" \/>\n<h3 data-start=\"501\" data-end=\"534\">Technische Daten (Tech Specs)<\/h3>\n<div class=\"_tableContainer_1rjym_1\">\n<div class=\"group _tableWrapper_1rjym_13 flex w-fit flex-col-reverse\" tabindex=\"-1\">\n<table class=\"w-fit min-w-(--thread-content-width)\" data-start=\"536\" data-end=\"1378\">\n<thead data-start=\"536\" data-end=\"554\">\n<tr data-start=\"536\" data-end=\"554\">\n<th data-start=\"536\" data-end=\"546\" data-col-size=\"sm\">Merkmal<\/th>\n<th data-start=\"546\" data-end=\"554\" data-col-size=\"md\">Wert<\/th>\n<\/tr>\n<\/thead>\n<tbody data-start=\"575\" data-end=\"1378\">\n<tr data-start=\"575\" data-end=\"612\">\n<td data-start=\"575\" data-end=\"588\" data-col-size=\"sm\"><strong data-start=\"577\" data-end=\"587\">Modell<\/strong><\/td>\n<td data-start=\"588\" data-end=\"612\" data-col-size=\"md\">Showven uPumper P20H<\/td>\n<\/tr>\n<tr data-start=\"613\" data-end=\"680\">\n<td data-start=\"613\" data-end=\"634\" data-col-size=\"sm\"><strong data-start=\"615\" data-end=\"633\">Einsatzbereich<\/strong><\/td>\n<td data-start=\"634\" data-end=\"680\" data-col-size=\"md\">Versorgungseinheit f\u00fcr Showven uFlamer X20<\/td>\n<\/tr>\n<tr data-start=\"681\" data-end=\"712\">\n<td data-start=\"681\" data-end=\"699\" data-col-size=\"sm\"><strong data-start=\"683\" data-end=\"698\">Tankvolumen<\/strong><\/td>\n<td data-start=\"699\" data-end=\"712\" data-col-size=\"md\">250 Liter<\/td>\n<\/tr>\n<tr data-start=\"713\" data-end=\"754\">\n<td data-start=\"713\" data-end=\"734\" data-col-size=\"sm\"><strong data-start=\"715\" data-end=\"733\">Pumpenleistung<\/strong><\/td>\n<td data-start=\"734\" data-end=\"754\" data-col-size=\"md\">110 Liter\/Minute<\/td>\n<\/tr>\n<tr data-start=\"755\" data-end=\"784\">\n<td data-start=\"755\" data-end=\"774\" data-col-size=\"sm\"><strong data-start=\"757\" data-end=\"773\">Maximaldruck<\/strong><\/td>\n<td data-start=\"774\" data-end=\"784\" data-col-size=\"md\">10 bar<\/td>\n<\/tr>\n<tr data-start=\"785\" data-end=\"818\">\n<td data-start=\"785\" data-end=\"809\" data-col-size=\"sm\"><strong data-start=\"787\" data-end=\"808\">Leistungsaufnahme<\/strong><\/td>\n<td data-start=\"809\" data-end=\"818\" data-col-size=\"md\">10 kW<\/td>\n<\/tr>\n<tr data-start=\"819\" data-end=\"867\">\n<td data-start=\"819\" data-end=\"845\" data-col-size=\"sm\"><strong data-start=\"821\" data-end=\"844\">Versorgungsspannung<\/strong><\/td>\n<td data-start=\"845\" data-end=\"867\" data-col-size=\"md\">380 V AC, 50\/60 Hz<\/td>\n<\/tr>\n<tr data-start=\"868\" data-end=\"923\">\n<td data-start=\"868\" data-end=\"884\" data-col-size=\"sm\"><strong data-start=\"870\" data-end=\"883\">Steuerung<\/strong><\/td>\n<td data-start=\"884\" data-end=\"923\" data-col-size=\"md\">DMX \/ automatisches Druckmanagement<\/td>\n<\/tr>\n<tr data-start=\"924\" data-end=\"1023\">\n<td data-start=\"924\" data-end=\"964\" data-col-size=\"sm\"><strong data-start=\"926\" data-end=\"963\">Anzahl unterst\u00fctzter Flammenk\u00f6pfe<\/strong><\/td>\n<td data-start=\"964\" data-end=\"1023\" data-col-size=\"md\">2 \u2013 3 x uFlamer X20 (erweiterbar mit Akkumulator-Modul)<\/td>\n<\/tr>\n<tr data-start=\"1024\" data-end=\"1117\">\n<td data-start=\"1024\" data-end=\"1052\" data-col-size=\"sm\"><strong data-start=\"1026\" data-end=\"1051\">Sicherheitsfunktionen<\/strong><\/td>\n<td data-start=\"1052\" data-end=\"1117\" data-col-size=\"md\">Not-Aus, Druck\u00fcberwachung, R\u00fcckschlag- und Entlastungsventile<\/td>\n<\/tr>\n<tr data-start=\"1118\" data-end=\"1147\">\n<td data-start=\"1118\" data-end=\"1132\" data-col-size=\"sm\"><strong data-start=\"1120\" data-end=\"1131\">K\u00fchlung<\/strong><\/td>\n<td data-start=\"1132\" data-end=\"1147\" data-col-size=\"md\">Luftgek\u00fchlt<\/td>\n<\/tr>\n<tr data-start=\"1148\" data-end=\"1180\">\n<td data-start=\"1148\" data-end=\"1163\" data-col-size=\"sm\"><strong data-start=\"1150\" data-end=\"1162\">Material<\/strong><\/td>\n<td data-start=\"1163\" data-end=\"1180\" data-col-size=\"md\">Edelstahl 304<\/td>\n<\/tr>\n<tr data-start=\"1181\" data-end=\"1237\">\n<td data-start=\"1181\" data-end=\"1211\" data-col-size=\"sm\"><strong data-start=\"1183\" data-end=\"1210\">Abmessungen (B \u00d7 T \u00d7 H)<\/strong><\/td>\n<td data-start=\"1211\" data-end=\"1237\" data-col-size=\"md\">1.100 \u00d7 700 \u00d7 1.095 mm<\/td>\n<\/tr>\n<tr data-start=\"1238\" data-end=\"1266\">\n<td data-start=\"1238\" data-end=\"1252\" data-col-size=\"sm\"><strong data-start=\"1240\" data-end=\"1251\">Gewicht<\/strong><\/td>\n<td data-start=\"1252\" data-end=\"1266\" data-col-size=\"md\">ca. 285 kg<\/td>\n<\/tr>\n<tr data-start=\"1267\" data-end=\"1336\">\n<td data-start=\"1267\" data-end=\"1296\" data-col-size=\"sm\"><strong data-start=\"1269\" data-end=\"1295\">Maximale Leitungsl\u00e4nge<\/strong><\/td>\n<td data-start=\"1296\" data-end=\"1336\" data-col-size=\"md\">bis 200 m horizontal \/ 30 m vertikal<\/td>\n<\/tr>\n<tr data-start=\"1337\" data-end=\"1378\">\n<td data-start=\"1337\" data-end=\"1358\" data-col-size=\"sm\"><strong data-start=\"1339\" data-end=\"1357\">Einsatzbereich<\/strong><\/td>\n<td data-start=\"1358\" data-end=\"1378\" data-col-size=\"md\">Indoor \/ Outdoor<\/td>\n<\/tr>\n<\/tbody>\n<\/table>\n<\/div>\n<\/div>\n","protected":false},"excerpt":{"rendered":"<p>1 vorr\u00e4tig<\/p>\n","protected":false},"featured_media":1212,"template":"","meta":[],"product_brand":[],"product_cat":[45,44],"product_tag":[],"class_list":{"0":"post-1211","1":"product","2":"type-product","3":"status-publish","4":"has-post-thumbnail","6":"product_cat-feuer","7":"product_cat-special-fx","9":"first","10":"instock","11":"taxable","12":"shipping-taxable","13":"purchasable","14":"product-type-simple"},"_links":{"self":[{"href":"https:\/\/as-lightsound.de\/wordpress\/wp-json\/wp\/v2\/product\/1211","targetHints":{"allow":["GET"]}}],"collection":[{"href":"https:\/\/as-lightsound.de\/wordpress\/wp-json\/wp\/v2\/product"}],"about":[{"href":"https:\/\/as-lightsound.de\/wordpress\/wp-json\/wp\/v2\/types\/product"}],"wp:featuredmedia":[{"embeddable":true,"href":"https:\/\/as-lightsound.de\/wordpress\/wp-json\/wp\/v2\/media\/1212"}],"wp:attachment":[{"href":"https:\/\/as-lightsound.de\/wordpress\/wp-json\/wp\/v2\/media?parent=1211"}],"wp:term":[{"taxonomy":"product_brand","embeddable":true,"href":"https:\/\/as-lightsound.de\/wordpress\/wp-json\/wp\/v2\/product_brand?post=1211"},{"taxonomy":"product_cat","embeddable":true,"href":"https:\/\/as-lightsound.de\/wordpress\/wp-json\/wp\/v2\/product_cat?post=1211"},{"taxonomy":"product_tag","embeddable":true,"href":"https:\/\/as-lightsound.de\/wordpress\/wp-json\/wp\/v2\/product_tag?post=1211"}],"curies":[{"name":"wp","href":"https:\/\/api.w.org\/{rel}","templated":true}]}}