{"id":1209,"date":"2023-10-14T21:07:36","date_gmt":"2023-10-14T19:07:36","guid":{"rendered":"https:\/\/as-lightsound.de\/wordpress\/?post_type=product&#038;p=1209"},"modified":"2025-10-09T10:44:42","modified_gmt":"2025-10-09T08:44:42","slug":"showven-upumper-p20-pumpstation","status":"publish","type":"product","link":"https:\/\/as-lightsound.de\/wordpress\/product\/showven-upumper-p20-pumpstation\/","title":{"rendered":"Showven uPumper P20 Pumpstation"},"content":{"rendered":"<p data-start=\"202\" data-end=\"545\">Die <strong data-start=\"206\" data-end=\"229\">Showven uPumper P20<\/strong> ist eine zentrale Pumpstation zur Versorgung von Liquid-Flammenk\u00f6pfen wie dem uFlamer X1800 mit konstantem Brennstoffdruck und F\u00fcllstandsanzeige. Sie eliminiert die Notwendigkeit f\u00fcr Stickstoffsysteme, erlaubt die Fernbef\u00fcllung und sorgt so f\u00fcr flexible Installationen mit bis zu 20 angeschlossenen Flammenk\u00f6pfen.<\/p>\n<hr data-start=\"547\" data-end=\"550\" \/>\n<h3 data-start=\"552\" data-end=\"585\">Technische Daten (Tech Specs)<\/h3>\n<div class=\"_tableContainer_1rjym_1\">\n<div class=\"group _tableWrapper_1rjym_13 flex w-fit flex-col-reverse\" tabindex=\"-1\">\n<table class=\"w-fit min-w-(--thread-content-width)\" data-start=\"587\" data-end=\"1284\">\n<thead data-start=\"587\" data-end=\"605\">\n<tr data-start=\"587\" data-end=\"605\">\n<th data-start=\"587\" data-end=\"597\" data-col-size=\"sm\">Merkmal<\/th>\n<th data-start=\"597\" data-end=\"605\" data-col-size=\"md\">Wert<\/th>\n<\/tr>\n<\/thead>\n<tbody data-start=\"616\" data-end=\"1284\">\n<tr data-start=\"616\" data-end=\"644\">\n<td data-start=\"616\" data-end=\"629\" data-col-size=\"sm\"><strong data-start=\"618\" data-end=\"628\">Modell<\/strong><\/td>\n<td data-start=\"629\" data-end=\"644\" data-col-size=\"md\">uPumper P20<\/td>\n<\/tr>\n<tr data-start=\"645\" data-end=\"676\">\n<td data-start=\"645\" data-end=\"663\" data-col-size=\"sm\"><strong data-start=\"647\" data-end=\"662\">Tankvolumen<\/strong><\/td>\n<td data-start=\"663\" data-end=\"676\" data-col-size=\"md\">250 Liter<\/td>\n<\/tr>\n<tr data-start=\"677\" data-end=\"711\">\n<td data-start=\"677\" data-end=\"698\" data-col-size=\"sm\"><strong data-start=\"679\" data-end=\"697\">Pumpenleistung<\/strong><\/td>\n<td data-start=\"698\" data-end=\"711\" data-col-size=\"md\">110 L\/min<\/td>\n<\/tr>\n<tr data-start=\"712\" data-end=\"756\">\n<td data-start=\"712\" data-end=\"745\" data-col-size=\"sm\"><strong data-start=\"714\" data-end=\"744\">Leistungsaufnahme (Arbeit)<\/strong><\/td>\n<td data-start=\"745\" data-end=\"756\" data-col-size=\"md\">6.000 W<\/td>\n<\/tr>\n<tr data-start=\"757\" data-end=\"813\">\n<td data-start=\"757\" data-end=\"788\" data-col-size=\"sm\"><strong data-start=\"759\" data-end=\"787\">Spannung \/ Netzanschluss<\/strong><\/td>\n<td data-col-size=\"md\" data-start=\"788\" data-end=\"813\">380 V AC (dreiphasig)<\/td>\n<\/tr>\n<tr data-start=\"814\" data-end=\"853\">\n<td data-start=\"814\" data-end=\"836\" data-col-size=\"sm\"><strong data-start=\"816\" data-end=\"835\">Geh\u00e4usematerial<\/strong><\/td>\n<td data-start=\"836\" data-end=\"853\" data-col-size=\"md\">Edelstahl 304<\/td>\n<\/tr>\n<tr data-start=\"854\" data-end=\"910\">\n<td data-start=\"854\" data-end=\"884\" data-col-size=\"sm\"><strong data-start=\"856\" data-end=\"883\">Abmessungen (B \u00d7 T \u00d7 H)<\/strong><\/td>\n<td data-start=\"884\" data-end=\"910\" data-col-size=\"md\">1.100 \u00d7 700 \u00d7 1.095 mm<\/td>\n<\/tr>\n<tr data-start=\"911\" data-end=\"942\">\n<td data-start=\"911\" data-end=\"932\" data-col-size=\"sm\"><strong data-start=\"913\" data-end=\"931\">Gewicht (leer)<\/strong><\/td>\n<td data-start=\"932\" data-end=\"942\" data-col-size=\"md\">285 kg<\/td>\n<\/tr>\n<tr data-start=\"943\" data-end=\"996\">\n<td data-start=\"943\" data-end=\"973\" data-col-size=\"sm\"><strong data-start=\"945\" data-end=\"972\">Kompatible Flammenk\u00f6pfe<\/strong><\/td>\n<td data-start=\"973\" data-end=\"996\" data-col-size=\"md\">uFlamer X1800, PF10<\/td>\n<\/tr>\n<tr data-start=\"997\" data-end=\"1054\">\n<td data-start=\"997\" data-end=\"1028\" data-col-size=\"sm\"><strong data-start=\"999\" data-end=\"1027\">Maximale Anschlussanzahl<\/strong><\/td>\n<td data-start=\"1028\" data-end=\"1054\" data-col-size=\"md\">bis zu 20 Flammenk\u00f6pfe<\/td>\n<\/tr>\n<tr data-start=\"1055\" data-end=\"1154\">\n<td data-start=\"1055\" data-end=\"1089\" data-col-size=\"sm\"><strong data-start=\"1057\" data-end=\"1088\">Druckmanagement \/ Steuerung<\/strong><\/td>\n<td data-start=\"1089\" data-end=\"1154\" data-col-size=\"md\">Automatische Druckregelung, F\u00fcllstandsuhr, Sicherheitsventile<\/td>\n<\/tr>\n<tr data-start=\"1155\" data-end=\"1208\">\n<td data-start=\"1155\" data-end=\"1187\" data-col-size=\"sm\"><strong data-start=\"1157\" data-end=\"1186\">Betriebstemperaturbereich<\/strong><\/td>\n<td data-start=\"1187\" data-end=\"1208\" data-col-size=\"md\">\u201320 \u00b0C bis +50 \u00b0C<\/td>\n<\/tr>\n<tr data-start=\"1209\" data-end=\"1284\">\n<td data-start=\"1209\" data-end=\"1241\" data-col-size=\"sm\"><strong data-start=\"1211\" data-end=\"1240\">Empfohlene Leitungsl\u00e4ngen<\/strong><\/td>\n<td data-start=\"1241\" data-end=\"1284\" data-col-size=\"md\">bis ca. 200 m horizontal, 30 m vertikal<\/td>\n<\/tr>\n<\/tbody>\n<\/table>\n<\/div>\n<\/div>\n","protected":false},"excerpt":{"rendered":"<p>1 vorr\u00e4tig<\/p>\n","protected":false},"featured_media":1210,"template":"","meta":[],"product_brand":[],"product_cat":[45,44],"product_tag":[],"class_list":{"0":"post-1209","1":"product","2":"type-product","3":"status-publish","4":"has-post-thumbnail","6":"product_cat-feuer","7":"product_cat-special-fx","9":"first","10":"instock","11":"taxable","12":"shipping-taxable","13":"purchasable","14":"product-type-simple"},"_links":{"self":[{"href":"https:\/\/as-lightsound.de\/wordpress\/wp-json\/wp\/v2\/product\/1209","targetHints":{"allow":["GET"]}}],"collection":[{"href":"https:\/\/as-lightsound.de\/wordpress\/wp-json\/wp\/v2\/product"}],"about":[{"href":"https:\/\/as-lightsound.de\/wordpress\/wp-json\/wp\/v2\/types\/product"}],"wp:featuredmedia":[{"embeddable":true,"href":"https:\/\/as-lightsound.de\/wordpress\/wp-json\/wp\/v2\/media\/1210"}],"wp:attachment":[{"href":"https:\/\/as-lightsound.de\/wordpress\/wp-json\/wp\/v2\/media?parent=1209"}],"wp:term":[{"taxonomy":"product_brand","embeddable":true,"href":"https:\/\/as-lightsound.de\/wordpress\/wp-json\/wp\/v2\/product_brand?post=1209"},{"taxonomy":"product_cat","embeddable":true,"href":"https:\/\/as-lightsound.de\/wordpress\/wp-json\/wp\/v2\/product_cat?post=1209"},{"taxonomy":"product_tag","embeddable":true,"href":"https:\/\/as-lightsound.de\/wordpress\/wp-json\/wp\/v2\/product_tag?post=1209"}],"curies":[{"name":"wp","href":"https:\/\/api.w.org\/{rel}","templated":true}]}}