{"id":1189,"date":"2023-08-09T18:26:34","date_gmt":"2023-08-09T16:26:34","guid":{"rendered":"https:\/\/as-lightsound.de\/wordpress\/?post_type=product&#038;p=1189"},"modified":"2025-10-09T11:08:19","modified_gmt":"2025-10-09T09:08:19","slug":"airswan-5m-fuer-iridium-fanbase","status":"publish","type":"product","link":"https:\/\/as-lightsound.de\/wordpress\/product\/airswan-5m-fuer-iridium-fanbase\/","title":{"rendered":"AirSwan 5m f\u00fcr Iridium Fanbase"},"content":{"rendered":"<p data-start=\"74\" data-end=\"559\">Der <strong data-start=\"78\" data-end=\"113\">AirSwan 5 m f\u00fcr Iridium FanBase<\/strong> ist ein leichter, aufblasbarer Stoffk\u00f6rper, der in Verbindung mit der FanBase optische S\u00e4ulen- und Windeffekte erzeugt. Er besteht aus schwer entflammbarem Material mit Formstabilit\u00e4t unter Luftdruck und wird in kurzer Zeit montiert. Die Konstruktion ist auf eine feste Verbindung mit der FanBase ausgelegt, um Effektsicherheit zu gew\u00e4hrleisten. Der AirSwan erlaubt vielseitige Inszenierungen durch flexible Ausrichtung und Mediumdurchf\u00fchrung.<\/p>\n<div class=\"_tableContainer_1rjym_1\">\n<div class=\"group _tableWrapper_1rjym_13 flex w-fit flex-col-reverse\" tabindex=\"-1\">\n<table class=\"w-fit min-w-(--thread-content-width)\" data-start=\"561\" data-end=\"887\">\n<thead data-start=\"561\" data-end=\"596\">\n<tr data-start=\"561\" data-end=\"596\">\n<th data-start=\"561\" data-end=\"584\" data-col-size=\"sm\"><strong data-start=\"563\" data-end=\"583\">Technische Daten<\/strong><\/th>\n<th data-start=\"584\" data-end=\"596\" data-col-size=\"sm\"><strong data-start=\"586\" data-end=\"594\">Wert<\/strong><\/th>\n<\/tr>\n<\/thead>\n<tbody data-start=\"635\" data-end=\"887\">\n<tr data-start=\"635\" data-end=\"649\">\n<td data-start=\"635\" data-end=\"642\" data-col-size=\"sm\">H\u00f6he<\/td>\n<td data-start=\"642\" data-end=\"649\" data-col-size=\"sm\">5 m<\/td>\n<\/tr>\n<tr data-start=\"650\" data-end=\"696\">\n<td data-start=\"650\" data-end=\"668\" data-col-size=\"sm\">Durchmesser Fu\u00df<\/td>\n<td data-start=\"668\" data-end=\"696\" data-col-size=\"sm\">passend zu FanBase 85 cm<\/td>\n<\/tr>\n<tr data-start=\"697\" data-end=\"739\">\n<td data-start=\"697\" data-end=\"708\" data-col-size=\"sm\">Material<\/td>\n<td data-start=\"708\" data-end=\"739\" data-col-size=\"sm\">schwer entflammbares Gewebe<\/td>\n<\/tr>\n<tr data-start=\"740\" data-end=\"764\">\n<td data-start=\"740\" data-end=\"750\" data-col-size=\"sm\">Gewicht<\/td>\n<td data-start=\"750\" data-end=\"764\" data-col-size=\"sm\">ca. 1,8 kg<\/td>\n<\/tr>\n<tr data-start=\"765\" data-end=\"808\">\n<td data-start=\"765\" data-end=\"783\" data-col-size=\"sm\">Verpackungsma\u00dfe<\/td>\n<td data-col-size=\"sm\" data-start=\"783\" data-end=\"808\">ca. 400 \u00d7 600 \u00d7 90 mm<\/td>\n<\/tr>\n<tr data-start=\"809\" data-end=\"840\">\n<td data-start=\"809\" data-end=\"822\" data-col-size=\"sm\">Aufbauzeit<\/td>\n<td data-start=\"822\" data-end=\"840\" data-col-size=\"sm\">wenige Minuten<\/td>\n<\/tr>\n<tr data-start=\"841\" data-end=\"887\">\n<td data-start=\"841\" data-end=\"855\" data-col-size=\"sm\">Befestigung<\/td>\n<td data-start=\"855\" data-end=\"887\" data-col-size=\"sm\">kompatibel mit FanBase 85 cm<\/td>\n<\/tr>\n<\/tbody>\n<\/table>\n<\/div>\n<\/div>\n","protected":false},"excerpt":{"rendered":"<p>4 vorr\u00e4tig<\/p>\n","protected":false},"featured_media":1190,"template":"","meta":[],"product_brand":[],"product_cat":[48],"product_tag":[],"class_list":{"0":"post-1189","1":"product","2":"type-product","3":"status-publish","4":"has-post-thumbnail","6":"product_cat-sonstige","8":"first","9":"instock","10":"taxable","11":"shipping-taxable","12":"product-type-simple"},"_links":{"self":[{"href":"https:\/\/as-lightsound.de\/wordpress\/wp-json\/wp\/v2\/product\/1189","targetHints":{"allow":["GET"]}}],"collection":[{"href":"https:\/\/as-lightsound.de\/wordpress\/wp-json\/wp\/v2\/product"}],"about":[{"href":"https:\/\/as-lightsound.de\/wordpress\/wp-json\/wp\/v2\/types\/product"}],"wp:featuredmedia":[{"embeddable":true,"href":"https:\/\/as-lightsound.de\/wordpress\/wp-json\/wp\/v2\/media\/1190"}],"wp:attachment":[{"href":"https:\/\/as-lightsound.de\/wordpress\/wp-json\/wp\/v2\/media?parent=1189"}],"wp:term":[{"taxonomy":"product_brand","embeddable":true,"href":"https:\/\/as-lightsound.de\/wordpress\/wp-json\/wp\/v2\/product_brand?post=1189"},{"taxonomy":"product_cat","embeddable":true,"href":"https:\/\/as-lightsound.de\/wordpress\/wp-json\/wp\/v2\/product_cat?post=1189"},{"taxonomy":"product_tag","embeddable":true,"href":"https:\/\/as-lightsound.de\/wordpress\/wp-json\/wp\/v2\/product_tag?post=1189"}],"curies":[{"name":"wp","href":"https:\/\/api.w.org\/{rel}","templated":true}]}}