{"id":1185,"date":"2023-08-09T18:25:19","date_gmt":"2023-08-09T16:25:19","guid":{"rendered":"https:\/\/as-lightsound.de\/wordpress\/?post_type=product&#038;p=1185"},"modified":"2025-10-09T11:09:03","modified_gmt":"2025-10-09T09:09:03","slug":"aircone-5m-fuer-iridium-fanbase","status":"publish","type":"product","link":"https:\/\/as-lightsound.de\/wordpress\/product\/aircone-5m-fuer-iridium-fanbase\/","title":{"rendered":"AirCone 5m f\u00fcr Iridium Fanbase"},"content":{"rendered":"<p data-start=\"66\" data-end=\"497\">Der <strong data-start=\"70\" data-end=\"105\">AirCone 5 m f\u00fcr Iridium FanBase<\/strong> ist ein aufblasbarer Textilkegel, der in Verbindung mit der FanBase visuelle Wind- oder Fl\u00e4cheneffekte erzeugt. Der Kegel besteht aus schwer entflammbarem Gewebe und beh\u00e4lt seine Form auch bei starken Luftstr\u00f6men. Die Konstruktion ist f\u00fcr eine feste Verbindung mit der FanBase ausgelegt, um sichere Effekte zu gew\u00e4hrleisten. Der AirCone l\u00e4sst sich in kurzer Zeit montieren und demontieren.<\/p>\n<div class=\"_tableContainer_1rjym_1\">\n<div class=\"group _tableWrapper_1rjym_13 flex w-fit flex-col-reverse\" tabindex=\"-1\">\n<table class=\"w-fit min-w-(--thread-content-width)\" data-start=\"499\" data-end=\"842\">\n<thead data-start=\"499\" data-end=\"534\">\n<tr data-start=\"499\" data-end=\"534\">\n<th data-start=\"499\" data-end=\"522\" data-col-size=\"sm\"><strong data-start=\"501\" data-end=\"521\">Technische Daten<\/strong><\/th>\n<th data-start=\"522\" data-end=\"534\" data-col-size=\"sm\"><strong data-start=\"524\" data-end=\"532\">Wert<\/strong><\/th>\n<\/tr>\n<\/thead>\n<tbody data-start=\"573\" data-end=\"842\">\n<tr data-start=\"573\" data-end=\"587\">\n<td data-start=\"573\" data-end=\"580\" data-col-size=\"sm\">H\u00f6he<\/td>\n<td data-col-size=\"sm\" data-start=\"580\" data-end=\"587\">5 m<\/td>\n<\/tr>\n<tr data-start=\"588\" data-end=\"638\">\n<td data-start=\"588\" data-end=\"609\" data-col-size=\"sm\">Durchmesser am Fu\u00df<\/td>\n<td data-start=\"609\" data-end=\"638\" data-col-size=\"sm\">passend zur FanBase 85 cm<\/td>\n<\/tr>\n<tr data-start=\"639\" data-end=\"687\">\n<td data-start=\"639\" data-end=\"650\" data-col-size=\"sm\">Material<\/td>\n<td data-start=\"650\" data-end=\"687\" data-col-size=\"sm\">schwer entflammbares Textilgewebe<\/td>\n<\/tr>\n<tr data-start=\"688\" data-end=\"712\">\n<td data-start=\"688\" data-end=\"698\" data-col-size=\"sm\">Gewicht<\/td>\n<td data-start=\"698\" data-end=\"712\" data-col-size=\"sm\">ca. 1,8 kg<\/td>\n<\/tr>\n<tr data-start=\"713\" data-end=\"755\">\n<td data-start=\"713\" data-end=\"730\" data-col-size=\"sm\">Verpackungsma\u00df<\/td>\n<td data-start=\"730\" data-end=\"755\" data-col-size=\"sm\">ca. 400 \u00d7 600 \u00d7 90 mm<\/td>\n<\/tr>\n<tr data-start=\"756\" data-end=\"787\">\n<td data-start=\"756\" data-end=\"769\" data-col-size=\"sm\">Aufbauzeit<\/td>\n<td data-start=\"769\" data-end=\"787\" data-col-size=\"sm\">wenige Minuten<\/td>\n<\/tr>\n<tr data-start=\"788\" data-end=\"842\">\n<td data-start=\"788\" data-end=\"802\" data-col-size=\"sm\">Befestigung<\/td>\n<td data-col-size=\"sm\" data-start=\"802\" data-end=\"842\">direkte Verbindung zur FanBase 85 cm<\/td>\n<\/tr>\n<\/tbody>\n<\/table>\n<\/div>\n<\/div>\n","protected":false},"excerpt":{"rendered":"<p>8 vorr\u00e4tig<\/p>\n","protected":false},"featured_media":1186,"template":"","meta":[],"product_brand":[],"product_cat":[48],"product_tag":[],"class_list":{"0":"post-1185","1":"product","2":"type-product","3":"status-publish","4":"has-post-thumbnail","6":"product_cat-sonstige","8":"first","9":"instock","10":"taxable","11":"shipping-taxable","12":"product-type-simple"},"_links":{"self":[{"href":"https:\/\/as-lightsound.de\/wordpress\/wp-json\/wp\/v2\/product\/1185","targetHints":{"allow":["GET"]}}],"collection":[{"href":"https:\/\/as-lightsound.de\/wordpress\/wp-json\/wp\/v2\/product"}],"about":[{"href":"https:\/\/as-lightsound.de\/wordpress\/wp-json\/wp\/v2\/types\/product"}],"wp:featuredmedia":[{"embeddable":true,"href":"https:\/\/as-lightsound.de\/wordpress\/wp-json\/wp\/v2\/media\/1186"}],"wp:attachment":[{"href":"https:\/\/as-lightsound.de\/wordpress\/wp-json\/wp\/v2\/media?parent=1185"}],"wp:term":[{"taxonomy":"product_brand","embeddable":true,"href":"https:\/\/as-lightsound.de\/wordpress\/wp-json\/wp\/v2\/product_brand?post=1185"},{"taxonomy":"product_cat","embeddable":true,"href":"https:\/\/as-lightsound.de\/wordpress\/wp-json\/wp\/v2\/product_cat?post=1185"},{"taxonomy":"product_tag","embeddable":true,"href":"https:\/\/as-lightsound.de\/wordpress\/wp-json\/wp\/v2\/product_tag?post=1185"}],"curies":[{"name":"wp","href":"https:\/\/api.w.org\/{rel}","templated":true}]}}