{"id":1181,"date":"2023-08-09T18:23:54","date_gmt":"2023-08-09T16:23:54","guid":{"rendered":"https:\/\/as-lightsound.de\/wordpress\/?post_type=product&#038;p=1181"},"modified":"2025-10-09T11:09:42","modified_gmt":"2025-10-09T09:09:42","slug":"aircandle-25m-fuer-iridium-fanbase","status":"publish","type":"product","link":"https:\/\/as-lightsound.de\/wordpress\/product\/aircandle-25m-fuer-iridium-fanbase\/","title":{"rendered":"AirCandle 2,5m f\u00fcr Iridium Fanbase"},"content":{"rendered":"<p data-start=\"71\" data-end=\"593\">Der <strong data-start=\"75\" data-end=\"114\">AirCandle 2,5 m f\u00fcr Iridium FanBase<\/strong> ist ein kompakter aufblasbarer Textilk\u00f6rper in Kerzenoptik, der mit einer FanBase eingesetzt wird, um visuelle Wind- oder Flameffekte darzustellen. Der Stoff besitzt schwer entflammbare Eigenschaften und beh\u00e4lt seine Form durch kontinuierlichen Luftstrom auch bei Bewegung. Die Konstruktion ist f\u00fcr eine sichere Verbindung mit der FanBase ausgelegt, um Stabilit\u00e4t auch bei starken L\u00fcftungsbedingungen zu gew\u00e4hrleisten. Die Montage und Demontage erfolgen schnell und effizient.<\/p>\n<div class=\"_tableContainer_1rjym_1\">\n<div class=\"group _tableWrapper_1rjym_13 flex w-fit flex-col-reverse\" tabindex=\"-1\">\n<table class=\"w-fit min-w-(--thread-content-width)\" data-start=\"595\" data-end=\"943\">\n<thead data-start=\"595\" data-end=\"630\">\n<tr data-start=\"595\" data-end=\"630\">\n<th data-start=\"595\" data-end=\"618\" data-col-size=\"sm\"><strong data-start=\"597\" data-end=\"617\">Technische Daten<\/strong><\/th>\n<th data-start=\"618\" data-end=\"630\" data-col-size=\"sm\"><strong data-start=\"620\" data-end=\"628\">Wert<\/strong><\/th>\n<\/tr>\n<\/thead>\n<tbody data-start=\"669\" data-end=\"943\">\n<tr data-start=\"669\" data-end=\"685\">\n<td data-start=\"669\" data-end=\"676\" data-col-size=\"sm\">H\u00f6he<\/td>\n<td data-col-size=\"sm\" data-start=\"676\" data-end=\"685\">2,5 m<\/td>\n<\/tr>\n<tr data-start=\"686\" data-end=\"739\">\n<td data-start=\"686\" data-end=\"707\" data-col-size=\"sm\">Durchmesser am Fu\u00df<\/td>\n<td data-start=\"707\" data-end=\"739\" data-col-size=\"sm\">kompatibel mit FanBase 85 cm<\/td>\n<\/tr>\n<tr data-start=\"740\" data-end=\"788\">\n<td data-start=\"740\" data-end=\"751\" data-col-size=\"sm\">Material<\/td>\n<td data-start=\"751\" data-end=\"788\" data-col-size=\"sm\">schwer entflammbares Textilgewebe<\/td>\n<\/tr>\n<tr data-start=\"789\" data-end=\"813\">\n<td data-start=\"789\" data-end=\"799\" data-col-size=\"sm\">Gewicht<\/td>\n<td data-start=\"799\" data-end=\"813\" data-col-size=\"sm\">ca. 1,2 kg<\/td>\n<\/tr>\n<tr data-start=\"814\" data-end=\"856\">\n<td data-start=\"814\" data-end=\"831\" data-col-size=\"sm\">Verpackungsma\u00df<\/td>\n<td data-start=\"831\" data-end=\"856\" data-col-size=\"sm\">ca. 350 \u00d7 500 \u00d7 80 mm<\/td>\n<\/tr>\n<tr data-start=\"857\" data-end=\"888\">\n<td data-start=\"857\" data-end=\"870\" data-col-size=\"sm\">Aufbauzeit<\/td>\n<td data-start=\"870\" data-end=\"888\" data-col-size=\"sm\">wenige Minuten<\/td>\n<\/tr>\n<tr data-start=\"889\" data-end=\"943\">\n<td data-start=\"889\" data-end=\"903\" data-col-size=\"sm\">Befestigung<\/td>\n<td data-start=\"903\" data-end=\"943\" data-col-size=\"sm\">direkte Verbindung zur FanBase 85 cm<\/td>\n<\/tr>\n<\/tbody>\n<\/table>\n<\/div>\n<\/div>\n","protected":false},"excerpt":{"rendered":"<p>4 vorr\u00e4tig<\/p>\n","protected":false},"featured_media":1182,"template":"","meta":[],"product_brand":[],"product_cat":[48],"product_tag":[],"class_list":{"0":"post-1181","1":"product","2":"type-product","3":"status-publish","4":"has-post-thumbnail","6":"product_cat-sonstige","8":"first","9":"instock","10":"taxable","11":"shipping-taxable","12":"product-type-simple"},"_links":{"self":[{"href":"https:\/\/as-lightsound.de\/wordpress\/wp-json\/wp\/v2\/product\/1181","targetHints":{"allow":["GET"]}}],"collection":[{"href":"https:\/\/as-lightsound.de\/wordpress\/wp-json\/wp\/v2\/product"}],"about":[{"href":"https:\/\/as-lightsound.de\/wordpress\/wp-json\/wp\/v2\/types\/product"}],"wp:featuredmedia":[{"embeddable":true,"href":"https:\/\/as-lightsound.de\/wordpress\/wp-json\/wp\/v2\/media\/1182"}],"wp:attachment":[{"href":"https:\/\/as-lightsound.de\/wordpress\/wp-json\/wp\/v2\/media?parent=1181"}],"wp:term":[{"taxonomy":"product_brand","embeddable":true,"href":"https:\/\/as-lightsound.de\/wordpress\/wp-json\/wp\/v2\/product_brand?post=1181"},{"taxonomy":"product_cat","embeddable":true,"href":"https:\/\/as-lightsound.de\/wordpress\/wp-json\/wp\/v2\/product_cat?post=1181"},{"taxonomy":"product_tag","embeddable":true,"href":"https:\/\/as-lightsound.de\/wordpress\/wp-json\/wp\/v2\/product_tag?post=1181"}],"curies":[{"name":"wp","href":"https:\/\/api.w.org\/{rel}","templated":true}]}}