{"id":1131,"date":"2023-08-08T11:16:44","date_gmt":"2023-08-08T09:16:44","guid":{"rendered":"https:\/\/as-lightsound.de\/wordpress\/?post_type=product&#038;p=1131"},"modified":"2025-10-09T10:37:08","modified_gmt":"2025-10-09T08:37:08","slug":"galaxis-pfc-advance-pyro-funk-controller","status":"publish","type":"product","link":"https:\/\/as-lightsound.de\/wordpress\/product\/galaxis-pfc-advance-pyro-funk-controller\/","title":{"rendered":"Galaxis PFC Advance Pyro-Funk-Controller"},"content":{"rendered":"<p data-start=\"53\" data-end=\"520\">Der <strong data-start=\"57\" data-end=\"80\">Galaxis PFC Advance<\/strong> ist ein hochflexibler Funkcontroller f\u00fcr Pyrotechnik und Spezialeffekte mit umfassender Steuerungslogik und Sicherheitsfunktionen. Er erm\u00f6glicht drahtlose Ansteuerung von Z\u00fcndmodulen und Effektger\u00e4ten, w\u00e4hrend integrierte Diagnose- und Sicherungsmechanismen f\u00fcr maximalen Betriebsschutz sorgen. Der Controller eignet sich f\u00fcr Festinstallationen, Touring-Eins\u00e4tze und Eventproduktionen mit hohen Anforderungen an Performance und Sicherheit.<\/p>\n<hr data-start=\"522\" data-end=\"525\" \/>\n<h3 data-start=\"527\" data-end=\"560\">Technische Daten (Tech Specs)<\/h3>\n<div class=\"_tableContainer_1rjym_1\">\n<div class=\"group _tableWrapper_1rjym_13 flex w-fit flex-col-reverse\" tabindex=\"-1\">\n<table class=\"w-fit min-w-(--thread-content-width)\" data-start=\"562\" data-end=\"1650\">\n<thead data-start=\"562\" data-end=\"580\">\n<tr data-start=\"562\" data-end=\"580\">\n<th data-start=\"562\" data-end=\"572\" data-col-size=\"sm\">Merkmal<\/th>\n<th data-start=\"572\" data-end=\"580\" data-col-size=\"md\">Wert<\/th>\n<\/tr>\n<\/thead>\n<tbody data-start=\"601\" data-end=\"1650\">\n<tr data-start=\"601\" data-end=\"629\">\n<td data-start=\"601\" data-end=\"614\" data-col-size=\"sm\"><strong data-start=\"603\" data-end=\"613\">Modell<\/strong><\/td>\n<td data-start=\"614\" data-end=\"629\" data-col-size=\"md\">PFC Advance<\/td>\n<\/tr>\n<tr data-start=\"630\" data-end=\"720\">\n<td data-start=\"630\" data-end=\"657\" data-col-size=\"sm\"><strong data-start=\"632\" data-end=\"656\">Steuerschnittstellen<\/strong><\/td>\n<td data-start=\"657\" data-end=\"720\" data-col-size=\"md\">DMX512 (3-pol &amp; 5-pol), LAN \/ Ethernet, optional Funk-Modul<\/td>\n<\/tr>\n<tr data-start=\"721\" data-end=\"793\">\n<td data-start=\"721\" data-end=\"741\" data-col-size=\"sm\"><strong data-start=\"723\" data-end=\"740\">Funksteuerung<\/strong><\/td>\n<td data-start=\"741\" data-end=\"793\" data-col-size=\"md\">2,4 GHz, bidirektional, Reichweite bis ca. 400 m<\/td>\n<\/tr>\n<tr data-start=\"794\" data-end=\"904\">\n<td data-start=\"794\" data-end=\"836\" data-col-size=\"sm\"><strong data-start=\"796\" data-end=\"835\">Ausg\u00e4nge (Trigger \/ Signalausg\u00e4nge)<\/strong><\/td>\n<td data-start=\"836\" data-end=\"904\" data-col-size=\"md\">Bis zu 16 adressierbare Ausg\u00e4nge (via angeschlossene Z\u00fcndmodule)<\/td>\n<\/tr>\n<tr data-start=\"905\" data-end=\"999\">\n<td data-start=\"905\" data-end=\"942\" data-col-size=\"sm\"><strong data-start=\"907\" data-end=\"941\">Interlock \/ Sicherheitssysteme<\/strong><\/td>\n<td data-start=\"942\" data-end=\"999\" data-col-size=\"md\">E-Stop (Not-Aus), Sicherheitsschaltung, Gruppensperre<\/td>\n<\/tr>\n<tr data-start=\"1000\" data-end=\"1081\">\n<td data-start=\"1000\" data-end=\"1025\" data-col-size=\"sm\"><strong data-start=\"1002\" data-end=\"1024\">Benutzeroberfl\u00e4che<\/strong><\/td>\n<td data-start=\"1025\" data-end=\"1081\" data-col-size=\"md\">Touchscreen, Status-LEDs f\u00fcr Kanal- und Systemstatus<\/td>\n<\/tr>\n<tr data-start=\"1082\" data-end=\"1169\">\n<td data-start=\"1082\" data-end=\"1110\" data-col-size=\"sm\"><strong data-start=\"1084\" data-end=\"1109\">Szenen \/ Cues \/ Shows<\/strong><\/td>\n<td data-start=\"1110\" data-end=\"1169\" data-col-size=\"md\">Bis zu 255 Shows mit je zahlreichen Cues programmierbar<\/td>\n<\/tr>\n<tr data-start=\"1170\" data-end=\"1243\">\n<td data-start=\"1170\" data-end=\"1197\" data-col-size=\"sm\"><strong data-start=\"1172\" data-end=\"1196\">Backup \/ Speicherung<\/strong><\/td>\n<td data-col-size=\"md\" data-start=\"1197\" data-end=\"1243\">Lokaler Speicher f\u00fcr Shows \/ Konfiguration<\/td>\n<\/tr>\n<tr data-start=\"1244\" data-end=\"1309\">\n<td data-start=\"1244\" data-end=\"1269\" data-col-size=\"sm\"><strong data-start=\"1246\" data-end=\"1268\">Firmware \/ Updates<\/strong><\/td>\n<td data-start=\"1269\" data-end=\"1309\" data-col-size=\"md\">\u00dcber USB oder Netzwerk (OTA m\u00f6glich)<\/td>\n<\/tr>\n<tr data-start=\"1310\" data-end=\"1378\">\n<td data-start=\"1310\" data-end=\"1334\" data-col-size=\"sm\"><strong data-start=\"1312\" data-end=\"1333\">Geh\u00e4use \/ Bauform<\/strong><\/td>\n<td data-col-size=\"md\" data-start=\"1334\" data-end=\"1378\">Robustes Metallgeh\u00e4use, rackf\u00e4hig (1 HE)<\/td>\n<\/tr>\n<tr data-start=\"1379\" data-end=\"1450\">\n<td data-start=\"1379\" data-end=\"1414\" data-col-size=\"sm\"><strong data-start=\"1381\" data-end=\"1413\">Netzspannung \/ Stromaufnahme<\/strong><\/td>\n<td data-start=\"1414\" data-end=\"1450\" data-col-size=\"md\">100\u2013240 V AC, Verbrauch ca. 20 W<\/td>\n<\/tr>\n<tr data-start=\"1451\" data-end=\"1496\">\n<td data-start=\"1451\" data-end=\"1475\" data-col-size=\"sm\"><strong data-start=\"1453\" data-end=\"1474\">Abmessungen (ca.)<\/strong><\/td>\n<td data-start=\"1475\" data-end=\"1496\" data-col-size=\"md\">482 \u00d7 44 \u00d7 200 mm<\/td>\n<\/tr>\n<tr data-start=\"1497\" data-end=\"1527\">\n<td data-start=\"1497\" data-end=\"1517\" data-col-size=\"sm\"><strong data-start=\"1499\" data-end=\"1516\">Gewicht (ca.)<\/strong><\/td>\n<td data-start=\"1517\" data-end=\"1527\" data-col-size=\"md\">2,3 kg<\/td>\n<\/tr>\n<tr data-start=\"1528\" data-end=\"1565\">\n<td data-start=\"1528\" data-end=\"1552\" data-col-size=\"sm\"><strong data-start=\"1530\" data-end=\"1551\">Temperaturbereich<\/strong><\/td>\n<td data-start=\"1552\" data-end=\"1565\" data-col-size=\"md\">0 \u2013 50 \u00b0C<\/td>\n<\/tr>\n<tr data-start=\"1566\" data-end=\"1650\">\n<td data-start=\"1566\" data-end=\"1597\" data-col-size=\"sm\"><strong data-start=\"1568\" data-end=\"1596\">Kommunikationsprotokolle<\/strong><\/td>\n<td data-start=\"1597\" data-end=\"1650\" data-col-size=\"md\">PFC-eigenes Funkprotokoll, DMX, ArtNet (optional)<\/td>\n<\/tr>\n<\/tbody>\n<\/table>\n<\/div>\n<\/div>\n","protected":false},"excerpt":{"rendered":"<p>1 vorr\u00e4tig<\/p>\n","protected":false},"featured_media":1132,"template":"","meta":[],"product_brand":[],"product_cat":[53],"product_tag":[],"class_list":{"0":"post-1131","1":"product","2":"type-product","3":"status-publish","4":"has-post-thumbnail","6":"product_cat-pyrotechnik","8":"first","9":"instock","10":"taxable","11":"shipping-taxable","12":"purchasable","13":"product-type-simple"},"_links":{"self":[{"href":"https:\/\/as-lightsound.de\/wordpress\/wp-json\/wp\/v2\/product\/1131","targetHints":{"allow":["GET"]}}],"collection":[{"href":"https:\/\/as-lightsound.de\/wordpress\/wp-json\/wp\/v2\/product"}],"about":[{"href":"https:\/\/as-lightsound.de\/wordpress\/wp-json\/wp\/v2\/types\/product"}],"wp:featuredmedia":[{"embeddable":true,"href":"https:\/\/as-lightsound.de\/wordpress\/wp-json\/wp\/v2\/media\/1132"}],"wp:attachment":[{"href":"https:\/\/as-lightsound.de\/wordpress\/wp-json\/wp\/v2\/media?parent=1131"}],"wp:term":[{"taxonomy":"product_brand","embeddable":true,"href":"https:\/\/as-lightsound.de\/wordpress\/wp-json\/wp\/v2\/product_brand?post=1131"},{"taxonomy":"product_cat","embeddable":true,"href":"https:\/\/as-lightsound.de\/wordpress\/wp-json\/wp\/v2\/product_cat?post=1131"},{"taxonomy":"product_tag","embeddable":true,"href":"https:\/\/as-lightsound.de\/wordpress\/wp-json\/wp\/v2\/product_tag?post=1131"}],"curies":[{"name":"wp","href":"https:\/\/api.w.org\/{rel}","templated":true}]}}