{"id":1121,"date":"2023-08-03T19:21:24","date_gmt":"2023-08-03T17:21:24","guid":{"rendered":"https:\/\/as-lightsound.de\/wordpress\/?post_type=product&#038;p=1121"},"modified":"2025-10-09T13:15:21","modified_gmt":"2025-10-09T11:15:21","slug":"axxent-intercom-d-800e-pro-hoersprechgarnitur-1-ohrmuschel","status":"publish","type":"product","link":"https:\/\/as-lightsound.de\/wordpress\/product\/axxent-intercom-d-800e-pro-hoersprechgarnitur-1-ohrmuschel\/","title":{"rendered":"Axxent Intercom D-800E Pro H\u00f6rsprechgarnitur \/ 1 Ohrmuschel"},"content":{"rendered":"<p data-start=\"66\" data-end=\"535\">Die <strong data-start=\"70\" data-end=\"91\">Axxent D-800E Pro<\/strong> ist eine Intercom-H\u00f6rsprechgarnitur mit einer Ohrmuschel und Mikrofonarm, konstruiert f\u00fcr den Einsatz in \u00dcbertragungs-, Veranstaltungs- oder Broadcast-Umgebungen. Das System gew\u00e4hrleistet klare Sprachwiedergabe und effektive Stummschaltung \u00fcber einen integrierten Schwenk-PTT-Schalter. Die Ein-Ohr-Konstruktion erlaubt gleichzeitige Wahrnehmung der Umgebung auf dem freien Ohr. Der Aufbau ist robust und f\u00fcr professionelle Nutzung ausgelegt.<\/p>\n<div class=\"_tableContainer_1rjym_1\">\n<div class=\"group _tableWrapper_1rjym_13 flex w-fit flex-col-reverse\" tabindex=\"-1\">\n<table class=\"w-fit min-w-(--thread-content-width)\" data-start=\"537\" data-end=\"974\">\n<thead data-start=\"537\" data-end=\"572\">\n<tr data-start=\"537\" data-end=\"572\">\n<th data-start=\"537\" data-end=\"560\" data-col-size=\"sm\"><strong data-start=\"539\" data-end=\"559\">Technische Daten<\/strong><\/th>\n<th data-start=\"560\" data-end=\"572\" data-col-size=\"sm\"><strong data-start=\"562\" data-end=\"570\">Wert<\/strong><\/th>\n<\/tr>\n<\/thead>\n<tbody data-start=\"612\" data-end=\"974\">\n<tr data-start=\"612\" data-end=\"658\">\n<td data-start=\"612\" data-end=\"624\" data-col-size=\"sm\">Anschluss<\/td>\n<td data-start=\"624\" data-end=\"658\" data-col-size=\"sm\">4-poliger XLR-Intercom-Stecker<\/td>\n<\/tr>\n<tr data-start=\"659\" data-end=\"695\">\n<td data-start=\"659\" data-end=\"672\" data-col-size=\"sm\">Ohrmuschel<\/td>\n<td data-col-size=\"sm\" data-start=\"672\" data-end=\"695\">1 (Mono-Ausf\u00fchrung)<\/td>\n<\/tr>\n<tr data-start=\"696\" data-end=\"740\">\n<td data-start=\"696\" data-end=\"710\" data-col-size=\"sm\">Mikrofontyp<\/td>\n<td data-start=\"710\" data-end=\"740\" data-col-size=\"sm\">Boom-Mikrofon, Kondensator<\/td>\n<\/tr>\n<tr data-start=\"741\" data-end=\"791\">\n<td data-start=\"741\" data-end=\"764\" data-col-size=\"sm\">Ein- \/ Aus-Schaltung<\/td>\n<td data-start=\"764\" data-end=\"791\" data-col-size=\"sm\">Schwenk-PTT am Mikrofon<\/td>\n<\/tr>\n<tr data-start=\"792\" data-end=\"812\">\n<td data-start=\"792\" data-end=\"803\" data-col-size=\"sm\">Impedanz<\/td>\n<td data-start=\"803\" data-end=\"812\" data-col-size=\"sm\">150 \u03a9<\/td>\n<\/tr>\n<tr data-start=\"813\" data-end=\"861\">\n<td data-start=\"813\" data-end=\"840\" data-col-size=\"sm\">Empfindlichkeit Ohrh\u00f6rer<\/td>\n<td data-start=\"840\" data-end=\"861\" data-col-size=\"sm\">ca. \u201320 dB \u00b1 3 dB<\/td>\n<\/tr>\n<tr data-start=\"862\" data-end=\"913\">\n<td data-start=\"862\" data-end=\"889\" data-col-size=\"sm\">Frequenzbereich Ohrh\u00f6rer<\/td>\n<td data-start=\"889\" data-end=\"913\" data-col-size=\"sm\">300 Hz bis 15.000 Hz<\/td>\n<\/tr>\n<tr data-start=\"914\" data-end=\"940\">\n<td data-start=\"914\" data-end=\"927\" data-col-size=\"sm\">Kabell\u00e4nge<\/td>\n<td data-start=\"927\" data-end=\"940\" data-col-size=\"sm\">ca. 1,8 m<\/td>\n<\/tr>\n<tr data-start=\"941\" data-end=\"974\">\n<td data-start=\"941\" data-end=\"959\" data-col-size=\"sm\">Gesamte Gewicht<\/td>\n<td data-start=\"959\" data-end=\"974\" data-col-size=\"sm\">ca. 110 g<\/td>\n<\/tr>\n<\/tbody>\n<\/table>\n<\/div>\n<\/div>\n","protected":false},"excerpt":{"rendered":"<p>4 vorr\u00e4tig<\/p>\n","protected":false},"featured_media":1122,"template":"","meta":[],"product_brand":[],"product_cat":[76],"product_tag":[],"class_list":{"0":"post-1121","1":"product","2":"type-product","3":"status-publish","4":"has-post-thumbnail","6":"product_cat-sonstiges-allgemein","8":"first","9":"instock","10":"taxable","11":"shipping-taxable","12":"purchasable","13":"product-type-simple"},"_links":{"self":[{"href":"https:\/\/as-lightsound.de\/wordpress\/wp-json\/wp\/v2\/product\/1121","targetHints":{"allow":["GET"]}}],"collection":[{"href":"https:\/\/as-lightsound.de\/wordpress\/wp-json\/wp\/v2\/product"}],"about":[{"href":"https:\/\/as-lightsound.de\/wordpress\/wp-json\/wp\/v2\/types\/product"}],"wp:featuredmedia":[{"embeddable":true,"href":"https:\/\/as-lightsound.de\/wordpress\/wp-json\/wp\/v2\/media\/1122"}],"wp:attachment":[{"href":"https:\/\/as-lightsound.de\/wordpress\/wp-json\/wp\/v2\/media?parent=1121"}],"wp:term":[{"taxonomy":"product_brand","embeddable":true,"href":"https:\/\/as-lightsound.de\/wordpress\/wp-json\/wp\/v2\/product_brand?post=1121"},{"taxonomy":"product_cat","embeddable":true,"href":"https:\/\/as-lightsound.de\/wordpress\/wp-json\/wp\/v2\/product_cat?post=1121"},{"taxonomy":"product_tag","embeddable":true,"href":"https:\/\/as-lightsound.de\/wordpress\/wp-json\/wp\/v2\/product_tag?post=1121"}],"curies":[{"name":"wp","href":"https:\/\/api.w.org\/{rel}","templated":true}]}}