{"id":1117,"date":"2023-08-03T19:16:50","date_gmt":"2023-08-03T17:16:50","guid":{"rendered":"https:\/\/as-lightsound.de\/wordpress\/?post_type=product&#038;p=1117"},"modified":"2025-10-09T13:16:45","modified_gmt":"2025-10-09T11:16:45","slug":"axxent-intercom-master-station-ms-200","status":"publish","type":"product","link":"https:\/\/as-lightsound.de\/wordpress\/product\/axxent-intercom-master-station-ms-200\/","title":{"rendered":"Axxent Intercom Master Station MS-200"},"content":{"rendered":"<p data-start=\"46\" data-end=\"516\">Die <strong data-start=\"50\" data-end=\"67\">Axxent MS-200<\/strong> ist eine 4-Kanal-Intercom-Masterstation zur zentralen Steuerung von Kommunikationswegen in Live-, Broadcast- oder Theaterumgebungen. Sie erm\u00f6glicht unabh\u00e4ngige Pegelregelung und Statusanzeige f\u00fcr jeden Kanal, bietet Talkback-Funktionalit\u00e4t und kann mit station\u00e4ren oder belt-pack-Einheiten kombiniert werden. Die robuste Konstruktion ist f\u00fcr den intensiven Dauereinsatz ausgelegt und unterst\u00fctzt eine klare Signalf\u00fchrung mit minimaler Verzerrung.<\/p>\n<div class=\"_tableContainer_1rjym_1\">\n<div class=\"group _tableWrapper_1rjym_13 flex w-fit flex-col-reverse\" tabindex=\"-1\">\n<table class=\"w-fit min-w-(--thread-content-width)\" data-start=\"518\" data-end=\"963\">\n<thead data-start=\"518\" data-end=\"553\">\n<tr data-start=\"518\" data-end=\"553\">\n<th data-start=\"518\" data-end=\"541\" data-col-size=\"sm\"><strong data-start=\"520\" data-end=\"540\">Technische Daten<\/strong><\/th>\n<th data-start=\"541\" data-end=\"553\" data-col-size=\"sm\"><strong data-start=\"543\" data-end=\"551\">Wert<\/strong><\/th>\n<\/tr>\n<\/thead>\n<tbody data-start=\"594\" data-end=\"963\">\n<tr data-start=\"594\" data-end=\"615\">\n<td data-start=\"594\" data-end=\"610\" data-col-size=\"sm\">Anzahl Kan\u00e4le<\/td>\n<td data-start=\"610\" data-end=\"615\" data-col-size=\"sm\">4<\/td>\n<\/tr>\n<tr data-start=\"616\" data-end=\"657\">\n<td data-start=\"616\" data-end=\"638\" data-col-size=\"sm\">Eing\u00e4nge \/ Ausg\u00e4nge<\/td>\n<td data-start=\"638\" data-end=\"657\" data-col-size=\"sm\">symmetrisch XLR<\/td>\n<\/tr>\n<tr data-start=\"658\" data-end=\"698\">\n<td data-start=\"658\" data-end=\"669\" data-col-size=\"sm\">Talkback<\/td>\n<td data-col-size=\"sm\" data-start=\"669\" data-end=\"698\">integriert, kanalabh\u00e4ngig<\/td>\n<\/tr>\n<tr data-start=\"699\" data-end=\"740\">\n<td data-start=\"699\" data-end=\"715\" data-col-size=\"sm\">Pegelregelung<\/td>\n<td data-start=\"715\" data-end=\"740\" data-col-size=\"sm\">individuell pro Kanal<\/td>\n<\/tr>\n<tr data-start=\"741\" data-end=\"785\">\n<td data-start=\"741\" data-end=\"754\" data-col-size=\"sm\">Monitoring<\/td>\n<td data-start=\"754\" data-end=\"785\" data-col-size=\"sm\">LED-Pegelanzeigen pro Kanal<\/td>\n<\/tr>\n<tr data-start=\"786\" data-end=\"816\">\n<td data-start=\"786\" data-end=\"804\" data-col-size=\"sm\">Stromversorgung<\/td>\n<td data-start=\"804\" data-end=\"816\" data-col-size=\"sm\">230 V AC<\/td>\n<\/tr>\n<tr data-start=\"817\" data-end=\"865\">\n<td data-start=\"817\" data-end=\"843\" data-col-size=\"sm\">Abmessungen (B \u00d7 H \u00d7 T)<\/td>\n<td data-col-size=\"sm\" data-start=\"843\" data-end=\"865\">483 \u00d7 132 \u00d7 225 mm<\/td>\n<\/tr>\n<tr data-start=\"866\" data-end=\"890\">\n<td data-start=\"866\" data-end=\"876\" data-col-size=\"sm\">Gewicht<\/td>\n<td data-start=\"876\" data-end=\"890\" data-col-size=\"sm\">ca. 4,5 kg<\/td>\n<\/tr>\n<tr data-start=\"891\" data-end=\"917\">\n<td data-start=\"891\" data-end=\"905\" data-col-size=\"sm\">Montageform<\/td>\n<td data-start=\"905\" data-end=\"917\" data-col-size=\"sm\">19\u2033 Rack<\/td>\n<\/tr>\n<tr data-start=\"918\" data-end=\"963\">\n<td data-start=\"918\" data-end=\"930\" data-col-size=\"sm\">Signalweg<\/td>\n<td data-col-size=\"sm\" data-start=\"930\" data-end=\"963\">analogue (kein Audio-over-IP)<\/td>\n<\/tr>\n<\/tbody>\n<\/table>\n<\/div>\n<\/div>\n","protected":false},"excerpt":{"rendered":"<p>2 vorr\u00e4tig<\/p>\n","protected":false},"featured_media":1937,"template":"","meta":[],"product_brand":[],"product_cat":[76],"product_tag":[],"class_list":{"0":"post-1117","1":"product","2":"type-product","3":"status-publish","4":"has-post-thumbnail","6":"product_cat-sonstiges-allgemein","8":"first","9":"instock","10":"taxable","11":"shipping-taxable","12":"purchasable","13":"product-type-simple"},"_links":{"self":[{"href":"https:\/\/as-lightsound.de\/wordpress\/wp-json\/wp\/v2\/product\/1117","targetHints":{"allow":["GET"]}}],"collection":[{"href":"https:\/\/as-lightsound.de\/wordpress\/wp-json\/wp\/v2\/product"}],"about":[{"href":"https:\/\/as-lightsound.de\/wordpress\/wp-json\/wp\/v2\/types\/product"}],"wp:featuredmedia":[{"embeddable":true,"href":"https:\/\/as-lightsound.de\/wordpress\/wp-json\/wp\/v2\/media\/1937"}],"wp:attachment":[{"href":"https:\/\/as-lightsound.de\/wordpress\/wp-json\/wp\/v2\/media?parent=1117"}],"wp:term":[{"taxonomy":"product_brand","embeddable":true,"href":"https:\/\/as-lightsound.de\/wordpress\/wp-json\/wp\/v2\/product_brand?post=1117"},{"taxonomy":"product_cat","embeddable":true,"href":"https:\/\/as-lightsound.de\/wordpress\/wp-json\/wp\/v2\/product_cat?post=1117"},{"taxonomy":"product_tag","embeddable":true,"href":"https:\/\/as-lightsound.de\/wordpress\/wp-json\/wp\/v2\/product_tag?post=1117"}],"curies":[{"name":"wp","href":"https:\/\/api.w.org\/{rel}","templated":true}]}}